{"id":1804,"date":"2024-11-05T18:39:27","date_gmt":"2024-11-05T18:39:27","guid":{"rendered":"https:\/\/caliweedeurope.com\/?post_type=product&#038;p=1804"},"modified":"2024-11-05T18:39:35","modified_gmt":"2024-11-05T18:39:35","slug":"buy-cali-plug-cookie-cake-online","status":"publish","type":"product","link":"https:\/\/caliweedeurope.com\/es\/product\/buy-cali-plug-cookie-cake-online\/","title":{"rendered":"Buy Cali plug Cookie Cake Online"},"content":{"rendered":"<h1 style=\"text-align: center\"><strong>\u00a0 \u00a0<\/strong><strong style=\"font-size: 25.92px;text-align: center\">COOKIE CAKE <\/strong><strong style=\"font-size: 25.92px;text-align: center\">\u00a0CALI BUD OR NO BUD\u00a0|<\/strong><strong style=\"font-size: 25.92px;text-align: center\">\u00a0CALI BUD OR NO BUD\u00a0<\/strong><strong style=\"font-size: 25.92px;text-align: center\">COOKIE CAKE <\/strong><strong style=\"font-size: 25.92px;text-align: center\">\u00a0|<\/strong><strong style=\"font-size: 25.92px;text-align: center\">\u00a0CALI PLUG CALI BUD OR NO BUD<\/strong><\/h1>\n<p><strong>Cali plug Cookie Cake<\/strong><br \/> Para comenzar, Cali Plug Bud Cookies Cake. En estas bolsas preciosas, encontrar\u00e1s Cali Bud de alta calidad o nada de Bud Cookies Cake, paquetes resellables de 14 g para mantener la frescura. Edici\u00f3n de concienciaci\u00f3n sobre el c\u00e1ncer de mama. La cepa es un cruce entre Cookies &amp; Cream y Cookie Wreck. Con un porcentaje de THC del 31 %, CBD del 0,1 %, 70 % \u00cdndica y 30 % Sativa. El contenido total de cannabinoides es del 34 %.<\/p>\n<p><strong>Pastel de galleta Cali<\/strong><\/p>\n<p>Cali Cookie Cake es una cepa predominantemente \u00edndica con una gran potencia. Debido a su alto contenido de THC, Cali Nug muestra al principio un efecto predominantemente sativa en la cabeza. Este incre\u00edble cosquilleo mental se calma y envuelve el cuerpo con una calidad pesada que algunos podr\u00edan considerar reflexiva. Tiene un aroma ligeramente floral con toques de tierra y especias. Disfruta de Cali Brain al final del d\u00eda para intensificar sus efectos relajantes y sedantes. Rese\u00f1as de Cali Bud.<\/p>\n<h2 style=\"text-align: center\"><strong>\u00a0BUY\u00a0<\/strong><strong>COOKIE CAKE\u00a0<\/strong><strong>\u00a0\u00a0\u00a0CALI BUD OR NO BUD\u00a0 ONLINE | BUY CALI BUD OR NO BUD\u00a0<\/strong><strong>COOKIE CAKE\u00a0<\/strong><strong>ONLINE | BUY CALI BUD OR NO BUD ONLINE<\/strong><\/h2>\n<p><strong>Efecto de la cepa Cali Bud Cookie Cake<\/strong><br \/> Este incre\u00edble cosquilleo en la mente se calma y envuelve el cuerpo con una calidad ligera y agradable. Tiene un sutil aroma floral con notas de sabores terrosos.<\/p>\n<p><strong style=\"font-size: 14.4px\">Advertencia<\/strong><\/p>\n<p>En conclusi\u00f3n, este producto contiene cannabis, una sustancia controlada. Mant\u00e9ngalo fuera del alcance de ni\u00f1os y animales. Los efectos intoxicantes de los productos de cannabis pueden durar hasta dos horas. El consumo de cannabis durante el embarazo o la lactancia puede ser perjudicial. El consumo de este producto afecta su capacidad para conducir o manejar maquinaria. Por favor, tenga extrema precauci\u00f3n despu\u00e9s de consumir esta flor. Por eso recomendamos dejar siempre rese\u00f1as sobre Cali Bud.<\/p>\n<h3 style=\"text-align: center\"><strong>COOKIE CAKE\u00a0<\/strong><strong>CALI BUD OR NO BUD FOR SALE | CALI BUD OR NO BUD\u00a0\u00a0<\/strong><strong>COOKIE CAKE\u00a0<\/strong><strong>FOR SALE | CALI BUD OR NO BUD\u00a0 FOR SALE<\/strong><\/h3>\n<p><strong>Usos medicinales de la cepa Cali Bud Cookie Cake<\/strong><br \/> Esta cepa se prescribe principalmente para ser tomada por la ma\u00f1ana. Este agente clarificador de la mente atrae la atenci\u00f3n de los amantes del arte porque mejora su creatividad y les ayuda a rendir mejor, manteniendo las distracciones a raya. Por lo tanto, tambi\u00e9n es \u00fatil cuando se toma antes del yoga y la meditaci\u00f3n. Se sabe que tiene propiedades psicod\u00e9licas.<\/p>\n<div class=\"variety-percentage-wrap\">\n<h4 class=\"variety\">Indica Dominant Hybrid\u00a0<span class=\"hidden-xs\">\u2013\u00a0<\/span><span class=\"strain-percentages\">60% Indica \/ 40% Sativa<\/span><\/h4>\n<h4 class=\"percentage\"><span class=\"heading\">THC:\u00a0<\/span>20% \u2013 22%<\/h4>\n<\/p><\/div>\n<p>Cherry Cookie Cake, tambi\u00e9n conocido como \u201cCherry Cookies Cake,\u201d es una variedad h\u00edbrida ligeramente dominante en indica (60% indica \/ 40% sativa) creada mediante el cruce de las variedades cl\u00e1sicas Cherry AK X Cookies F2. \u00bfListo para un bocado de este delicioso postre en cualquier momento? Cherry Cookie Cake tiene un sabor que es exactamente como suena: galletas de cereza dulces y nuez y pastel de masa. El aroma es muy similar, aunque con toques de tierra y un ligero toque de pungencia. El efecto de Cherry Cookie Cake es el regalo perfecto despu\u00e9s de la cena, con efectos relajantes y completos que te ayudar\u00e1n a relajarte realmente cuando m\u00e1s lo necesites. Te sentir\u00e1s elevado pero tranquilo al principio del efecto, con una ligera niebla en tu cabeza que te impide concentrarte en pensamientos negativos.<\/p>\n<h4 style=\"text-align: center\"><strong>CALI BUD OR NO BUD \u00a0<\/strong><strong>COOKIE CAKE\u00a0<\/strong><strong>\u00a0\u00a0NEAR ME |\u00a0<\/strong><strong>COOKIE CAKE\u00a0<\/strong><strong> \u00a0\u00a0\u00a0CALI BUD OR NO BUD\u00a0\u00a0 NEAR ME | CALI BUD OR NO BUD \u00a0NEAR ME<\/strong><\/h4>\n<p><strong>Cultivo de la variedad Cali Plug Cookie Cake<\/strong><br \/> La variedad Cali Cookie Cake proviene de Exclusive Seeds y se puede cultivar tanto en interiores (donde las plantas requieren un tiempo de floraci\u00f3n de \u00b167 d\u00edas) como en exteriores. Estas son semillas seleccionadas de las mejores cosechas de Cali Plug. Cookie Cake es una variedad h\u00edbrida predominante en THC. Tu cosecha valdr\u00e1 cada centavo y cada minuto que hayas invertido en comprar y cultivar estas semillas.<\/p>\n<p>Luego, te atacar\u00e1 un repentino antojo, lo que te llevar\u00e1 a alcanzar cualquier cosa para picar, \u00a1as\u00ed que ten esos bocadillos listos!<\/p>\n<h5 style=\"text-align: center\"><strong>COOKIE CAKE\u00a0<\/strong><strong>\u00a0\u00a0STRAIN | \u00a0<\/strong><strong>COOKIE CAKE\u00a0<\/strong><strong>\u00a0WEED STRAIN | CALI\u00a0<\/strong><strong>COOKIE CAKE\u00a0<\/strong><strong>\u00a0\u00a0| CALI\u00a0<\/strong><strong>COOKIE CAKE\u00a0<\/strong><strong>\u00a0\u00a0STRAIN<\/strong><\/h5>\n<p><strong>Advertencia Cali Plug Cookie Cake<\/strong><br \/> En conclusi\u00f3n, Cookies Cake contiene Cannabis\/THC, una sustancia psicoactiva que debe mantenerse fuera del alcance de los ni\u00f1os y los animales. <a href=\"https:\/\/caliplugcarts.com\/product\/buy-cali-bud-cheetos-cookies-online\/\" target=\"_blank\" rel=\"noopener\">Cann<\/a>a<a href=\"https:\/\/caliplugcarts.com\/product\/buy-cali-bud-cheetos-cookies-online\/\" target=\"_blank\" rel=\"noopener\">bis<\/a> los productos solo pueden ser pose\u00eddos o consumidos por personas mayores de 21 a\u00f1os, a menos que la persona sea un paciente calificado. Los efectos intoxicantes de los productos de cannabis pueden durar hasta dos horas. El consumo de cannabis durante el embarazo o la lactancia puede ser perjudicial. El consumo de estos productos afecta tu capacidad para conducir o operar maquinaria. Por favor, ten extrema precauci\u00f3n despu\u00e9s de consumir este producto. Por eso, te recomendamos dejar siempre rese\u00f1as de Cali Bud.<\/p>\n<p><strong>Env\u00edo Cali Plug Cookies Cake<\/strong><br \/> As\u00ed, el env\u00edo es 100% discreto y ofrecemos una garant\u00eda de entrega segura o reembolso completo en caso de que el cliente cancele el pedido. Realizamos env\u00edos discretos a todo el mundo de estas bolsas de Cali Bud de alta calidad.<\/p>\n<p><strong>Entrega Cali Plug Cookies Cake<\/strong><br \/> Finalmente, realizamos la entrega discreta de estos buds Cali Plug de primera calidad a nivel mundial. El tiempo de entrega depende en gran medida de la ubicaci\u00f3n del cliente en el momento en que realiza su pedido. Realiza tu pedido ahora y recibe los Cali buds enviados discretamente a tu direcci\u00f3n sin problemas.<\/p>\n<div data-testid=\"product-description\">\n<div class=\"truncate-lines__Wrapper-sc-1lknwty-0 YxHAC\">\n<div data-testid=\"truncated-description\">\n<div>\n<div class=\"text__Text-sc-fif1uk-0 kdmKRD\">\n<div class=\"src__Box-sc-1sbtrzs-0 src__Flex-sc-1sbtrzs-1 kWPFqZ hzdsvF\">\n<div>CATEGOR\u00cdAS DE PRODUCTOS DE MUESTRA<\/div>\n<\/p><\/div>\n<\/p><\/div>\n<\/p><\/div>\n<\/p><\/div>\n<\/p><\/div>\n<\/p><\/div>\n<div class=\"text__Text-sc-fif1uk-0 htoJfX\"><a href=\"https:\/\/jeetersofficial.com\/product-category\/buy-cali-buds\/\" target=\"_blank\" rel=\"noopener\">CALI BUDS<\/a><\/div>\n<div data-testid=\"product-description\">\n<div class=\"truncate-lines__Wrapper-sc-1lknwty-0 YxHAC\">\n<div data-testid=\"truncated-description\">\n<div class=\"text__Text-sc-fif1uk-0 kdmKRD\"><a href=\"https:\/\/jeetersofficial.com\/product-category\/backpack-boyz\/\" target=\"_blank\" rel=\"noopener\">Backpack\u00a0 Boyz<\/a><\/div>\n<div><a href=\"https:\/\/jeetersofficial.com\/product-category\/snow-balls-weed\/\" target=\"_blank\" rel=\"noopener\">SNOWBALLS WEED<\/a><\/div>\n<div><a href=\"https:\/\/jeetersofficial.com\/product-category\/persy-snowcaps\/\" target=\"_blank\" rel=\"noopener\">Persy Snowcaps<\/a><\/div>\n<div><a href=\"https:\/\/jeetersofficial.com\/product-category\/drip-snowcaps\/\" target=\"_blank\" rel=\"noopener\">Drip Snowcaps<\/a><\/div>\n<div><a href=\"https:\/\/jeetersofficial.com\/product-category\/concentrates\/\" target=\"_blank\" rel=\"noopener\">CALI CONCENTRATES<\/a><\/div>\n<div><a href=\"https:\/\/jeetersofficial.com\/product-category\/doja-exclusive\/\" target=\"_blank\" rel=\"noopener\">CALI DOJA PACKS EXCLUSIVE<\/a><\/div>\n<div><a href=\"https:\/\/jeetersofficial.com\/product-category\/marijuana-flowers\/\" target=\"_blank\" rel=\"noopener\">CALI MARIJUANA FLOWERS<\/a><\/div>\n<\/p><\/div>\n<\/p><\/div>\n<\/p><\/div>\n<div><a href=\"https:\/\/jeetersofficial.com\/product-category\/sativa-strain\/\" target=\"_blank\" rel=\"noopener\">CALI SATIVA STRAINS<\/a><\/div>\n<div><a href=\"https:\/\/jeetersofficial.com\/product-category\/indica\/\" target=\"_blank\" rel=\"noopener\">CALI INDICA STRAINS<\/a><\/div>\n<div><a href=\"https:\/\/jeetersofficial.com\/product-category\/hybrid-weed\/\" target=\"_blank\" rel=\"noopener\">CALI HYBRID WEED<\/a><\/div>\n<p>&nbsp;<\/p>","protected":false},"excerpt":{"rendered":"<p><strong>Advertencia Cali Plug Cookie Cake<\/strong><br \/> Cookies Cake contiene cannabis\/THC, una sustancia psicoactiva. Mant\u00e9ngase fuera del alcance de ni\u00f1os y animales. Los productos de cannabis solo pueden ser pose\u00eddos o consumidos por personas mayores de 21 a\u00f1os, a menos que la persona sea un paciente calificado. Los efectos intoxicantes de los productos de cannabis pueden durar hasta dos horas. El uso de cannabis durante el embarazo o la lactancia puede ser perjudicial. El consumo de estos productos afecta su capacidad para conducir o manejar maquinaria. Por favor, use extrema precauci\u00f3n despu\u00e9s de consumir este producto. Por eso recomendamos dejar rese\u00f1as de Cali Bud en todo momento.<\/p>","protected":false},"featured_media":1834,"comment_status":"closed","ping_status":"closed","template":"","meta":{"_uag_custom_page_level_css":"","site-sidebar-layout":"default","site-content-layout":"","ast-site-content-layout":"default","site-content-style":"default","site-sidebar-style":"default","ast-global-header-display":"","ast-banner-title-visibility":"","ast-main-header-display":"","ast-hfb-above-header-display":"","ast-hfb-below-header-display":"","ast-hfb-mobile-header-display":"","site-post-title":"","ast-breadcrumbs-content":"","ast-featured-img":"","footer-sml-layout":"","ast-disable-related-posts":"","theme-transparent-header-meta":"","adv-header-id-meta":"","stick-header-meta":"","header-above-stick-meta":"","header-main-stick-meta":"","header-below-stick-meta":"","astra-migrate-meta-layouts":"default","ast-page-background-enabled":"default","ast-page-background-meta":{"desktop":{"background-color":"var(--ast-global-color-5)","background-image":"","background-repeat":"repeat","background-position":"center center","background-size":"auto","background-attachment":"scroll","background-type":"","background-media":"","overlay-type":"","overlay-color":"","overlay-opacity":"","overlay-gradient":""},"tablet":{"background-color":"","background-image":"","background-repeat":"repeat","background-position":"center center","background-size":"auto","background-attachment":"scroll","background-type":"","background-media":"","overlay-type":"","overlay-color":"","overlay-opacity":"","overlay-gradient":""},"mobile":{"background-color":"","background-image":"","background-repeat":"repeat","background-position":"center center","background-size":"auto","background-attachment":"scroll","background-type":"","background-media":"","overlay-type":"","overlay-color":"","overlay-opacity":"","overlay-gradient":""}},"ast-content-background-meta":{"desktop":{"background-color":"var(--ast-global-color-4)","background-image":"","background-repeat":"repeat","background-position":"center center","background-size":"auto","background-attachment":"scroll","background-type":"","background-media":"","overlay-type":"","overlay-color":"","overlay-opacity":"","overlay-gradient":""},"tablet":{"background-color":"var(--ast-global-color-4)","background-image":"","background-repeat":"repeat","background-position":"center center","background-size":"auto","background-attachment":"scroll","background-type":"","background-media":"","overlay-type":"","overlay-color":"","overlay-opacity":"","overlay-gradient":""},"mobile":{"background-color":"var(--ast-global-color-4)","background-image":"","background-repeat":"repeat","background-position":"center center","background-size":"auto","background-attachment":"scroll","background-type":"","background-media":"","overlay-type":"","overlay-color":"","overlay-opacity":"","overlay-gradient":""}}},"product_brand":[],"product_cat":[675],"product_tag":[489,697,491,506,698,509,531,492,699,700,701,481,472,515,702,703,516,517,461,536,462,613,704,705,706,707,708,503],"class_list":{"0":"post-1804","1":"product","2":"type-product","3":"status-publish","4":"has-post-thumbnail","6":"product_cat-buy-cali-buds","7":"product_tag-best-cali-packs","8":"product_tag-buy-cali-bud-or-no-bud-cookie-cake-online","9":"product_tag-buy-cali-bud-or-no-bud-online","10":"product_tag-buy-cali-buds","11":"product_tag-buy-cookie-cake-cali-bud-or-no-bud-online","12":"product_tag-by-the-best-cali-buds","13":"product_tag-cali-bud","14":"product_tag-cali-bud-or-no-bud","15":"product_tag-cali-bud-or-no-bud-cookie-cake","16":"product_tag-cali-bud-or-no-bud-cookie-cake-for-sale","17":"product_tag-cali-bud-or-no-bud-cookie-cake-near-me","18":"product_tag-cali-bud-or-no-bud-for-sale","19":"product_tag-cali-bud-or-no-bud-near-me","20":"product_tag-cali-buds-online","21":"product_tag-cali-cookie-cake","22":"product_tag-cali-cookie-cake-strain","23":"product_tag-cali-flavors","24":"product_tag-cali-flavours","25":"product_tag-cali-packs","26":"product_tag-cali-plug-buds","27":"product_tag-cali-plug-cali-bud-or-no-bud","28":"product_tag-cali-weed-strains","29":"product_tag-cookie-cake-cali-bud-or-no-bud","30":"product_tag-cookie-cake-cali-bud-or-no-bud-for-sale","31":"product_tag-cookie-cake-cali-bud-or-no-bud-near-me","32":"product_tag-cookie-cake-strain","33":"product_tag-cookie-cake-weed-strain","34":"product_tag-top-cali-bud-packs","35":"desktop-align-center","36":"tablet-align-left","37":"mobile-align-left","39":"first","40":"instock","41":"shipping-taxable","42":"purchasable","43":"product-type-variable"},"uagb_featured_image_src":{"full":["https:\/\/caliweedeurope.com\/wp-content\/uploads\/2024\/11\/cookie-cake.jpg",520,687,false],"thumbnail":["https:\/\/caliweedeurope.com\/wp-content\/uploads\/2024\/11\/cookie-cake-150x150.jpg",150,150,true],"medium":["https:\/\/caliweedeurope.com\/wp-content\/uploads\/2024\/11\/cookie-cake-227x300.jpg",227,300,true],"medium_large":["https:\/\/caliweedeurope.com\/wp-content\/uploads\/2024\/11\/cookie-cake.jpg",520,687,false],"large":["https:\/\/caliweedeurope.com\/wp-content\/uploads\/2024\/11\/cookie-cake.jpg",520,687,false],"1536x1536":["https:\/\/caliweedeurope.com\/wp-content\/uploads\/2024\/11\/cookie-cake.jpg",520,687,false],"2048x2048":["https:\/\/caliweedeurope.com\/wp-content\/uploads\/2024\/11\/cookie-cake.jpg",520,687,false],"trp-custom-language-flag":["https:\/\/caliweedeurope.com\/wp-content\/uploads\/2024\/11\/cookie-cake.jpg",9,12,false],"woocommerce_thumbnail":["https:\/\/caliweedeurope.com\/wp-content\/uploads\/2024\/11\/cookie-cake-300x300.jpg",300,300,true],"woocommerce_single":["https:\/\/caliweedeurope.com\/wp-content\/uploads\/2024\/11\/cookie-cake.jpg",520,687,false],"woocommerce_gallery_thumbnail":["https:\/\/caliweedeurope.com\/wp-content\/uploads\/2024\/11\/cookie-cake-100x100.jpg",100,100,true]},"uagb_author_info":{"display_name":"jetskiforsaleuk@gmail.com","author_link":"https:\/\/caliweedeurope.com\/es\/author\/"},"uagb_comment_info":0,"uagb_excerpt":"Cali plug Cookie Cake Warning Cookies Cake contains Cannabis\/THC, a psychoactive substance to Keep out of the reach of children and animals. Cannabis products can only be possessed or consumed by persons 21+ years of age older unless the person is a qualified patient. The intoxicating effects of cannabis products may stay up to two&hellip;","_links":{"self":[{"href":"https:\/\/caliweedeurope.com\/es\/wp-json\/wp\/v2\/product\/1804"}],"collection":[{"href":"https:\/\/caliweedeurope.com\/es\/wp-json\/wp\/v2\/product"}],"about":[{"href":"https:\/\/caliweedeurope.com\/es\/wp-json\/wp\/v2\/types\/product"}],"replies":[{"embeddable":true,"href":"https:\/\/caliweedeurope.com\/es\/wp-json\/wp\/v2\/comments?post=1804"}],"wp:featuredmedia":[{"embeddable":true,"href":"https:\/\/caliweedeurope.com\/es\/wp-json\/wp\/v2\/media\/1834"}],"wp:attachment":[{"href":"https:\/\/caliweedeurope.com\/es\/wp-json\/wp\/v2\/media?parent=1804"}],"wp:term":[{"taxonomy":"product_brand","embeddable":true,"href":"https:\/\/caliweedeurope.com\/es\/wp-json\/wp\/v2\/product_brand?post=1804"},{"taxonomy":"product_cat","embeddable":true,"href":"https:\/\/caliweedeurope.com\/es\/wp-json\/wp\/v2\/product_cat?post=1804"},{"taxonomy":"product_tag","embeddable":true,"href":"https:\/\/caliweedeurope.com\/es\/wp-json\/wp\/v2\/product_tag?post=1804"}],"curies":[{"name":"wp","href":"https:\/\/api.w.org\/{rel}","templated":true}]}}