{"id":1810,"date":"2024-11-05T18:39:28","date_gmt":"2024-11-05T18:39:28","guid":{"rendered":"https:\/\/caliweedeurope.com\/?post_type=product&#038;p=1810"},"modified":"2024-11-05T18:39:35","modified_gmt":"2024-11-05T18:39:35","slug":"buy-cali-plug-pure-og-en-linea","status":"publish","type":"product","link":"https:\/\/caliweedeurope.com\/es\/product\/buy-cali-plug-pure-og-en-linea\/","title":{"rendered":"Buy Cali Plug Pure OG Online"},"content":{"rendered":"<h1 style=\"text-align: center\"><strong>\u00a0\u00a0 \u00a0 \u00a0<\/strong><strong>PURE OG\u00a0 <\/strong><strong>CALI BUD OR NO BUD<\/strong><strong> |<\/strong> <strong>CALI BUD OR NO BUD <\/strong><strong>PURE OG\u00a0 <\/strong><strong>|<\/strong> <strong>CALI PLUG CALI BUD OR NO BUD<\/strong><\/h1>\n<p><strong>Cali Plug Pure OG Strain<\/strong><br \/> Para empezar, la cepa Cali Pure OG es un fenotipo de Girl Scout Cookies. Recibe su nombre por sus tricomas blancos y nubosos y sus cogollos pegajosos, esta cepa huele a terpenos dulces y mentolados con un encantador toque terroso. pure og weed<\/p>\n<p>Pure OG es una variedad de cannabis \u00edndica creada mediante el cruce de OG Kush y otras variedades. Los rese\u00f1adores en Leafly dicen que esta variedad les hace sentirse somnolientos, hambrientos y con una sensaci\u00f3n de cosquilleo. Pure OG tiene un 19% de THC. El terpeno dominante en esta variedad es el cariofileno. Si has fumado, dabbed o disfrutado de alguna otra manera de esta variedad, Pure OG, \u00a1h\u00e1znoslo saber! Deja una rese\u00f1a.<\/p>\n<h2 style=\"text-align: center\">\u00a0<strong>BUY\u00a0<\/strong><strong>PURE OG<\/strong><strong>\u00a0CALI BUD OR NO BUD\u00a0 ONLINE | BUY CALI BUD OR NO BUD\u00a0<\/strong><strong>PURE OG <\/strong><strong>ONLINE | BUY CALI BUD OR NO BUD ONLINE<\/strong><\/h2>\n<h3><strong style=\"color: #555555;font-size: 14.4px\">Usos m\u00e9dicos de la cepa Pure OG<\/strong><\/h3>\n<p>Pure OG imbuye a los consumidores con una sensaci\u00f3n feliz y relajante. La euforia agradable de esta cepa puede mejorar el estado de \u00e1nimo, estimular el apetito y ayudar con la inquietud.<\/p>\n<div class=\"col-xs-12 col-md-9 col-lg-9 strain-info detail-panel\">\n<div class=\"flipblock-wrapper\">\n<div id=\"strain-info\" class=\"panel panel-default\" data-label=\"strain_detail\">\n<div class=\"face front\">\n<div class=\"panel-body well description\">\n<div class=\"variety-percentage-wrap\">\n<h4 class=\"variety\">Indica Dominant Hybrid <span class=\"hidden-xs\">\u2013\u00a0<\/span><span class=\"strain-percentages\">60% Indica \/ 40% Sativa<\/span><\/h4>\n<h4 class=\"percentage\"><span class=\"heading\">THC:\u00a0<\/span>20%,\u00a0<span class=\"heading\">CBD:\u00a0<\/span><em>2<\/em>%,\u00a0<span class=\"heading\">CBN:\u00a0<\/span><em>1<\/em>%<\/h4>\n<\/p><\/div>\n<p>Pure OG, tambi\u00e9n conocido m\u00e1s com\u00fanmente como \"Pure Kush\", es una cepa h\u00edbrida ligeramente dominante en indica (60 % indica \/ 40 % sativa) que es un cruce interno de SFV OG Kush. Al igual que su cepa parental, Pure OG tiene un aroma cl\u00e1sico a tierra con notas de nuez y un toque dulce de kush, que se vuelve ligeramente penetrante cuando se rompen los cogollos. El sabor es muy similar, con un delicioso sabor terroso de kush que tiene una dulzura ligeramente dulce y a nuez al exhalar. Esta flor tiene cogollos de tama\u00f1o mediano, de color verde oliva y forma de racimo, con pelos naranjas oscuros y tonos rosa sorprendentemente brillantes. Cada cogollo est\u00e1 completamente cubierto con una capa espesa y helada de tricomas blancos finos.<\/p>\n<\/p><\/div>\n<\/p><\/div>\n<\/p><\/div>\n<\/p><\/div>\n<\/p><\/div>\n<h3 style=\"text-align: center\"><strong>PURE OG <\/strong><strong>CALI BUD OR NO BUD FOR SALE | CALI BUD OR NO BUD\u00a0\u00a0<\/strong><strong>PURE OG\u00a0 \u00a0<\/strong><strong>\u00a0FOR SALE | CALI BUD OR NO BUD\u00a0 FOR SALE<\/strong><\/h3>\n<p><strong>Feliz<\/strong><br \/> El 49% de las personas informa sentirse feliz<br \/> <strong>Relajado<\/strong><br \/> El 44% de las personas informa sentirse relajado<br \/> <strong>Excitado<\/strong><br \/> El 16% de las personas informa sentirse excitado<br \/> <strong>Negativos<\/strong><br \/> <strong>Boca seca<\/strong><br \/> El 17% de las personas informa tener la boca seca<br \/> <strong>Ojos secos<\/strong><br \/> El 11% de las personas informa tener los ojos secos<br \/> <strong>Mareado<\/strong><br \/> El 5% de las personas informa sentirse mareado<\/p>\n<div class=\"col-xs-12 col-md-9 col-lg-9 strain-info detail-panel\">\n<div class=\"flipblock-wrapper\">\n<div id=\"strain-info\" class=\"panel panel-default\" data-label=\"strain_detail\">\n<div class=\"face front\">\n<div class=\"panel-body well description translation-block\">El efecto de Pure OG es s\u00faper potente y duradero, impulsado por un nivel de <a href=\"https:\/\/caliplugcarts.com\/product\/buy-cali-bud-sweet-and-sour-online\/\" target=\"_blank\" rel=\"noopener\">THC<\/a> de hasta el 20% y un nivel de CBD que generalmente var\u00eda entre el 1% y el 2% de media. El efecto comienza en la cabeza con una pesada niebla narc\u00f3tica que te alivia completamente de cualquier dolor o pensamientos acelerados. Este efecto se propaga r\u00e1pidamente por todo el cuerpo, llevando a un bloqueo en el sof\u00e1 y sedaci\u00f3n que dura horas. Muchos usuarios se encuentran qued\u00e1ndose dormidos poco despu\u00e9s de fumar Pure OG debido a estos efectos fuertes de Indica. Por esta raz\u00f3n, Pure OG es una variedad muy apreciada para tratar dolores cr\u00f3nicos, insomnio, depresi\u00f3n leve a moderada y ansiedad o estr\u00e9s cr\u00f3nicos.<\/div>\n<\/p><\/div>\n<\/p><\/div>\n<\/p><\/div>\n<\/p><\/div>\n<div class=\"hidden-xs col-md-3 col-lg-3 strain-properties xs-no-left-right-padding\">\n<div class=\"row small-gutter\">\n<div class=\"col-xs-12 col-sm-12 wider\">\n<div class=\"flipblock-wrapper\">\n<section id=\"positive-effects\" class=\"panel panel-default\" data-label=\"positive_effects\">\n<div class=\"face front\">\n<div class=\"panel-heading\">Efectos<\/div>\n<div class=\"panel-body well tags-list\"><a href=\"https:\/\/www.allbud.com\/marijuana-strains\/effect\/happy\" target=\"_blank\" rel=\"noopener\">Feliz<\/a>,\u00a0<a href=\"https:\/\/www.allbud.com\/marijuana-strains\/effect\/hungry\" target=\"_blank\" rel=\"noopener\">Hambriento<\/a>,\u00a0<a href=\"https:\/\/www.allbud.com\/marijuana-strains\/effect\/sleepy\" target=\"_blank\" rel=\"noopener\">Somnoliento<\/a><\/div>\n<\/p><\/div>\n<\/section><\/div>\n<\/p><\/div>\n<div class=\"col-xs-12 col-sm-12 wider\">\n<div class=\"flipblock-wrapper\">\n<section id=\"relieved\" class=\"panel panel-default\" data-label=\"relieved_symptoms\">\n<div class=\"face front\">\n<div class=\"panel-heading\">Puede aliviar\u00a0<i class=\"fa fa-info-circle\" title=\"Descargo de responsabilidad: Toda la informaci\u00f3n sobre las cepas de cannabis que se muestra en este sitio web se basa en rese\u00f1as de usuarios. Los datos de las cepas mostrados deben considerarse como una herramienta informativa y no como una recomendaci\u00f3n m\u00e9dica. Consulte a su m\u00e9dico antes de utilizar cannabis para fines m\u00e9dicos.\" data-toggle=\"tooltip\" data-placement=\"right\"><\/i><\/div>\n<div class=\"panel-body well tags-list translation-block\"><a href=\"https:\/\/www.allbud.com\/marijuana-strains\/symptom\/anxiety\" target=\"_blank\" rel=\"noopener\">Ansiedad<\/a>, <a href=\"https:\/\/www.allbud.com\/marijuana-strains\/symptom\/arthritis\" target=\"_blank\" rel=\"noopener\">Artritis<\/a>, <a href=\"https:\/\/www.allbud.com\/marijuana-strains\/symptom\/chronic-pain\" target=\"_blank\" rel=\"noopener\">Dolor cr\u00f3nico<\/a>, <a href=\"https:\/\/www.allbud.com\/marijuana-strains\/symptom\/depression\" target=\"_blank\" rel=\"noopener\">Depresi\u00f3n<\/a>, <a href=\"https:\/\/www.allbud.com\/marijuana-strains\/symptom\/fibromyalgia\" target=\"_blank\" rel=\"noopener\">Fibromialgia<\/a>, <a href=\"https:\/\/www.allbud.com\/marijuana-strains\/symptom\/headaches\" target=\"_blank\" rel=\"noopener\">Dolores de cabeza<\/a>, <a href=\"https:\/\/www.allbud.com\/marijuana-strains\/symptom\/insomnia\" target=\"_blank\" rel=\"noopener\">Insomnio<\/a>, <a href=\"https:\/\/www.allbud.com\/marijuana-strains\/symptom\/nausea\" target=\"_blank\" rel=\"noopener\">N\u00e1useas<\/a>, <a href=\"https:\/\/www.allbud.com\/marijuana-strains\/symptom\/stress\" target=\"_blank\" rel=\"noopener\">Estr\u00e9s<\/a><\/div>\n<\/p><\/div>\n<\/section><\/div>\n<\/p><\/div>\n<\/p><\/div>\n<div class=\"row small-gutter\">\n<div class=\"col-xs-12 col-sm-12 wider\">\n<div class=\"flipblock-wrapper\">\n<section id=\"flavors\" class=\"panel panel-default\" data-label=\"strain_flavors\">\n<div class=\"face front\">\n<div class=\"panel-heading\">Sabores<\/div>\n<div class=\"panel-body well tags-list translation-block\"><a href=\"https:\/\/www.allbud.com\/marijuana-strains\/taste\/citrus\" target=\"_blank\" rel=\"noopener\">C\u00edtrico<\/a>, <a href=\"https:\/\/www.allbud.com\/marijuana-strains\/taste\/nutty\" target=\"_blank\" rel=\"noopener\">Nuez<\/a>, <a href=\"https:\/\/www.allbud.com\/marijuana-strains\/taste\/pine\" target=\"_blank\" rel=\"noopener\">Pino<\/a>, <a href=\"https:\/\/www.allbud.com\/marijuana-strains\/taste\/spicy\" target=\"_blank\" rel=\"noopener\">Picante<\/a>, <a href=\"https:\/\/www.allbud.com\/marijuana-strains\/taste\/sweet\" target=\"_blank\" rel=\"noopener\">Dulce<\/a>, <a href=\"https:\/\/www.allbud.com\/marijuana-strains\/taste\/woody\" target=\"_blank\" rel=\"noopener\">A madera<\/a><\/div>\n<\/p><\/div>\n<\/section><\/div>\n<\/p><\/div>\n<div class=\"col-xs-12 col-sm-12 wider\">\n<div class=\"flipblock-wrapper\">\n<section id=\"aromas\" class=\"panel panel-default\" data-label=\"strain_aromas\">\n<div class=\"face front\">\n<div class=\"panel-heading\">Aromas<\/div>\n<div class=\"panel-body well tags-list translation-block\"><a href=\"https:\/\/www.allbud.com\/marijuana-strains\/aroma\/dank\" target=\"_blank\" rel=\"noopener\">Dank<\/a>,&nbsp;<a href=\"https:\/\/www.allbud.com\/marijuana-strains\/aroma\/earthy\" target=\"_blank\" rel=\"noopener\">Earthy<\/a>,&nbsp;<a href=\"https:\/\/www.allbud.com\/marijuana-strains\/aroma\/kush\" target=\"_blank\" rel=\"noopener\">Kush<\/a>,&nbsp;<a href=\"https:\/\/www.allbud.com\/marijuana-strains\/aroma\/nutty\" target=\"_blank\" rel=\"noopener\">Nutty<\/a>,&nbsp;<a href=\"https:\/\/www.allbud.com\/marijuana-strains\/aroma\/sweet\" target=\"_blank\" rel=\"noopener\">Sweet<\/a><\/div>\n<\/p><\/div>\n<\/section><\/div>\n<\/p><\/div>\n<\/p><\/div>\n<\/p><\/div>\n<h4 style=\"text-align: center\"><strong>CALI BUD OR NO BUD \u00a0PURE OG\u00a0 \u00a0NEAR ME | PURE OG\u00a0 CALI BUD OR NO BUD\u00a0\u00a0 NEAR ME | CALI BUD OR NO BUD \u00a0NEAR ME<\/strong><\/h4>\n<p><strong>Entrega de la variedad Cali Plug Pure OG<\/strong><br \/> Estamos comprometidos a ofrecerte los mejores servicios de pedidos por correo de cannabis 420. Despu\u00e9s de examinar el estr\u00e9s que implica conducir hasta el dispensario para obtener tu marihuana medicinal para el dolor y el alivio, decidimos ayudar a la comunidad 420 ofreciendo entregas de recetas y cannabis directamente en tu puerta sin inconvenientes. Ofrecemos env\u00edo a los 50 estados de EE. UU., Canad\u00e1 y Europa. Para m\u00e1s informaci\u00f3n, cont\u00e1ctanos porque siempre estamos en l\u00ednea a tu disposici\u00f3n para ayudarte a obtener lo mejor. Compra Cali Pure OG Strain.<\/p>\n<p>Pure OG trae lo mejor de todos los mundos, con un nivel de THC constante del 20%. Adem\u00e1s, entre un 1% y un 2% de CBD llena tu cuerpo con el alivio tan necesario. Inicialmente se percibe un sabor terroso t\u00edpico, pero al exhalar, esta variedad adquiere un sabor m\u00e1s dulce y a nuez. Los aromas coinciden con estos sabores y son bastante agradables para la mayor\u00eda de las personas. Los cogollos son un espect\u00e1culo, con tonos rosados, pelos naranja oscuro y una capa gruesa de tricomas que parecen arena.<\/p>\n<h5 style=\"text-align: center\"><strong>PURE OG\u00a0 STRAIN | \u00a0PURE OG\u00a0 WEED STRAIN | CALI PURE OG\u00a0 | CALI PURE OG\u00a0 \u00a0STRAIN<\/strong><\/h5>\n<p><strong>Advertencia sobre la variedad Pure OG<\/strong><br \/> En conclusi\u00f3n, este producto contiene cannabis, una sustancia controlada. Mantener fuera del alcance de los ni\u00f1os y los animales. Los productos de cannabis solo pueden ser pose\u00eddos o consumidos por personas mayores de 21 a\u00f1os, a menos que la persona sea un paciente calificado. Los efectos intoxicantes de los productos de cannabis pueden durar hasta dos horas. El uso de cannabis durante el embarazo o la lactancia puede ser perjudicial. El consumo de estos productos afecta su capacidad para conducir o operar maquinaria. Tenga mucho cuidado antes de comprar Pure OG Strain en l\u00ednea y consumirlo.<\/p>\n<p>Proveniente de criadores misteriosos que quer\u00edan crear una cepa potente y famosa, Pure OG es un cruce de SFV OG Kush que crea un equilibrio 60\/40 con predominancia de indica. Refleja los sabores de su progenitor original y brinda a los usuarios un efecto profundamente relajante que calma incluso las mentes m\u00e1s fren\u00e9ticas o los cuerpos doloridos.<\/p>\n<div data-testid=\"product-description\">\n<div class=\"truncate-lines__Wrapper-sc-1lknwty-0 YxHAC\">\n<div data-testid=\"truncated-description\">\n<div>\n<div class=\"text__Text-sc-fif1uk-0 kdmKRD\">\n<div class=\"src__Box-sc-1sbtrzs-0 src__Flex-sc-1sbtrzs-1 kWPFqZ hzdsvF\">\n<div>CATEGOR\u00cdAS DE PRODUCTOS DE MUESTRA<\/div>\n<\/p><\/div>\n<\/p><\/div>\n<\/p><\/div>\n<\/p><\/div>\n<\/p><\/div>\n<\/p><\/div>\n<div class=\"text__Text-sc-fif1uk-0 htoJfX\"><a href=\"https:\/\/jeetersofficial.com\/product-category\/buy-cali-buds\/\" target=\"_blank\" rel=\"noopener\">CALI BUDS<\/a><\/div>\n<div data-testid=\"product-description\">\n<div class=\"truncate-lines__Wrapper-sc-1lknwty-0 YxHAC\">\n<div data-testid=\"truncated-description\">\n<div class=\"text__Text-sc-fif1uk-0 kdmKRD\"><a href=\"https:\/\/jeetersofficial.com\/product-category\/backpack-boyz\/\" target=\"_blank\" rel=\"noopener\">Backpack\u00a0 Boyz<\/a><\/div>\n<div><a href=\"https:\/\/jeetersofficial.com\/product-category\/snow-balls-weed\/\" target=\"_blank\" rel=\"noopener\">SNOWBALLS WEED<\/a><\/div>\n<div><a href=\"https:\/\/jeetersofficial.com\/product-category\/persy-snowcaps\/\" target=\"_blank\" rel=\"noopener\">Persy Snowcaps<\/a><\/div>\n<div><a href=\"https:\/\/jeetersofficial.com\/product-category\/drip-snowcaps\/\" target=\"_blank\" rel=\"noopener\">Drip Snowcaps<\/a><\/div>\n<div><a href=\"https:\/\/jeetersofficial.com\/product-category\/concentrates\/\" target=\"_blank\" rel=\"noopener\">CALI CONCENTRATES<\/a><\/div>\n<div><a href=\"https:\/\/jeetersofficial.com\/product-category\/doja-exclusive\/\" target=\"_blank\" rel=\"noopener\">CALI DOJA PACKS EXCLUSIVE<\/a><\/div>\n<div><a href=\"https:\/\/jeetersofficial.com\/product-category\/marijuana-flowers\/\" target=\"_blank\" rel=\"noopener\">CALI MARIJUANA FLOWERS<\/a><\/div>\n<\/p><\/div>\n<\/p><\/div>\n<\/p><\/div>\n<div><a href=\"https:\/\/jeetersofficial.com\/product-category\/sativa-strain\/\" target=\"_blank\" rel=\"noopener\">CALI SATIVA STRAINS<\/a><\/div>\n<div><a href=\"https:\/\/jeetersofficial.com\/product-category\/indica\/\" target=\"_blank\" rel=\"noopener\">CALI INDICA STRAINS<\/a><\/div>\n<div><a href=\"https:\/\/jeetersofficial.com\/product-category\/hybrid-weed\/\" target=\"_blank\" rel=\"noopener\">CALI HYBRID WEED<\/a><\/div>","protected":false},"excerpt":{"rendered":"<p><strong>Cali Plug Pure OG Strain<\/strong><br \/> Para empezar, la cepa Cali Pure OG es un fenotipo de Girl Scout Cookies. Recibe su nombre por sus tricomas blancos y nubosos y sus cogollos pegajosos, esta cepa huele a terpenos dulces y mentolados con un encantador toque terroso.<\/p>","protected":false},"featured_media":1738,"comment_status":"closed","ping_status":"closed","template":"","meta":{"_uag_custom_page_level_css":"","site-sidebar-layout":"default","site-content-layout":"","ast-site-content-layout":"","site-content-style":"default","site-sidebar-style":"default","ast-global-header-display":"","ast-banner-title-visibility":"","ast-main-header-display":"","ast-hfb-above-header-display":"","ast-hfb-below-header-display":"","ast-hfb-mobile-header-display":"","site-post-title":"","ast-breadcrumbs-content":"","ast-featured-img":"","footer-sml-layout":"","theme-transparent-header-meta":"","adv-header-id-meta":"","stick-header-meta":"","header-above-stick-meta":"","header-main-stick-meta":"","header-below-stick-meta":"","astra-migrate-meta-layouts":"default","ast-page-background-enabled":"default","ast-page-background-meta":{"desktop":{"background-color":"var(--ast-global-color-4)","background-image":"","background-repeat":"repeat","background-position":"center center","background-size":"auto","background-attachment":"scroll","background-type":"","background-media":"","overlay-type":"","overlay-color":"","overlay-opacity":"","overlay-gradient":""},"tablet":{"background-color":"","background-image":"","background-repeat":"repeat","background-position":"center center","background-size":"auto","background-attachment":"scroll","background-type":"","background-media":"","overlay-type":"","overlay-color":"","overlay-opacity":"","overlay-gradient":""},"mobile":{"background-color":"","background-image":"","background-repeat":"repeat","background-position":"center center","background-size":"auto","background-attachment":"scroll","background-type":"","background-media":"","overlay-type":"","overlay-color":"","overlay-opacity":"","overlay-gradient":""}},"ast-content-background-meta":{"desktop":{"background-color":"var(--ast-global-color-5)","background-image":"","background-repeat":"repeat","background-position":"center center","background-size":"auto","background-attachment":"scroll","background-type":"","background-media":"","overlay-type":"","overlay-color":"","overlay-opacity":"","overlay-gradient":""},"tablet":{"background-color":"var(--ast-global-color-5)","background-image":"","background-repeat":"repeat","background-position":"center center","background-size":"auto","background-attachment":"scroll","background-type":"","background-media":"","overlay-type":"","overlay-color":"","overlay-opacity":"","overlay-gradient":""},"mobile":{"background-color":"var(--ast-global-color-5)","background-image":"","background-repeat":"repeat","background-position":"center center","background-size":"auto","background-attachment":"scroll","background-type":"","background-media":"","overlay-type":"","overlay-color":"","overlay-opacity":"","overlay-gradient":""}}},"product_brand":[],"product_cat":[675],"product_tag":[489,491,648,506,649,508,509,510,531,492,481,472,650,651,652,514,473,515,653,654,503],"class_list":{"0":"post-1810","1":"product","2":"type-product","3":"status-publish","4":"has-post-thumbnail","6":"product_cat-buy-cali-buds","7":"product_tag-best-cali-packs","8":"product_tag-buy-cali-bud-or-no-bud-online","9":"product_tag-buy-cali-bud-or-no-bud-pure-og-online","10":"product_tag-buy-cali-buds","11":"product_tag-buy-pure-og-cali-bud-or-no-bud-online","12":"product_tag-buy-weed-online","13":"product_tag-by-the-best-cali-buds","14":"product_tag-cali-bags","15":"product_tag-cali-bud","16":"product_tag-cali-bud-or-no-bud","17":"product_tag-cali-bud-or-no-bud-for-sale","18":"product_tag-cali-bud-or-no-bud-near-me","19":"product_tag-cali-bud-or-no-bud-pure-og","20":"product_tag-cali-bud-or-no-bud-pure-og-for-sale","21":"product_tag-cali-bud-or-no-bud-pure-og-near-me","22":"product_tag-cali-bud-packs","23":"product_tag-cali-buds","24":"product_tag-cali-buds-online","25":"product_tag-cali-pure-og","26":"product_tag-pure-og-weed-strain","27":"product_tag-top-cali-bud-packs","28":"desktop-align-center","29":"tablet-align-left","30":"mobile-align-left","32":"first","33":"instock","34":"shipping-taxable","35":"purchasable","36":"product-type-variable"},"uagb_featured_image_src":{"full":["https:\/\/caliweedeurope.com\/wp-content\/uploads\/2024\/11\/56e3b9f5-aefa-40e3-bae8-4d47822696b6-1.jpg",768,1024,false],"thumbnail":["https:\/\/caliweedeurope.com\/wp-content\/uploads\/2024\/11\/56e3b9f5-aefa-40e3-bae8-4d47822696b6-1-150x150.jpg",150,150,true],"medium":["https:\/\/caliweedeurope.com\/wp-content\/uploads\/2024\/11\/56e3b9f5-aefa-40e3-bae8-4d47822696b6-1-225x300.jpg",225,300,true],"medium_large":["https:\/\/caliweedeurope.com\/wp-content\/uploads\/2024\/11\/56e3b9f5-aefa-40e3-bae8-4d47822696b6-1.jpg",768,1024,false],"large":["https:\/\/caliweedeurope.com\/wp-content\/uploads\/2024\/11\/56e3b9f5-aefa-40e3-bae8-4d47822696b6-1.jpg",768,1024,false],"1536x1536":["https:\/\/caliweedeurope.com\/wp-content\/uploads\/2024\/11\/56e3b9f5-aefa-40e3-bae8-4d47822696b6-1.jpg",768,1024,false],"2048x2048":["https:\/\/caliweedeurope.com\/wp-content\/uploads\/2024\/11\/56e3b9f5-aefa-40e3-bae8-4d47822696b6-1.jpg",768,1024,false],"trp-custom-language-flag":["https:\/\/caliweedeurope.com\/wp-content\/uploads\/2024\/11\/56e3b9f5-aefa-40e3-bae8-4d47822696b6-1.jpg",9,12,false],"woocommerce_thumbnail":["https:\/\/caliweedeurope.com\/wp-content\/uploads\/2024\/11\/56e3b9f5-aefa-40e3-bae8-4d47822696b6-1-300x300.jpg",300,300,true],"woocommerce_single":["https:\/\/caliweedeurope.com\/wp-content\/uploads\/2024\/11\/56e3b9f5-aefa-40e3-bae8-4d47822696b6-1-600x800.jpg",600,800,true],"woocommerce_gallery_thumbnail":["https:\/\/caliweedeurope.com\/wp-content\/uploads\/2024\/11\/56e3b9f5-aefa-40e3-bae8-4d47822696b6-1-100x100.jpg",100,100,true]},"uagb_author_info":{"display_name":"jetskiforsaleuk@gmail.com","author_link":"https:\/\/caliweedeurope.com\/es\/author\/"},"uagb_comment_info":0,"uagb_excerpt":"Cali Plug Pure OG Strain To begin with buy Cali Pure OG strain is a Girl Scout Cookies phenotype. Named for its cloudy white trichomes and sticky buds, this strain smells of sweet, minty terpenes with a charming gritty hint.","_links":{"self":[{"href":"https:\/\/caliweedeurope.com\/es\/wp-json\/wp\/v2\/product\/1810"}],"collection":[{"href":"https:\/\/caliweedeurope.com\/es\/wp-json\/wp\/v2\/product"}],"about":[{"href":"https:\/\/caliweedeurope.com\/es\/wp-json\/wp\/v2\/types\/product"}],"replies":[{"embeddable":true,"href":"https:\/\/caliweedeurope.com\/es\/wp-json\/wp\/v2\/comments?post=1810"}],"wp:featuredmedia":[{"embeddable":true,"href":"https:\/\/caliweedeurope.com\/es\/wp-json\/wp\/v2\/media\/1738"}],"wp:attachment":[{"href":"https:\/\/caliweedeurope.com\/es\/wp-json\/wp\/v2\/media?parent=1810"}],"wp:term":[{"taxonomy":"product_brand","embeddable":true,"href":"https:\/\/caliweedeurope.com\/es\/wp-json\/wp\/v2\/product_brand?post=1810"},{"taxonomy":"product_cat","embeddable":true,"href":"https:\/\/caliweedeurope.com\/es\/wp-json\/wp\/v2\/product_cat?post=1810"},{"taxonomy":"product_tag","embeddable":true,"href":"https:\/\/caliweedeurope.com\/es\/wp-json\/wp\/v2\/product_tag?post=1810"}],"curies":[{"name":"wp","href":"https:\/\/api.w.org\/{rel}","templated":true}]}}