{"id":1816,"date":"2024-11-05T18:39:28","date_gmt":"2024-11-05T18:39:28","guid":{"rendered":"https:\/\/caliweedeurope.com\/?post_type=product&#038;p=1816"},"modified":"2024-11-05T18:39:35","modified_gmt":"2024-11-05T18:39:35","slug":"buy-cali-plug-smuckers-strain-online","status":"publish","type":"product","link":"https:\/\/caliweedeurope.com\/es\/product\/buy-cali-plug-smuckers-strain-online\/","title":{"rendered":"Compra Cali Plug Smuckers Strain en l\u00ednea"},"content":{"rendered":"<h1 style=\"text-align: center\"><strong>\u00a0 \u00a0 \u00a0 \u00a0 \u00a0<\/strong><strong>SMUCKERS <\/strong><strong>\u00a0<\/strong><strong>CALI BUD OR NO BUD<\/strong><strong> |<\/strong> <strong>CALI BUD OR NO BUD <\/strong><strong>SMUCKERS <\/strong><strong>\u00a0|<\/strong> <strong>CALI PLUG CALI BUD OR NO BUD<\/strong><\/h1>\n<p><strong>Cali Plug Smuckers Strain<\/strong><br \/> Cali Smuckers es una variedad h\u00edbrida influyente de cannabis cruzada con Strawberry y Grape Ape para crear esta asombrosa variedad. Cali Plug se enorgullece de presentarles esta variedad de tendencia y de primera calidad.<\/p>\n<p><strong>Usos m\u00e9dicos de la variedad de cannabis Cali Plug Smuckers<\/strong><br \/> La variedad Cali Bud Smuckers es la mejor para pacientes que sufren de ansiedad y dolor cr\u00f3nico. Esta variedad garantiza un alivio inmediato del dolor y la ansiedad. Tambi\u00e9n servir\u00e1 como medicamento para dolores punzantes as\u00ed como para las n\u00e1useas. La variedad tambi\u00e9n puede ayudar a combatir los s\u00edntomas del PTSD. Compra las mejores variedades de Cali en Cali Weed Plug para obtener cogollos reales y entrega segura.<\/p>\n<p>Probablemente nunca hayas o\u00eddo hablar de la variedad Smuckers. La variedad Smuckers es una nueva variedad que se introdujo en el mercado del cannabis hace unos meses. Esta variedad est\u00e1 ganando popularidad en todo el mundo, especialmente en los Estados Unidos, y la demanda de esta variedad aument\u00f3 a principios de 2021. Qu\u00e9 variedad tan incre\u00edble tenemos hoy. El sabor es excelente, ya sea seco o encendido\u2026 los efectos son ideales para una noche relajante y un buen descanso nocturno. Uso un CPAP desde hace 15 a\u00f1os y a\u00fan no duermo bien. Un viaje a Par\u00eds y dorm\u00ed mejor que nunca. La variedad Smuckers tiene un aroma dulce, terroso, afrutado y especiado con un nivel de THC superior al 22%. Los brotes tienen manchas verdes brillantes y pelos naranjas vibrantes.<\/p>\n<h2 style=\"text-align: center\">\u00a0<strong>BUY\u00a0<\/strong><strong>SMUCKERS\u00a0<\/strong><strong>\u00a0CALI BUD OR NO BUD\u00a0 ONLINE | BUY CALI BUD OR NO BUD\u00a0<\/strong><strong>SMUCKERS\u00a0<\/strong><strong>\u00a0\u00a0ONLINE | BUY CALI BUD OR NO BUD ONLINE<\/strong><\/h2>\n<p>Los cultivadores de cannabis se concentrar\u00edan en crear nuevas variedades que iluminen tu d\u00eda y te hagan sentir incre\u00edble y relajado. Suena como el verdadero significado de vivir bien. La variedad Smuckers se agrega a su grupo de plantas excepcionales. La variedad Smuckers proporciona un buen subid\u00f3n euf\u00f3rico. Despu\u00e9s de un impulso inicial de creatividad, el efecto calmante en el cuerpo toma el control. Puede volverse adormecedor y aliviar todo tipo de dolor. Finalmente, aparece el hambre.<\/p>\n<p><strong>Cultivo de la variedad de cannabis Smuckers<\/strong><br \/> Esta variedad crece baja y puede prosperar tanto en interiores como en exteriores o incluso en un invernadero. Las plantas deben mantenerse en fase vegetativa durante al menos un mes, si no cinco. La variedad florece de ocho a nueve semanas y produce un gramo por vatio en interiores. Los cultivadores exteriores pueden cosechar hasta una libra por planta.<\/p>\n<p><strong>Cali Smuckers<\/strong><\/p>\n<p>Cali Smuckers es una variedad h\u00edbrida influyente de cannabis cruzada con strawberry y grape ape para obtener esta incre\u00edble variedad. Esta variedad es la mejor para los pacientes que sufren de ansiedad y dolor cr\u00f3nico. Garantiza un alivio inmediato del dolor. Sus efectos suaves pueden aliviar algunos dolores y n\u00e1useas.<\/p>\n<p>&nbsp;<\/p>\n<h3 style=\"text-align: center\"><strong>SMUCKERS\u00a0<\/strong><strong>CALI BUD OR NO BUD FOR SALE | CALI BUD OR NO BUD\u00a0\u00a0<\/strong><strong>SMUCKERS\u00a0<\/strong><strong>\u00a0FOR SALE | CALI BUD OR NO BUD\u00a0 FOR SALE<\/strong><\/h3>\n<div><strong>D\u00f3nde comprar la cepa Smuckers<\/strong><\/div>\n<div>\n<p>La variedad Smuckers se est\u00e1 convirtiendo en una de las mejores del mercado en los \u00faltimos d\u00edas. Sin embargo, hay pocos proveedores de esta variedad en el mercado. Por lo tanto, algunos proveedores tienden a explotar a sus compradores. Por ello, al elegir un proveedor para la variedad Smuckers, h\u00e1galo con precauci\u00f3n. Siempre puede visitar nuestro sitio web para satisfacer sus demandas de esta variedad. Esto se debe a que siempre tratamos de cumplir lo mejor posible con las demandas de nuestros clientes. Por eso, siempre tenemos un stock de marihuana Smuckers.<\/p>\n<\/p><\/div>\n<p><strong>Efectos de la cepa de cannabis Smuckers<\/strong><br \/> Euforia corporal, Relajante, Somnoliento, Elevador<br \/> <strong>Puede aliviar<\/strong><br \/> Ansiedad, Dolor cr\u00f3nico, Depresi\u00f3n, Insomnio, TEPT, Estr\u00e9s<br \/> <strong>Sabores<\/strong><br \/> Caramelo, Chocolate, Cremoso, Afrutado, Azucarado, Dulce<br \/> <strong>Aromas<\/strong><br \/> Chocolate, Terroso, Afrutado, Herbal, Dulce<\/p>\n<p>La cepa tambi\u00e9n puede ayudar a combatir los s\u00edntomas del TEPT. Esta variedad crece baja y puede desarrollarse bien en interiores, exteriores o incluso en un invernadero. Los cultivadores deber\u00edan dedicar al menos un mes, si no cinco, a la etapa vegetativa. La cepa florece durante ocho o nueve semanas y puede producir un gramo por vatio en interiores. Al aire libre, los cultivadores pueden recolectar hasta una libra por planta.<\/p>\n<h3 style=\"text-align: center\"><strong>CALI BUD OR NO BUD \u00a0SMUCKERS \u00a0\u00a0NEAR ME | SMUCKERS \u00a0\u00a0CALI BUD OR NO BUD\u00a0\u00a0 NEAR ME | CALI BUD OR NO BUD \u00a0NEAR ME<\/strong><\/h3>\n<div><strong>\u00a0<\/strong><\/div>\n<div>Un agradable sabor a lim\u00f3n c\u00edtrico y terroso fue el distintivo de la cepa Smuckers. La fum\u00e9 y estaba deliciosa. El efecto fue estimulante, euf\u00f3rico, relajado y muy tranquilo, perfecto para jugar o escuchar m\u00fasica. Definitivamente, la fumar\u00eda de nuevo.<\/div>\n<p><strong>Advertencia sobre la cepa de cannabis Smuckers<\/strong><br \/> Este producto contiene cannabis, una sustancia controlada. Mantener fuera del alcance de los ni\u00f1os y animales. Los productos de cannabis solo pueden ser pose\u00eddos o consumidos por personas mayores de 21 a\u00f1os, a menos que la persona sea un paciente calificado. Los efectos intoxicantes de los productos de cannabis pueden durar hasta dos horas. El uso de cannabis durante el embarazo o la lactancia puede ser perjudicial. El consumo de estos productos afecta su capacidad para conducir o manejar maquinaria. Por favor, tenga extrema precauci\u00f3n.<\/p>\n<p class=\"p1\"><strong>Advertencia<\/strong><\/p>\n<p class=\"p1\">En tercer lugar, este producto contiene cannabis, una sustancia controlada. Mantener fuera del alcance de ni\u00f1os y animales. Los productos de cannabis solo pueden ser pose\u00eddos o consumidos por personas mayores de 21 a\u00f1os, a menos que la persona sea un paciente calificado. Los efectos embriagantes de los productos de cannabis pueden durar hasta dos horas. El uso de cannabis durante el embarazo o la lactancia puede ser perjudicial. El consumo de estos productos perjudica la capacidad de conducir o manejar maquinaria. Por favor, use extrema precauci\u00f3n.<\/p>\n<h4 class=\"p1\" style=\"text-align: center\"><strong>SMUCKERS STRAIN | SMUCKERS WEED STRAIN<\/strong><\/h4>\n<p><strong>Efectos y beneficios m\u00e9dicos de la cepa<\/strong><\/p>\n<div class=\"translation-block\">El cannabis contiene compuestos que pueden afectar tu cerebro y tu cuerpo. Puede ser adictivo y, al mismo tiempo, perjudicial para la salud de algunas personas y tambi\u00e9n puede ponerte high. Sin embargo, en los \u00faltimos a\u00f1os, el cannabis ha ganado aceptaci\u00f3n p\u00fablica y la mayor\u00eda de los estados han legalizado el uso del cannabis. Las plantas de cannabis se pueden utilizar para tratar una variedad de<a href=\"https:\/\/myweedgroup.com\/product\/buy-smuckers-strain\/\" target=\"_blank\" rel=\"noopener\">problemas<\/a> mentales y f\u00edsicos. M\u00e9dicamente, la cepa Smuckers es conocida por ayudar a resolver problemas intensos de sue\u00f1o. La cepa tambi\u00e9n es conocida por ayudar significativamente en el tratamiento de la depresi\u00f3n. La depresi\u00f3n es bastante com\u00fan, sin que la mayor\u00eda de las personas lo sepan. Solo los profesionales m\u00e9dicos pueden probar esto. Esta cepa tambi\u00e9n ayuda en el tratamiento del dolor cr\u00f3nico, el estr\u00e9s o la ansiedad, el insomnio, la p\u00e9rdida de apetito y la inflamaci\u00f3n.<\/div>\n<div>\n<p><strong>Embalaje de la cepa Smuckers<\/strong><\/p>\n<div>\n<div>Todas las cepas ex\u00f3ticas y cookies en nuestro sitio est\u00e1n empaquetadas en sus bolsas oficiales, como se ve en nuestro sitio web. \u00bfNo es incre\u00edble? S\u00ed, lo es. Por lo tanto, no tienes que pagar extra por las bolsas. \u00bfNo somos los mejores en el mercado? \u00a1Haz tu pedido ahora!<\/div>\n<div>\n<div>\n<div>\n<div>Sin embargo, debe saberse que la cepa Smuckers est\u00e1 ganando cada vez m\u00e1s popularidad en los \u00faltimos d\u00edas. Por lo tanto, la cepa est\u00e1 fortaleciendo la popularidad de otras cepas. Por lo tanto, se debe considerar un buen seguimiento de esta cepa. Smuckers Weed.<\/div>\n<div><\/div>\n<\/p><\/div>\n<\/p><\/div>\n<div>\n<div data-testid=\"product-description\">\n<div class=\"truncate-lines__Wrapper-sc-1lknwty-0 YxHAC\">\n<div data-testid=\"truncated-description\">\n<div>\n<div class=\"text__Text-sc-fif1uk-0 kdmKRD\">\n<div class=\"src__Box-sc-1sbtrzs-0 src__Flex-sc-1sbtrzs-1 kWPFqZ hzdsvF\">\n<div>CATEGOR\u00cdAS DE PRODUCTOS DE MUESTRA<\/div>\n<\/p><\/div>\n<\/p><\/div>\n<\/p><\/div>\n<\/p><\/div>\n<\/p><\/div>\n<\/p><\/div>\n<div class=\"text__Text-sc-fif1uk-0 htoJfX\"><a href=\"https:\/\/jeetersofficial.com\/product-category\/buy-cali-buds\/\" target=\"_blank\" rel=\"noopener\">CALI BUDS<\/a><\/div>\n<div data-testid=\"product-description\">\n<div class=\"truncate-lines__Wrapper-sc-1lknwty-0 YxHAC\">\n<div data-testid=\"truncated-description\">\n<div class=\"text__Text-sc-fif1uk-0 kdmKRD\"><a href=\"https:\/\/jeetersofficial.com\/product-category\/backpack-boyz\/\" target=\"_blank\" rel=\"noopener\">Backpack\u00a0 Boyz<\/a><\/div>\n<div><a href=\"https:\/\/jeetersofficial.com\/product-category\/snow-balls-weed\/\" target=\"_blank\" rel=\"noopener\">SNOWBALLS WEED<\/a><\/div>\n<div><a href=\"https:\/\/jeetersofficial.com\/product-category\/persy-snowcaps\/\" target=\"_blank\" rel=\"noopener\">Persy Snowcaps<\/a><\/div>\n<div><a href=\"https:\/\/jeetersofficial.com\/product-category\/drip-snowcaps\/\" target=\"_blank\" rel=\"noopener\">Drip Snowcaps<\/a><\/div>\n<div><a href=\"https:\/\/jeetersofficial.com\/product-category\/concentrates\/\" target=\"_blank\" rel=\"noopener\">CALI CONCENTRATES<\/a><\/div>\n<div><a href=\"https:\/\/jeetersofficial.com\/product-category\/doja-exclusive\/\" target=\"_blank\" rel=\"noopener\">CALI DOJA PACKS EXCLUSIVE<\/a><\/div>\n<div><a href=\"https:\/\/jeetersofficial.com\/product-category\/marijuana-flowers\/\" target=\"_blank\" rel=\"noopener\">CALI MARIJUANA FLOWERS<\/a><\/div>\n<\/p><\/div>\n<\/p><\/div>\n<\/p><\/div>\n<div><a href=\"https:\/\/jeetersofficial.com\/product-category\/sativa-strain\/\" target=\"_blank\" rel=\"noopener\">CALI SATIVA STRAINS<\/a><\/div>\n<div><a href=\"https:\/\/jeetersofficial.com\/product-category\/indica\/\" target=\"_blank\" rel=\"noopener\">CALI INDICA STRAINS<\/a><\/div>\n<div><a href=\"https:\/\/jeetersofficial.com\/product-category\/hybrid-weed\/\" target=\"_blank\" rel=\"noopener\">CALI HYBRID WEED<\/a><\/div>\n<\/p><\/div>\n<\/p><\/div>\n<\/p><\/div>\n<\/p><\/div>","protected":false},"excerpt":{"rendered":"<p><strong>Cali Plug Smuckers Strain<\/strong><br \/> Cali Smuckers es una variedad h\u00edbrida influyente de cannabis cruzada con Strawberry y Grape Ape para crear esta asombrosa variedad. Cali Plug se enorgullece de presentarles esta variedad de tendencia y de primera calidad.<\/p>","protected":false},"featured_media":1835,"comment_status":"closed","ping_status":"closed","template":"","meta":{"_uag_custom_page_level_css":"","site-sidebar-layout":"default","site-content-layout":"","ast-site-content-layout":"default","site-content-style":"default","site-sidebar-style":"default","ast-global-header-display":"","ast-banner-title-visibility":"","ast-main-header-display":"","ast-hfb-above-header-display":"","ast-hfb-below-header-display":"","ast-hfb-mobile-header-display":"","site-post-title":"","ast-breadcrumbs-content":"","ast-featured-img":"","footer-sml-layout":"","ast-disable-related-posts":"","theme-transparent-header-meta":"","adv-header-id-meta":"","stick-header-meta":"","header-above-stick-meta":"","header-main-stick-meta":"","header-below-stick-meta":"","astra-migrate-meta-layouts":"default","ast-page-background-enabled":"default","ast-page-background-meta":{"desktop":{"background-color":"var(--ast-global-color-5)","background-image":"","background-repeat":"repeat","background-position":"center center","background-size":"auto","background-attachment":"scroll","background-type":"","background-media":"","overlay-type":"","overlay-color":"","overlay-opacity":"","overlay-gradient":""},"tablet":{"background-color":"","background-image":"","background-repeat":"repeat","background-position":"center center","background-size":"auto","background-attachment":"scroll","background-type":"","background-media":"","overlay-type":"","overlay-color":"","overlay-opacity":"","overlay-gradient":""},"mobile":{"background-color":"","background-image":"","background-repeat":"repeat","background-position":"center center","background-size":"auto","background-attachment":"scroll","background-type":"","background-media":"","overlay-type":"","overlay-color":"","overlay-opacity":"","overlay-gradient":""}},"ast-content-background-meta":{"desktop":{"background-color":"var(--ast-global-color-4)","background-image":"","background-repeat":"repeat","background-position":"center center","background-size":"auto","background-attachment":"scroll","background-type":"","background-media":"","overlay-type":"","overlay-color":"","overlay-opacity":"","overlay-gradient":""},"tablet":{"background-color":"var(--ast-global-color-4)","background-image":"","background-repeat":"repeat","background-position":"center center","background-size":"auto","background-attachment":"scroll","background-type":"","background-media":"","overlay-type":"","overlay-color":"","overlay-opacity":"","overlay-gradient":""},"mobile":{"background-color":"var(--ast-global-color-4)","background-image":"","background-repeat":"repeat","background-position":"center center","background-size":"auto","background-attachment":"scroll","background-type":"","background-media":"","overlay-type":"","overlay-color":"","overlay-opacity":"","overlay-gradient":""}}},"product_brand":[],"product_cat":[675],"product_tag":[489,491,709,506,710,508,509,510,492,481,472,711,712,713,515,518,461,462,714,465,715,467,716,717,718,719,720,721,722,723,724,725,726,727,728,729,730,731,732,733,734,735,736],"class_list":{"0":"post-1816","1":"product","2":"type-product","3":"status-publish","4":"has-post-thumbnail","6":"product_cat-buy-cali-buds","7":"product_tag-best-cali-packs","8":"product_tag-buy-cali-bud-or-no-bud-online","9":"product_tag-buy-cali-bud-or-no-bud-smuckers-online","10":"product_tag-buy-cali-buds","11":"product_tag-buy-smuckers-strain","12":"product_tag-buy-weed-online","13":"product_tag-by-the-best-cali-buds","14":"product_tag-cali-bags","15":"product_tag-cali-bud-or-no-bud","16":"product_tag-cali-bud-or-no-bud-for-sale","17":"product_tag-cali-bud-or-no-bud-near-me","18":"product_tag-cali-bud-or-no-bud-smuckers","19":"product_tag-cali-bud-or-no-bud-smuckers-for-sale","20":"product_tag-cali-bud-or-no-bud-smuckers-near-me","21":"product_tag-cali-buds-online","22":"product_tag-cali-gush-lato","23":"product_tag-cali-packs","24":"product_tag-cali-plug-cali-bud-or-no-bud","25":"product_tag-cali-smuckers-strain","26":"product_tag-cali-weed-flavors","27":"product_tag-exotics-bud-packs","28":"product_tag-hardball-cookies","29":"product_tag-smuckers-cali-bud-or-no-bud","30":"product_tag-smuckers-cali-bud-or-no-bud-near-me","31":"product_tag-smuckers-cali-strain","32":"product_tag-smuckers-marijuana","33":"product_tag-smuckers-strain","34":"product_tag-smuckers-strain-allbud","35":"product_tag-smuckers-strain-buy","36":"product_tag-smuckers-strain-buy-smuckers-cali-bud-or-no-bud-online","37":"product_tag-smuckers-strain-for-sale","38":"product_tag-smuckers-strain-germany","39":"product_tag-smuckers-strain-ireland","40":"product_tag-smuckers-strain-italy","41":"product_tag-smuckers-strain-online","42":"product_tag-smuckers-strain-review","43":"product_tag-smuckers-strain-reviewssmuckers-strain","44":"product_tag-smuckers-strain-uk","45":"product_tag-smuckers-strain-usa","46":"product_tag-smuckers-strain-weedmaps","47":"product_tag-smuckers-weed","48":"product_tag-smuckers-weed-strain","49":"product_tag-smuckers-weed-strain-smuckers-cali-bud-or-no-bud-for-sale","50":"desktop-align-center","51":"tablet-align-left","52":"mobile-align-left","54":"first","55":"instock","56":"shipping-taxable","57":"purchasable","58":"product-type-variable"},"uagb_featured_image_src":{"full":["https:\/\/caliweedeurope.com\/wp-content\/uploads\/2024\/11\/smuckers.jpg",384,511,false],"thumbnail":["https:\/\/caliweedeurope.com\/wp-content\/uploads\/2024\/11\/smuckers-150x150.jpg",150,150,true],"medium":["https:\/\/caliweedeurope.com\/wp-content\/uploads\/2024\/11\/smuckers-225x300.jpg",225,300,true],"medium_large":["https:\/\/caliweedeurope.com\/wp-content\/uploads\/2024\/11\/smuckers.jpg",384,511,false],"large":["https:\/\/caliweedeurope.com\/wp-content\/uploads\/2024\/11\/smuckers.jpg",384,511,false],"1536x1536":["https:\/\/caliweedeurope.com\/wp-content\/uploads\/2024\/11\/smuckers.jpg",384,511,false],"2048x2048":["https:\/\/caliweedeurope.com\/wp-content\/uploads\/2024\/11\/smuckers.jpg",384,511,false],"trp-custom-language-flag":["https:\/\/caliweedeurope.com\/wp-content\/uploads\/2024\/11\/smuckers.jpg",9,12,false],"woocommerce_thumbnail":["https:\/\/caliweedeurope.com\/wp-content\/uploads\/2024\/11\/smuckers-300x300.jpg",300,300,true],"woocommerce_single":["https:\/\/caliweedeurope.com\/wp-content\/uploads\/2024\/11\/smuckers.jpg",384,511,false],"woocommerce_gallery_thumbnail":["https:\/\/caliweedeurope.com\/wp-content\/uploads\/2024\/11\/smuckers-100x100.jpg",100,100,true]},"uagb_author_info":{"display_name":"jetskiforsaleuk@gmail.com","author_link":"https:\/\/caliweedeurope.com\/es\/author\/"},"uagb_comment_info":0,"uagb_excerpt":"Cali Plug Smuckers Strain Cali Smuckers is an influential cannabis hybrid strain cross with strawberry and grape ape to get this astonishing strain. The Cali Plug is Proud to introduce to you this trending and top-shelf. bud strain.","_links":{"self":[{"href":"https:\/\/caliweedeurope.com\/es\/wp-json\/wp\/v2\/product\/1816"}],"collection":[{"href":"https:\/\/caliweedeurope.com\/es\/wp-json\/wp\/v2\/product"}],"about":[{"href":"https:\/\/caliweedeurope.com\/es\/wp-json\/wp\/v2\/types\/product"}],"replies":[{"embeddable":true,"href":"https:\/\/caliweedeurope.com\/es\/wp-json\/wp\/v2\/comments?post=1816"}],"wp:featuredmedia":[{"embeddable":true,"href":"https:\/\/caliweedeurope.com\/es\/wp-json\/wp\/v2\/media\/1835"}],"wp:attachment":[{"href":"https:\/\/caliweedeurope.com\/es\/wp-json\/wp\/v2\/media?parent=1816"}],"wp:term":[{"taxonomy":"product_brand","embeddable":true,"href":"https:\/\/caliweedeurope.com\/es\/wp-json\/wp\/v2\/product_brand?post=1816"},{"taxonomy":"product_cat","embeddable":true,"href":"https:\/\/caliweedeurope.com\/es\/wp-json\/wp\/v2\/product_cat?post=1816"},{"taxonomy":"product_tag","embeddable":true,"href":"https:\/\/caliweedeurope.com\/es\/wp-json\/wp\/v2\/product_tag?post=1816"}],"curies":[{"name":"wp","href":"https:\/\/api.w.org\/{rel}","templated":true}]}}