{"id":1840,"date":"2024-11-06T02:41:01","date_gmt":"2024-11-06T02:41:01","guid":{"rendered":"https:\/\/caliweedeurope.com\/?post_type=product&#038;p=1840"},"modified":"2024-11-06T02:41:02","modified_gmt":"2024-11-06T02:41:02","slug":"watermelon-moon-rocks-30gramos","status":"publish","type":"product","link":"https:\/\/caliweedeurope.com\/es\/product\/watermelon-moon-rocks-30gramos\/","title":{"rendered":"Watermelon Moon Rocks 30 gramos"},"content":{"rendered":"<section>\n<h2>Watermelon Moon Rocks 30 gramos<\/h2>\n<p>Watermelon Moon Rocks produce efectos relajantes, lo que lo hace \u00fatil como ayuda para dormir o estimulante del apetito.<\/p>\n<p>Watermelon Moon Rocks se hacen cuando flores de cannabis de alta calidad y premium se infunden con un destilado de THC excepcional, sin solventes. Esta infusi\u00f3n se enrolla en kief ultra-potente. Toda esta infusi\u00f3n y mezcla da como resultado cogollos densos que ofrecen un contenido muy alto de THC. La forma final se obtiene al convertirlos en rollos para fumar y se venden como Moonrocks Watermelon Pre Rolls.<\/p>\n<p>Los Watermelon Moon Rocks Pre Rolls tienen un sabor extremadamente suave y recuerdan a la uva con matices de hach\u00eds, tray\u00e9ndote tanta paz y tranquilidad que el dolor, las dolencias m\u00e9dicas y todas las preocupaciones desaparecen con una facilidad aterciopelada.<\/p>\n<p>Estos Watermelon Moon Rocks Pre Rolls est\u00e1n hechos pensando en fumadores de todos los niveles. La potencia de los Moonrocks llevar\u00e1 a un fumador experimentado hasta la luna, mientras que los principiantes podr\u00e1n disfrutar del perfil de sabor \u00fanico de la sand\u00eda, derivado de una mezcla irresistible de flores de primera calidad, destilado claro, kief y terpenos naturales 100% deliciosos.<\/p>\n<p class=\"translation-block\">Compra Watermelon Moonrocks Pre Rolls en Jeetersofficial <a href=\"https:\/\/jeetersofficial.com\/\" target=\"_blank\" rel=\"noopener\">tienda online de cannabis<\/a>. Est\u00e1 garantizado que te llevar\u00e1 a las alturas del \u00e9xtasis y la alegr\u00eda. Te brindar\u00e1 una satisfacci\u00f3n incomparable y la m\u00e1xima paz y felicidad.<\/p>\n<p>Puedes realizar tu pedido de Moonrocks Watermelon Pre Roll en nuestra tienda online de marihuana y te llegar\u00e1 de forma segura y en el menor tiempo posible. Le damos mucha importancia a asegurar que recibas tu entrega sin ning\u00fan tipo de retraso. Simplemente realiza tu pedido utilizando un procedimiento de pedido en l\u00ednea muy f\u00e1cil de usar, y lo recibir\u00e1s muy pronto. Comenzamos a enviar los pedidos tan pronto como se procesan los pagos, por lo que recibir\u00e1s tu pedido en un abrir y cerrar de ojos. No importa cu\u00e1les sean las circunstancias, nuestros paquetes llegan a su destino a tiempo. Puedes confiar completamente en nosotros, porque nunca dejamos a nuestros clientes atr\u00e1s.<\/p>\n<p>\u00bfTodav\u00eda dudas? No lo hagas. Ordena Moonrocks Watermelon Pre Rolls en nuestra tienda online de cannabis y divi\u00e9rtete mucho.<\/p>\n<\/section>","protected":false},"excerpt":{"rendered":"<p>28 gramos de Watermelon Moon Rocks se complace en ofrecer su l\u00ednea de productos de alta calidad y consistentes. Sus deliciosos Moonrocks producen una euforia sobrenatural. Han desarrollado brotes de marihuana cubiertos con concentrados para quienes se sienten un poco o mucho fuera de \u00f3rbita. Los clientes que prefieren una mezcla de kief, concentrados y flores para calmar sus dolencias apreciar\u00e1n la euforia intensa y los deliciosos sabores que ofrece Moonrock.<\/p>","protected":false},"featured_media":1845,"comment_status":"closed","ping_status":"closed","template":"","meta":{"_uag_custom_page_level_css":"","site-sidebar-layout":"default","site-content-layout":"","ast-site-content-layout":"","site-content-style":"default","site-sidebar-style":"default","ast-global-header-display":"","ast-banner-title-visibility":"","ast-main-header-display":"","ast-hfb-above-header-display":"","ast-hfb-below-header-display":"","ast-hfb-mobile-header-display":"","site-post-title":"","ast-breadcrumbs-content":"","ast-featured-img":"","footer-sml-layout":"","theme-transparent-header-meta":"","adv-header-id-meta":"","stick-header-meta":"","header-above-stick-meta":"","header-main-stick-meta":"","header-below-stick-meta":"","astra-migrate-meta-layouts":"default","ast-page-background-enabled":"default","ast-page-background-meta":{"desktop":{"background-color":"var(--ast-global-color-4)","background-image":"","background-repeat":"repeat","background-position":"center center","background-size":"auto","background-attachment":"scroll","background-type":"","background-media":"","overlay-type":"","overlay-color":"","overlay-opacity":"","overlay-gradient":""},"tablet":{"background-color":"","background-image":"","background-repeat":"repeat","background-position":"center center","background-size":"auto","background-attachment":"scroll","background-type":"","background-media":"","overlay-type":"","overlay-color":"","overlay-opacity":"","overlay-gradient":""},"mobile":{"background-color":"","background-image":"","background-repeat":"repeat","background-position":"center center","background-size":"auto","background-attachment":"scroll","background-type":"","background-media":"","overlay-type":"","overlay-color":"","overlay-opacity":"","overlay-gradient":""}},"ast-content-background-meta":{"desktop":{"background-color":"var(--ast-global-color-5)","background-image":"","background-repeat":"repeat","background-position":"center center","background-size":"auto","background-attachment":"scroll","background-type":"","background-media":"","overlay-type":"","overlay-color":"","overlay-opacity":"","overlay-gradient":""},"tablet":{"background-color":"var(--ast-global-color-5)","background-image":"","background-repeat":"repeat","background-position":"center center","background-size":"auto","background-attachment":"scroll","background-type":"","background-media":"","overlay-type":"","overlay-color":"","overlay-opacity":"","overlay-gradient":""},"mobile":{"background-color":"var(--ast-global-color-5)","background-image":"","background-repeat":"repeat","background-position":"center center","background-size":"auto","background-attachment":"scroll","background-type":"","background-media":"","overlay-type":"","overlay-color":"","overlay-opacity":"","overlay-gradient":""}}},"product_brand":[],"product_cat":[748],"product_tag":[],"class_list":{"0":"post-1840","1":"product","2":"type-product","3":"status-publish","4":"has-post-thumbnail","6":"product_cat-weed-moonrock","7":"desktop-align-center","8":"tablet-align-left","9":"mobile-align-left","11":"first","12":"instock","13":"sale","14":"shipping-taxable","15":"purchasable","16":"product-type-simple"},"uagb_featured_image_src":{"full":["https:\/\/caliweedeurope.com\/wp-content\/uploads\/2024\/11\/MoonRock-MoonRocks-Watermelon.jpg",600,600,false],"thumbnail":["https:\/\/caliweedeurope.com\/wp-content\/uploads\/2024\/11\/MoonRock-MoonRocks-Watermelon-150x150.jpg",150,150,true],"medium":["https:\/\/caliweedeurope.com\/wp-content\/uploads\/2024\/11\/MoonRock-MoonRocks-Watermelon-300x300.jpg",300,300,true],"medium_large":["https:\/\/caliweedeurope.com\/wp-content\/uploads\/2024\/11\/MoonRock-MoonRocks-Watermelon.jpg",600,600,false],"large":["https:\/\/caliweedeurope.com\/wp-content\/uploads\/2024\/11\/MoonRock-MoonRocks-Watermelon.jpg",600,600,false],"1536x1536":["https:\/\/caliweedeurope.com\/wp-content\/uploads\/2024\/11\/MoonRock-MoonRocks-Watermelon.jpg",600,600,false],"2048x2048":["https:\/\/caliweedeurope.com\/wp-content\/uploads\/2024\/11\/MoonRock-MoonRocks-Watermelon.jpg",600,600,false],"trp-custom-language-flag":["https:\/\/caliweedeurope.com\/wp-content\/uploads\/2024\/11\/MoonRock-MoonRocks-Watermelon.jpg",12,12,false],"woocommerce_thumbnail":["https:\/\/caliweedeurope.com\/wp-content\/uploads\/2024\/11\/MoonRock-MoonRocks-Watermelon-300x300.jpg",300,300,true],"woocommerce_single":["https:\/\/caliweedeurope.com\/wp-content\/uploads\/2024\/11\/MoonRock-MoonRocks-Watermelon.jpg",600,600,false],"woocommerce_gallery_thumbnail":["https:\/\/caliweedeurope.com\/wp-content\/uploads\/2024\/11\/MoonRock-MoonRocks-Watermelon-100x100.jpg",100,100,true]},"uagb_author_info":{"display_name":"jetskiforsaleuk@gmail.com","author_link":"https:\/\/caliweedeurope.com\/es\/author\/"},"uagb_comment_info":0,"uagb_excerpt":"28 grams Watermelon Moon Rocks is delighted to offer its line of high-quality, consistent products. Their deliciously flavored Moonrocks produce otherworldly euphoria. They have developed concentrate covered marijuana buds for folks feeling a little or a lot out of orbit. Clients who prefer a concoction of keif, concentrates, and flowers to calm their ailments will&hellip;","_links":{"self":[{"href":"https:\/\/caliweedeurope.com\/es\/wp-json\/wp\/v2\/product\/1840"}],"collection":[{"href":"https:\/\/caliweedeurope.com\/es\/wp-json\/wp\/v2\/product"}],"about":[{"href":"https:\/\/caliweedeurope.com\/es\/wp-json\/wp\/v2\/types\/product"}],"replies":[{"embeddable":true,"href":"https:\/\/caliweedeurope.com\/es\/wp-json\/wp\/v2\/comments?post=1840"}],"wp:featuredmedia":[{"embeddable":true,"href":"https:\/\/caliweedeurope.com\/es\/wp-json\/wp\/v2\/media\/1845"}],"wp:attachment":[{"href":"https:\/\/caliweedeurope.com\/es\/wp-json\/wp\/v2\/media?parent=1840"}],"wp:term":[{"taxonomy":"product_brand","embeddable":true,"href":"https:\/\/caliweedeurope.com\/es\/wp-json\/wp\/v2\/product_brand?post=1840"},{"taxonomy":"product_cat","embeddable":true,"href":"https:\/\/caliweedeurope.com\/es\/wp-json\/wp\/v2\/product_cat?post=1840"},{"taxonomy":"product_tag","embeddable":true,"href":"https:\/\/caliweedeurope.com\/es\/wp-json\/wp\/v2\/product_tag?post=1840"}],"curies":[{"name":"wp","href":"https:\/\/api.w.org\/{rel}","templated":true}]}}