{"id":1843,"date":"2024-11-06T02:41:01","date_gmt":"2024-11-06T02:41:01","guid":{"rendered":"https:\/\/caliweedeurope.com\/?post_type=product&#038;p=1843"},"modified":"2024-11-06T02:41:08","modified_gmt":"2024-11-06T02:41:08","slug":"blueberry-moon-rocks-30-gramos","status":"publish","type":"product","link":"https:\/\/caliweedeurope.com\/es\/product\/blueberry-moon-rocks-30-gramos\/","title":{"rendered":"Compra Blueberry Moon Rocks 30 Gramos"},"content":{"rendered":"<h1>Blueberry Moon Rocks<\/h1>\n<p>Los Blueberry Moon Rocks son un tipo de concentrado de cannabis que se elabora combinando ar\u00e1ndanos con aceite de hach\u00eds o aceite de miel. El producto resultante es una forma potente y sabrosa de disfrutar los beneficios del cannabis. Los Blueberry Moon Rocks ofrecen una serie de beneficios potenciales, que incluyen:<\/p>\n<p>\u2022 <strong>Alivio del dolor y la inflamaci\u00f3n<\/strong>: Los Blueberry Moon Rocks pueden ser efectivos para tratar diversas formas de dolor, incluido el dolor cr\u00f3nico. Adem\u00e1s, las propiedades antiinflamatorias de los ar\u00e1ndanos pueden ayudar a reducir la hinchaz\u00f3n y la inflamaci\u00f3n.<\/p>\n<p>\u2022 <strong>Mejora del estado de \u00e1nimo y relajaci\u00f3n<\/strong>: Los compuestos de los ar\u00e1ndanos han demostrado mejorar el estado de \u00e1nimo y promover la relajaci\u00f3n. Este efecto puede verse amplificado por la adici\u00f3n de aceite de hach\u00eds o aceite de miel, lo que hace que los Blueberry Moon Rocks sean una opci\u00f3n ideal para quienes buscan alivio del estr\u00e9s o la ansiedad.<\/p>\n<p>\u2022 <strong>Aumento del apetito<\/strong>: El hambre es un efecto secundario bien conocido del consumo de cannabis, y los Blueberry Moonrocks pueden intensificar este efecto. Esto puede ser beneficioso para quienes necesitan aumentar su apetito por razones m\u00e9dicas o simplemente quieren disfrutar de buena comida despu\u00e9s de consumir moonrocks.<\/p>\n<p>\u2022 <a href=\"https:\/\/jeetersofficial.com\/\" target=\"_blank\" rel=\"noopener\"><strong>Sabor mejorado<\/strong>:<\/a> Los Blueberry Moon Rocks son conocidos por su sabor dulce y \u00e1cido, que se amplifica cuando se combinan con aceite de hach\u00eds o aceite de miel. Esto convierte a los Blueberry Moonrocks en un delicioso manjar para quienes disfrutan del sabor de los concentrados de cannabis.<\/p>","protected":false},"excerpt":{"rendered":"<p>\u00bfEst\u00e1s listo para despegar hacia una galaxia de sabor y relajaci\u00f3n placentera? No busques m\u00e1s que nuestro \u00faltimo producto: Blueberry Moonrocks. \u00a1Estas deliciosas nuggets est\u00e1n cubiertas de kief e infusionadas con THC para una experiencia fuera de este mundo! Ya sea que est\u00e9s buscando relajarte despu\u00e9s de un largo d\u00eda o lanzarte a la estratosfera, estas peque\u00f1as joyas lo tienen todo. Sigue leyendo para saber m\u00e1s sobre esta creaci\u00f3n de cannabis que no te puedes perder. \u00a1Compra ahora en<\/p>","protected":false},"featured_media":1848,"comment_status":"closed","ping_status":"closed","template":"","meta":{"_uag_custom_page_level_css":"","site-sidebar-layout":"default","site-content-layout":"","ast-site-content-layout":"","site-content-style":"default","site-sidebar-style":"default","ast-global-header-display":"","ast-banner-title-visibility":"","ast-main-header-display":"","ast-hfb-above-header-display":"","ast-hfb-below-header-display":"","ast-hfb-mobile-header-display":"","site-post-title":"","ast-breadcrumbs-content":"","ast-featured-img":"","footer-sml-layout":"","theme-transparent-header-meta":"","adv-header-id-meta":"","stick-header-meta":"","header-above-stick-meta":"","header-main-stick-meta":"","header-below-stick-meta":"","astra-migrate-meta-layouts":"default","ast-page-background-enabled":"default","ast-page-background-meta":{"desktop":{"background-color":"var(--ast-global-color-4)","background-image":"","background-repeat":"repeat","background-position":"center center","background-size":"auto","background-attachment":"scroll","background-type":"","background-media":"","overlay-type":"","overlay-color":"","overlay-opacity":"","overlay-gradient":""},"tablet":{"background-color":"","background-image":"","background-repeat":"repeat","background-position":"center center","background-size":"auto","background-attachment":"scroll","background-type":"","background-media":"","overlay-type":"","overlay-color":"","overlay-opacity":"","overlay-gradient":""},"mobile":{"background-color":"","background-image":"","background-repeat":"repeat","background-position":"center center","background-size":"auto","background-attachment":"scroll","background-type":"","background-media":"","overlay-type":"","overlay-color":"","overlay-opacity":"","overlay-gradient":""}},"ast-content-background-meta":{"desktop":{"background-color":"var(--ast-global-color-5)","background-image":"","background-repeat":"repeat","background-position":"center center","background-size":"auto","background-attachment":"scroll","background-type":"","background-media":"","overlay-type":"","overlay-color":"","overlay-opacity":"","overlay-gradient":""},"tablet":{"background-color":"var(--ast-global-color-5)","background-image":"","background-repeat":"repeat","background-position":"center center","background-size":"auto","background-attachment":"scroll","background-type":"","background-media":"","overlay-type":"","overlay-color":"","overlay-opacity":"","overlay-gradient":""},"mobile":{"background-color":"var(--ast-global-color-5)","background-image":"","background-repeat":"repeat","background-position":"center center","background-size":"auto","background-attachment":"scroll","background-type":"","background-media":"","overlay-type":"","overlay-color":"","overlay-opacity":"","overlay-gradient":""}}},"product_brand":[],"product_cat":[748],"product_tag":[763,764,765,766,767,768,769,750,252,253,751,752,753,754,755,756,757,758,759,770,760,761,762],"class_list":{"0":"post-1843","1":"product","2":"type-product","3":"status-publish","4":"has-post-thumbnail","6":"product_cat-weed-moonrock","7":"product_tag-blueberry","8":"product_tag-blueberry-moon-rocks","9":"product_tag-blueberry-moon-rocks-europe","10":"product_tag-blueberry-moon-rocks-for-sale","11":"product_tag-blueberry-moon-rocks-uk","12":"product_tag-blueberry-moonrocks","13":"product_tag-buy-blueberry-moon-rocks-online","14":"product_tag-delta-8-moon-rocks","15":"product_tag-how-to-make-moon-rocks","16":"product_tag-how-to-smoke-moon-rocks","17":"product_tag-is-moon-rock-weed","18":"product_tag-moon-rock","19":"product_tag-moon-rock-weed","20":"product_tag-moon-rocks","21":"product_tag-moon-rocks-for-sale","22":"product_tag-moon-rocks-marijuana","23":"product_tag-moon-rocks-near-me","24":"product_tag-moon-rocks-thc","25":"product_tag-moon-rocks-weed","26":"product_tag-moonrocks","27":"product_tag-purple-moon-rocks","28":"product_tag-weed-moon-rock","29":"product_tag-what-are-moon-rocks","30":"desktop-align-center","31":"tablet-align-left","32":"mobile-align-left","34":"first","35":"instock","36":"sale","37":"shipping-taxable","38":"purchasable","39":"product-type-simple"},"uagb_featured_image_src":{"full":["https:\/\/caliweedeurope.com\/wp-content\/uploads\/2024\/11\/Moon-Rock-Blueberry.webp",800,800,false],"thumbnail":["https:\/\/caliweedeurope.com\/wp-content\/uploads\/2024\/11\/Moon-Rock-Blueberry-150x150.webp",150,150,true],"medium":["https:\/\/caliweedeurope.com\/wp-content\/uploads\/2024\/11\/Moon-Rock-Blueberry-300x300.webp",300,300,true],"medium_large":["https:\/\/caliweedeurope.com\/wp-content\/uploads\/2024\/11\/Moon-Rock-Blueberry-768x768.webp",768,768,true],"large":["https:\/\/caliweedeurope.com\/wp-content\/uploads\/2024\/11\/Moon-Rock-Blueberry.webp",800,800,false],"1536x1536":["https:\/\/caliweedeurope.com\/wp-content\/uploads\/2024\/11\/Moon-Rock-Blueberry.webp",800,800,false],"2048x2048":["https:\/\/caliweedeurope.com\/wp-content\/uploads\/2024\/11\/Moon-Rock-Blueberry.webp",800,800,false],"trp-custom-language-flag":["https:\/\/caliweedeurope.com\/wp-content\/uploads\/2024\/11\/Moon-Rock-Blueberry.webp",12,12,false],"woocommerce_thumbnail":["https:\/\/caliweedeurope.com\/wp-content\/uploads\/2024\/11\/Moon-Rock-Blueberry-300x300.webp",300,300,true],"woocommerce_single":["https:\/\/caliweedeurope.com\/wp-content\/uploads\/2024\/11\/Moon-Rock-Blueberry-600x600.webp",600,600,true],"woocommerce_gallery_thumbnail":["https:\/\/caliweedeurope.com\/wp-content\/uploads\/2024\/11\/Moon-Rock-Blueberry-100x100.webp",100,100,true]},"uagb_author_info":{"display_name":"jetskiforsaleuk@gmail.com","author_link":"https:\/\/caliweedeurope.com\/es\/author\/"},"uagb_comment_info":0,"uagb_excerpt":"Are you ready to blast off into a galaxy of flavor and blissful relaxation? Look no further than\u00a0our latest product: Blueberry moonrocks! These delectable nuggets are coated in kief and infused with THC for an out-of-this-world experience. Whether you\u2019re looking to chill out after a long day or launch yourself into the stratosphere, these little&hellip;","_links":{"self":[{"href":"https:\/\/caliweedeurope.com\/es\/wp-json\/wp\/v2\/product\/1843"}],"collection":[{"href":"https:\/\/caliweedeurope.com\/es\/wp-json\/wp\/v2\/product"}],"about":[{"href":"https:\/\/caliweedeurope.com\/es\/wp-json\/wp\/v2\/types\/product"}],"replies":[{"embeddable":true,"href":"https:\/\/caliweedeurope.com\/es\/wp-json\/wp\/v2\/comments?post=1843"}],"wp:featuredmedia":[{"embeddable":true,"href":"https:\/\/caliweedeurope.com\/es\/wp-json\/wp\/v2\/media\/1848"}],"wp:attachment":[{"href":"https:\/\/caliweedeurope.com\/es\/wp-json\/wp\/v2\/media?parent=1843"}],"wp:term":[{"taxonomy":"product_brand","embeddable":true,"href":"https:\/\/caliweedeurope.com\/es\/wp-json\/wp\/v2\/product_brand?post=1843"},{"taxonomy":"product_cat","embeddable":true,"href":"https:\/\/caliweedeurope.com\/es\/wp-json\/wp\/v2\/product_cat?post=1843"},{"taxonomy":"product_tag","embeddable":true,"href":"https:\/\/caliweedeurope.com\/es\/wp-json\/wp\/v2\/product_tag?post=1843"}],"curies":[{"name":"wp","href":"https:\/\/api.w.org\/{rel}","templated":true}]}}