{"id":1865,"date":"2024-11-06T04:42:54","date_gmt":"2024-11-06T04:42:54","guid":{"rendered":"https:\/\/caliweedeurope.com\/?post_type=product&#038;p=1865"},"modified":"2024-11-06T04:42:54","modified_gmt":"2024-11-06T04:42:54","slug":"buy-pound-cereal-milk-smalls-strain-454-gramos","status":"publish","type":"product","link":"https:\/\/caliweedeurope.com\/es\/product\/buy-pound-cereal-milk-smalls-strain-454-gramos\/","title":{"rendered":"Compra una libra de Cereal Milk Smalls cepa 454 gramos"},"content":{"rendered":"<p>La cepa Cereal Milk Smalls ofrece una fusi\u00f3n \u00fanica de sabor y efectos, lo que la convierte en una opci\u00f3n atractiva para los entusiastas del cannabis. Con deliciosos matices dulces y lechosos, esta cepa ofrece una experiencia arom\u00e1tica y sabrosa. Proporciona una combinaci\u00f3n equilibrada de relajaci\u00f3n y elevaci\u00f3n mental, adapt\u00e1ndose a una amplia gama de preferencias. Cereal Milk Smalls tambi\u00e9n tiene potenciales beneficios medicinales, ofreciendo alivio relajante del estr\u00e9s, la ansiedad y el dolor leve.<\/p>\n<h1><strong>Descubre el sabroso Cereal Milk Smalls: Disponibles c\u00f3modamente en l\u00ednea<\/strong><\/h1>\n<p>Emprende un delicioso viaje con Cereal Milk Smalls, una cepa que promete una fusi\u00f3n \u00fanica de sabor y efectos. Esta gu\u00eda detallada es tu entrada para descubrir las caracter\u00edsticas distintivas, los efectos y la comodidad de adquirir la cepa Cereal Milk Smalls en l\u00ednea. Ya seas un entusiasta experimentado del cannabis o un explorador curioso, prep\u00e1rate para sumergirte en el sabroso mundo de Cereal Milk Smalls.<\/p>\n<h2><strong>Or\u00edgenes de la cepa Cereal Milk Smalls<\/strong><\/h2>\n<p>Descubre los or\u00edgenes de la cepa Cereal Milk Smalls, profundizando en las t\u00e9cnicas de cultivo que contribuyen a sus caracter\u00edsticas \u00fanicas. Obt\u00e9n informaci\u00f3n sobre el proceso de crecimiento que hace de Cereal Milk Smalls una opci\u00f3n cautivadora para aquellos que buscan un equilibrio delicioso entre relajaci\u00f3n y euforia en su experiencia con el cannabis.<\/p>\n<h2><strong>Extravaganza de aromas y sabores<\/strong><\/h2>\n<p>Sum\u00e9rgete en una extravagancia de aromas y sabores con Cereal Milk Smalls, caracterizada por una deliciosa mezcla de matices dulces y l\u00e1cteos. Descubre el viaje sensorial que hace de Cereal Milk Smalls una experiencia verdaderamente agradable para los entusiastas del cannabis.<\/p>","protected":false},"excerpt":{"rendered":"<p>Cereal Milk Smalls strain offers a unique fusion of taste and effects, making it an enticing choice for cannabis enthusiasts. With delightful sweet and milky undertones, this strain provides an aromatic and flavorful experience. It delivers a balanced combination of relaxation and mental elevation, catering to a diverse range of preferences. Cereal Milk Smalls also [&hellip;]<\/p>","protected":false},"featured_media":1866,"comment_status":"open","ping_status":"closed","template":"","meta":{"_uag_custom_page_level_css":"","site-sidebar-layout":"default","site-content-layout":"","ast-site-content-layout":"default","site-content-style":"default","site-sidebar-style":"default","ast-global-header-display":"","ast-banner-title-visibility":"","ast-main-header-display":"","ast-hfb-above-header-display":"","ast-hfb-below-header-display":"","ast-hfb-mobile-header-display":"","site-post-title":"","ast-breadcrumbs-content":"","ast-featured-img":"","footer-sml-layout":"","ast-disable-related-posts":"","theme-transparent-header-meta":"default","adv-header-id-meta":"","stick-header-meta":"","header-above-stick-meta":"","header-main-stick-meta":"","header-below-stick-meta":"","astra-migrate-meta-layouts":"set","ast-page-background-enabled":"default","ast-page-background-meta":{"desktop":{"background-color":"var(--ast-global-color-5)","background-image":"","background-repeat":"repeat","background-position":"center center","background-size":"auto","background-attachment":"scroll","background-type":"","background-media":"","overlay-type":"","overlay-color":"","overlay-opacity":"","overlay-gradient":""},"tablet":{"background-color":"","background-image":"","background-repeat":"repeat","background-position":"center center","background-size":"auto","background-attachment":"scroll","background-type":"","background-media":"","overlay-type":"","overlay-color":"","overlay-opacity":"","overlay-gradient":""},"mobile":{"background-color":"","background-image":"","background-repeat":"repeat","background-position":"center center","background-size":"auto","background-attachment":"scroll","background-type":"","background-media":"","overlay-type":"","overlay-color":"","overlay-opacity":"","overlay-gradient":""}},"ast-content-background-meta":{"desktop":{"background-color":"var(--ast-global-color-4)","background-image":"","background-repeat":"repeat","background-position":"center center","background-size":"auto","background-attachment":"scroll","background-type":"","background-media":"","overlay-type":"","overlay-color":"","overlay-opacity":"","overlay-gradient":""},"tablet":{"background-color":"var(--ast-global-color-4)","background-image":"","background-repeat":"repeat","background-position":"center center","background-size":"auto","background-attachment":"scroll","background-type":"","background-media":"","overlay-type":"","overlay-color":"","overlay-opacity":"","overlay-gradient":""},"mobile":{"background-color":"var(--ast-global-color-4)","background-image":"","background-repeat":"repeat","background-position":"center center","background-size":"auto","background-attachment":"scroll","background-type":"","background-media":"","overlay-type":"","overlay-color":"","overlay-opacity":"","overlay-gradient":""}}},"product_brand":[],"product_cat":[28],"product_tag":[],"class_list":{"0":"post-1865","1":"product","2":"type-product","3":"status-publish","4":"has-post-thumbnail","6":"product_cat-buy-weed-pounds","7":"desktop-align-center","8":"tablet-align-left","9":"mobile-align-left","11":"first","12":"instock","13":"sale","14":"shipping-taxable","15":"purchasable","16":"product-type-simple"},"uagb_featured_image_src":{"full":["https:\/\/caliweedeurope.com\/wp-content\/uploads\/2024\/11\/Cereal-Milk-Smalls-strain-600x800-1.jpg",600,800,false],"thumbnail":["https:\/\/caliweedeurope.com\/wp-content\/uploads\/2024\/11\/Cereal-Milk-Smalls-strain-600x800-1-150x150.jpg",150,150,true],"medium":["https:\/\/caliweedeurope.com\/wp-content\/uploads\/2024\/11\/Cereal-Milk-Smalls-strain-600x800-1-225x300.jpg",225,300,true],"medium_large":["https:\/\/caliweedeurope.com\/wp-content\/uploads\/2024\/11\/Cereal-Milk-Smalls-strain-600x800-1.jpg",600,800,false],"large":["https:\/\/caliweedeurope.com\/wp-content\/uploads\/2024\/11\/Cereal-Milk-Smalls-strain-600x800-1.jpg",600,800,false],"1536x1536":["https:\/\/caliweedeurope.com\/wp-content\/uploads\/2024\/11\/Cereal-Milk-Smalls-strain-600x800-1.jpg",600,800,false],"2048x2048":["https:\/\/caliweedeurope.com\/wp-content\/uploads\/2024\/11\/Cereal-Milk-Smalls-strain-600x800-1.jpg",600,800,false],"trp-custom-language-flag":["https:\/\/caliweedeurope.com\/wp-content\/uploads\/2024\/11\/Cereal-Milk-Smalls-strain-600x800-1.jpg",9,12,false],"woocommerce_thumbnail":["https:\/\/caliweedeurope.com\/wp-content\/uploads\/2024\/11\/Cereal-Milk-Smalls-strain-600x800-1-300x300.jpg",300,300,true],"woocommerce_single":["https:\/\/caliweedeurope.com\/wp-content\/uploads\/2024\/11\/Cereal-Milk-Smalls-strain-600x800-1.jpg",600,800,false],"woocommerce_gallery_thumbnail":["https:\/\/caliweedeurope.com\/wp-content\/uploads\/2024\/11\/Cereal-Milk-Smalls-strain-600x800-1-100x100.jpg",100,100,true]},"uagb_author_info":{"display_name":"jetskiforsaleuk@gmail.com","author_link":"https:\/\/caliweedeurope.com\/es\/author\/"},"uagb_comment_info":0,"uagb_excerpt":"Cereal Milk Smalls strain offers a unique fusion of taste and effects, making it an enticing choice for cannabis enthusiasts. With delightful sweet and milky undertones, this strain provides an aromatic and flavorful experience. It delivers a balanced combination of relaxation and mental elevation, catering to a diverse range of preferences. Cereal Milk Smalls also&hellip;","_links":{"self":[{"href":"https:\/\/caliweedeurope.com\/es\/wp-json\/wp\/v2\/product\/1865"}],"collection":[{"href":"https:\/\/caliweedeurope.com\/es\/wp-json\/wp\/v2\/product"}],"about":[{"href":"https:\/\/caliweedeurope.com\/es\/wp-json\/wp\/v2\/types\/product"}],"replies":[{"embeddable":true,"href":"https:\/\/caliweedeurope.com\/es\/wp-json\/wp\/v2\/comments?post=1865"}],"wp:featuredmedia":[{"embeddable":true,"href":"https:\/\/caliweedeurope.com\/es\/wp-json\/wp\/v2\/media\/1866"}],"wp:attachment":[{"href":"https:\/\/caliweedeurope.com\/es\/wp-json\/wp\/v2\/media?parent=1865"}],"wp:term":[{"taxonomy":"product_brand","embeddable":true,"href":"https:\/\/caliweedeurope.com\/es\/wp-json\/wp\/v2\/product_brand?post=1865"},{"taxonomy":"product_cat","embeddable":true,"href":"https:\/\/caliweedeurope.com\/es\/wp-json\/wp\/v2\/product_cat?post=1865"},{"taxonomy":"product_tag","embeddable":true,"href":"https:\/\/caliweedeurope.com\/es\/wp-json\/wp\/v2\/product_tag?post=1865"}],"curies":[{"name":"wp","href":"https:\/\/api.w.org\/{rel}","templated":true}]}}