{"id":329,"date":"2024-10-26T23:35:22","date_gmt":"2024-10-26T23:35:22","guid":{"rendered":"https:\/\/caliweedeurope.com\/about\/"},"modified":"2024-11-04T17:34:45","modified_gmt":"2024-11-04T17:34:45","slug":"a-propos","status":"publish","type":"page","link":"https:\/\/caliweedeurope.com\/fr\/a-propos\/","title":{"rendered":"\u00c0 propos"},"content":{"rendered":"<div class=\"wp-block-uagb-container uagb-block-51e89b1a alignfull uagb-is-root-container\"><div class=\"uagb-container-inner-blocks-wrap\"><div class=\"wp-block-uagb-advanced-heading uagb-block-0a1971f0\"><h1 class=\"uagb-heading-text\">\u00c0 propos <a href=\"https:\/\/caliweedeurope.com\/fr\/\" data-type=\"link\" data-id=\"https:\/\/caliweedeurope.com\/\">cali weed europe<\/a><\/h1><\/div><\/div><\/div><div class=\"wp-block-uagb-container uagb-block-e1c2ea49 alignfull uagb-is-root-container\"><div class=\"uagb-container-inner-blocks-wrap\"><div class=\"wp-block-uagb-info-box uagb-block-1bfbef46 uagb-infobox__content-wrap  uagb-infobox-icon-above-title uagb-infobox-image-valign-top\"><div class=\"uagb-ifb-content\"><div class=\"uagb-ifb-title-wrap\"><h6 class=\"uagb-ifb-title-prefix\">Nous sommes l\u00e0 pour vous<\/h6><h2 class=\"uagb-ifb-title\">Apr\u00e8s des ann\u00e9es de recherche de v\u00e9ritables\u00a0<br><a href=\"https:\/\/caliweedeurope.com\/fr\/\">magasins de weed en ligne,<\/a>\u00a0Nous \u00e9tions frustr\u00e9s par la difficult\u00e9 de trouver une source l\u00e9gitime de cannabis qui exp\u00e9die en Allemagne et en Europe. Nous avons alors cru qu'il devait y avoir un moyen plus convivial, plus s\u00fbr et plus discret d'acheter de l'herbe en ligne et d'obtenir une bonne qualit\u00e9.<\/h2><\/div><\/div><\/div><\/div><\/div><div class=\"wp-block-uagb-container uagb-block-1d4e123a alignfull uagb-is-root-container\"><div class=\"uagb-container-inner-blocks-wrap\"><div class=\"wp-block-uagb-info-box uagb-block-53541540 uagb-infobox__content-wrap  uagb-infobox-icon-above-title uagb-infobox-image-valign-top\"><div class=\"uagb-ifb-content\"><div class=\"uagb-ifb-title-wrap\"><h6 class=\"uagb-ifb-title-prefix\">Sans produits chimiques nuisibles<\/h6><h2 class=\"uagb-ifb-title\">Nous sommes un magasin de cannabis en ligne l\u00e9gitime o\u00f9 vous pouvez acheter de l'herbe en ligne. Nous sommes une \u00e9quipe qui cultive de l'herbe de haute qualit\u00e9 en Allemagne et distribue les WEED CALI les plus forts \u00e0 nos amis, clients et AUX PAYS VOISINS. <\/h2><\/div><\/div><\/div><\/div><\/div><div class=\"wp-block-uagb-container uagb-block-a05e7214 alignfull uagb-is-root-container\"><div class=\"uagb-container-inner-blocks-wrap\"><div class=\"wp-block-uagb-container uagb-layout-grid uagb-block-a2c6cfd6\"><div class=\"wp-block-uagb-advanced-heading uagb-block-1ac80494\"><h6 class=\"uagb-heading-text\">Notre mission<\/h6><\/div>\n\n<div class=\"wp-block-uagb-info-box uagb-block-025fd110 uagb-infobox__content-wrap  uagb-infobox-icon-above-title uagb-infobox-image-valign-top\"><div class=\"uagb-ifb-content\"><div class=\"uagb-ifb-title-wrap\"><div class=\"uagb-ifb-separator\"><\/div><h3 class=\"uagb-ifb-title\">Pourquoi nos clients nous aiment<\/h3><\/div><p class=\"uagb-ifb-desc\">Issus de l'industrie de l'alcool, nous avons reconnu les d\u00e9g\u00e2ts sociaux et la destruction que l'alcool cause aux communaut\u00e9s en Allemagne et en Europe. Au lieu d'ouvrir un magasin de bi\u00e8re et de vin ou de revenir dans le secteur des bars, nous avons choisi l'alternative plus s\u00fbre. Nous sommes impatients de vous aider \u00e0 recevoir votre marijuana r\u00e9cr\u00e9ative directement chez vous.<\/p><\/div><\/div><\/div>\n\n<div class=\"wp-block-uagb-container uagb-layout-grid uagb-block-34ccc8b8\"><div class=\"wp-block-uagb-advanced-heading uagb-block-1c487d3c\"><h6 class=\"uagb-heading-text\"><a href=\"https:\/\/caliweedeurope.com\/fr\/shop\/\">Notre unicit\u00e9<\/a><\/h6><\/div>\n\n<div class=\"wp-block-uagb-info-box uagb-block-180da0d4 uagb-infobox__content-wrap  uagb-infobox-icon-above-title uagb-infobox-image-valign-top\"><div class=\"uagb-ifb-content\"><div class=\"uagb-ifb-title-wrap\"><div class=\"uagb-ifb-separator\"><\/div><h3 class=\"uagb-ifb-title\"><a href=\"https:\/\/caliweedeurope.com\/fr\/shop\/\">Nous comprenons l'importance de fournir aux patients du cannabis de qualit\u00e9 sup\u00e9rieure, \u00e0 la fois abordable et de qualit\u00e9 premium. <\/a><\/h3><\/div><p class=\"uagb-ifb-desc\">Donc, que vous souffriez de douleurs chroniques, d'anxi\u00e9t\u00e9 ou d'autres probl\u00e8mes de sant\u00e9 n\u00e9cessitant un traitement au cannabis, nous sommes l\u00e0 pour vous. Nous nous engageons \u00e9galement \u00e0 rester inform\u00e9s des derni\u00e8res tendances dans le monde du cannabis. Nous appr\u00e9cions votre commande et g\u00e9rons votre emballage avec discr\u00e9tion. Notre emballage sous vide et notre syst\u00e8me d'exp\u00e9dition simple vous plairont.\u00a0<\/p><\/div><\/div><\/div><\/div><\/div><div class=\"wp-block-uagb-container uagb-block-dd938b3f alignfull uagb-is-root-container\"><div class=\"uagb-container-inner-blocks-wrap\"><div class=\"wp-block-uagb-info-box uagb-block-fb459d06 uagb-infobox__content-wrap  uagb-infobox-icon-above-title uagb-infobox-image-valign-top\"><div class=\"uagb-ifb-content\"><div class=\"uagb-ifb-title-wrap\"><h6 class=\"uagb-ifb-title-prefix\">Sans produits chimiques nuisibles<\/h6><h2 class=\"uagb-ifb-title\">Commencez votre voyage vers un WEED bio sain, satisfaisant, aromatique et savoureux.<\/h2><\/div><div class=\"uagb-ifb-button-wrapper wp-block-button\"><a href=\"https:\/\/caliweedeurope.com\/fr\/shop\/\" class=\"uagb-infobox-cta-link wp-block-button__link\" target=\"_self\" rel=\"noopener noreferrer\" onclick=\"return true;\"><span class=\"uagb-inline-editing\">ACHETEZ MAINTENANT<\/span><\/a><\/div><\/div><\/div><\/div><\/div><p><\/p>","protected":false},"excerpt":{"rendered":"<p>About cali weed euope Our Mission Our Uniqueness<\/p>","protected":false},"author":1,"featured_media":0,"parent":0,"menu_order":0,"comment_status":"closed","ping_status":"closed","template":"","meta":{"_uag_custom_page_level_css":"","site-sidebar-layout":"no-sidebar","site-content-layout":"page-builder","ast-site-content-layout":"full-width-container","site-content-style":"unboxed","site-sidebar-style":"unboxed","ast-global-header-display":"","ast-banner-title-visibility":"","ast-main-header-display":"","ast-hfb-above-header-display":"","ast-hfb-below-header-display":"","ast-hfb-mobile-header-display":"","site-post-title":"disabled","ast-breadcrumbs-content":"","ast-featured-img":"disabled","footer-sml-layout":"","ast-disable-related-posts":"","theme-transparent-header-meta":"","adv-header-id-meta":"","stick-header-meta":"","header-above-stick-meta":"","header-main-stick-meta":"","header-below-stick-meta":"","astra-migrate-meta-layouts":"set","ast-page-background-enabled":"default","ast-page-background-meta":{"desktop":{"background-color":"var(--ast-global-color-5)","background-image":"","background-repeat":"repeat","background-position":"center center","background-size":"auto","background-attachment":"scroll","background-type":"","background-media":"","overlay-type":"","overlay-color":"","overlay-opacity":"","overlay-gradient":""},"tablet":{"background-color":"","background-image":"","background-repeat":"repeat","background-position":"center center","background-size":"auto","background-attachment":"scroll","background-type":"","background-media":"","overlay-type":"","overlay-color":"","overlay-opacity":"","overlay-gradient":""},"mobile":{"background-color":"","background-image":"","background-repeat":"repeat","background-position":"center center","background-size":"auto","background-attachment":"scroll","background-type":"","background-media":"","overlay-type":"","overlay-color":"","overlay-opacity":"","overlay-gradient":""}},"ast-content-background-meta":{"desktop":{"background-color":"var(--ast-global-color-4)","background-image":"","background-repeat":"repeat","background-position":"center center","background-size":"auto","background-attachment":"scroll","background-type":"","background-media":"","overlay-type":"","overlay-color":"","overlay-opacity":"","overlay-gradient":""},"tablet":{"background-color":"var(--ast-global-color-4)","background-image":"","background-repeat":"repeat","background-position":"center center","background-size":"auto","background-attachment":"scroll","background-type":"","background-media":"","overlay-type":"","overlay-color":"","overlay-opacity":"","overlay-gradient":""},"mobile":{"background-color":"var(--ast-global-color-4)","background-image":"","background-repeat":"repeat","background-position":"center center","background-size":"auto","background-attachment":"scroll","background-type":"","background-media":"","overlay-type":"","overlay-color":"","overlay-opacity":"","overlay-gradient":""}},"footnotes":""},"class_list":["post-329","page","type-page","status-publish","hentry"],"uagb_featured_image_src":{"full":false,"thumbnail":false,"medium":false,"medium_large":false,"large":false,"1536x1536":false,"2048x2048":false,"trp-custom-language-flag":false,"woocommerce_thumbnail":false,"woocommerce_single":false,"woocommerce_gallery_thumbnail":false},"uagb_author_info":{"display_name":"jetskiforsaleuk@gmail.com","author_link":"https:\/\/caliweedeurope.com\/fr\/author\/jetskiforsaleukgmail-com\/"},"uagb_comment_info":0,"uagb_excerpt":"About cali weed euope Our Mission Our Uniqueness","_links":{"self":[{"href":"https:\/\/caliweedeurope.com\/fr\/wp-json\/wp\/v2\/pages\/329"}],"collection":[{"href":"https:\/\/caliweedeurope.com\/fr\/wp-json\/wp\/v2\/pages"}],"about":[{"href":"https:\/\/caliweedeurope.com\/fr\/wp-json\/wp\/v2\/types\/page"}],"author":[{"embeddable":true,"href":"https:\/\/caliweedeurope.com\/fr\/wp-json\/wp\/v2\/users\/1"}],"replies":[{"embeddable":true,"href":"https:\/\/caliweedeurope.com\/fr\/wp-json\/wp\/v2\/comments?post=329"}],"version-history":[{"count":0,"href":"https:\/\/caliweedeurope.com\/fr\/wp-json\/wp\/v2\/pages\/329\/revisions"}],"wp:attachment":[{"href":"https:\/\/caliweedeurope.com\/fr\/wp-json\/wp\/v2\/media?parent=329"}],"curies":[{"name":"wp","href":"https:\/\/api.w.org\/{rel}","templated":true}]}}