{"id":1191,"date":"2024-11-03T21:31:25","date_gmt":"2024-11-03T21:31:25","guid":{"rendered":"https:\/\/caliweedeurope.com\/?post_type=product&#038;p=1191"},"modified":"2024-11-03T21:31:28","modified_gmt":"2024-11-03T21:31:28","slug":"zaza-weed-strain","status":"publish","type":"product","link":"https:\/\/caliweedeurope.com\/fr\/product\/zaza-weed-strain\/","title":{"rendered":"zaza weed strain"},"content":{"rendered":"<p class=\"translation-block\">ZaZa weed est une vari\u00e9t\u00e9 de marijuana <a href=\"https:\/\/www.leafly.com\/strains\/lists\/category\/hybrid\" target=\"_blank\" rel=\"noopener\">hybride<\/a>, issue du croisement des puissantes vari\u00e9t\u00e9s Blue Dream X Rare Dankness. Connue pour son effet tr\u00e8s soporifique et ses effets durables, ZaZa est la vari\u00e9t\u00e9 id\u00e9ale pour ceux qui ont besoin d'un coup de pouce pour s'endormir le soir.<\/p>\n<h2 style=\"text-align: center\">Quelle est la signification de ZAZA?<\/h2>\n<p>Zaza est \u00e0 la fois une vari\u00e9t\u00e9 hybride de cannabis et une r\u00e9f\u00e9rence urbaine au cannabis exotique ou de premi\u00e8re qualit\u00e9. Cela repr\u00e9sente \u00e9galement les derni\u00e8res vari\u00e9t\u00e9s les plus tendance sur le march\u00e9.<\/p>\n<p>Savez-vous que plus de 800 vari\u00e9t\u00e9s de cannabis ont \u00e9t\u00e9 identifi\u00e9es ? L'herbe exotique fait r\u00e9f\u00e9rence \u00e0 des vari\u00e9t\u00e9s rares ou peu communes ayant des attributs recherch\u00e9s. Un bon cultivateur sait que le choix des graines et la connaissance g\u00e9n\u00e9tique sont des facteurs importants dans la cr\u00e9ation d'une vari\u00e9t\u00e9 exotique. Elle doit \u00eatre correctement s\u00e9ch\u00e9e, visuellement attrayante et recouverte de trichomes \u00e9tincelants. Un autre facteur d\u00e9terminant le caract\u00e8re exotique d'une herbe est son exclusivit\u00e9 ou sa disponibilit\u00e9 limit\u00e9e.<\/p>\n<p>La Californie est l'un des plus grands march\u00e9s du cannabis au monde, vous \u00eates donc s\u00fbr de trouver de l'herbe Zaza qui correspond \u00e0 vos go\u00fbts.<\/p>\n<p>ZaZa est un excellent choix pour les cultivateurs amateurs de tous niveaux d'exp\u00e9rience, car sa structure est tr\u00e8s facile \u00e0 tailler et les plantes poussent avec un rapport calice-feuille \u00e9lev\u00e9. ZaZa produit un rendement tr\u00e8s important. La culture en int\u00e9rieur et en ext\u00e9rieur donne des plantes extr\u00eamement grandes, et apr\u00e8s 8 \u00e0 10 semaines, vous serez pr\u00eat \u00e0 r\u00e9colter vos frosted ZaZa Nugs. ZaZa d\u00e9gage une odeur rappelant un carburant chimique citronn\u00e9 et zest\u00e9. Les fleurs puissantes d\u00e9gagent \u00e9galement des odeurs de pin terreux, de musc et de sueur. Tant que les fleurs sont correctement s\u00e9ch\u00e9es, cette vari\u00e9t\u00e9 offre une fum\u00e9e douce au go\u00fbt de gaz acide \u00e0 l'inhalation. \u00c0 l'exhalation, la fum\u00e9e de ZaZa r\u00e9v\u00e8le son go\u00fbt signature de diesel chimique avec une touche zest\u00e9e d'ammoniac au citron qui titille le haut du palais. <a href=\"http:\/\/legitweeddispensary.com\/\" target=\"_blank\" rel=\"noopener\">Boutique de cannabis des Pays-Bas<\/a><\/p>\n<h6>Exotique, ou herbe exotique, est un terme d'argot pour le cannabis \u00e0 haute puissance populaire dans la culture de la rue et la musique rap. Il est \u00e9galement connu sous le nom de 'zaza'.<\/h6>\n<h3>ACHETEZ DES VARI\u00c9T\u00c9S DE ZAZA EN LIGNE | EXAMEN DE LA VARI\u00c9T\u00c9 DE ZAZA<\/h3>\n<p>Le high commence par une mont\u00e9e progressive des effets, remplissant votre esprit d'un lift joyeux qui grandit et se d\u00e9veloppe apr\u00e8s votre derni\u00e8re expiration. Vous vous sentirez d\u00e9tendu mentalement et sans souci dans le monde. Zaza weed strain.<\/p>\n<p>Cette t\u00eate l\u00e9g\u00e8re se propagera bient\u00f4t dans tout votre corps, vous plongeant dans un \u00e9tat l\u00e9g\u00e8rement 'couch-locked', qui est \u00e9galement tr\u00e8s s\u00e9datif.<\/p>\n<h3>QUE SIGNIFIE LE SLANG ZAZA ?<\/h3>\n<p class=\"translation-block\">Le terme d'argot \u201cZa\u201d et \u201cZaza\u201d (quelque chose \u00e9crit Za Za) est un nom, utilis\u00e9 dans la musique rap et la culture pour faire r\u00e9f\u00e9rence \u00e0 de la tr\u00e8s bonne weed.<\/p>\n<h2>PRIX DE LA WEED ZAZA<\/h2>\n<p>La bonne weed est tr\u00e8s rare et co\u00fbte cher, la plupart des rappeurs appr\u00e9cient de fumer cette meilleure weed exotique en raison de ses terp\u00e8nes. Les consommateurs sont \u00e9galement inform\u00e9s du co\u00fbt en raison de son authenticit\u00e9. Prix de la vari\u00e9t\u00e9 Zaza, la plupart des dispensaires californiens proposent ces souches super puissantes \u00e0 50 $ pour 3,5 grammes et plus pour les meilleurs exotiques de Californie.<\/p>\n<h3>VARI\u00c9T\u00c9 ZAZA \u00c0 VENDRE EN LIGNE | WEED ZAZA \u00c0 VENDRE EN LIGNE<\/h3>\n<p class=\"translation-block\">Profitez de ces super <a href=\"https:\/\/deligentman.com\/marijuana-flowers-uk-with-worldwide-deliveries\/\" target=\"_blank\" rel=\"noopener\">saveurs exotiques<\/a> de notre part, Zaza weed en vente en ligne, achetez de la drogue Zaza en ligne, commandez de la vraie Zaza en ligne, revue de la vari\u00e9t\u00e9 Zaza weed, achetez des vari\u00e9t\u00e9s de Zaza weed en ligne pas cher, o\u00f9 acheter de la Zaza weed en ligne, o\u00f9 acheter de la Zaza pr\u00e8s de chez moi, o\u00f9 acheter de la Zaza en ligne, Zaza weed pr\u00e8s de chez moi. <a href=\"http:\/\/hempbudswholesale.com\/\" target=\"_blank\" rel=\"noopener\">Vente en gros de t\u00eates de chanvre<\/a><\/p>\n<h6>Nos Souches de Weed Exotiques et Produits les Plus Populaires<\/h6>\n<div class=\"LinkSuggestion__LinkSuggestionWrapper-sc-1mdih4x-0 hhaFbj\"><a class=\"LinkSuggestion__Link-sc-1mdih4x-2 jZPuuT\" href=\"https:\/\/deligentman.com\/product\/buy-pink-runtz-pink-runtz-dispensary-order-pink-runtz-online\/\" target=\"_blank\" rel=\"noopener\">Buy Pink Runtz<span class=\"A11yNotice-u1v0gg-0 dWDZbM\">(Opens in a new browser tab)<\/span><\/a><\/div>\n<div class=\"LinkSuggestion__LinkSuggestionWrapper-sc-1mdih4x-0 hhaFbj\"><a class=\"LinkSuggestion__Link-sc-1mdih4x-2 jZPuuT\" href=\"https:\/\/deligentman.com\/product\/banana-runtz-buy-banana-runtz-strain\/\" target=\"_blank\" rel=\"noopener\">Achetez Banana Runtz<span class=\"A11yNotice-u1v0gg-0 dWDZbM\">(Opens in a new browser tab)<\/span><\/a><\/div>\n<div class=\"LinkSuggestion__LinkSuggestionWrapper-sc-1mdih4x-0 hhaFbj\"><a class=\"LinkSuggestion__Link-sc-1mdih4x-2 jZPuuT\" href=\"https:\/\/deligentman.com\/product\/stiiizy-sky-og\/\" target=\"_blank\" rel=\"noopener\">Stiiizy (Sky og)<span class=\"A11yNotice-u1v0gg-0 dWDZbM\">(Opens in a new browser tab)<\/span><\/a><\/div>\n<div class=\"LinkSuggestion__LinkSuggestionWrapper-sc-1mdih4x-0 hhaFbj\"><a class=\"LinkSuggestion__Link-sc-1mdih4x-2 jZPuuT\" href=\"https:\/\/deligentman.com\/product\/strawberry-lemonade-wax\/\" target=\"_blank\" rel=\"noopener\">Strawberry Lemonade Wax<span class=\"A11yNotice-u1v0gg-0 dWDZbM\">(Opens in a new browser tab)<\/span><\/a><\/div>\n<div class=\"LinkSuggestion__LinkSuggestionWrapper-sc-1mdih4x-0 hhaFbj\"><a class=\"LinkSuggestion__Link-sc-1mdih4x-2 jZPuuT\" href=\"https:\/\/deligentman.com\/product\/buy-backpack-boyz-online-where-to-order-backpack-boyz-uk\/\" target=\"_blank\" rel=\"noopener\">backpack boyz<span class=\"A11yNotice-u1v0gg-0 dWDZbM\">(Opens in a new browser tab)<\/span><\/a><\/div>\n<div class=\"LinkSuggestion__LinkSuggestionWrapper-sc-1mdih4x-0 hhaFbj\"><a class=\"LinkSuggestion__Link-sc-1mdih4x-2 jZPuuT\" href=\"https:\/\/deligentman.com\/product\/white-fire-og\/\" target=\"_blank\" rel=\"noopener\">White fire og<span class=\"A11yNotice-u1v0gg-0 dWDZbM\">(Opens in a new browser tab)<\/span><\/a><\/div>\n<div class=\"LinkSuggestion__LinkSuggestionWrapper-sc-1mdih4x-0 hhaFbj\"><a class=\"LinkSuggestion__Link-sc-1mdih4x-2 jZPuuT\" href=\"https:\/\/deligentman.com\/buy-marijuana-online-worldwide\/\" target=\"_blank\" rel=\"noopener\">buy marijuana online with worldwide shipping 2021<span class=\"A11yNotice-u1v0gg-0 dWDZbM\">(Opens in a new browser tab)<\/span><\/a><\/div>\n<div class=\"LinkSuggestion__LinkSuggestionWrapper-sc-1mdih4x-0 hhaFbj\"><a class=\"LinkSuggestion__Link-sc-1mdih4x-2 jZPuuT\" href=\"https:\/\/deligentman.com\/product\/martian-rocks-weed-where-to-buy\/\" target=\"_blank\" rel=\"noopener\">Martian rocks weed where to buy<span class=\"A11yNotice-u1v0gg-0 dWDZbM\">(Opens in a new browser tab)<\/span><\/a><\/div>\n<div class=\"LinkSuggestion__LinkSuggestionWrapper-sc-1mdih4x-0 hhaFbj\"><a class=\"LinkSuggestion__Link-sc-1mdih4x-2 jZPuuT\" href=\"https:\/\/deligentman.com\/mail-order-weed-online-uk\/\" target=\"_blank\" rel=\"noopener\">Mail Order weed online UK<span class=\"A11yNotice-u1v0gg-0 dWDZbM\">(Opens in a new browser tab)<\/span><\/a><\/div>\n<div class=\"LinkSuggestion__LinkSuggestionWrapper-sc-1mdih4x-0 hhaFbj\"><a class=\"LinkSuggestion__Link-sc-1mdih4x-2 jZPuuT\" href=\"https:\/\/deligentman.com\/product\/buy-pounds-of-og-kush-weed-online\/\" target=\"_blank\" rel=\"noopener\">Acheter des livres de cannabis OG Kush en ligne<\/a><\/div>","protected":false},"excerpt":{"rendered":"<h2 id=\"h-why-is-weed-called-zaza\">Pourquoi la weed est-elle appel\u00e9e Zaza ?<\/h2>\n<p>La popularit\u00e9 des souches de cannabis exotiques en fait une source d'inspiration parfaite pour les artistes de la pop culture. Dans les paroles de rap et sur les r\u00e9seaux sociaux, le terme exotique est souvent raccourci en 'zaza'.<\/p>\n<p>Trippie Redd a rapp\u00e9 : 'Je fume Zaza, je suis dans le La La off them trees' dans 'Weeeeee', et 21 Savage a dit qu'il fumait 'Zaza' dans 'Runnin'.<\/p>\n<p class=\"translation-block\">Lisez-en plus sur la <a href=\"https:\/\/deligentman.com\/zaza-weed\/\" target=\"_self\">vari\u00e9t\u00e9 Zaza<\/a> et les critiques<\/p>","protected":false},"featured_media":1221,"comment_status":"closed","ping_status":"closed","template":"","meta":{"_uag_custom_page_level_css":"","site-sidebar-layout":"default","site-content-layout":"","ast-site-content-layout":"default","site-content-style":"default","site-sidebar-style":"default","ast-global-header-display":"","ast-banner-title-visibility":"","ast-main-header-display":"","ast-hfb-above-header-display":"","ast-hfb-below-header-display":"","ast-hfb-mobile-header-display":"","site-post-title":"","ast-breadcrumbs-content":"","ast-featured-img":"","footer-sml-layout":"","ast-disable-related-posts":"","theme-transparent-header-meta":"","adv-header-id-meta":"","stick-header-meta":"","header-above-stick-meta":"","header-main-stick-meta":"","header-below-stick-meta":"","astra-migrate-meta-layouts":"default","ast-page-background-enabled":"default","ast-page-background-meta":{"desktop":{"background-color":"var(--ast-global-color-5)","background-image":"","background-repeat":"repeat","background-position":"center center","background-size":"auto","background-attachment":"scroll","background-type":"","background-media":"","overlay-type":"","overlay-color":"","overlay-opacity":"","overlay-gradient":""},"tablet":{"background-color":"","background-image":"","background-repeat":"repeat","background-position":"center center","background-size":"auto","background-attachment":"scroll","background-type":"","background-media":"","overlay-type":"","overlay-color":"","overlay-opacity":"","overlay-gradient":""},"mobile":{"background-color":"","background-image":"","background-repeat":"repeat","background-position":"center center","background-size":"auto","background-attachment":"scroll","background-type":"","background-media":"","overlay-type":"","overlay-color":"","overlay-opacity":"","overlay-gradient":""}},"ast-content-background-meta":{"desktop":{"background-color":"var(--ast-global-color-4)","background-image":"","background-repeat":"repeat","background-position":"center center","background-size":"auto","background-attachment":"scroll","background-type":"","background-media":"","overlay-type":"","overlay-color":"","overlay-opacity":"","overlay-gradient":""},"tablet":{"background-color":"var(--ast-global-color-4)","background-image":"","background-repeat":"repeat","background-position":"center center","background-size":"auto","background-attachment":"scroll","background-type":"","background-media":"","overlay-type":"","overlay-color":"","overlay-opacity":"","overlay-gradient":""},"mobile":{"background-color":"var(--ast-global-color-4)","background-image":"","background-repeat":"repeat","background-position":"center center","background-size":"auto","background-attachment":"scroll","background-type":"","background-media":"","overlay-type":"","overlay-color":"","overlay-opacity":"","overlay-gradient":""}}},"product_brand":[],"product_cat":[22],"product_tag":[23,24,25,26,27],"class_list":{"0":"post-1191","1":"product","2":"type-product","3":"status-publish","4":"has-post-thumbnail","6":"product_cat-hybrid","7":"product_tag-real-zaza-strain","8":"product_tag-what-is-zaza","9":"product_tag-zaza-marijuana","10":"product_tag-zaza-weed","11":"product_tag-zaza-weed-strain","12":"desktop-align-center","13":"tablet-align-left","14":"mobile-align-left","16":"first","17":"instock","18":"sale","19":"shipping-taxable","20":"purchasable","21":"product-type-simple"},"uagb_featured_image_src":{"full":["https:\/\/caliweedeurope.com\/wp-content\/uploads\/2024\/11\/Zaza-weed-strain.jpeg",1125,1478,false],"thumbnail":["https:\/\/caliweedeurope.com\/wp-content\/uploads\/2024\/11\/Zaza-weed-strain-150x150.jpeg",150,150,true],"medium":["https:\/\/caliweedeurope.com\/wp-content\/uploads\/2024\/11\/Zaza-weed-strain-228x300.jpeg",228,300,true],"medium_large":["https:\/\/caliweedeurope.com\/wp-content\/uploads\/2024\/11\/Zaza-weed-strain-768x1009.jpeg",768,1009,true],"large":["https:\/\/caliweedeurope.com\/wp-content\/uploads\/2024\/11\/Zaza-weed-strain-779x1024.jpeg",779,1024,true],"1536x1536":["https:\/\/caliweedeurope.com\/wp-content\/uploads\/2024\/11\/Zaza-weed-strain.jpeg",1125,1478,false],"2048x2048":["https:\/\/caliweedeurope.com\/wp-content\/uploads\/2024\/11\/Zaza-weed-strain.jpeg",1125,1478,false],"trp-custom-language-flag":["https:\/\/caliweedeurope.com\/wp-content\/uploads\/2024\/11\/Zaza-weed-strain.jpeg",9,12,false],"woocommerce_thumbnail":["https:\/\/caliweedeurope.com\/wp-content\/uploads\/2024\/11\/Zaza-weed-strain-300x300.jpeg",300,300,true],"woocommerce_single":["https:\/\/caliweedeurope.com\/wp-content\/uploads\/2024\/11\/Zaza-weed-strain-600x788.jpeg",600,788,true],"woocommerce_gallery_thumbnail":["https:\/\/caliweedeurope.com\/wp-content\/uploads\/2024\/11\/Zaza-weed-strain-100x100.jpeg",100,100,true]},"uagb_author_info":{"display_name":"jetskiforsaleuk@gmail.com","author_link":"https:\/\/caliweedeurope.com\/fr\/author\/"},"uagb_comment_info":0,"uagb_excerpt":"Why is weed called zaza? The popularity of exotic weed strains makes them the perfect inspiration for pop culture artists. In rap lyrics and social media, exotic is often shortened to \u201czaza.\u201d Trippie Redd rapped, \u201cI smoke Zaza I\u2019m in La La off them trees\u201d in \u201cWeeeeee,\u201d and 21 Savage said he was, \u201csmokin on\u2026","_links":{"self":[{"href":"https:\/\/caliweedeurope.com\/fr\/wp-json\/wp\/v2\/product\/1191"}],"collection":[{"href":"https:\/\/caliweedeurope.com\/fr\/wp-json\/wp\/v2\/product"}],"about":[{"href":"https:\/\/caliweedeurope.com\/fr\/wp-json\/wp\/v2\/types\/product"}],"replies":[{"embeddable":true,"href":"https:\/\/caliweedeurope.com\/fr\/wp-json\/wp\/v2\/comments?post=1191"}],"wp:featuredmedia":[{"embeddable":true,"href":"https:\/\/caliweedeurope.com\/fr\/wp-json\/wp\/v2\/media\/1221"}],"wp:attachment":[{"href":"https:\/\/caliweedeurope.com\/fr\/wp-json\/wp\/v2\/media?parent=1191"}],"wp:term":[{"taxonomy":"product_brand","embeddable":true,"href":"https:\/\/caliweedeurope.com\/fr\/wp-json\/wp\/v2\/product_brand?post=1191"},{"taxonomy":"product_cat","embeddable":true,"href":"https:\/\/caliweedeurope.com\/fr\/wp-json\/wp\/v2\/product_cat?post=1191"},{"taxonomy":"product_tag","embeddable":true,"href":"https:\/\/caliweedeurope.com\/fr\/wp-json\/wp\/v2\/product_tag?post=1191"}],"curies":[{"name":"wp","href":"https:\/\/api.w.org\/{rel}","templated":true}]}}