{"id":1202,"date":"2024-11-03T21:31:25","date_gmt":"2024-11-03T21:31:25","guid":{"rendered":"https:\/\/caliweedeurope.com\/?post_type=product&#038;p=1202"},"modified":"2024-11-06T03:59:16","modified_gmt":"2024-11-06T03:59:16","slug":"backpack-boyz","status":"publish","type":"product","link":"https:\/\/caliweedeurope.com\/fr\/product\/backpack-boyz\/","title":{"rendered":"backpack boyz"},"content":{"rendered":"<h2>Votre source de confiance pour les produits Backpack Boyz<\/h2>\n<p>Dans notre dispensaire, nous sommes fiers de proposer des produits de premier choix de Backpack Boyz. R\u00e9put\u00e9s pour leur engagement envers la qualit\u00e9, ils offrent des options de cannabis exceptionnelles que tout amateur saura appr\u00e9cier. Que vous soyez novice ou consommateur exp\u00e9riment\u00e9, nous proposons un large choix adapt\u00e9 \u00e0 toutes les pr\u00e9f\u00e9rences.<\/p>\n<h2>Qualit\u00e9 sur laquelle vous pouvez compter<\/h2>\n<p>Backpack Boyz s'est impos\u00e9 comme une marque de confiance au sein de la communaut\u00e9 du cannabis. En s\u00e9lectionnant des vari\u00e9t\u00e9s de marijuana premium, ils s'assurent que chaque produit respecte des normes \u00e9lev\u00e9es. Notre dispensaire propose exclusivement des produits de Backpack Boyz, facilitant ainsi l'acc\u00e8s \u00e0 un cannabis fiable.<\/p>\n<h2>Vivez la diff\u00e9rence<\/h2>\n<p>Visiter notre dispensaire Backpack Boyz est bien plus qu'une simple s\u00e9ance de shopping ; c'est une occasion de d\u00e9couvrir une qualit\u00e9 comme jamais auparavant. Rejoignez-nous pour explorer les meilleures options de cannabis Backpack Boyz qui r\u00e9sonnent avec votre mode de vie. \u00c9levez votre exp\u00e9rience du cannabis d\u00e8s aujourd'hui !<\/p>","protected":false},"excerpt":{"rendered":"<h3>O\u00f9 acheter de l'herbe Backpack Boyz en ligne<\/h3>\n<p>Vous pouvez acheter de l'herbe Backpack Boyz en ligne aujourd'hui \u00e0 prix r\u00e9duit avec une livraison rapide, exp\u00e9dition partout. Meilleur endroit pour acheter du cannabis Backpack Boyz, sacs de weed Backpack Boyz, v\u00eatements Backpack Boyz, prix Backpack Boyz, site web Backpack Boyz, acheter Backpack Boyz au Royaume-Uni.<\/p>\n<p>&nbsp;<\/p>","protected":false},"featured_media":1227,"comment_status":"closed","ping_status":"closed","template":"","meta":{"_uag_custom_page_level_css":"","site-sidebar-layout":"default","site-content-layout":"","ast-site-content-layout":"default","site-content-style":"default","site-sidebar-style":"default","ast-global-header-display":"","ast-banner-title-visibility":"","ast-main-header-display":"","ast-hfb-above-header-display":"","ast-hfb-below-header-display":"","ast-hfb-mobile-header-display":"","site-post-title":"","ast-breadcrumbs-content":"","ast-featured-img":"","footer-sml-layout":"","ast-disable-related-posts":"","theme-transparent-header-meta":"default","adv-header-id-meta":"","stick-header-meta":"","header-above-stick-meta":"","header-main-stick-meta":"","header-below-stick-meta":"","astra-migrate-meta-layouts":"set","ast-page-background-enabled":"default","ast-page-background-meta":{"desktop":{"background-color":"var(--ast-global-color-5)","background-image":"","background-repeat":"repeat","background-position":"center center","background-size":"auto","background-attachment":"scroll","background-type":"","background-media":"","overlay-type":"","overlay-color":"","overlay-opacity":"","overlay-gradient":""},"tablet":{"background-color":"","background-image":"","background-repeat":"repeat","background-position":"center center","background-size":"auto","background-attachment":"scroll","background-type":"","background-media":"","overlay-type":"","overlay-color":"","overlay-opacity":"","overlay-gradient":""},"mobile":{"background-color":"","background-image":"","background-repeat":"repeat","background-position":"center center","background-size":"auto","background-attachment":"scroll","background-type":"","background-media":"","overlay-type":"","overlay-color":"","overlay-opacity":"","overlay-gradient":""}},"ast-content-background-meta":{"desktop":{"background-color":"var(--ast-global-color-4)","background-image":"","background-repeat":"repeat","background-position":"center center","background-size":"auto","background-attachment":"scroll","background-type":"","background-media":"","overlay-type":"","overlay-color":"","overlay-opacity":"","overlay-gradient":""},"tablet":{"background-color":"var(--ast-global-color-4)","background-image":"","background-repeat":"repeat","background-position":"center center","background-size":"auto","background-attachment":"scroll","background-type":"","background-media":"","overlay-type":"","overlay-color":"","overlay-opacity":"","overlay-gradient":""},"mobile":{"background-color":"var(--ast-global-color-4)","background-image":"","background-repeat":"repeat","background-position":"center center","background-size":"auto","background-attachment":"scroll","background-type":"","background-media":"","overlay-type":"","overlay-color":"","overlay-opacity":"","overlay-gradient":""}}},"product_brand":[],"product_cat":[60],"product_tag":[61,62,63,64,65,66,67,69,70,71,72,75,76],"class_list":{"0":"post-1202","1":"product","2":"type-product","3":"status-publish","4":"has-post-thumbnail","6":"product_cat-buy-runtz-online","7":"product_tag-backpack-boyz-dispensary","8":"product_tag-backpack-boyz-marijuana","9":"product_tag-backpack-boyz-marijuana-for-sale","10":"product_tag-backpack-boyz-weed","11":"product_tag-backpack-boyz-weed-bags","12":"product_tag-backpack-boyz-weed-for-sale-online","13":"product_tag-backpack-boyz-weed-online","14":"product_tag-backpackboyz-clothing","15":"product_tag-backpackboyz-price","16":"product_tag-backpackboyz-website","17":"product_tag-buy-backpack-boyz-weed","18":"product_tag-order-backpack-boyz-weed","19":"product_tag-where-to-buy-backpack-boyz-weed","20":"desktop-align-center","21":"tablet-align-left","22":"mobile-align-left","24":"first","25":"instock","26":"shipping-taxable","27":"purchasable","28":"product-type-variable"},"uagb_featured_image_src":{"full":["https:\/\/caliweedeurope.com\/wp-content\/uploads\/2024\/11\/PNB.jpeg",828,841,false],"thumbnail":["https:\/\/caliweedeurope.com\/wp-content\/uploads\/2024\/11\/PNB-150x150.jpeg",150,150,true],"medium":["https:\/\/caliweedeurope.com\/wp-content\/uploads\/2024\/11\/PNB-295x300.jpeg",295,300,true],"medium_large":["https:\/\/caliweedeurope.com\/wp-content\/uploads\/2024\/11\/PNB-768x780.jpeg",768,780,true],"large":["https:\/\/caliweedeurope.com\/wp-content\/uploads\/2024\/11\/PNB.jpeg",828,841,false],"1536x1536":["https:\/\/caliweedeurope.com\/wp-content\/uploads\/2024\/11\/PNB.jpeg",828,841,false],"2048x2048":["https:\/\/caliweedeurope.com\/wp-content\/uploads\/2024\/11\/PNB.jpeg",828,841,false],"trp-custom-language-flag":["https:\/\/caliweedeurope.com\/wp-content\/uploads\/2024\/11\/PNB.jpeg",12,12,false],"woocommerce_thumbnail":["https:\/\/caliweedeurope.com\/wp-content\/uploads\/2024\/11\/PNB-300x300.jpeg",300,300,true],"woocommerce_single":["https:\/\/caliweedeurope.com\/wp-content\/uploads\/2024\/11\/PNB-600x609.jpeg",600,609,true],"woocommerce_gallery_thumbnail":["https:\/\/caliweedeurope.com\/wp-content\/uploads\/2024\/11\/PNB-100x100.jpeg",100,100,true]},"uagb_author_info":{"display_name":"jetskiforsaleuk@gmail.com","author_link":"https:\/\/caliweedeurope.com\/fr\/author\/"},"uagb_comment_info":0,"uagb_excerpt":"Where to buy Backpack boyz weed for sale online You can buy backpack boyz weed for sale online today cheap with fast delivery, shipping anywhere. Best place to buy backpack boyz cannabis, backpack boyz weed bags, backpackboyz clothing, backpackboyz price, backpackboyz website, buy backpack buys Uk , &nbsp;","_links":{"self":[{"href":"https:\/\/caliweedeurope.com\/fr\/wp-json\/wp\/v2\/product\/1202"}],"collection":[{"href":"https:\/\/caliweedeurope.com\/fr\/wp-json\/wp\/v2\/product"}],"about":[{"href":"https:\/\/caliweedeurope.com\/fr\/wp-json\/wp\/v2\/types\/product"}],"replies":[{"embeddable":true,"href":"https:\/\/caliweedeurope.com\/fr\/wp-json\/wp\/v2\/comments?post=1202"}],"wp:featuredmedia":[{"embeddable":true,"href":"https:\/\/caliweedeurope.com\/fr\/wp-json\/wp\/v2\/media\/1227"}],"wp:attachment":[{"href":"https:\/\/caliweedeurope.com\/fr\/wp-json\/wp\/v2\/media?parent=1202"}],"wp:term":[{"taxonomy":"product_brand","embeddable":true,"href":"https:\/\/caliweedeurope.com\/fr\/wp-json\/wp\/v2\/product_brand?post=1202"},{"taxonomy":"product_cat","embeddable":true,"href":"https:\/\/caliweedeurope.com\/fr\/wp-json\/wp\/v2\/product_cat?post=1202"},{"taxonomy":"product_tag","embeddable":true,"href":"https:\/\/caliweedeurope.com\/fr\/wp-json\/wp\/v2\/product_tag?post=1202"}],"curies":[{"name":"wp","href":"https:\/\/api.w.org\/{rel}","templated":true}]}}