{"id":1207,"date":"2024-11-03T21:31:25","date_gmt":"2024-11-03T21:31:25","guid":{"rendered":"https:\/\/caliweedeurope.com\/?post_type=product&#038;p=1207"},"modified":"2024-11-03T21:31:44","modified_gmt":"2024-11-03T21:31:44","slug":"moroccan-hash","status":"publish","type":"product","link":"https:\/\/caliweedeurope.com\/fr\/product\/moroccan-hash\/","title":{"rendered":"moroccan hash"},"content":{"rendered":"<p> Vous pouvez acheter du haschisch marocain en ligne. Le haschisch marocain est un produit extrait du cannabis. Il est compos\u00e9 de pr\u00e9parations comprim\u00e9es ou purifi\u00e9es des glandes r\u00e9sineuses des tiges. Le haschisch marocain Primero va du brun clair au brun fonc\u00e9, mais parfois vous verrez une teinte verd\u00e2tre \u00e0 l'int\u00e9rieur. En raison de la saison relativement courte de culture de la marijuana, les plantes de cannabis conservent une bonne couleur verte au moment de la r\u00e9colte. Haschisch marocain l\u00e9gal Slate \u00e0 vendre en ligne. Cela produit environ 15 000 tonnes de haschisch, qui sont export\u00e9es vers l'Europe (en particulier l'Espagne, la France, la Belgique, les Pays-Bas, l'Allemagne, la Suisse et l'Italie). Couleur : Verd\u00e2tre \u00e0 brun. Acheter du haschisch marocain, acheter du haschisch marocain, acheter du haschisch marocain en ligne USA, acheter du haschisch marocain en ligne UK, haschisch marocain pr\u00e8s de chez moi, o\u00f9 acheter du haschisch marocain pr\u00e8s de chez moi, commander du haschisch en ligne USA ou commander du haschisch en ligne UK.<\/p>","protected":false},"excerpt":{"rendered":"<p>Achetez du haschisch marocain en ligne au Royaume-Uni, un produit extrait compos\u00e9 de pr\u00e9parations comprim\u00e9es ou purifi\u00e9es des glandes r\u00e9sineuses de tiges, appel\u00e9es trichomes, de la plante de cannabis.<br \/> Cependant, il contient les m\u00eames ingr\u00e9dients actifs que la marijuana, comme le t\u00e9trahydrocannabinol (THC). Il contient \u00e9galement des cannabino\u00efdes, mais souvent \u00e0 des concentrations plus \u00e9lev\u00e9es que les bourgeons non tamis\u00e9s.<br \/> Haschisch \u2013 solide ou r\u00e9sineux en fonction de la pr\u00e9paration, g\u00e9n\u00e9ralement solide pour le haschisch press\u00e9. Tandis que le haschisch purifi\u00e9 \u00e0 l'eau \u2013 souvent appel\u00e9 \u00ab bubble melt hash \u00bb \u2013 est une substance p\u00e2teuse avec une duret\u00e9 et une flexibilit\u00e9 variables ; sa couleur, g\u00e9n\u00e9ralement du brun clair au brun fonc\u00e9, peut varier de transparent \u00e0 jaune, marron, noir ou rouge. Tout cela d\u00e9pend du processus et de la quantit\u00e9 de solvant restant. Contactez-nous<\/p>","protected":false},"featured_media":1229,"comment_status":"closed","ping_status":"closed","template":"","meta":{"_uag_custom_page_level_css":"","site-sidebar-layout":"default","site-content-layout":"","ast-site-content-layout":"","site-content-style":"default","site-sidebar-style":"default","ast-global-header-display":"","ast-banner-title-visibility":"","ast-main-header-display":"","ast-hfb-above-header-display":"","ast-hfb-below-header-display":"","ast-hfb-mobile-header-display":"","site-post-title":"","ast-breadcrumbs-content":"","ast-featured-img":"","footer-sml-layout":"","theme-transparent-header-meta":"","adv-header-id-meta":"","stick-header-meta":"","header-above-stick-meta":"","header-main-stick-meta":"","header-below-stick-meta":"","astra-migrate-meta-layouts":"default","ast-page-background-enabled":"default","ast-page-background-meta":{"desktop":{"background-color":"var(--ast-global-color-4)","background-image":"","background-repeat":"repeat","background-position":"center center","background-size":"auto","background-attachment":"scroll","background-type":"","background-media":"","overlay-type":"","overlay-color":"","overlay-opacity":"","overlay-gradient":""},"tablet":{"background-color":"","background-image":"","background-repeat":"repeat","background-position":"center center","background-size":"auto","background-attachment":"scroll","background-type":"","background-media":"","overlay-type":"","overlay-color":"","overlay-opacity":"","overlay-gradient":""},"mobile":{"background-color":"","background-image":"","background-repeat":"repeat","background-position":"center center","background-size":"auto","background-attachment":"scroll","background-type":"","background-media":"","overlay-type":"","overlay-color":"","overlay-opacity":"","overlay-gradient":""}},"ast-content-background-meta":{"desktop":{"background-color":"var(--ast-global-color-5)","background-image":"","background-repeat":"repeat","background-position":"center center","background-size":"auto","background-attachment":"scroll","background-type":"","background-media":"","overlay-type":"","overlay-color":"","overlay-opacity":"","overlay-gradient":""},"tablet":{"background-color":"var(--ast-global-color-5)","background-image":"","background-repeat":"repeat","background-position":"center center","background-size":"auto","background-attachment":"scroll","background-type":"","background-media":"","overlay-type":"","overlay-color":"","overlay-opacity":"","overlay-gradient":""},"mobile":{"background-color":"var(--ast-global-color-5)","background-image":"","background-repeat":"repeat","background-position":"center center","background-size":"auto","background-attachment":"scroll","background-type":"","background-media":"","overlay-type":"","overlay-color":"","overlay-opacity":"","overlay-gradient":""}}},"product_brand":[],"product_cat":[77],"product_tag":[78,79,80,81,82,83],"class_list":{"0":"post-1207","1":"product","2":"type-product","3":"status-publish","4":"has-post-thumbnail","6":"product_cat-buy-hash-online","7":"product_tag-buy-moroccan-hash","8":"product_tag-buy-moroccan-hash-online-usa","9":"product_tag-moroccan-hash-for-sale","10":"product_tag-moroccan-hash-near-me","11":"product_tag-order-hash-online-usa","12":"product_tag-where-to-buy-hash","13":"desktop-align-center","14":"tablet-align-left","15":"mobile-align-left","17":"first","18":"instock","19":"shipping-taxable","20":"purchasable","21":"product-type-variable"},"uagb_featured_image_src":{"full":["https:\/\/caliweedeurope.com\/wp-content\/uploads\/2024\/11\/Diamond-Moroccan-Hash-600x600-1.jpg",600,600,false],"thumbnail":["https:\/\/caliweedeurope.com\/wp-content\/uploads\/2024\/11\/Diamond-Moroccan-Hash-600x600-1-150x150.jpg",150,150,true],"medium":["https:\/\/caliweedeurope.com\/wp-content\/uploads\/2024\/11\/Diamond-Moroccan-Hash-600x600-1-300x300.jpg",300,300,true],"medium_large":["https:\/\/caliweedeurope.com\/wp-content\/uploads\/2024\/11\/Diamond-Moroccan-Hash-600x600-1.jpg",600,600,false],"large":["https:\/\/caliweedeurope.com\/wp-content\/uploads\/2024\/11\/Diamond-Moroccan-Hash-600x600-1.jpg",600,600,false],"1536x1536":["https:\/\/caliweedeurope.com\/wp-content\/uploads\/2024\/11\/Diamond-Moroccan-Hash-600x600-1.jpg",600,600,false],"2048x2048":["https:\/\/caliweedeurope.com\/wp-content\/uploads\/2024\/11\/Diamond-Moroccan-Hash-600x600-1.jpg",600,600,false],"trp-custom-language-flag":["https:\/\/caliweedeurope.com\/wp-content\/uploads\/2024\/11\/Diamond-Moroccan-Hash-600x600-1.jpg",12,12,false],"woocommerce_thumbnail":["https:\/\/caliweedeurope.com\/wp-content\/uploads\/2024\/11\/Diamond-Moroccan-Hash-600x600-1-300x300.jpg",300,300,true],"woocommerce_single":["https:\/\/caliweedeurope.com\/wp-content\/uploads\/2024\/11\/Diamond-Moroccan-Hash-600x600-1.jpg",600,600,false],"woocommerce_gallery_thumbnail":["https:\/\/caliweedeurope.com\/wp-content\/uploads\/2024\/11\/Diamond-Moroccan-Hash-600x600-1-100x100.jpg",100,100,true]},"uagb_author_info":{"display_name":"jetskiforsaleuk@gmail.com","author_link":"https:\/\/caliweedeurope.com\/fr\/author\/"},"uagb_comment_info":0,"uagb_excerpt":"Buy moroccan hash online uk, An extracted product composed of compressed or purified preparations of stalked resin glands, called trichomes, from the cannabis plant. It, however, contains the same active ingredients as marijuana as tetrahydrocannabinol (THC). Also, contains cannabinoids, but often in higher concentrations than the unsifted buds. Hashish \u2013 solid or resinous depending on\u2026","_links":{"self":[{"href":"https:\/\/caliweedeurope.com\/fr\/wp-json\/wp\/v2\/product\/1207"}],"collection":[{"href":"https:\/\/caliweedeurope.com\/fr\/wp-json\/wp\/v2\/product"}],"about":[{"href":"https:\/\/caliweedeurope.com\/fr\/wp-json\/wp\/v2\/types\/product"}],"replies":[{"embeddable":true,"href":"https:\/\/caliweedeurope.com\/fr\/wp-json\/wp\/v2\/comments?post=1207"}],"wp:featuredmedia":[{"embeddable":true,"href":"https:\/\/caliweedeurope.com\/fr\/wp-json\/wp\/v2\/media\/1229"}],"wp:attachment":[{"href":"https:\/\/caliweedeurope.com\/fr\/wp-json\/wp\/v2\/media?parent=1207"}],"wp:term":[{"taxonomy":"product_brand","embeddable":true,"href":"https:\/\/caliweedeurope.com\/fr\/wp-json\/wp\/v2\/product_brand?post=1207"},{"taxonomy":"product_cat","embeddable":true,"href":"https:\/\/caliweedeurope.com\/fr\/wp-json\/wp\/v2\/product_cat?post=1207"},{"taxonomy":"product_tag","embeddable":true,"href":"https:\/\/caliweedeurope.com\/fr\/wp-json\/wp\/v2\/product_tag?post=1207"}],"curies":[{"name":"wp","href":"https:\/\/api.w.org\/{rel}","templated":true}]}}