{"id":1213,"date":"2024-11-03T21:31:25","date_gmt":"2024-11-03T21:31:25","guid":{"rendered":"https:\/\/caliweedeurope.com\/?post_type=product&#038;p=1213"},"modified":"2024-11-03T21:31:44","modified_gmt":"2024-11-03T21:31:44","slug":"moonshine-haze","status":"publish","type":"product","link":"https:\/\/caliweedeurope.com\/fr\/product\/moonshine-haze\/","title":{"rendered":"Moonshine Haze"},"content":{"rendered":"<p>Les colas en forme de lance et pointus ressemblent \u00e0 ceux de la Trainwreck, mais autrement, cette vari\u00e9t\u00e9 ressemble le plus \u00e0 la douce Amnesia Haze, portant \u00e9galement de l\u00e9gers \u00e9l\u00e9ments de la Neville\u2019s Haze, l\u00e9g\u00e8rement musqu\u00e9e et de type canne. Beaucoup des photos ci-dessous proviennent d'une r\u00e9colte cultiv\u00e9e personnellement par Scott de Rare Dankness Seeds et proviennent du m\u00eame lot qui a remport\u00e9 la Cannabis Cup \u00e0 Amsterdam.<\/p>","protected":false},"excerpt":{"rendered":"<p>Ce hybride a stup\u00e9fi\u00e9 le monde lorsqu'il a remport\u00e9 la Coupe Cannabis High Times 2011 \u00e0 Amsterdam pour le 'Meilleur Seed Company Sativa' apr\u00e8s avoir \u00e9t\u00e9 inscrit par le concurrent d\u00e9butant Rare Dankness Seeds. Moonshine Haze est une fusion classique de certaines des meilleures Hazes que la sc\u00e8ne n\u00e9erlandaise a \u00e0 offrir, avec juste un peu de g\u00e9n\u00e9tique californienne (le Trainwreck) pour \u00e9picer le tout. <\/p>","protected":false},"featured_media":1231,"comment_status":"closed","ping_status":"closed","template":"","meta":{"_uag_custom_page_level_css":"","site-sidebar-layout":"default","site-content-layout":"","ast-site-content-layout":"","site-content-style":"default","site-sidebar-style":"default","ast-global-header-display":"","ast-banner-title-visibility":"","ast-main-header-display":"","ast-hfb-above-header-display":"","ast-hfb-below-header-display":"","ast-hfb-mobile-header-display":"","site-post-title":"","ast-breadcrumbs-content":"","ast-featured-img":"","footer-sml-layout":"","theme-transparent-header-meta":"","adv-header-id-meta":"","stick-header-meta":"","header-above-stick-meta":"","header-main-stick-meta":"","header-below-stick-meta":"","astra-migrate-meta-layouts":"default","ast-page-background-enabled":"default","ast-page-background-meta":{"desktop":{"background-color":"var(--ast-global-color-4)","background-image":"","background-repeat":"repeat","background-position":"center center","background-size":"auto","background-attachment":"scroll","background-type":"","background-media":"","overlay-type":"","overlay-color":"","overlay-opacity":"","overlay-gradient":""},"tablet":{"background-color":"","background-image":"","background-repeat":"repeat","background-position":"center center","background-size":"auto","background-attachment":"scroll","background-type":"","background-media":"","overlay-type":"","overlay-color":"","overlay-opacity":"","overlay-gradient":""},"mobile":{"background-color":"","background-image":"","background-repeat":"repeat","background-position":"center center","background-size":"auto","background-attachment":"scroll","background-type":"","background-media":"","overlay-type":"","overlay-color":"","overlay-opacity":"","overlay-gradient":""}},"ast-content-background-meta":{"desktop":{"background-color":"var(--ast-global-color-5)","background-image":"","background-repeat":"repeat","background-position":"center center","background-size":"auto","background-attachment":"scroll","background-type":"","background-media":"","overlay-type":"","overlay-color":"","overlay-opacity":"","overlay-gradient":""},"tablet":{"background-color":"var(--ast-global-color-5)","background-image":"","background-repeat":"repeat","background-position":"center center","background-size":"auto","background-attachment":"scroll","background-type":"","background-media":"","overlay-type":"","overlay-color":"","overlay-opacity":"","overlay-gradient":""},"mobile":{"background-color":"var(--ast-global-color-5)","background-image":"","background-repeat":"repeat","background-position":"center center","background-size":"auto","background-attachment":"scroll","background-type":"","background-media":"","overlay-type":"","overlay-color":"","overlay-opacity":"","overlay-gradient":""}}},"product_brand":[],"product_cat":[59],"product_tag":[84,85,86,87,88],"class_list":{"0":"post-1213","1":"product","2":"type-product","3":"status-publish","4":"has-post-thumbnail","6":"product_cat-cali-tins","7":"product_tag-mimosa-strain","8":"product_tag-mimosa-strain-anxiety","9":"product_tag-mimosa-strain-effects","10":"product_tag-mimosa-strain-seeds","11":"product_tag-mimosa-strain-uk","12":"desktop-align-center","13":"tablet-align-left","14":"mobile-align-left","16":"first","17":"instock","18":"shipping-taxable","19":"purchasable","20":"product-type-variable"},"uagb_featured_image_src":{"full":["https:\/\/caliweedeurope.com\/wp-content\/uploads\/2024\/11\/3ae7417e-142b-4a9b-b23d-a514054c7036.jpg",828,825,false],"thumbnail":["https:\/\/caliweedeurope.com\/wp-content\/uploads\/2024\/11\/3ae7417e-142b-4a9b-b23d-a514054c7036-150x150.jpg",150,150,true],"medium":["https:\/\/caliweedeurope.com\/wp-content\/uploads\/2024\/11\/3ae7417e-142b-4a9b-b23d-a514054c7036-300x300.jpg",300,300,true],"medium_large":["https:\/\/caliweedeurope.com\/wp-content\/uploads\/2024\/11\/3ae7417e-142b-4a9b-b23d-a514054c7036-768x765.jpg",768,765,true],"large":["https:\/\/caliweedeurope.com\/wp-content\/uploads\/2024\/11\/3ae7417e-142b-4a9b-b23d-a514054c7036.jpg",828,825,false],"1536x1536":["https:\/\/caliweedeurope.com\/wp-content\/uploads\/2024\/11\/3ae7417e-142b-4a9b-b23d-a514054c7036.jpg",828,825,false],"2048x2048":["https:\/\/caliweedeurope.com\/wp-content\/uploads\/2024\/11\/3ae7417e-142b-4a9b-b23d-a514054c7036.jpg",828,825,false],"trp-custom-language-flag":["https:\/\/caliweedeurope.com\/wp-content\/uploads\/2024\/11\/3ae7417e-142b-4a9b-b23d-a514054c7036.jpg",12,12,false],"woocommerce_thumbnail":["https:\/\/caliweedeurope.com\/wp-content\/uploads\/2024\/11\/3ae7417e-142b-4a9b-b23d-a514054c7036-300x300.jpg",300,300,true],"woocommerce_single":["https:\/\/caliweedeurope.com\/wp-content\/uploads\/2024\/11\/3ae7417e-142b-4a9b-b23d-a514054c7036-600x598.jpg",600,598,true],"woocommerce_gallery_thumbnail":["https:\/\/caliweedeurope.com\/wp-content\/uploads\/2024\/11\/3ae7417e-142b-4a9b-b23d-a514054c7036-100x100.jpg",100,100,true]},"uagb_author_info":{"display_name":"jetskiforsaleuk@gmail.com","author_link":"https:\/\/caliweedeurope.com\/fr\/author\/"},"uagb_comment_info":0,"uagb_excerpt":"This hybrid stunned the world when it won the 2011 High Times Cannabis Cup in Amsterdam for the &#8220;Best Seed Company Sativa&#8221; after being entered by first-time competitor Rare Dankness Seeds. Moonshine Haze is a classic fusion of some of the best Hazes the Dutch scene has to offer with just a little bit of\u2026","_links":{"self":[{"href":"https:\/\/caliweedeurope.com\/fr\/wp-json\/wp\/v2\/product\/1213"}],"collection":[{"href":"https:\/\/caliweedeurope.com\/fr\/wp-json\/wp\/v2\/product"}],"about":[{"href":"https:\/\/caliweedeurope.com\/fr\/wp-json\/wp\/v2\/types\/product"}],"replies":[{"embeddable":true,"href":"https:\/\/caliweedeurope.com\/fr\/wp-json\/wp\/v2\/comments?post=1213"}],"wp:featuredmedia":[{"embeddable":true,"href":"https:\/\/caliweedeurope.com\/fr\/wp-json\/wp\/v2\/media\/1231"}],"wp:attachment":[{"href":"https:\/\/caliweedeurope.com\/fr\/wp-json\/wp\/v2\/media?parent=1213"}],"wp:term":[{"taxonomy":"product_brand","embeddable":true,"href":"https:\/\/caliweedeurope.com\/fr\/wp-json\/wp\/v2\/product_brand?post=1213"},{"taxonomy":"product_cat","embeddable":true,"href":"https:\/\/caliweedeurope.com\/fr\/wp-json\/wp\/v2\/product_cat?post=1213"},{"taxonomy":"product_tag","embeddable":true,"href":"https:\/\/caliweedeurope.com\/fr\/wp-json\/wp\/v2\/product_tag?post=1213"}],"curies":[{"name":"wp","href":"https:\/\/api.w.org\/{rel}","templated":true}]}}