{"id":1237,"date":"2024-11-03T21:31:45","date_gmt":"2024-11-03T21:31:45","guid":{"rendered":"https:\/\/caliweedeurope.com\/?post_type=product&#038;p=1237"},"modified":"2024-11-03T21:32:06","modified_gmt":"2024-11-03T21:32:06","slug":"smart-buds-dosi-og","status":"publish","type":"product","link":"https:\/\/caliweedeurope.com\/fr\/product\/smart-buds-dosi-og\/","title":{"rendered":"Smart Buds (Dosi Og)"},"content":{"rendered":"<p>Bo\u00eetes Smart Buds \u00e0 vendre. Le cannabis est une drogue \u00e0 base de plantes fabriqu\u00e9e \u00e0 partir de la plante de cannabis. Il contient des substances chimiques appel\u00e9es cannabino\u00efdes. Les cannabino\u00efdes affectent le syst\u00e8me nerveux central, qui comprend le cerveau et les nerfs. Les cannabino\u00efdes se trouvent en plus grande quantit\u00e9 dans les feuilles et les fleurs du cannabis. Ce sont les parties de la plante utilis\u00e9es pour fabriquer des m\u00e9dicaments. Ne confondez pas le cannabis avec le chanvre. Le chanvre est une plante similaire, mais elle est cultiv\u00e9e pour les parties rugueuses de la plante (les fibres) ainsi que pour les graines. Le chanvre contient des niveaux tr\u00e8s faibles de delta-9-t\u00e9trahydrocannabinol (THC), moins de 0,3%. Le chanvre et le cannabis contiennent \u00e9galement d'autres cannabino\u00efdes qui sont parfois utilis\u00e9s comme m\u00e9dicaments. Consultez des sujets sp\u00e9cifiques pour plus d'informations sur le cannabidiol (CBD), le cannabidivarin (CBDV), le cannabig\u00e9rol (CBG) et le t\u00e9trahydrocannabivarine (THCV).<\/p>\n<p>Certaines personnes prennent de l'extrait de cannabis par voie orale ou sous forme de spray \u00e0 appliquer sous la langue pour soulager la douleur et les sympt\u00f4mes de la scl\u00e9rose en plaques.<\/p>\n<p>Les gens inhalent du cannabis pour les naus\u00e9es, les vomissements, une maladie oculaire appel\u00e9e glaucome et de nombreuses autres affections, mais il n'existe pas de bonnes preuves scientifiques pour \u00e9tayer ces utilisations.<\/p>\n<p>Certaines personnes utilisent \u00e9galement le cannabis pour se sentir bien. Dans ce cas, il est utilis\u00e9 comme une \u00ab drogue r\u00e9cr\u00e9ative \u00bb et est soit pris par voie orale, soit fum\u00e9 (inhal\u00e9).<\/p>\n<p>Aux \u00c9tats-Unis, le cannabis est ill\u00e9gal en vertu de la loi f\u00e9d\u00e9rale. Il est class\u00e9 comme une substance contr\u00f4l\u00e9e de cat\u00e9gorie I. Mais certains \u00e9tats, dont la Californie, le Colorado, Washington, l'Oregon, l'Arizona et d'autres, ont l\u00e9galis\u00e9 ou d\u00e9p\u00e9nalis\u00e9 l'utilisation du cannabis. Certains pays, comme le Canada, ont \u00e9galement l\u00e9galis\u00e9 l'usage du cannabis. Bo\u00eetes de Smart Buds en vente.<\/p>\n<p class=\"translation-block\">Comment \u00e7a fonctionne?<br> Le cannabis contient des produits chimiques qui se lient \u00e0 des sites sp\u00e9cifiques dans le cerveau et sur les nerfs.<\/p>","protected":false},"excerpt":{"rendered":"<p>smart buds tins for sale. Cannabis is an herbal drug that is make from the Cannabis plant. It contains chemicals called cannabinoids. Cannabinoids affect the central nervous system, which includes the brain and nerves. Cannabinoids are found in the highest levels in the leaves and flowers of cannabis. These are the parts of the herb [&hellip;]<\/p>","protected":false},"featured_media":1265,"comment_status":"closed","ping_status":"closed","template":"","meta":{"_uag_custom_page_level_css":"","site-sidebar-layout":"default","site-content-layout":"","ast-site-content-layout":"","site-content-style":"default","site-sidebar-style":"default","ast-global-header-display":"","ast-banner-title-visibility":"","ast-main-header-display":"","ast-hfb-above-header-display":"","ast-hfb-below-header-display":"","ast-hfb-mobile-header-display":"","site-post-title":"","ast-breadcrumbs-content":"","ast-featured-img":"","footer-sml-layout":"","theme-transparent-header-meta":"","adv-header-id-meta":"","stick-header-meta":"","header-above-stick-meta":"","header-main-stick-meta":"","header-below-stick-meta":"","astra-migrate-meta-layouts":"default","ast-page-background-enabled":"default","ast-page-background-meta":{"desktop":{"background-color":"var(--ast-global-color-4)","background-image":"","background-repeat":"repeat","background-position":"center center","background-size":"auto","background-attachment":"scroll","background-type":"","background-media":"","overlay-type":"","overlay-color":"","overlay-opacity":"","overlay-gradient":""},"tablet":{"background-color":"","background-image":"","background-repeat":"repeat","background-position":"center center","background-size":"auto","background-attachment":"scroll","background-type":"","background-media":"","overlay-type":"","overlay-color":"","overlay-opacity":"","overlay-gradient":""},"mobile":{"background-color":"","background-image":"","background-repeat":"repeat","background-position":"center center","background-size":"auto","background-attachment":"scroll","background-type":"","background-media":"","overlay-type":"","overlay-color":"","overlay-opacity":"","overlay-gradient":""}},"ast-content-background-meta":{"desktop":{"background-color":"var(--ast-global-color-5)","background-image":"","background-repeat":"repeat","background-position":"center center","background-size":"auto","background-attachment":"scroll","background-type":"","background-media":"","overlay-type":"","overlay-color":"","overlay-opacity":"","overlay-gradient":""},"tablet":{"background-color":"var(--ast-global-color-5)","background-image":"","background-repeat":"repeat","background-position":"center center","background-size":"auto","background-attachment":"scroll","background-type":"","background-media":"","overlay-type":"","overlay-color":"","overlay-opacity":"","overlay-gradient":""},"mobile":{"background-color":"var(--ast-global-color-5)","background-image":"","background-repeat":"repeat","background-position":"center center","background-size":"auto","background-attachment":"scroll","background-type":"","background-media":"","overlay-type":"","overlay-color":"","overlay-opacity":"","overlay-gradient":""}}},"product_brand":[],"product_cat":[59],"product_tag":[94,95,96,97,98],"class_list":{"0":"post-1237","1":"product","2":"type-product","3":"status-publish","4":"has-post-thumbnail","6":"product_cat-cali-tins","7":"product_tag-dosi-driver-strain","8":"product_tag-jungle-mac-seeds","9":"product_tag-jungle-mac-strain","10":"product_tag-mac-truck-driver-strain","11":"product_tag-truck-driver-strain","12":"desktop-align-center","13":"tablet-align-left","14":"mobile-align-left","16":"first","17":"instock","18":"shipping-taxable","19":"purchasable","20":"product-type-variable"},"uagb_featured_image_src":{"full":["https:\/\/caliweedeurope.com\/wp-content\/uploads\/2024\/11\/ef38ace6-56d9-4a22-aac0-0834a8466900.jpg",750,745,false],"thumbnail":["https:\/\/caliweedeurope.com\/wp-content\/uploads\/2024\/11\/ef38ace6-56d9-4a22-aac0-0834a8466900-150x150.jpg",150,150,true],"medium":["https:\/\/caliweedeurope.com\/wp-content\/uploads\/2024\/11\/ef38ace6-56d9-4a22-aac0-0834a8466900-300x298.jpg",300,298,true],"medium_large":["https:\/\/caliweedeurope.com\/wp-content\/uploads\/2024\/11\/ef38ace6-56d9-4a22-aac0-0834a8466900.jpg",750,745,false],"large":["https:\/\/caliweedeurope.com\/wp-content\/uploads\/2024\/11\/ef38ace6-56d9-4a22-aac0-0834a8466900.jpg",750,745,false],"1536x1536":["https:\/\/caliweedeurope.com\/wp-content\/uploads\/2024\/11\/ef38ace6-56d9-4a22-aac0-0834a8466900.jpg",750,745,false],"2048x2048":["https:\/\/caliweedeurope.com\/wp-content\/uploads\/2024\/11\/ef38ace6-56d9-4a22-aac0-0834a8466900.jpg",750,745,false],"trp-custom-language-flag":["https:\/\/caliweedeurope.com\/wp-content\/uploads\/2024\/11\/ef38ace6-56d9-4a22-aac0-0834a8466900.jpg",12,12,false],"woocommerce_thumbnail":["https:\/\/caliweedeurope.com\/wp-content\/uploads\/2024\/11\/ef38ace6-56d9-4a22-aac0-0834a8466900-300x300.jpg",300,300,true],"woocommerce_single":["https:\/\/caliweedeurope.com\/wp-content\/uploads\/2024\/11\/ef38ace6-56d9-4a22-aac0-0834a8466900-600x596.jpg",600,596,true],"woocommerce_gallery_thumbnail":["https:\/\/caliweedeurope.com\/wp-content\/uploads\/2024\/11\/ef38ace6-56d9-4a22-aac0-0834a8466900-100x100.jpg",100,100,true]},"uagb_author_info":{"display_name":"jetskiforsaleuk@gmail.com","author_link":"https:\/\/caliweedeurope.com\/fr\/author\/"},"uagb_comment_info":0,"uagb_excerpt":"smart buds tins for sale. Cannabis is an herbal drug that is make from the Cannabis plant. It contains chemicals called cannabinoids. Cannabinoids affect the central nervous system, which includes the brain and nerves. Cannabinoids are found in the highest levels in the leaves and flowers of cannabis. These are the parts of the herb\u2026","_links":{"self":[{"href":"https:\/\/caliweedeurope.com\/fr\/wp-json\/wp\/v2\/product\/1237"}],"collection":[{"href":"https:\/\/caliweedeurope.com\/fr\/wp-json\/wp\/v2\/product"}],"about":[{"href":"https:\/\/caliweedeurope.com\/fr\/wp-json\/wp\/v2\/types\/product"}],"replies":[{"embeddable":true,"href":"https:\/\/caliweedeurope.com\/fr\/wp-json\/wp\/v2\/comments?post=1237"}],"wp:featuredmedia":[{"embeddable":true,"href":"https:\/\/caliweedeurope.com\/fr\/wp-json\/wp\/v2\/media\/1265"}],"wp:attachment":[{"href":"https:\/\/caliweedeurope.com\/fr\/wp-json\/wp\/v2\/media?parent=1237"}],"wp:term":[{"taxonomy":"product_brand","embeddable":true,"href":"https:\/\/caliweedeurope.com\/fr\/wp-json\/wp\/v2\/product_brand?post=1237"},{"taxonomy":"product_cat","embeddable":true,"href":"https:\/\/caliweedeurope.com\/fr\/wp-json\/wp\/v2\/product_cat?post=1237"},{"taxonomy":"product_tag","embeddable":true,"href":"https:\/\/caliweedeurope.com\/fr\/wp-json\/wp\/v2\/product_tag?post=1237"}],"curies":[{"name":"wp","href":"https:\/\/api.w.org\/{rel}","templated":true}]}}