{"id":1242,"date":"2024-11-03T21:31:46","date_gmt":"2024-11-03T21:31:46","guid":{"rendered":"https:\/\/caliweedeurope.com\/?post_type=product&#038;p=1242"},"modified":"2024-11-03T21:32:06","modified_gmt":"2024-11-03T21:32:06","slug":"space-monkey-meds","status":"publish","type":"product","link":"https:\/\/caliweedeurope.com\/fr\/product\/space-monkey-meds\/","title":{"rendered":"Space Monkey meds"},"content":{"rendered":"<p>Space Monkey Meds accorde une grande importance aux d\u00e9tails, comprenant que des soins minutieux distinguent leurs fleurs de la masse. En utilisant de la coco, des m\u00e9thodes de culture en int\u00e9rieur et une attention minutieuse \u00e0 la taille, ils ont travaill\u00e9 pendant pr\u00e8s d'une d\u00e9cennie sur leurs g\u00e9n\u00e9tiques pour trouver les ph\u00e9notypes id\u00e9aux de chacune de leurs vari\u00e9t\u00e9s de cannabis.<\/p>\n<p>Apr\u00e8s de nombreuses ann\u00e9es de culture, Space Monkey Meds est fier de proposer une s\u00e9lection vari\u00e9e de fleurs de cannabis pour les patients et les collectifs \u00e0 explorer. Leur vari\u00e9t\u00e9 la plus vendue est Grateful Breath, dont la g\u00e9n\u00e9tique provient de Gage Green Genetics. L'h\u00e9ritage Indica de Grateful Breath d\u00e9coule de leur meilleur ph\u00e9notype d'OGKB et offre une exp\u00e9rience hautement m\u00e9dicinale et agr\u00e9able.<\/p>\n<p>Space Monkey Meds cultive des fleurs d\u2019une qualit\u00e9 exceptionnelle. Cultivant leurs vari\u00e9t\u00e9s en interne avec un contr\u00f4le qualit\u00e9 et des techniques de culture experts, Space Monkey Meds porte une attention particuli\u00e8re \u00e0 chaque d\u00e9tail pour offrir les meilleures fleurs de cannabis possibles \u00e0 leurs clients. Leur \u00e9quipe de culture exp\u00e9riment\u00e9e, leur connaissance des besoins des patients et leur histoire dans le Triangle d\u2019\u00c9meraude de Humboldt propulsent les fleurs de Space Monkey Meds au sommet du march\u00e9 du cannabis.<\/p>\n<p>Bien qu\u2019ils aient lanc\u00e9 leur marque en 2016, Space Monkey Meds poss\u00e8de des d\u00e9cennies d\u2019exp\u00e9rience dans la culture et fournit leur marijuana cultiv\u00e9e maison aux patients de la r\u00e9gion de la Baie depuis 2012, tout en distribuant leurs fleurs \u00e0 de nombreux dispensaires locaux. Gr\u00e2ce \u00e0 leur service de livraison, l\u2019\u00e9quipe fondatrice a acquis une compr\u00e9hension approfondie des besoins des patients, tandis que leur professionnalisme et leur cannabis de haute qualit\u00e9 ramenaient sans cesse les dispensaires. Le fondateur de Space Monkey Meds a \u00e9t\u00e9 parmi les premiers \u00e0 proposer leur produit en bo\u00eete, b\u00e2tissant lentement une r\u00e9putation conforme \u00e0 leurs normes \u00e9lev\u00e9es d\u2019excellence. Enfin pr\u00eats \u00e0 d\u00e9coller, Space Monkey Meds a lanc\u00e9 sa marque en 2016 pour donner un nom \u00e0 la marijuana ador\u00e9e des patients et des dispensaires. Depuis leurs d\u00e9buts, ils se sont \u00e9tendus \u00e0 davantage de collectifs, ont particip\u00e9 \u00e0 plus d\u2019\u00e9v\u00e9nements et continuent de faire rayonner leurs fleurs dans l\u2019industrie du cannabis.<\/p>\n<p>Space Monkey Meds collabore fi\u00e8rement avec SC Labs pour tester la qualit\u00e9 de leurs fleurs de cannabis. Chaque lot de leurs fleurs subit des tests pour le contenu en THC et les pesticides.<\/p>\n<p>&nbsp;<\/p>","protected":false},"excerpt":{"rendered":"<p>Space Monkey Meds prioritizes details, understanding that close care and attention are what set their flowers apart from the crowd. Using coco, indoor growing methods and hand-trimmed attention, they\u2019ve tended their genetics for nearly a decade to find the ideal phenotypes of each of their marijuana strains. After their many years of growing, Space Monkey [&hellip;]<\/p>","protected":false},"featured_media":1267,"comment_status":"closed","ping_status":"closed","template":"","meta":{"_uag_custom_page_level_css":"","site-sidebar-layout":"default","site-content-layout":"","ast-site-content-layout":"","site-content-style":"default","site-sidebar-style":"default","ast-global-header-display":"","ast-banner-title-visibility":"","ast-main-header-display":"","ast-hfb-above-header-display":"","ast-hfb-below-header-display":"","ast-hfb-mobile-header-display":"","site-post-title":"","ast-breadcrumbs-content":"","ast-featured-img":"","footer-sml-layout":"","theme-transparent-header-meta":"","adv-header-id-meta":"","stick-header-meta":"","header-above-stick-meta":"","header-main-stick-meta":"","header-below-stick-meta":"","astra-migrate-meta-layouts":"default","ast-page-background-enabled":"default","ast-page-background-meta":{"desktop":{"background-color":"var(--ast-global-color-4)","background-image":"","background-repeat":"repeat","background-position":"center center","background-size":"auto","background-attachment":"scroll","background-type":"","background-media":"","overlay-type":"","overlay-color":"","overlay-opacity":"","overlay-gradient":""},"tablet":{"background-color":"","background-image":"","background-repeat":"repeat","background-position":"center center","background-size":"auto","background-attachment":"scroll","background-type":"","background-media":"","overlay-type":"","overlay-color":"","overlay-opacity":"","overlay-gradient":""},"mobile":{"background-color":"","background-image":"","background-repeat":"repeat","background-position":"center center","background-size":"auto","background-attachment":"scroll","background-type":"","background-media":"","overlay-type":"","overlay-color":"","overlay-opacity":"","overlay-gradient":""}},"ast-content-background-meta":{"desktop":{"background-color":"var(--ast-global-color-5)","background-image":"","background-repeat":"repeat","background-position":"center center","background-size":"auto","background-attachment":"scroll","background-type":"","background-media":"","overlay-type":"","overlay-color":"","overlay-opacity":"","overlay-gradient":""},"tablet":{"background-color":"var(--ast-global-color-5)","background-image":"","background-repeat":"repeat","background-position":"center center","background-size":"auto","background-attachment":"scroll","background-type":"","background-media":"","overlay-type":"","overlay-color":"","overlay-opacity":"","overlay-gradient":""},"mobile":{"background-color":"var(--ast-global-color-5)","background-image":"","background-repeat":"repeat","background-position":"center center","background-size":"auto","background-attachment":"scroll","background-type":"","background-media":"","overlay-type":"","overlay-color":"","overlay-opacity":"","overlay-gradient":""}}},"product_brand":[],"product_cat":[59],"product_tag":[99,100,101,102,103],"class_list":{"0":"post-1242","1":"product","2":"type-product","3":"status-publish","4":"has-post-thumbnail","6":"product_cat-cali-tins","7":"product_tag-space-monkey-edibles","8":"product_tag-space-monkey-meds-australia","9":"product_tag-space-monkey-meds-ireland","10":"product_tag-space-monkey-meds-reddit","11":"product_tag-space-monkey-meds-supply","12":"desktop-align-center","13":"tablet-align-left","14":"mobile-align-left","16":"first","17":"instock","18":"shipping-taxable","19":"purchasable","20":"product-type-variable"},"uagb_featured_image_src":{"full":["https:\/\/caliweedeurope.com\/wp-content\/uploads\/2024\/11\/bb0a65d3-ed3e-4d5b-94ea-ca079b1d77c2.jpg",1080,1080,false],"thumbnail":["https:\/\/caliweedeurope.com\/wp-content\/uploads\/2024\/11\/bb0a65d3-ed3e-4d5b-94ea-ca079b1d77c2-150x150.jpg",150,150,true],"medium":["https:\/\/caliweedeurope.com\/wp-content\/uploads\/2024\/11\/bb0a65d3-ed3e-4d5b-94ea-ca079b1d77c2-300x300.jpg",300,300,true],"medium_large":["https:\/\/caliweedeurope.com\/wp-content\/uploads\/2024\/11\/bb0a65d3-ed3e-4d5b-94ea-ca079b1d77c2-768x768.jpg",768,768,true],"large":["https:\/\/caliweedeurope.com\/wp-content\/uploads\/2024\/11\/bb0a65d3-ed3e-4d5b-94ea-ca079b1d77c2-1024x1024.jpg",1024,1024,true],"1536x1536":["https:\/\/caliweedeurope.com\/wp-content\/uploads\/2024\/11\/bb0a65d3-ed3e-4d5b-94ea-ca079b1d77c2.jpg",1080,1080,false],"2048x2048":["https:\/\/caliweedeurope.com\/wp-content\/uploads\/2024\/11\/bb0a65d3-ed3e-4d5b-94ea-ca079b1d77c2.jpg",1080,1080,false],"trp-custom-language-flag":["https:\/\/caliweedeurope.com\/wp-content\/uploads\/2024\/11\/bb0a65d3-ed3e-4d5b-94ea-ca079b1d77c2.jpg",12,12,false],"woocommerce_thumbnail":["https:\/\/caliweedeurope.com\/wp-content\/uploads\/2024\/11\/bb0a65d3-ed3e-4d5b-94ea-ca079b1d77c2-300x300.jpg",300,300,true],"woocommerce_single":["https:\/\/caliweedeurope.com\/wp-content\/uploads\/2024\/11\/bb0a65d3-ed3e-4d5b-94ea-ca079b1d77c2-600x600.jpg",600,600,true],"woocommerce_gallery_thumbnail":["https:\/\/caliweedeurope.com\/wp-content\/uploads\/2024\/11\/bb0a65d3-ed3e-4d5b-94ea-ca079b1d77c2-100x100.jpg",100,100,true]},"uagb_author_info":{"display_name":"jetskiforsaleuk@gmail.com","author_link":"https:\/\/caliweedeurope.com\/fr\/author\/"},"uagb_comment_info":0,"uagb_excerpt":"Space Monkey Meds prioritizes details, understanding that close care and attention are what set their flowers apart from the crowd. Using coco, indoor growing methods and hand-trimmed attention, they\u2019ve tended their genetics for nearly a decade to find the ideal phenotypes of each of their marijuana strains. After their many years of growing, Space Monkey\u2026","_links":{"self":[{"href":"https:\/\/caliweedeurope.com\/fr\/wp-json\/wp\/v2\/product\/1242"}],"collection":[{"href":"https:\/\/caliweedeurope.com\/fr\/wp-json\/wp\/v2\/product"}],"about":[{"href":"https:\/\/caliweedeurope.com\/fr\/wp-json\/wp\/v2\/types\/product"}],"replies":[{"embeddable":true,"href":"https:\/\/caliweedeurope.com\/fr\/wp-json\/wp\/v2\/comments?post=1242"}],"wp:featuredmedia":[{"embeddable":true,"href":"https:\/\/caliweedeurope.com\/fr\/wp-json\/wp\/v2\/media\/1267"}],"wp:attachment":[{"href":"https:\/\/caliweedeurope.com\/fr\/wp-json\/wp\/v2\/media?parent=1242"}],"wp:term":[{"taxonomy":"product_brand","embeddable":true,"href":"https:\/\/caliweedeurope.com\/fr\/wp-json\/wp\/v2\/product_brand?post=1242"},{"taxonomy":"product_cat","embeddable":true,"href":"https:\/\/caliweedeurope.com\/fr\/wp-json\/wp\/v2\/product_cat?post=1242"},{"taxonomy":"product_tag","embeddable":true,"href":"https:\/\/caliweedeurope.com\/fr\/wp-json\/wp\/v2\/product_tag?post=1242"}],"curies":[{"name":"wp","href":"https:\/\/api.w.org\/{rel}","templated":true}]}}