{"id":1247,"date":"2024-11-03T21:31:46","date_gmt":"2024-11-03T21:31:46","guid":{"rendered":"https:\/\/caliweedeurope.com\/?post_type=product&#038;p=1247"},"modified":"2024-11-03T21:32:06","modified_gmt":"2024-11-03T21:32:06","slug":"white-fire-og","status":"publish","type":"product","link":"https:\/\/caliweedeurope.com\/fr\/product\/white-fire-og\/","title":{"rendered":"White fire og"},"content":{"rendered":"<p class=\"translation-block\">White Fire OG est \u00e9galement connu sous le nom de WIFI.<br> C\u2019est un m\u00e9lange de Fire OG et de The White.<br> Comme The White est connue pour produire des niveaux de THC tr\u00e8s \u00e9lev\u00e9s,<br> Fire OG est connue pour sa saveur pleine et sa fum\u00e9e douce.<br> Les niveaux de THC de cette vari\u00e9t\u00e9 peuvent d\u00e9passer 27 % entre de bonnes mains de cultivateur.<br> La plante est une plante de taille moyenne qui peut facilement \u00eatre coup\u00e9e pour une structure plus buissonnante.<br> Elle est \u00e9galement tr\u00e8s bien adapt\u00e9e pour le SOG et le Scrogg.<br> Cette vari\u00e9t\u00e9 \u00e0 la fum\u00e9e douce vous offrira un high \u00e9nergisant mais aussi un sentiment de relaxation tr\u00e8s agr\u00e9able.<\/p>","protected":false},"excerpt":{"rendered":"<p class=\"translation-block\">La vari\u00e9t\u00e9 White Fire OG est \u00e9galement connue sous le nom de WIFI OG.<br> C\u2019est un m\u00e9lange de Fire OG et de The White OG.<br> Comme The White est connue pour produire des niveaux de THC tr\u00e8s \u00e9lev\u00e9s, vous pouvez acheter White Fire OG d\u00e8s aujourd'hui sur deligentman.com<\/p>","protected":false},"featured_media":1269,"comment_status":"closed","ping_status":"closed","template":"","meta":{"_uag_custom_page_level_css":"","site-sidebar-layout":"default","site-content-layout":"","ast-site-content-layout":"","site-content-style":"default","site-sidebar-style":"default","ast-global-header-display":"","ast-banner-title-visibility":"","ast-main-header-display":"","ast-hfb-above-header-display":"","ast-hfb-below-header-display":"","ast-hfb-mobile-header-display":"","site-post-title":"","ast-breadcrumbs-content":"","ast-featured-img":"","footer-sml-layout":"","theme-transparent-header-meta":"","adv-header-id-meta":"","stick-header-meta":"","header-above-stick-meta":"","header-main-stick-meta":"","header-below-stick-meta":"","astra-migrate-meta-layouts":"default","ast-page-background-enabled":"default","ast-page-background-meta":{"desktop":{"background-color":"var(--ast-global-color-4)","background-image":"","background-repeat":"repeat","background-position":"center center","background-size":"auto","background-attachment":"scroll","background-type":"","background-media":"","overlay-type":"","overlay-color":"","overlay-opacity":"","overlay-gradient":""},"tablet":{"background-color":"","background-image":"","background-repeat":"repeat","background-position":"center center","background-size":"auto","background-attachment":"scroll","background-type":"","background-media":"","overlay-type":"","overlay-color":"","overlay-opacity":"","overlay-gradient":""},"mobile":{"background-color":"","background-image":"","background-repeat":"repeat","background-position":"center center","background-size":"auto","background-attachment":"scroll","background-type":"","background-media":"","overlay-type":"","overlay-color":"","overlay-opacity":"","overlay-gradient":""}},"ast-content-background-meta":{"desktop":{"background-color":"var(--ast-global-color-5)","background-image":"","background-repeat":"repeat","background-position":"center center","background-size":"auto","background-attachment":"scroll","background-type":"","background-media":"","overlay-type":"","overlay-color":"","overlay-opacity":"","overlay-gradient":""},"tablet":{"background-color":"var(--ast-global-color-5)","background-image":"","background-repeat":"repeat","background-position":"center center","background-size":"auto","background-attachment":"scroll","background-type":"","background-media":"","overlay-type":"","overlay-color":"","overlay-opacity":"","overlay-gradient":""},"mobile":{"background-color":"var(--ast-global-color-5)","background-image":"","background-repeat":"repeat","background-position":"center center","background-size":"auto","background-attachment":"scroll","background-type":"","background-media":"","overlay-type":"","overlay-color":"","overlay-opacity":"","overlay-gradient":""}}},"product_brand":[],"product_cat":[59],"product_tag":[104,105,106,107,108],"class_list":{"0":"post-1247","1":"product","2":"type-product","3":"status-publish","4":"has-post-thumbnail","6":"product_cat-cali-tins","7":"product_tag-alien-genetics-fpog-seeds","8":"product_tag-alien-genetics-peach","9":"product_tag-alien-genetics-seeds","10":"product_tag-alien-og-seeds","11":"product_tag-white-fire-og-seeds","12":"desktop-align-center","13":"tablet-align-left","14":"mobile-align-left","16":"first","17":"instock","18":"shipping-taxable","19":"purchasable","20":"product-type-variable"},"uagb_featured_image_src":{"full":["https:\/\/caliweedeurope.com\/wp-content\/uploads\/2024\/11\/122b3773-ade3-4401-92be-b6a68d97ed23.jpg",1080,1080,false],"thumbnail":["https:\/\/caliweedeurope.com\/wp-content\/uploads\/2024\/11\/122b3773-ade3-4401-92be-b6a68d97ed23-150x150.jpg",150,150,true],"medium":["https:\/\/caliweedeurope.com\/wp-content\/uploads\/2024\/11\/122b3773-ade3-4401-92be-b6a68d97ed23-300x300.jpg",300,300,true],"medium_large":["https:\/\/caliweedeurope.com\/wp-content\/uploads\/2024\/11\/122b3773-ade3-4401-92be-b6a68d97ed23-768x768.jpg",768,768,true],"large":["https:\/\/caliweedeurope.com\/wp-content\/uploads\/2024\/11\/122b3773-ade3-4401-92be-b6a68d97ed23-1024x1024.jpg",1024,1024,true],"1536x1536":["https:\/\/caliweedeurope.com\/wp-content\/uploads\/2024\/11\/122b3773-ade3-4401-92be-b6a68d97ed23.jpg",1080,1080,false],"2048x2048":["https:\/\/caliweedeurope.com\/wp-content\/uploads\/2024\/11\/122b3773-ade3-4401-92be-b6a68d97ed23.jpg",1080,1080,false],"trp-custom-language-flag":["https:\/\/caliweedeurope.com\/wp-content\/uploads\/2024\/11\/122b3773-ade3-4401-92be-b6a68d97ed23.jpg",12,12,false],"woocommerce_thumbnail":["https:\/\/caliweedeurope.com\/wp-content\/uploads\/2024\/11\/122b3773-ade3-4401-92be-b6a68d97ed23-300x300.jpg",300,300,true],"woocommerce_single":["https:\/\/caliweedeurope.com\/wp-content\/uploads\/2024\/11\/122b3773-ade3-4401-92be-b6a68d97ed23-600x600.jpg",600,600,true],"woocommerce_gallery_thumbnail":["https:\/\/caliweedeurope.com\/wp-content\/uploads\/2024\/11\/122b3773-ade3-4401-92be-b6a68d97ed23-100x100.jpg",100,100,true]},"uagb_author_info":{"display_name":"jetskiforsaleuk@gmail.com","author_link":"https:\/\/caliweedeurope.com\/fr\/author\/"},"uagb_comment_info":0,"uagb_excerpt":"White fire OG strain is also known as WIFI OG. It&#8217;s a mix of fire OG and the white OG. As the white is known for producing really high THC levels, you can buy white fire OG today from deligentman.com","_links":{"self":[{"href":"https:\/\/caliweedeurope.com\/fr\/wp-json\/wp\/v2\/product\/1247"}],"collection":[{"href":"https:\/\/caliweedeurope.com\/fr\/wp-json\/wp\/v2\/product"}],"about":[{"href":"https:\/\/caliweedeurope.com\/fr\/wp-json\/wp\/v2\/types\/product"}],"replies":[{"embeddable":true,"href":"https:\/\/caliweedeurope.com\/fr\/wp-json\/wp\/v2\/comments?post=1247"}],"wp:featuredmedia":[{"embeddable":true,"href":"https:\/\/caliweedeurope.com\/fr\/wp-json\/wp\/v2\/media\/1269"}],"wp:attachment":[{"href":"https:\/\/caliweedeurope.com\/fr\/wp-json\/wp\/v2\/media?parent=1247"}],"wp:term":[{"taxonomy":"product_brand","embeddable":true,"href":"https:\/\/caliweedeurope.com\/fr\/wp-json\/wp\/v2\/product_brand?post=1247"},{"taxonomy":"product_cat","embeddable":true,"href":"https:\/\/caliweedeurope.com\/fr\/wp-json\/wp\/v2\/product_cat?post=1247"},{"taxonomy":"product_tag","embeddable":true,"href":"https:\/\/caliweedeurope.com\/fr\/wp-json\/wp\/v2\/product_tag?post=1247"}],"curies":[{"name":"wp","href":"https:\/\/api.w.org\/{rel}","templated":true}]}}