{"id":1252,"date":"2024-11-03T21:31:46","date_gmt":"2024-11-03T21:31:46","guid":{"rendered":"https:\/\/caliweedeurope.com\/?post_type=product&#038;p=1252"},"modified":"2024-11-03T21:32:06","modified_gmt":"2024-11-03T21:32:06","slug":"la-pack-boys","status":"publish","type":"product","link":"https:\/\/caliweedeurope.com\/fr\/product\/la-pack-boys\/","title":{"rendered":"La Pack Boys"},"content":{"rendered":"<p class=\"translation-block\">Achetez des bo\u00eetes La Pac Boys<br> Achetez des bo\u00eetes La Pac Boys en ligne pour vos besoins r\u00e9cr\u00e9atifs et m\u00e9dicaux ? Nous sommes l\u00e0 24h\/24 et 7j\/7 pour vous offrir les meilleurs produits. Nous avons la meilleure qualit\u00e9 de bo\u00eetes La Pac Boys, alors ajoutez tout simplement au panier et faites-en le meilleur usage. Achetez des bo\u00eetes LA PAC BOYS aux USA, au Royaume-Uni, en Australie, au Canada et en Europe.<\/p>\n<p>Achetez des bo\u00eetes La Pac Boys en ligne. Il existe certainement de nombreux magasins sur le march\u00e9 o\u00f9 vous pouvez acheter de telles souches, de l'herbe et d'autres produits en ligne, mais la t\u00e2che difficile est de v\u00e9rifier si les produits qu'ils livrent sont authentiques et de bonne qualit\u00e9. Avec nous, vous n'avez pas \u00e0 vous inqui\u00e9ter de quoi que ce soit, car nous vous garantissons de vous fournir des produits de super qualit\u00e9 avec un maximum de satisfaction. Nous sommes une pharmacie en ligne o\u00f9 vous pouvez acheter tout en ligne rapidement, de mani\u00e8re fiable et discr\u00e8te, donc maintenant vous pouvez vous asseoir sur votre canap\u00e9 et passer une commande pour la livraison. Achetez des bo\u00eetes CBD vape en ligne.<\/p>","protected":false},"excerpt":{"rendered":"<p>Buy La Pac Boys Cans Buy La Pac Boys Cans Online. for your recreational and Medical purposes? We are here 24\/7 ready to serve you with the best items. We\u2019ve got the best quality of La Pac Boys Cans, so whatever you need you just add everything on cart and make the best use of [&hellip;]<\/p>","protected":false},"featured_media":1271,"comment_status":"closed","ping_status":"closed","template":"","meta":{"_uag_custom_page_level_css":"","site-sidebar-layout":"default","site-content-layout":"","ast-site-content-layout":"","site-content-style":"default","site-sidebar-style":"default","ast-global-header-display":"","ast-banner-title-visibility":"","ast-main-header-display":"","ast-hfb-above-header-display":"","ast-hfb-below-header-display":"","ast-hfb-mobile-header-display":"","site-post-title":"","ast-breadcrumbs-content":"","ast-featured-img":"","footer-sml-layout":"","theme-transparent-header-meta":"","adv-header-id-meta":"","stick-header-meta":"","header-above-stick-meta":"","header-main-stick-meta":"","header-below-stick-meta":"","astra-migrate-meta-layouts":"default","ast-page-background-enabled":"default","ast-page-background-meta":{"desktop":{"background-color":"var(--ast-global-color-4)","background-image":"","background-repeat":"repeat","background-position":"center center","background-size":"auto","background-attachment":"scroll","background-type":"","background-media":"","overlay-type":"","overlay-color":"","overlay-opacity":"","overlay-gradient":""},"tablet":{"background-color":"","background-image":"","background-repeat":"repeat","background-position":"center center","background-size":"auto","background-attachment":"scroll","background-type":"","background-media":"","overlay-type":"","overlay-color":"","overlay-opacity":"","overlay-gradient":""},"mobile":{"background-color":"","background-image":"","background-repeat":"repeat","background-position":"center center","background-size":"auto","background-attachment":"scroll","background-type":"","background-media":"","overlay-type":"","overlay-color":"","overlay-opacity":"","overlay-gradient":""}},"ast-content-background-meta":{"desktop":{"background-color":"var(--ast-global-color-5)","background-image":"","background-repeat":"repeat","background-position":"center center","background-size":"auto","background-attachment":"scroll","background-type":"","background-media":"","overlay-type":"","overlay-color":"","overlay-opacity":"","overlay-gradient":""},"tablet":{"background-color":"var(--ast-global-color-5)","background-image":"","background-repeat":"repeat","background-position":"center center","background-size":"auto","background-attachment":"scroll","background-type":"","background-media":"","overlay-type":"","overlay-color":"","overlay-opacity":"","overlay-gradient":""},"mobile":{"background-color":"var(--ast-global-color-5)","background-image":"","background-repeat":"repeat","background-position":"center center","background-size":"auto","background-attachment":"scroll","background-type":"","background-media":"","overlay-type":"","overlay-color":"","overlay-opacity":"","overlay-gradient":""}}},"product_brand":[],"product_cat":[59],"product_tag":[109,110,111,112,113],"class_list":{"0":"post-1252","1":"product","2":"type-product","3":"status-publish","4":"has-post-thumbnail","6":"product_cat-cali-tins","7":"product_tag-1g-cali-packs","8":"product_tag-28g-cali-packs","9":"product_tag-3-5-cali-packs","10":"product_tag-cali-packs-amazon","11":"product_tag-cali-pots-uk","12":"desktop-align-center","13":"tablet-align-left","14":"mobile-align-left","16":"first","17":"instock","18":"shipping-taxable","19":"purchasable","20":"product-type-variable"},"uagb_featured_image_src":{"full":["https:\/\/caliweedeurope.com\/wp-content\/uploads\/2024\/11\/b8da1519-b029-4fdc-962f-ae07f9329fe0.jpg",1080,1080,false],"thumbnail":["https:\/\/caliweedeurope.com\/wp-content\/uploads\/2024\/11\/b8da1519-b029-4fdc-962f-ae07f9329fe0-150x150.jpg",150,150,true],"medium":["https:\/\/caliweedeurope.com\/wp-content\/uploads\/2024\/11\/b8da1519-b029-4fdc-962f-ae07f9329fe0-300x300.jpg",300,300,true],"medium_large":["https:\/\/caliweedeurope.com\/wp-content\/uploads\/2024\/11\/b8da1519-b029-4fdc-962f-ae07f9329fe0-768x768.jpg",768,768,true],"large":["https:\/\/caliweedeurope.com\/wp-content\/uploads\/2024\/11\/b8da1519-b029-4fdc-962f-ae07f9329fe0-1024x1024.jpg",1024,1024,true],"1536x1536":["https:\/\/caliweedeurope.com\/wp-content\/uploads\/2024\/11\/b8da1519-b029-4fdc-962f-ae07f9329fe0.jpg",1080,1080,false],"2048x2048":["https:\/\/caliweedeurope.com\/wp-content\/uploads\/2024\/11\/b8da1519-b029-4fdc-962f-ae07f9329fe0.jpg",1080,1080,false],"trp-custom-language-flag":["https:\/\/caliweedeurope.com\/wp-content\/uploads\/2024\/11\/b8da1519-b029-4fdc-962f-ae07f9329fe0.jpg",12,12,false],"woocommerce_thumbnail":["https:\/\/caliweedeurope.com\/wp-content\/uploads\/2024\/11\/b8da1519-b029-4fdc-962f-ae07f9329fe0-300x300.jpg",300,300,true],"woocommerce_single":["https:\/\/caliweedeurope.com\/wp-content\/uploads\/2024\/11\/b8da1519-b029-4fdc-962f-ae07f9329fe0-600x600.jpg",600,600,true],"woocommerce_gallery_thumbnail":["https:\/\/caliweedeurope.com\/wp-content\/uploads\/2024\/11\/b8da1519-b029-4fdc-962f-ae07f9329fe0-100x100.jpg",100,100,true]},"uagb_author_info":{"display_name":"jetskiforsaleuk@gmail.com","author_link":"https:\/\/caliweedeurope.com\/fr\/author\/"},"uagb_comment_info":0,"uagb_excerpt":"Buy La Pac Boys Cans Buy La Pac Boys Cans Online. for your recreational and Medical purposes? We are here 24\/7 ready to serve you with the best items. We\u2019ve got the best quality of La Pac Boys Cans, so whatever you need you just add everything on cart and make the best use of\u2026","_links":{"self":[{"href":"https:\/\/caliweedeurope.com\/fr\/wp-json\/wp\/v2\/product\/1252"}],"collection":[{"href":"https:\/\/caliweedeurope.com\/fr\/wp-json\/wp\/v2\/product"}],"about":[{"href":"https:\/\/caliweedeurope.com\/fr\/wp-json\/wp\/v2\/types\/product"}],"replies":[{"embeddable":true,"href":"https:\/\/caliweedeurope.com\/fr\/wp-json\/wp\/v2\/comments?post=1252"}],"wp:featuredmedia":[{"embeddable":true,"href":"https:\/\/caliweedeurope.com\/fr\/wp-json\/wp\/v2\/media\/1271"}],"wp:attachment":[{"href":"https:\/\/caliweedeurope.com\/fr\/wp-json\/wp\/v2\/media?parent=1252"}],"wp:term":[{"taxonomy":"product_brand","embeddable":true,"href":"https:\/\/caliweedeurope.com\/fr\/wp-json\/wp\/v2\/product_brand?post=1252"},{"taxonomy":"product_cat","embeddable":true,"href":"https:\/\/caliweedeurope.com\/fr\/wp-json\/wp\/v2\/product_cat?post=1252"},{"taxonomy":"product_tag","embeddable":true,"href":"https:\/\/caliweedeurope.com\/fr\/wp-json\/wp\/v2\/product_tag?post=1252"}],"curies":[{"name":"wp","href":"https:\/\/api.w.org\/{rel}","templated":true}]}}