{"id":1262,"date":"2024-11-03T21:31:46","date_gmt":"2024-11-03T21:31:46","guid":{"rendered":"https:\/\/caliweedeurope.com\/?post_type=product&#038;p=1262"},"modified":"2024-11-03T21:32:23","modified_gmt":"2024-11-03T21:32:23","slug":"stiiizy-sky-og","status":"publish","type":"product","link":"https:\/\/caliweedeurope.com\/fr\/product\/stiiizy-sky-og\/","title":{"rendered":"Stiiizy (Sky og)"},"content":{"rendered":"<p>Cette vari\u00e9t\u00e9 est ador\u00e9e pour son go\u00fbt merveilleux. Bien que l\u2019effet ne soit pas aussi fort que celui de certaines vari\u00e9t\u00e9s modernes, le go\u00fbt est incontestablement hors de ce monde. Et il a depuis \u00e9t\u00e9 perdu. Avant 1998, Bubba Kush n'\u00e9tait disponible que sous forme de clonage, mais il a depuis \u00e9t\u00e9 reproduit afin que ses graines puissent \u00eatre emball\u00e9es et vendues. Bubba Kush est une indica classique avec un high s\u00e9datif solide qui laisse les utilisateurs d\u00e9tendus mais toujours fonctionnels. Il a g\u00e9n\u00e9ralement une teneur en THC \u00e9lev\u00e9e, allant de 15 % \u00e0 22 %.<br \/> Stiiizy a des t\u00eates petites \u00e0 moyennes qui poss\u00e8dent la structure dense des t\u00eates typique des vari\u00e9t\u00e9s Indica. Les feuilles sont vert fonc\u00e9 et peuvent parfois pr\u00e9senter des nuances de violet, r\u00e9sultat des pigments anthocyanines activ\u00e9s par des temp\u00e9ratures froides pendant le processus de culture. C'est une vari\u00e9t\u00e9 tr\u00e8s r\u00e9sineuse : une couche de trichomes blancs recouvre les feuilles color\u00e9es et est m\u00eame visible \u00e0 l'int\u00e9rieur lorsque les t\u00eates sont ouvertes. Les fleurs ont un ar\u00f4me vague de caf\u00e9 ou de cacao, avec une l\u00e9g\u00e8re touche fruit\u00e9e en dessous. Lorsqu'il est br\u00fbl\u00e9, Bubba Kush sent davantage le haschisch et les \u00e9pices, comme on pourrait s'y attendre d'une Kush, avec une fum\u00e9e assez forte qui provoque la toux.<br \/>                                                               R\u00c9SULTATS EXCEPTIONNELS !<br \/> Il est \u00e0 noter que cette vari\u00e9t\u00e9 dont les fleurs violettes ne donnent pas un go\u00fbt de raisin : les pigments qui d\u00e9terminent la couleur de Bubba Kush n'affectent pas la saveur. Le go\u00fbt est principalement terreux, avec un peu de douceur et un go\u00fbt \u00e9pic\u00e9 lors de l'expiration. C'est \u00e9galement une vari\u00e9t\u00e9 particuli\u00e8rement piquante \u2013 les utilisateurs qui se soucient de la discr\u00e9tion doivent planifier en cons\u00e9quence.<br \/> Fait inhabituel pour une vari\u00e9t\u00e9 aussi fortement indica, le high de Bubba Kush commence par une sensation d\u00e9form\u00e9e et d\u00e9sorient\u00e9e dans la t\u00eate. Ce brouillard c\u00e8de toutefois la place \u00e0 une d\u00e9tente corporelle plus attendue qui s'intensifie au fur et \u00e0 mesure que le high s'installe. Bien que les fumeurs ne soient pas n\u00e9cessairement pleins d'\u00e9nergie, ils peuvent maintenir leur concentration mentale, converser ou accomplir des t\u00e2ches si n\u00e9cessaire. La plupart du temps, les utilisateurs ressentent une relaxation profonde, une respiration lente et une sensation palpable de confort physique.<br \/> Le couchlock est rare, laissant les utilisateurs fonctionnels et vigilants. Les usages m\u00e9dicaux de Bubba Kush sont \u00e0 la fois mentaux et physiques. Commandez des pods Stiiizy Texas.<\/p>","protected":false},"excerpt":{"rendered":"<p>Commandez des Stiiizy Pods Texas, Bubba Kush \u00e0 Vendre en Ligne, Seulement chez Votre Dispensaire de Marijuana en Ligne Fiable et Premier Choix, Magasin de Cannabis M\u00e9dical en Ligne.<br \/> Stiiizy est une vari\u00e9t\u00e9 indica. Elle \u00e9tait \u00e0 l'origine un croisement entre OG Kush et Bubble Gum. Les plantes r\u00e9sultantes ont ensuite \u00e9t\u00e9 \u00e9lev\u00e9es s\u00e9lectivement sur plusieurs g\u00e9n\u00e9rations pour cr\u00e9er le bud parfait, connu sous le nom de Bubba Kush.<\/p>","protected":false},"featured_media":1275,"comment_status":"closed","ping_status":"closed","template":"","meta":{"_uag_custom_page_level_css":"","site-sidebar-layout":"default","site-content-layout":"","ast-site-content-layout":"","site-content-style":"default","site-sidebar-style":"default","ast-global-header-display":"","ast-banner-title-visibility":"","ast-main-header-display":"","ast-hfb-above-header-display":"","ast-hfb-below-header-display":"","ast-hfb-mobile-header-display":"","site-post-title":"","ast-breadcrumbs-content":"","ast-featured-img":"","footer-sml-layout":"","theme-transparent-header-meta":"","adv-header-id-meta":"","stick-header-meta":"","header-above-stick-meta":"","header-main-stick-meta":"","header-below-stick-meta":"","astra-migrate-meta-layouts":"default","ast-page-background-enabled":"default","ast-page-background-meta":{"desktop":{"background-color":"var(--ast-global-color-4)","background-image":"","background-repeat":"repeat","background-position":"center center","background-size":"auto","background-attachment":"scroll","background-type":"","background-media":"","overlay-type":"","overlay-color":"","overlay-opacity":"","overlay-gradient":""},"tablet":{"background-color":"","background-image":"","background-repeat":"repeat","background-position":"center center","background-size":"auto","background-attachment":"scroll","background-type":"","background-media":"","overlay-type":"","overlay-color":"","overlay-opacity":"","overlay-gradient":""},"mobile":{"background-color":"","background-image":"","background-repeat":"repeat","background-position":"center center","background-size":"auto","background-attachment":"scroll","background-type":"","background-media":"","overlay-type":"","overlay-color":"","overlay-opacity":"","overlay-gradient":""}},"ast-content-background-meta":{"desktop":{"background-color":"var(--ast-global-color-5)","background-image":"","background-repeat":"repeat","background-position":"center center","background-size":"auto","background-attachment":"scroll","background-type":"","background-media":"","overlay-type":"","overlay-color":"","overlay-opacity":"","overlay-gradient":""},"tablet":{"background-color":"var(--ast-global-color-5)","background-image":"","background-repeat":"repeat","background-position":"center center","background-size":"auto","background-attachment":"scroll","background-type":"","background-media":"","overlay-type":"","overlay-color":"","overlay-opacity":"","overlay-gradient":""},"mobile":{"background-color":"var(--ast-global-color-5)","background-image":"","background-repeat":"repeat","background-position":"center center","background-size":"auto","background-attachment":"scroll","background-type":"","background-media":"","overlay-type":"","overlay-color":"","overlay-opacity":"","overlay-gradient":""}}},"product_brand":[],"product_cat":[114],"product_tag":[119,120,121,122,123],"class_list":{"0":"post-1262","1":"product","2":"type-product","3":"status-publish","4":"has-post-thumbnail","6":"product_cat-wholesale-vape-cartridges-online","7":"product_tag-skywalker-og-stiiizy","8":"product_tag-stiiizy-biscotti","9":"product_tag-stiiizy-gelato","10":"product_tag-stiiizy-og-kush","11":"product_tag-stiiizy-sfv-og","12":"desktop-align-center","13":"tablet-align-left","14":"mobile-align-left","16":"first","17":"instock","18":"shipping-taxable","19":"purchasable","20":"product-type-variable"},"uagb_featured_image_src":{"full":["https:\/\/caliweedeurope.com\/wp-content\/uploads\/2024\/11\/0fcdd104-9491-4b20-94d1-34a7ff48418f.jpg",864,1080,false],"thumbnail":["https:\/\/caliweedeurope.com\/wp-content\/uploads\/2024\/11\/0fcdd104-9491-4b20-94d1-34a7ff48418f-150x150.jpg",150,150,true],"medium":["https:\/\/caliweedeurope.com\/wp-content\/uploads\/2024\/11\/0fcdd104-9491-4b20-94d1-34a7ff48418f-240x300.jpg",240,300,true],"medium_large":["https:\/\/caliweedeurope.com\/wp-content\/uploads\/2024\/11\/0fcdd104-9491-4b20-94d1-34a7ff48418f-768x960.jpg",768,960,true],"large":["https:\/\/caliweedeurope.com\/wp-content\/uploads\/2024\/11\/0fcdd104-9491-4b20-94d1-34a7ff48418f-819x1024.jpg",819,1024,true],"1536x1536":["https:\/\/caliweedeurope.com\/wp-content\/uploads\/2024\/11\/0fcdd104-9491-4b20-94d1-34a7ff48418f.jpg",864,1080,false],"2048x2048":["https:\/\/caliweedeurope.com\/wp-content\/uploads\/2024\/11\/0fcdd104-9491-4b20-94d1-34a7ff48418f.jpg",864,1080,false],"trp-custom-language-flag":["https:\/\/caliweedeurope.com\/wp-content\/uploads\/2024\/11\/0fcdd104-9491-4b20-94d1-34a7ff48418f.jpg",10,12,false],"woocommerce_thumbnail":["https:\/\/caliweedeurope.com\/wp-content\/uploads\/2024\/11\/0fcdd104-9491-4b20-94d1-34a7ff48418f-300x300.jpg",300,300,true],"woocommerce_single":["https:\/\/caliweedeurope.com\/wp-content\/uploads\/2024\/11\/0fcdd104-9491-4b20-94d1-34a7ff48418f-600x750.jpg",600,750,true],"woocommerce_gallery_thumbnail":["https:\/\/caliweedeurope.com\/wp-content\/uploads\/2024\/11\/0fcdd104-9491-4b20-94d1-34a7ff48418f-100x100.jpg",100,100,true]},"uagb_author_info":{"display_name":"jetskiforsaleuk@gmail.com","author_link":"https:\/\/caliweedeurope.com\/fr\/author\/"},"uagb_comment_info":0,"uagb_excerpt":"Order stiiizy pods texas, Bubba Kush For Sale Online, Only at Your Premier and Reliable Online Marijuana Dispensary, Medical Cannabis Online Store Stiiizy is an indica strain. It was originally a cross of OG Kush and Bubble Gum. The resulting plants were then selectively bred for multiple generations to create the perfect bud, known as\u2026","_links":{"self":[{"href":"https:\/\/caliweedeurope.com\/fr\/wp-json\/wp\/v2\/product\/1262"}],"collection":[{"href":"https:\/\/caliweedeurope.com\/fr\/wp-json\/wp\/v2\/product"}],"about":[{"href":"https:\/\/caliweedeurope.com\/fr\/wp-json\/wp\/v2\/types\/product"}],"replies":[{"embeddable":true,"href":"https:\/\/caliweedeurope.com\/fr\/wp-json\/wp\/v2\/comments?post=1262"}],"wp:featuredmedia":[{"embeddable":true,"href":"https:\/\/caliweedeurope.com\/fr\/wp-json\/wp\/v2\/media\/1275"}],"wp:attachment":[{"href":"https:\/\/caliweedeurope.com\/fr\/wp-json\/wp\/v2\/media?parent=1262"}],"wp:term":[{"taxonomy":"product_brand","embeddable":true,"href":"https:\/\/caliweedeurope.com\/fr\/wp-json\/wp\/v2\/product_brand?post=1262"},{"taxonomy":"product_cat","embeddable":true,"href":"https:\/\/caliweedeurope.com\/fr\/wp-json\/wp\/v2\/product_cat?post=1262"},{"taxonomy":"product_tag","embeddable":true,"href":"https:\/\/caliweedeurope.com\/fr\/wp-json\/wp\/v2\/product_tag?post=1262"}],"curies":[{"name":"wp","href":"https:\/\/api.w.org\/{rel}","templated":true}]}}