{"id":1288,"date":"2024-11-03T21:32:09","date_gmt":"2024-11-03T21:32:09","guid":{"rendered":"https:\/\/caliweedeurope.com\/?post_type=product&#038;p=1288"},"modified":"2024-11-03T21:32:23","modified_gmt":"2024-11-03T21:32:23","slug":"italian-ice-strain","status":"publish","type":"product","link":"https:\/\/caliweedeurope.com\/fr\/product\/italian-ice-strain\/","title":{"rendered":"Italian ice strain"},"content":{"rendered":"<p>Critique de la vari\u00e9t\u00e9 Italian Ice<br \/> La vari\u00e9t\u00e9 Italian Ice est une vari\u00e9t\u00e9 de cannabis exotique qui a \u00e9t\u00e9 initialement trouv\u00e9e par The Cali Connection. Elle est n\u00e9e d'un m\u00e9lange de Forbidden Fruit et Gelato 45. Waouh!!! Tu peux imaginer ce que \u00e7a donne de m\u00e9langer ces deux-l\u00e0, non? Rien qu'\u00e0 y penser, j'ai l'eau \u00e0 la bouche pour cette Italian Ice. Oui!! Dor\u00e9navant, obtenir l'une des meilleures vari\u00e9t\u00e9s de cannabis n'a jamais \u00e9t\u00e9 aussi facile. Donc, Italian Ice \u00e0 vendre | Acheter Italian Ice.<\/p>\n<p>O\u00f9 acheter la vari\u00e9t\u00e9 Italian Ice en ligne<br \/> Savais-tu que beaucoup de gens cherchent depuis des ann\u00e9es ces types de souches de cannabis sans succ\u00e8s ? En r\u00e9alit\u00e9, la plupart des gens pr\u00e9f\u00e8rent payer un prix \u00e9lev\u00e9 pour obtenir la meilleure qualit\u00e9 de weed. Oui, les gens paient des prix \u00e9lev\u00e9s pour les meilleurs buds. Le vrai probl\u00e8me se pose maintenant : o\u00f9 vont-ils les trouver ? T'es-tu d\u00e9j\u00e0 retrouv\u00e9 dans une situation o\u00f9 tu avais de l'argent mais ne trouvais pas une bonne souche de weed ? Oui, cela arrive. Ne t'inqui\u00e8te plus. Italian Ice strain \u00e0 vendre | Achetez Italian Ice strain en ligne. Tu as maintenant trouv\u00e9 la solution \u00e0 ton probl\u00e8me. Italian Ice strain. Nous sommes l\u00e0 pour r\u00e9soudre cette situation pour toi. Visite la section boutique de notre site web pour passer ta commande. Achetez Italian Ice strain.<\/p>\n<p>Disponibilit\u00e9 de la souche<br \/> \u00c0 quel point les gens sont-ils frustr\u00e9s lorsqu'ils ont du mal \u00e0 obtenir les meilleures t\u00eates qu'ils souhaitent ? D'apr\u00e8s notre exp\u00e9rience dans les ventes en ligne, nous avons d\u00e9couvert que beaucoup de gens rencontrent ce probl\u00e8me. Ne vous inqui\u00e9tez plus, car nous vous fournirons la m\u00e9thode la plus pratique. Restez calme, vous avez trouv\u00e9 le bon endroit. Si vous n'\u00eates toujours pas \u00e0 l'aise, vous pouvez consulter notre politique de livraison. Nos envois sont effectu\u00e9s par livraison discr\u00e8te avec une garantie de 100 % de livraison. Votre s\u00e9curit\u00e9 et votre satisfaction sont notre priorit\u00e9, alors croyez simplement en nous. Italian Ice Weed Strain.<\/p>","protected":false},"excerpt":{"rendered":"<p>Italian Ice strain review. Italian Ice strain is a weed exotic weed strain that was originally found by The Cali Connection. It is a weed strain that came into existence by a mix of Forbidden Fruit and Gelato 45. wow!!! You imagine the what can come out from a mix of those two right?. As [&hellip;]<\/p>","protected":false},"featured_media":1309,"comment_status":"closed","ping_status":"closed","template":"","meta":{"_uag_custom_page_level_css":"","site-sidebar-layout":"default","site-content-layout":"","ast-site-content-layout":"","site-content-style":"default","site-sidebar-style":"default","ast-global-header-display":"","ast-banner-title-visibility":"","ast-main-header-display":"","ast-hfb-above-header-display":"","ast-hfb-below-header-display":"","ast-hfb-mobile-header-display":"","site-post-title":"","ast-breadcrumbs-content":"","ast-featured-img":"","footer-sml-layout":"","theme-transparent-header-meta":"","adv-header-id-meta":"","stick-header-meta":"","header-above-stick-meta":"","header-main-stick-meta":"","header-below-stick-meta":"","astra-migrate-meta-layouts":"default","ast-page-background-enabled":"default","ast-page-background-meta":{"desktop":{"background-color":"var(--ast-global-color-4)","background-image":"","background-repeat":"repeat","background-position":"center center","background-size":"auto","background-attachment":"scroll","background-type":"","background-media":"","overlay-type":"","overlay-color":"","overlay-opacity":"","overlay-gradient":""},"tablet":{"background-color":"","background-image":"","background-repeat":"repeat","background-position":"center center","background-size":"auto","background-attachment":"scroll","background-type":"","background-media":"","overlay-type":"","overlay-color":"","overlay-opacity":"","overlay-gradient":""},"mobile":{"background-color":"","background-image":"","background-repeat":"repeat","background-position":"center center","background-size":"auto","background-attachment":"scroll","background-type":"","background-media":"","overlay-type":"","overlay-color":"","overlay-opacity":"","overlay-gradient":""}},"ast-content-background-meta":{"desktop":{"background-color":"var(--ast-global-color-5)","background-image":"","background-repeat":"repeat","background-position":"center center","background-size":"auto","background-attachment":"scroll","background-type":"","background-media":"","overlay-type":"","overlay-color":"","overlay-opacity":"","overlay-gradient":""},"tablet":{"background-color":"var(--ast-global-color-5)","background-image":"","background-repeat":"repeat","background-position":"center center","background-size":"auto","background-attachment":"scroll","background-type":"","background-media":"","overlay-type":"","overlay-color":"","overlay-opacity":"","overlay-gradient":""},"mobile":{"background-color":"var(--ast-global-color-5)","background-image":"","background-repeat":"repeat","background-position":"center center","background-size":"auto","background-attachment":"scroll","background-type":"","background-media":"","overlay-type":"","overlay-color":"","overlay-opacity":"","overlay-gradient":""}}},"product_brand":[],"product_cat":[22],"product_tag":[134,135,136,137,138],"class_list":{"0":"post-1288","1":"product","2":"type-product","3":"status-publish","4":"has-post-thumbnail","6":"product_cat-hybrid","7":"product_tag-blue-cheese-strain","8":"product_tag-blue-dream-strain","9":"product_tag-gorilla-glue-strain","10":"product_tag-tiramisu-strain","11":"product_tag-wedding-cake-strain","12":"desktop-align-center","13":"tablet-align-left","14":"mobile-align-left","16":"first","17":"instock","18":"shipping-taxable","19":"purchasable","20":"product-type-variable"},"uagb_featured_image_src":{"full":["https:\/\/caliweedeurope.com\/wp-content\/uploads\/2024\/11\/paysidepackz__20200303_1-600x600-1.jpg",600,600,false],"thumbnail":["https:\/\/caliweedeurope.com\/wp-content\/uploads\/2024\/11\/paysidepackz__20200303_1-600x600-1-150x150.jpg",150,150,true],"medium":["https:\/\/caliweedeurope.com\/wp-content\/uploads\/2024\/11\/paysidepackz__20200303_1-600x600-1-300x300.jpg",300,300,true],"medium_large":["https:\/\/caliweedeurope.com\/wp-content\/uploads\/2024\/11\/paysidepackz__20200303_1-600x600-1.jpg",600,600,false],"large":["https:\/\/caliweedeurope.com\/wp-content\/uploads\/2024\/11\/paysidepackz__20200303_1-600x600-1.jpg",600,600,false],"1536x1536":["https:\/\/caliweedeurope.com\/wp-content\/uploads\/2024\/11\/paysidepackz__20200303_1-600x600-1.jpg",600,600,false],"2048x2048":["https:\/\/caliweedeurope.com\/wp-content\/uploads\/2024\/11\/paysidepackz__20200303_1-600x600-1.jpg",600,600,false],"trp-custom-language-flag":["https:\/\/caliweedeurope.com\/wp-content\/uploads\/2024\/11\/paysidepackz__20200303_1-600x600-1.jpg",12,12,false],"woocommerce_thumbnail":["https:\/\/caliweedeurope.com\/wp-content\/uploads\/2024\/11\/paysidepackz__20200303_1-600x600-1-300x300.jpg",300,300,true],"woocommerce_single":["https:\/\/caliweedeurope.com\/wp-content\/uploads\/2024\/11\/paysidepackz__20200303_1-600x600-1.jpg",600,600,false],"woocommerce_gallery_thumbnail":["https:\/\/caliweedeurope.com\/wp-content\/uploads\/2024\/11\/paysidepackz__20200303_1-600x600-1-100x100.jpg",100,100,true]},"uagb_author_info":{"display_name":"jetskiforsaleuk@gmail.com","author_link":"https:\/\/caliweedeurope.com\/fr\/author\/"},"uagb_comment_info":0,"uagb_excerpt":"Italian Ice strain review. Italian Ice strain is a weed exotic weed strain that was originally found by The Cali Connection. It is a weed strain that came into existence by a mix of Forbidden Fruit and Gelato 45. wow!!! You imagine the what can come out from a mix of those two right?. As\u2026","_links":{"self":[{"href":"https:\/\/caliweedeurope.com\/fr\/wp-json\/wp\/v2\/product\/1288"}],"collection":[{"href":"https:\/\/caliweedeurope.com\/fr\/wp-json\/wp\/v2\/product"}],"about":[{"href":"https:\/\/caliweedeurope.com\/fr\/wp-json\/wp\/v2\/types\/product"}],"replies":[{"embeddable":true,"href":"https:\/\/caliweedeurope.com\/fr\/wp-json\/wp\/v2\/comments?post=1288"}],"wp:featuredmedia":[{"embeddable":true,"href":"https:\/\/caliweedeurope.com\/fr\/wp-json\/wp\/v2\/media\/1309"}],"wp:attachment":[{"href":"https:\/\/caliweedeurope.com\/fr\/wp-json\/wp\/v2\/media?parent=1288"}],"wp:term":[{"taxonomy":"product_brand","embeddable":true,"href":"https:\/\/caliweedeurope.com\/fr\/wp-json\/wp\/v2\/product_brand?post=1288"},{"taxonomy":"product_cat","embeddable":true,"href":"https:\/\/caliweedeurope.com\/fr\/wp-json\/wp\/v2\/product_cat?post=1288"},{"taxonomy":"product_tag","embeddable":true,"href":"https:\/\/caliweedeurope.com\/fr\/wp-json\/wp\/v2\/product_tag?post=1288"}],"curies":[{"name":"wp","href":"https:\/\/api.w.org\/{rel}","templated":true}]}}