{"id":1303,"date":"2024-11-03T21:32:10","date_gmt":"2024-11-03T21:32:10","guid":{"rendered":"https:\/\/caliweedeurope.com\/?post_type=product&#038;p=1303"},"modified":"2024-11-03T21:32:32","modified_gmt":"2024-11-03T21:32:32","slug":"dabs-wax","status":"publish","type":"product","link":"https:\/\/caliweedeurope.com\/fr\/product\/dabs-wax\/","title":{"rendered":"Dabs Wax"},"content":{"rendered":"<p>Shatter, cire, nid d'abeille, huile, crumble, s\u00e8ve, budder, pull-and-snap... voici quelques-uns des surnoms que les extraits de cannabis ont acquis gr\u00e2ce \u00e0 leur popularit\u00e9, leur pr\u00e9valence et leur diversification. Si vous avez d\u00e9j\u00e0 entendu ces mots, ils \u00e9taient probablement utilis\u00e9s pour d\u00e9crire le BHO (huile de haschisch au butane), l'huile de CO2 ou des extraits similaires \u00e0 base d'hydrocarbures. Cette liste de sous-cat\u00e9gories descriptives pourrait vous amener \u00e0 croire qu'il existe des diff\u00e9rences marqu\u00e9es entre chacune d'elles, mais la s\u00e9paration entre le shatter semblable \u00e0 du verre et la cire friable est plus superficielle qu'on ne pourrait s'y attendre.<\/p>\n<p>Pour ceux d'entre vous qui d\u00e9butent dans le domaine des concentr\u00e9s, un extrait de cannabis est une huile qui concentre les compos\u00e9s chimiques de la plante tels que le THC et le CBD. Cela est r\u00e9alis\u00e9 par divers proc\u00e9d\u00e9s d'extraction et solvants, le plus courant \u00e9tant le butane.<\/p>\n<p>Faq, Wax<\/p>","protected":false},"excerpt":{"rendered":"<p>La cire de cannabis fait r\u00e9f\u00e9rence aux huiles plus douces et opaques qui ont perdu leur transparence apr\u00e8s l'extraction. Contrairement \u00e0 celles des huiles transparentes, les mol\u00e9cules de la cire de cannabis se cristallisent \u00e0 la suite d'agitation. La lumi\u00e8re ne peut pas traverser des densit\u00e9s mol\u00e9culaires irr\u00e9guli\u00e8res, et cette r\u00e9fraction nous laisse avec une huile solide et non transparente.<\/p>","protected":false},"featured_media":1315,"comment_status":"closed","ping_status":"closed","template":"","meta":{"_uag_custom_page_level_css":"","site-sidebar-layout":"default","site-content-layout":"","ast-site-content-layout":"","site-content-style":"default","site-sidebar-style":"default","ast-global-header-display":"","ast-banner-title-visibility":"","ast-main-header-display":"","ast-hfb-above-header-display":"","ast-hfb-below-header-display":"","ast-hfb-mobile-header-display":"","site-post-title":"","ast-breadcrumbs-content":"","ast-featured-img":"","footer-sml-layout":"","theme-transparent-header-meta":"","adv-header-id-meta":"","stick-header-meta":"","header-above-stick-meta":"","header-main-stick-meta":"","header-below-stick-meta":"","astra-migrate-meta-layouts":"default","ast-page-background-enabled":"default","ast-page-background-meta":{"desktop":{"background-color":"var(--ast-global-color-4)","background-image":"","background-repeat":"repeat","background-position":"center center","background-size":"auto","background-attachment":"scroll","background-type":"","background-media":"","overlay-type":"","overlay-color":"","overlay-opacity":"","overlay-gradient":""},"tablet":{"background-color":"","background-image":"","background-repeat":"repeat","background-position":"center center","background-size":"auto","background-attachment":"scroll","background-type":"","background-media":"","overlay-type":"","overlay-color":"","overlay-opacity":"","overlay-gradient":""},"mobile":{"background-color":"","background-image":"","background-repeat":"repeat","background-position":"center center","background-size":"auto","background-attachment":"scroll","background-type":"","background-media":"","overlay-type":"","overlay-color":"","overlay-opacity":"","overlay-gradient":""}},"ast-content-background-meta":{"desktop":{"background-color":"var(--ast-global-color-5)","background-image":"","background-repeat":"repeat","background-position":"center center","background-size":"auto","background-attachment":"scroll","background-type":"","background-media":"","overlay-type":"","overlay-color":"","overlay-opacity":"","overlay-gradient":""},"tablet":{"background-color":"var(--ast-global-color-5)","background-image":"","background-repeat":"repeat","background-position":"center center","background-size":"auto","background-attachment":"scroll","background-type":"","background-media":"","overlay-type":"","overlay-color":"","overlay-opacity":"","overlay-gradient":""},"mobile":{"background-color":"var(--ast-global-color-5)","background-image":"","background-repeat":"repeat","background-position":"center center","background-size":"auto","background-attachment":"scroll","background-type":"","background-media":"","overlay-type":"","overlay-color":"","overlay-opacity":"","overlay-gradient":""}}},"product_brand":[],"product_cat":[139],"product_tag":[150,151,152,153,154],"class_list":{"0":"post-1303","1":"product","2":"type-product","3":"status-publish","4":"has-post-thumbnail","6":"product_cat-buy-wax-online","7":"product_tag-dank-dabs-brand","8":"product_tag-dank-dabs-california","9":"product_tag-dank-dabs-packaging","10":"product_tag-dank-dabs-shatter","11":"product_tag-dank-dabs-wax","12":"desktop-align-center","13":"tablet-align-left","14":"mobile-align-left","16":"first","17":"instock","18":"shipping-taxable","19":"purchasable","20":"product-type-variable"},"uagb_featured_image_src":{"full":["https:\/\/caliweedeurope.com\/wp-content\/uploads\/2024\/11\/g4-1-1.png",380,378,false],"thumbnail":["https:\/\/caliweedeurope.com\/wp-content\/uploads\/2024\/11\/g4-1-1-150x150.png",150,150,true],"medium":["https:\/\/caliweedeurope.com\/wp-content\/uploads\/2024\/11\/g4-1-1-300x298.png",300,298,true],"medium_large":["https:\/\/caliweedeurope.com\/wp-content\/uploads\/2024\/11\/g4-1-1.png",380,378,false],"large":["https:\/\/caliweedeurope.com\/wp-content\/uploads\/2024\/11\/g4-1-1.png",380,378,false],"1536x1536":["https:\/\/caliweedeurope.com\/wp-content\/uploads\/2024\/11\/g4-1-1.png",380,378,false],"2048x2048":["https:\/\/caliweedeurope.com\/wp-content\/uploads\/2024\/11\/g4-1-1.png",380,378,false],"trp-custom-language-flag":["https:\/\/caliweedeurope.com\/wp-content\/uploads\/2024\/11\/g4-1-1.png",12,12,false],"woocommerce_thumbnail":["https:\/\/caliweedeurope.com\/wp-content\/uploads\/2024\/11\/g4-1-1-300x300.png",300,300,true],"woocommerce_single":["https:\/\/caliweedeurope.com\/wp-content\/uploads\/2024\/11\/g4-1-1.png",380,378,false],"woocommerce_gallery_thumbnail":["https:\/\/caliweedeurope.com\/wp-content\/uploads\/2024\/11\/g4-1-1-100x100.png",100,100,true]},"uagb_author_info":{"display_name":"jetskiforsaleuk@gmail.com","author_link":"https:\/\/caliweedeurope.com\/fr\/author\/"},"uagb_comment_info":0,"uagb_excerpt":"Cannabis wax refers to the softer, opaque oils that have lost their transparency after extraction. Unlike those of transparent oils, the molecules of cannabis wax crystallize as a result of agitation. Light can\u2019t travel through irregular molecular densities, and that refraction leaves us with a solid, non-transparent oil.","_links":{"self":[{"href":"https:\/\/caliweedeurope.com\/fr\/wp-json\/wp\/v2\/product\/1303"}],"collection":[{"href":"https:\/\/caliweedeurope.com\/fr\/wp-json\/wp\/v2\/product"}],"about":[{"href":"https:\/\/caliweedeurope.com\/fr\/wp-json\/wp\/v2\/types\/product"}],"replies":[{"embeddable":true,"href":"https:\/\/caliweedeurope.com\/fr\/wp-json\/wp\/v2\/comments?post=1303"}],"wp:featuredmedia":[{"embeddable":true,"href":"https:\/\/caliweedeurope.com\/fr\/wp-json\/wp\/v2\/media\/1315"}],"wp:attachment":[{"href":"https:\/\/caliweedeurope.com\/fr\/wp-json\/wp\/v2\/media?parent=1303"}],"wp:term":[{"taxonomy":"product_brand","embeddable":true,"href":"https:\/\/caliweedeurope.com\/fr\/wp-json\/wp\/v2\/product_brand?post=1303"},{"taxonomy":"product_cat","embeddable":true,"href":"https:\/\/caliweedeurope.com\/fr\/wp-json\/wp\/v2\/product_cat?post=1303"},{"taxonomy":"product_tag","embeddable":true,"href":"https:\/\/caliweedeurope.com\/fr\/wp-json\/wp\/v2\/product_tag?post=1303"}],"curies":[{"name":"wp","href":"https:\/\/api.w.org\/{rel}","templated":true}]}}