{"id":1320,"date":"2024-11-03T21:32:24","date_gmt":"2024-11-03T21:32:24","guid":{"rendered":"https:\/\/caliweedeurope.com\/?post_type=product&#038;p=1320"},"modified":"2024-11-03T21:32:32","modified_gmt":"2024-11-03T21:32:32","slug":"lemon-walker-og-wax","status":"publish","type":"product","link":"https:\/\/caliweedeurope.com\/fr\/product\/lemon-walker-og-wax\/","title":{"rendered":"Lemon Walker OG Wax"},"content":{"rendered":"<p>Lemon Walker OG est une vari\u00e9t\u00e9 de cannabis qui a remport\u00e9 la deuxi\u00e8me place \u00e0 la Denver Cannabis Cup en 2014. Elle est arriv\u00e9e parmi les meilleurs concentr\u00e9s de cannabis et offre une sensation dans le cerveau que beaucoup d'autres vari\u00e9t\u00e9s de marijuana ne peuvent pas fournir.<\/p>","protected":false},"excerpt":{"rendered":"<p>Lemon Walker OG est une vari\u00e9t\u00e9 de cannabis qui a remport\u00e9 la deuxi\u00e8me place \u00e0 la Denver Cannabis Cup en 2014. Elle est arriv\u00e9e parmi les meilleurs concentr\u00e9s de cannabis et offre une sensation dans le cerveau que beaucoup d'autres vari\u00e9t\u00e9s de marijuana ne peuvent pas fournir.<\/p>","protected":false},"featured_media":1347,"comment_status":"closed","ping_status":"closed","template":"","meta":{"_uag_custom_page_level_css":"","site-sidebar-layout":"default","site-content-layout":"","ast-site-content-layout":"","site-content-style":"default","site-sidebar-style":"default","ast-global-header-display":"","ast-banner-title-visibility":"","ast-main-header-display":"","ast-hfb-above-header-display":"","ast-hfb-below-header-display":"","ast-hfb-mobile-header-display":"","site-post-title":"","ast-breadcrumbs-content":"","ast-featured-img":"","footer-sml-layout":"","theme-transparent-header-meta":"","adv-header-id-meta":"","stick-header-meta":"","header-above-stick-meta":"","header-main-stick-meta":"","header-below-stick-meta":"","astra-migrate-meta-layouts":"default","ast-page-background-enabled":"default","ast-page-background-meta":{"desktop":{"background-color":"var(--ast-global-color-4)","background-image":"","background-repeat":"repeat","background-position":"center center","background-size":"auto","background-attachment":"scroll","background-type":"","background-media":"","overlay-type":"","overlay-color":"","overlay-opacity":"","overlay-gradient":""},"tablet":{"background-color":"","background-image":"","background-repeat":"repeat","background-position":"center center","background-size":"auto","background-attachment":"scroll","background-type":"","background-media":"","overlay-type":"","overlay-color":"","overlay-opacity":"","overlay-gradient":""},"mobile":{"background-color":"","background-image":"","background-repeat":"repeat","background-position":"center center","background-size":"auto","background-attachment":"scroll","background-type":"","background-media":"","overlay-type":"","overlay-color":"","overlay-opacity":"","overlay-gradient":""}},"ast-content-background-meta":{"desktop":{"background-color":"var(--ast-global-color-5)","background-image":"","background-repeat":"repeat","background-position":"center center","background-size":"auto","background-attachment":"scroll","background-type":"","background-media":"","overlay-type":"","overlay-color":"","overlay-opacity":"","overlay-gradient":""},"tablet":{"background-color":"var(--ast-global-color-5)","background-image":"","background-repeat":"repeat","background-position":"center center","background-size":"auto","background-attachment":"scroll","background-type":"","background-media":"","overlay-type":"","overlay-color":"","overlay-opacity":"","overlay-gradient":""},"mobile":{"background-color":"var(--ast-global-color-5)","background-image":"","background-repeat":"repeat","background-position":"center center","background-size":"auto","background-attachment":"scroll","background-type":"","background-media":"","overlay-type":"","overlay-color":"","overlay-opacity":"","overlay-gradient":""}}},"product_brand":[],"product_cat":[139],"product_tag":[155,156,157,158,159],"class_list":{"0":"post-1320","1":"product","2":"type-product","3":"status-publish","4":"has-post-thumbnail","6":"product_cat-buy-wax-online","7":"product_tag-cali-orange-tree","8":"product_tag-lemon-skunk-strain","9":"product_tag-lemon-tree-strain","10":"product_tag-orange-tree-strain","11":"product_tag-orange-tree-strain-seeds","12":"desktop-align-center","13":"tablet-align-left","14":"mobile-align-left","16":"first","17":"instock","18":"shipping-taxable","19":"purchasable","20":"product-type-variable"},"uagb_featured_image_src":{"full":["https:\/\/caliweedeurope.com\/wp-content\/uploads\/2024\/11\/Kosher-Tangie-CO2-Wax.jpg",600,600,false],"thumbnail":["https:\/\/caliweedeurope.com\/wp-content\/uploads\/2024\/11\/Kosher-Tangie-CO2-Wax-150x150.jpg",150,150,true],"medium":["https:\/\/caliweedeurope.com\/wp-content\/uploads\/2024\/11\/Kosher-Tangie-CO2-Wax-300x300.jpg",300,300,true],"medium_large":["https:\/\/caliweedeurope.com\/wp-content\/uploads\/2024\/11\/Kosher-Tangie-CO2-Wax.jpg",600,600,false],"large":["https:\/\/caliweedeurope.com\/wp-content\/uploads\/2024\/11\/Kosher-Tangie-CO2-Wax.jpg",600,600,false],"1536x1536":["https:\/\/caliweedeurope.com\/wp-content\/uploads\/2024\/11\/Kosher-Tangie-CO2-Wax.jpg",600,600,false],"2048x2048":["https:\/\/caliweedeurope.com\/wp-content\/uploads\/2024\/11\/Kosher-Tangie-CO2-Wax.jpg",600,600,false],"trp-custom-language-flag":["https:\/\/caliweedeurope.com\/wp-content\/uploads\/2024\/11\/Kosher-Tangie-CO2-Wax.jpg",12,12,false],"woocommerce_thumbnail":["https:\/\/caliweedeurope.com\/wp-content\/uploads\/2024\/11\/Kosher-Tangie-CO2-Wax-300x300.jpg",300,300,true],"woocommerce_single":["https:\/\/caliweedeurope.com\/wp-content\/uploads\/2024\/11\/Kosher-Tangie-CO2-Wax.jpg",600,600,false],"woocommerce_gallery_thumbnail":["https:\/\/caliweedeurope.com\/wp-content\/uploads\/2024\/11\/Kosher-Tangie-CO2-Wax-100x100.jpg",100,100,true]},"uagb_author_info":{"display_name":"jetskiforsaleuk@gmail.com","author_link":"https:\/\/caliweedeurope.com\/fr\/author\/"},"uagb_comment_info":0,"uagb_excerpt":"Lemon Walker OG is cannabis strain that has won second place in the 2014 Denver Cannabis Cup. It came in as one of the best cannabis concentrates, offering a buzz in the brain that many other marijuana strains would not be able to give.","_links":{"self":[{"href":"https:\/\/caliweedeurope.com\/fr\/wp-json\/wp\/v2\/product\/1320"}],"collection":[{"href":"https:\/\/caliweedeurope.com\/fr\/wp-json\/wp\/v2\/product"}],"about":[{"href":"https:\/\/caliweedeurope.com\/fr\/wp-json\/wp\/v2\/types\/product"}],"replies":[{"embeddable":true,"href":"https:\/\/caliweedeurope.com\/fr\/wp-json\/wp\/v2\/comments?post=1320"}],"wp:featuredmedia":[{"embeddable":true,"href":"https:\/\/caliweedeurope.com\/fr\/wp-json\/wp\/v2\/media\/1347"}],"wp:attachment":[{"href":"https:\/\/caliweedeurope.com\/fr\/wp-json\/wp\/v2\/media?parent=1320"}],"wp:term":[{"taxonomy":"product_brand","embeddable":true,"href":"https:\/\/caliweedeurope.com\/fr\/wp-json\/wp\/v2\/product_brand?post=1320"},{"taxonomy":"product_cat","embeddable":true,"href":"https:\/\/caliweedeurope.com\/fr\/wp-json\/wp\/v2\/product_cat?post=1320"},{"taxonomy":"product_tag","embeddable":true,"href":"https:\/\/caliweedeurope.com\/fr\/wp-json\/wp\/v2\/product_tag?post=1320"}],"curies":[{"name":"wp","href":"https:\/\/api.w.org\/{rel}","templated":true}]}}