{"id":1336,"date":"2024-11-03T21:32:25","date_gmt":"2024-11-03T21:32:25","guid":{"rendered":"https:\/\/caliweedeurope.com\/?post_type=product&#038;p=1336"},"modified":"2024-11-03T21:32:32","modified_gmt":"2024-11-03T21:32:32","slug":"iso-hash-qwiso","status":"publish","type":"product","link":"https:\/\/caliweedeurope.com\/fr\/product\/iso-hash-qwiso\/","title":{"rendered":"Iso Hash | Qwiso"},"content":{"rendered":"<h3>Acheter Iso Hash \/ Qwiso<\/h3>\n<p>Le QWISO de haute qualit\u00e9 est souvent clair et jaune, comme un shatter, avec une texture mall\u00e9able. Le hash iso de mauvaise qualit\u00e9 est souvent vert (en raison de la chlorophylle des plantes) ou noir, et a une texture gommeuse.<\/p>\n<p>Produits associ\u00e9s<\/p>","protected":false},"excerpt":{"rendered":"<p>L'iso-hash est le produit d'une extraction \u00e0 l'alcool isopropylique. QWISO est un acronyme pour Quick Wash Isopropyl Alcohol hash, une technique populaire pour cr\u00e9er de l'iso-hash. L'utilisation de l'alcool comme solvant est incroyablement bon march\u00e9, cependant, la saveur n'est pas comparable \u00e0 d'autres solvants\/m\u00e9thodes. Le produit d\u00e9pend de la qualit\u00e9 du cannabis et de l'extraction.<\/p>","protected":false},"featured_media":1351,"comment_status":"closed","ping_status":"closed","template":"","meta":{"_uag_custom_page_level_css":"","site-sidebar-layout":"default","site-content-layout":"","ast-site-content-layout":"","site-content-style":"default","site-sidebar-style":"default","ast-global-header-display":"","ast-banner-title-visibility":"","ast-main-header-display":"","ast-hfb-above-header-display":"","ast-hfb-below-header-display":"","ast-hfb-mobile-header-display":"","site-post-title":"","ast-breadcrumbs-content":"","ast-featured-img":"","footer-sml-layout":"","theme-transparent-header-meta":"","adv-header-id-meta":"","stick-header-meta":"","header-above-stick-meta":"","header-main-stick-meta":"","header-below-stick-meta":"","astra-migrate-meta-layouts":"default","ast-page-background-enabled":"default","ast-page-background-meta":{"desktop":{"background-color":"var(--ast-global-color-4)","background-image":"","background-repeat":"repeat","background-position":"center center","background-size":"auto","background-attachment":"scroll","background-type":"","background-media":"","overlay-type":"","overlay-color":"","overlay-opacity":"","overlay-gradient":""},"tablet":{"background-color":"","background-image":"","background-repeat":"repeat","background-position":"center center","background-size":"auto","background-attachment":"scroll","background-type":"","background-media":"","overlay-type":"","overlay-color":"","overlay-opacity":"","overlay-gradient":""},"mobile":{"background-color":"","background-image":"","background-repeat":"repeat","background-position":"center center","background-size":"auto","background-attachment":"scroll","background-type":"","background-media":"","overlay-type":"","overlay-color":"","overlay-opacity":"","overlay-gradient":""}},"ast-content-background-meta":{"desktop":{"background-color":"var(--ast-global-color-5)","background-image":"","background-repeat":"repeat","background-position":"center center","background-size":"auto","background-attachment":"scroll","background-type":"","background-media":"","overlay-type":"","overlay-color":"","overlay-opacity":"","overlay-gradient":""},"tablet":{"background-color":"var(--ast-global-color-5)","background-image":"","background-repeat":"repeat","background-position":"center center","background-size":"auto","background-attachment":"scroll","background-type":"","background-media":"","overlay-type":"","overlay-color":"","overlay-opacity":"","overlay-gradient":""},"mobile":{"background-color":"var(--ast-global-color-5)","background-image":"","background-repeat":"repeat","background-position":"center center","background-size":"auto","background-attachment":"scroll","background-type":"","background-media":"","overlay-type":"","overlay-color":"","overlay-opacity":"","overlay-gradient":""}}},"product_brand":[],"product_cat":[77],"product_tag":[169,170,171,172,173],"class_list":{"0":"post-1336","1":"product","2":"type-product","3":"status-publish","4":"has-post-thumbnail","6":"product_cat-buy-hash-online","7":"product_tag-buy-hash-online","8":"product_tag-buy-hash-online-in-europe","9":"product_tag-buy-hash-online-reddit","10":"product_tag-edibles-in-germany","11":"product_tag-weedzy-reddit","12":"desktop-align-center","13":"tablet-align-left","14":"mobile-align-left","16":"first","17":"instock","18":"shipping-taxable","19":"purchasable","20":"product-type-variable"},"uagb_featured_image_src":{"full":["https:\/\/caliweedeurope.com\/wp-content\/uploads\/2024\/11\/Iso-hash-300x300-1-1.jpg",300,300,false],"thumbnail":["https:\/\/caliweedeurope.com\/wp-content\/uploads\/2024\/11\/Iso-hash-300x300-1-1-150x150.jpg",150,150,true],"medium":["https:\/\/caliweedeurope.com\/wp-content\/uploads\/2024\/11\/Iso-hash-300x300-1-1.jpg",300,300,false],"medium_large":["https:\/\/caliweedeurope.com\/wp-content\/uploads\/2024\/11\/Iso-hash-300x300-1-1.jpg",300,300,false],"large":["https:\/\/caliweedeurope.com\/wp-content\/uploads\/2024\/11\/Iso-hash-300x300-1-1.jpg",300,300,false],"1536x1536":["https:\/\/caliweedeurope.com\/wp-content\/uploads\/2024\/11\/Iso-hash-300x300-1-1.jpg",300,300,false],"2048x2048":["https:\/\/caliweedeurope.com\/wp-content\/uploads\/2024\/11\/Iso-hash-300x300-1-1.jpg",300,300,false],"trp-custom-language-flag":["https:\/\/caliweedeurope.com\/wp-content\/uploads\/2024\/11\/Iso-hash-300x300-1-1.jpg",12,12,false],"woocommerce_thumbnail":["https:\/\/caliweedeurope.com\/wp-content\/uploads\/2024\/11\/Iso-hash-300x300-1-1.jpg",300,300,false],"woocommerce_single":["https:\/\/caliweedeurope.com\/wp-content\/uploads\/2024\/11\/Iso-hash-300x300-1-1.jpg",300,300,false],"woocommerce_gallery_thumbnail":["https:\/\/caliweedeurope.com\/wp-content\/uploads\/2024\/11\/Iso-hash-300x300-1-1-100x100.jpg",100,100,true]},"uagb_author_info":{"display_name":"jetskiforsaleuk@gmail.com","author_link":"https:\/\/caliweedeurope.com\/fr\/author\/"},"uagb_comment_info":0,"uagb_excerpt":"Iso hash is the product of a isopropyl alcohol extraction. QWISO is an acronym for Quick Wash Isopropyl Alcohol hash, a popular technique for creating iso hash. Using alcohol as a solvent is incredibly cheap, however the flavour isn\u2019t as comparable to other solvents\/methods. The product depends on the quality of the cannabis and extraction.","_links":{"self":[{"href":"https:\/\/caliweedeurope.com\/fr\/wp-json\/wp\/v2\/product\/1336"}],"collection":[{"href":"https:\/\/caliweedeurope.com\/fr\/wp-json\/wp\/v2\/product"}],"about":[{"href":"https:\/\/caliweedeurope.com\/fr\/wp-json\/wp\/v2\/types\/product"}],"replies":[{"embeddable":true,"href":"https:\/\/caliweedeurope.com\/fr\/wp-json\/wp\/v2\/comments?post=1336"}],"wp:featuredmedia":[{"embeddable":true,"href":"https:\/\/caliweedeurope.com\/fr\/wp-json\/wp\/v2\/media\/1351"}],"wp:attachment":[{"href":"https:\/\/caliweedeurope.com\/fr\/wp-json\/wp\/v2\/media?parent=1336"}],"wp:term":[{"taxonomy":"product_brand","embeddable":true,"href":"https:\/\/caliweedeurope.com\/fr\/wp-json\/wp\/v2\/product_brand?post=1336"},{"taxonomy":"product_cat","embeddable":true,"href":"https:\/\/caliweedeurope.com\/fr\/wp-json\/wp\/v2\/product_cat?post=1336"},{"taxonomy":"product_tag","embeddable":true,"href":"https:\/\/caliweedeurope.com\/fr\/wp-json\/wp\/v2\/product_tag?post=1336"}],"curies":[{"name":"wp","href":"https:\/\/api.w.org\/{rel}","templated":true}]}}