{"id":1367,"date":"2024-11-03T21:32:34","date_gmt":"2024-11-03T21:32:34","guid":{"rendered":"https:\/\/caliweedeurope.com\/?post_type=product&#038;p=1367"},"modified":"2024-11-03T21:32:48","modified_gmt":"2024-11-03T21:32:48","slug":"buy-white-runtz-online","status":"publish","type":"product","link":"https:\/\/caliweedeurope.com\/fr\/product\/buy-white-runtz-online\/","title":{"rendered":"Buy White Runtz Online"},"content":{"rendered":"<p>White Runtz<br \/> White Runtz USA White runtz for wholesale Order real white runtz deliveries . Buy One of the biggest strains in California right now is the Runtz weed strain. This Indica dominant cannabis strain is the Nero Cut edition, it\u2019s a cross between Zkittlez and Gelato. Nero is part owner of the Runtz brand.<\/p>\n<p>The White Runtz strain is basically Runtz covered in THC with the same sweet taste.The nugs are dense and covered completely in trichomes. The strain is a purple weed covered in white trichomes, the name of this strain really describes it adequate. Buy white runtz online<\/p>\n<p>One of the biggest strains in California right now is the Runtz weed strain. We were lucky to write this review without any worries about receiving any fakes because we got it directly from Noro in the Bay Area. This Indica dominant cannabis strain is the Nero Cut edition, it\u2019s a cross between Zkittlez and Gelato. Nero is part owner of the Runtz brand. The White Runtz strain is basically Runtz covered in THC with the same sweet taste.White runtz online deliveries<\/p>\n<p>A clients experience White runtz for wholesale Buy white runtz. I tried smoking this strain with a backwood and portable dry herb vaporizer. The high was incredible from both smoking sessions with this strain. This is the kind of high-quality weed that is meant for vaping in a dry herb vaporizer. The high from vaping weed was intense and much stronger than smoking it with a backwood. I also notice the high last a lot longer from vaping it. This is the type of cannabis where a lot of it is not required if your vaping it. Order real weed<\/p>\n<p>White Runtz Strain<br \/> One of the biggest strains in California right now is the Runtz weed strain. We were lucky to write this review without any worries about receiving any fakes because we got it directly from Nero in the Bay Area. This Indica dominant cannabis strain is the Nero Cut edition, it\u2019s a cross between Zkittlez and Gelato. Nero is part owner of the Runtz brand. The White Runtz strain is basically Runtz covered in THC with the same sweet taste.<\/p>\n<p>The nugs are dense and covered completely in trichomes. The weed strain is a purple weed covered in white trichomes, the name of this strain really describes it adequately.<\/p>\n<p>weed strain<br \/> I tried smoking this strain with a backwood and portable dry herb vaporizer. The high was incredible from both smoking sessions with this strain. This is the kind of high-quality weed that is meant for vaping in a dry herb vaporizer. The high from vaping weed was intense and much stronger than smoking it with a backwood. I also notice the high last a lot longer from vaping it. This is the type of cannabis where a lot of it is not required if your vaping it.<\/p>\n<p>Flavor<br \/> I remember hitting the White Runtz in the backwood and thinking to myself this tasted like some really good weed. This strain had a little hint of sweetness and fruity taste to it. The taste is more of a premium tasting cannabis that\u2019s clean with no harshness. The ash burned white when we smoked this cannabis strain which gives us confidence it was flushed out quite efficiently. The flavor was definitely one of our favorite highlight for this review.Buy white runtz at exotic cana<\/p>\n<p>One of the biggest strains in California right now is the Runtz weed strain. We were lucky to write this review without any worries about receiving any fakes because we got it directly from Nero in the Bay Area. This Indica dominant cannabis strain is the Nero Cut edition, it\u2019s a cross between Zkittlez and Gelato. Nero is part owner of the Runtz brand. The White Runtz strain is basically Runtz covered in THC with the same sweet taste.<\/p>\n<p>The nugs are dense and covered completely in trichomes. The weed strain is a purple weed covered in white trichomes, the name of this strain really describes it adequately.<\/p>\n<p>weed strain<br \/> I tried smoking this strain with a backwood and portable dry herb vaporizer. The high was incredible from both smoking sessions with this strain. This is the kind of high-quality weed that is meant for vaping in a dry herb vaporizer. The high from vaping White Runtz weed was intense and much stronger than smoking it with a backwood. I also notice the high last a lot longer from vaping it. This is the type of cannabis where a lot of it is not required if your vaping it.<\/p>\n<p>Flavor<br \/> white runtz strain<br \/> I remember hitting the White Runtz in the backwood and thinking to myself this tasted like some really good weed. This strain had a little hint of sweetness and fruity taste to it. The taste is more of a premium tasting cannabis that\u2019s clean with no harshness. The ash burned white when we smoked this cannabis strain which gives us confidence it was flushed out quite efficiently. The flavor was definitely one of our favorite highlight for this review.Buy white runtz at exotic canabis shop today.Shop for danks here too.<\/p>\n<p>white runts<br \/> white runtz weed<br \/> white runtz weed dispensary<br \/> white runtz weed strain thc<br \/> marijuana strain white runtz<br \/> white runtz cannabis<br \/> buy white runtz<br \/> exotic white runtz, runtz buy online<br \/> white runtz price<br \/> buy runtz weed online<br \/> where can i buy runtz<br \/> white runtz logo<br \/> white runtz strain vs original runtz<br \/> white runtz seeds<br \/> white runtz cartridgewhite runtz seeds<br \/> where to buy runtz seeds<br \/> runtz strain buy<br \/> buy runtz weed online<br \/> white runtz strain price<br \/> white runtz strain review<br \/> runtz seeds sold in us<br \/> white runtz weed strain<\/p>","protected":false},"excerpt":{"rendered":"<p>Vrai Runtz, pas Fruntz. Achetez du Runtz pas cher en ligne. Achetez du Runtz original en ligne. Achetez du Banana Runtz en ligne. L'une des plus grandes vari\u00e9t\u00e9s en Californie en ce moment est la vari\u00e9t\u00e9 de cannabis Runtz. Cette vari\u00e9t\u00e9 de cannabis dominante Indica est l'\u00e9dition Nero Cut, crois\u00e9e entre Zkittlez et Gelato. Nero est copropri\u00e9taire de la marque Runtz. Vari\u00e9t\u00e9 Runtz.<\/p>","protected":false},"featured_media":1391,"comment_status":"closed","ping_status":"closed","template":"","meta":{"_uag_custom_page_level_css":"","site-sidebar-layout":"default","site-content-layout":"","ast-site-content-layout":"","site-content-style":"default","site-sidebar-style":"default","ast-global-header-display":"","ast-banner-title-visibility":"","ast-main-header-display":"","ast-hfb-above-header-display":"","ast-hfb-below-header-display":"","ast-hfb-mobile-header-display":"","site-post-title":"","ast-breadcrumbs-content":"","ast-featured-img":"","footer-sml-layout":"","theme-transparent-header-meta":"","adv-header-id-meta":"","stick-header-meta":"","header-above-stick-meta":"","header-main-stick-meta":"","header-below-stick-meta":"","astra-migrate-meta-layouts":"default","ast-page-background-enabled":"default","ast-page-background-meta":{"desktop":{"background-color":"var(--ast-global-color-4)","background-image":"","background-repeat":"repeat","background-position":"center center","background-size":"auto","background-attachment":"scroll","background-type":"","background-media":"","overlay-type":"","overlay-color":"","overlay-opacity":"","overlay-gradient":""},"tablet":{"background-color":"","background-image":"","background-repeat":"repeat","background-position":"center center","background-size":"auto","background-attachment":"scroll","background-type":"","background-media":"","overlay-type":"","overlay-color":"","overlay-opacity":"","overlay-gradient":""},"mobile":{"background-color":"","background-image":"","background-repeat":"repeat","background-position":"center center","background-size":"auto","background-attachment":"scroll","background-type":"","background-media":"","overlay-type":"","overlay-color":"","overlay-opacity":"","overlay-gradient":""}},"ast-content-background-meta":{"desktop":{"background-color":"var(--ast-global-color-5)","background-image":"","background-repeat":"repeat","background-position":"center center","background-size":"auto","background-attachment":"scroll","background-type":"","background-media":"","overlay-type":"","overlay-color":"","overlay-opacity":"","overlay-gradient":""},"tablet":{"background-color":"var(--ast-global-color-5)","background-image":"","background-repeat":"repeat","background-position":"center center","background-size":"auto","background-attachment":"scroll","background-type":"","background-media":"","overlay-type":"","overlay-color":"","overlay-opacity":"","overlay-gradient":""},"mobile":{"background-color":"var(--ast-global-color-5)","background-image":"","background-repeat":"repeat","background-position":"center center","background-size":"auto","background-attachment":"scroll","background-type":"","background-media":"","overlay-type":"","overlay-color":"","overlay-opacity":"","overlay-gradient":""}}},"product_brand":[],"product_cat":[60],"product_tag":[],"class_list":{"0":"post-1367","1":"product","2":"type-product","3":"status-publish","4":"has-post-thumbnail","6":"product_cat-buy-runtz-online","7":"desktop-align-center","8":"tablet-align-left","9":"mobile-align-left","11":"first","12":"instock","13":"shipping-taxable","14":"purchasable","15":"product-type-variable"},"uagb_featured_image_src":{"full":["https:\/\/caliweedeurope.com\/wp-content\/uploads\/2024\/11\/1569881395-White_Runtz_3.5g_Jar_Render_02.jpg",770,770,false],"thumbnail":["https:\/\/caliweedeurope.com\/wp-content\/uploads\/2024\/11\/1569881395-White_Runtz_3.5g_Jar_Render_02-150x150.jpg",150,150,true],"medium":["https:\/\/caliweedeurope.com\/wp-content\/uploads\/2024\/11\/1569881395-White_Runtz_3.5g_Jar_Render_02-300x300.jpg",300,300,true],"medium_large":["https:\/\/caliweedeurope.com\/wp-content\/uploads\/2024\/11\/1569881395-White_Runtz_3.5g_Jar_Render_02-768x768.jpg",768,768,true],"large":["https:\/\/caliweedeurope.com\/wp-content\/uploads\/2024\/11\/1569881395-White_Runtz_3.5g_Jar_Render_02.jpg",770,770,false],"1536x1536":["https:\/\/caliweedeurope.com\/wp-content\/uploads\/2024\/11\/1569881395-White_Runtz_3.5g_Jar_Render_02.jpg",770,770,false],"2048x2048":["https:\/\/caliweedeurope.com\/wp-content\/uploads\/2024\/11\/1569881395-White_Runtz_3.5g_Jar_Render_02.jpg",770,770,false],"trp-custom-language-flag":["https:\/\/caliweedeurope.com\/wp-content\/uploads\/2024\/11\/1569881395-White_Runtz_3.5g_Jar_Render_02.jpg",12,12,false],"woocommerce_thumbnail":["https:\/\/caliweedeurope.com\/wp-content\/uploads\/2024\/11\/1569881395-White_Runtz_3.5g_Jar_Render_02-300x300.jpg",300,300,true],"woocommerce_single":["https:\/\/caliweedeurope.com\/wp-content\/uploads\/2024\/11\/1569881395-White_Runtz_3.5g_Jar_Render_02-600x600.jpg",600,600,true],"woocommerce_gallery_thumbnail":["https:\/\/caliweedeurope.com\/wp-content\/uploads\/2024\/11\/1569881395-White_Runtz_3.5g_Jar_Render_02-100x100.jpg",100,100,true]},"uagb_author_info":{"display_name":"jetskiforsaleuk@gmail.com","author_link":"https:\/\/caliweedeurope.com\/fr\/author\/"},"uagb_comment_info":0,"uagb_excerpt":"Real Runtz not Fruntz Buy Cheap Runtz Online Buy Original Runtz Online Buy Banana Runtz Online One of the biggest strains in California right now is the Runtz weed strain. This Indica dominant cannabis strain is the Nero Cut edition, it\u2019s a cross between Zkittlez and Gelato. Nero is part owner of the Runtz brand.","_links":{"self":[{"href":"https:\/\/caliweedeurope.com\/fr\/wp-json\/wp\/v2\/product\/1367"}],"collection":[{"href":"https:\/\/caliweedeurope.com\/fr\/wp-json\/wp\/v2\/product"}],"about":[{"href":"https:\/\/caliweedeurope.com\/fr\/wp-json\/wp\/v2\/types\/product"}],"replies":[{"embeddable":true,"href":"https:\/\/caliweedeurope.com\/fr\/wp-json\/wp\/v2\/comments?post=1367"}],"wp:featuredmedia":[{"embeddable":true,"href":"https:\/\/caliweedeurope.com\/fr\/wp-json\/wp\/v2\/media\/1391"}],"wp:attachment":[{"href":"https:\/\/caliweedeurope.com\/fr\/wp-json\/wp\/v2\/media?parent=1367"}],"wp:term":[{"taxonomy":"product_brand","embeddable":true,"href":"https:\/\/caliweedeurope.com\/fr\/wp-json\/wp\/v2\/product_brand?post=1367"},{"taxonomy":"product_cat","embeddable":true,"href":"https:\/\/caliweedeurope.com\/fr\/wp-json\/wp\/v2\/product_cat?post=1367"},{"taxonomy":"product_tag","embeddable":true,"href":"https:\/\/caliweedeurope.com\/fr\/wp-json\/wp\/v2\/product_tag?post=1367"}],"curies":[{"name":"wp","href":"https:\/\/api.w.org\/{rel}","templated":true}]}}