{"id":1428,"date":"2024-11-03T21:32:51","date_gmt":"2024-11-03T21:32:51","guid":{"rendered":"https:\/\/caliweedeurope.com\/?post_type=product&#038;p=1428"},"modified":"2024-11-03T21:33:26","modified_gmt":"2024-11-03T21:33:26","slug":"gelato-weed-strain-for-sale","status":"publish","type":"product","link":"https:\/\/caliweedeurope.com\/fr\/product\/gelato-weed-strain-for-sale\/","title":{"rendered":"Gelato Weed strain For sale"},"content":{"rendered":"<h1><\/h1>\n<h1>\u00a0Achetez la vari\u00e9t\u00e9 Gelato Weed \u2013 Cannabis exotique haut de gamme<\/h1>\n<p class=\"translation-block\">Une autre vari\u00e9t\u00e9 de classe sup\u00e9rieure de Deligentman.com\u00a0! <span style=\"font-size: 14pt\"><strong>Gelato Weed<\/strong><\/span> est le r\u00e9sultat du croisement entre Thin Mint Girl Scout Cookies et Sunset Sherbet, deux vari\u00e9t\u00e9s c\u00e9l\u00e8bres pour leurs ar\u00f4mes et saveurs incroyablement d\u00e9licieux. La vari\u00e9t\u00e9 Gelato pr\u00e9sente des ar\u00f4mes et saveurs d\u00e9crits comme terreux, sucr\u00e9s, menthol\u00e9s, d\u2019agrumes, de baies, bois\u00e9s, de sherbet, d\u2019orange, de lavande et de biscuit. La plante Gelato est courte et robuste. Ses feuilles sont vert for\u00eat avec des nuances violet fonc\u00e9. Les bourgeons de Gelato sont d\u2019un violet fonc\u00e9 travers\u00e9s de pistils orange vif. Ses bourgeons sont collants avec une couverture moyenne de cristaux de trichomes.<\/p>\n<p>La vari\u00e9t\u00e9 Gelato de marijuana poss\u00e8de des niveaux \u00e9lev\u00e9s de THC allant de 15 \u00e0 25 %, ce qui en fait une vari\u00e9t\u00e9 assez puissante. Les effets hybrides de THC Design sont bien \u00e9quilibr\u00e9s \u2013 un m\u00e9lange int\u00e9ressant de dynamisme et de relaxation. Si vous recherchez un effet corporel d\u2019indica att\u00e9nu\u00e9 par une clart\u00e9 de sativa qui vous maintient suffisamment actif pour profiter des effets d\u2019une vari\u00e9t\u00e9, celle-ci est faite pour vous. Ses effets sont rapides, commen\u00e7ant par une mont\u00e9e euphorique et une sensation de joie intense. L'effet c\u00e9r\u00e9bral qu\u2019elle procure est b\u00e9at et stimulant. Une sensation corporelle progressive s\u2019impose peu \u00e0 peu jusqu\u2019\u00e0 ce que vous vous sentiez compl\u00e8tement d\u00e9tendu et calme, tout en offrant suffisamment d'\u00e9nergie et de concentration pour rester positif et sociable.<\/p>\n<p class=\"translation-block\">Achetez Gelato 45 UK<b>,\u00a0<\/b>Gelato\u00a0<b>#45 vs 33 achetez \u00e9galement <\/b>Gelato 45\u00a0<b>allbud,\u00a0<\/b>Gelato\u00a0<b>41<\/b>-vari\u00e9t\u00e9,\u00a0Gelato\u00a0<b>#45 rendement,\u00a0<\/b>Gelato 45-vari\u00e9t\u00e9\u00a0<b>Smart Cart,\u00a0<\/b>Gelato 45\u00a0<b>vs 33,\u00a0<\/b>Gelato 45-vari\u00e9t\u00e9\u00a0<b>Indica ou Sativa,\u00a0<\/b><b>Gelati vs<\/b>\u00a0Gelato-vari\u00e9t\u00e9,\u00a0Gelato-vari\u00e9t\u00e9\u00a0<b>45,\u00a0<\/b><b>Shark<\/b>-Gelato-vari\u00e9t\u00e9,\u00a0Gelato\u00a0<b>41<\/b>-vari\u00e9t\u00e9,\u00a0<b>Wedding Cake<\/b>-vari\u00e9t\u00e9,\u00a0<b>Blueberry<\/b>-Gelato-vari\u00e9t\u00e9,\u00a0<b>Lemon<\/b>-Gelato-vari\u00e9t\u00e9, cannabis<\/p>\n<h3>Avantages m\u00e9dicaux de l'utilisation de la vari\u00e9t\u00e9 hybride Gelato Weed<\/h3>\n<p>L\u2019effet c\u00e9r\u00e9bral l\u00e9ger de Gelato, combin\u00e9 \u00e0 sa relaxation corporelle simultan\u00e9e, en fait un favori pour les troubles anxieux et le stress chronique. Gelato offre un regain d'\u00e9nergie c\u00e9r\u00e9brale qui peut aider \u00e0 soulager la d\u00e9pression chronique. Cette stimulation peut \u00e9galement \u00eatre b\u00e9n\u00e9fique pour les patients atteints de troubles de l\u2019attention tels que le TDAH et le TDA. La composante Indica d\u00e9tendra le corps pour supprimer l\u2019hyperactivit\u00e9, tandis que la Sativa fournira la stimulation n\u00e9cessaire pour une concentration soutenue. La vari\u00e9t\u00e9 Gelato aidera \u00e0 soulager les naus\u00e9es gr\u00e2ce \u00e0 sa saveur et son ar\u00f4me all\u00e9chants ; de plus, cette vari\u00e9t\u00e9 de cannabis Gelato stimulera \u00e9galement l'app\u00e9tit des patients souffrant de naus\u00e9es dues \u00e0 une chimioth\u00e9rapie contre le cancer ou des maladies auto-immunes.<\/p>\n<h3>Effets de la vari\u00e9t\u00e9 de marijuana Gelato 45<\/h3>\n<ul>\n<li>Heureux<\/li>\n<li>Euphorique<\/li>\n<li>D\u00e9tendu<\/li>\n<li>\u00c9lev\u00e9<\/li>\n<li>Cr\u00e9atif<\/li>\n<\/ul>\n<p>Classification : 55% Indica \/ 45% Sativa<\/p>\n<p>Parent\u00e9 : Thin Mint Girl Scout Cookies X Sunset Sherbet<\/p>\n<p>Floraison : 8 \u2013 9 semaines<\/p>\n<p>Conditions de culture : Int\u00e9rieur \/ Ext\u00e9rieur<\/p>\n<p>Rendement : Moyen \u00e0 \u00c9lev\u00e9<\/p>\n<p>&nbsp;<\/p>\n<div id=\"extrares\">\n<div id=\"botstuff\">\n<div data-ved=\"2ahUKEwjOnKHOuNLqAhVbHzQIHWV0BAUQCHoECA0QKA\">\n<div id=\"brs\" data-hveid=\"CAwQAA\">\n<div class=\"card-section\">\n<div class=\"brs_col\">\n<p class=\"nVcaUb translation-block\">Achetez Gelato 45 UK<b>, o\u00f9 acheter <\/b>Gelato\u00a0<b>#45 vs 33, <\/b>Gelato 45\u00a0<b>tout le bud en vente, <\/b>Gelato\u00a0<b>41<\/b> vari\u00e9t\u00e9, Gelato\u00a0<b>#45 rendement, <\/b>Gelato 45 vari\u00e9t\u00e9\u00a0<b>smart cart, <\/b>Gelato 45\u00a0<b>vs 33, <\/b>Gelato 45 vari\u00e9t\u00e9\u00a0<b>indica ou sativa, <\/b><b>gelati vs<\/b> vari\u00e9t\u00e9 gelato, vari\u00e9t\u00e9 gelato\u00a0<b>45, vous pouvez \u00e9galement acheter <\/b><b>shark<\/b> gelato vari\u00e9t\u00e9, Gelato\u00a0<b>41<\/b> vari\u00e9t\u00e9, <b>wedding cake<\/b> vari\u00e9t\u00e9, <b>blueberry<\/b> gelato vari\u00e9t\u00e9, <b>sherbet<\/b> vari\u00e9t\u00e9, <b>lemon<\/b> gelato vari\u00e9t\u00e9. Vous pouvez acheter Gelato <a href=\"https:\/\/kifpot.com\/\" target=\"_blank\" rel=\"noopener\">CBD fleurs de chanvre<\/a><\/p>\n<p class=\"translation-block\"><a href=\"https:\/\/deligentman.com\/buy-cannabis-online-uk\/\" target=\"_blank\" rel=\"noopener\"><span style=\"font-weight: 400\">Notre boutique<\/span><\/a><span style=\"font-weight: 400\"> est l'une des meilleures boutiques pour acheter du cannabis en ligne au Royaume-Uni, en Europe, aux \u00c9tats-Unis et dans l'UE, avec ou sans carte m\u00e9dicale. Nous avons \u00e9galement des souches de cannabis haut de gamme \u00e0 vendre. Cannabis d'Irlande \u00e0 vendre aux USA. Nous offrons une livraison gratuite au Royaume-Uni, en Europe et aux \u00c9tats-Unis. Aquatic Weed Cutter \u00e0 vendre au Royaume-Uni. Comment acheter du cannabis en ligne, <\/span><span style=\"font-weight: 400\">commandez du cannabis en ligne au Royaume-Uni, aux USA, dans l'UE. <\/span>Achetez du cannabis en ligne, vous pouvez commander du cannabis &amp; du cannabis en ligne au Royaume-Uni. Nous livrons rapidement avec une livraison le lendemain. Obtenez du cannabis &amp; du cannabis en vente dans le supermarch\u00e9 de cannabis au Royaume-Uni. Achetez du cannabis en ligne au Royaume-Uni et commandez du cannabis UK, Achetez de la marijuana en ligne au Royaume-Uni. Nous livrons rapidement avec une livraison le lendemain. Cannabis \u00e0 vendre au Royaume-Uni. Aquatic Weed Cutter \u00e0 vendre au Royaume-Uni. Comment acheter du cannabis en ligne.<\/p>\n<\/p><\/div>\n<\/p><\/div>\n<\/p><\/div>\n<\/p><\/div>\n<\/p><\/div>\n<\/p><\/div>\n<div>\n<div id=\"foot\" role=\"navigation\">\n<div class=\"brs_col\">\n<p class=\"nVcaUb\"> <\/div>\n<\/p><\/div>\n<\/p><\/div>","protected":false},"excerpt":{"rendered":"<p>La Gelato Weed combine le charme doux et fruit\u00e9 de Sunset Sherbert avec la richesse herbac\u00e9e et terreuse de Thin Mints. Avec une disponibilit\u00e9 limit\u00e9e et un look audacieux ainsi qu\u2019un go\u00fbt unique, cette vari\u00e9t\u00e9 s\u2019inscrit dans une cat\u00e9gorie \u00e9mergente d\u2019hybrides artisanaux de la c\u00f4te ouest, ax\u00e9e sur le go\u00fbt. H\u00e9ritant de nombreuses caract\u00e9ristiques d\u00e9sirables de sa lign\u00e9e fortement crois\u00e9e, Gelato se distingue par son apparence et son go\u00fbt exceptionnels. Son ambiance psych\u00e9d\u00e9lique mais relaxante en fait un choix parfait pour une introspection en solo ou des conversations anim\u00e9es.<a href=\"http:\/\/kifpot.com\">.<\/a><\/p>","protected":false},"featured_media":1440,"comment_status":"closed","ping_status":"closed","template":"","meta":{"_uag_custom_page_level_css":"","site-sidebar-layout":"default","site-content-layout":"","ast-site-content-layout":"","site-content-style":"default","site-sidebar-style":"default","ast-global-header-display":"","ast-banner-title-visibility":"","ast-main-header-display":"","ast-hfb-above-header-display":"","ast-hfb-below-header-display":"","ast-hfb-mobile-header-display":"","site-post-title":"","ast-breadcrumbs-content":"","ast-featured-img":"","footer-sml-layout":"","theme-transparent-header-meta":"","adv-header-id-meta":"","stick-header-meta":"","header-above-stick-meta":"","header-main-stick-meta":"","header-below-stick-meta":"","astra-migrate-meta-layouts":"default","ast-page-background-enabled":"default","ast-page-background-meta":{"desktop":{"background-color":"var(--ast-global-color-4)","background-image":"","background-repeat":"repeat","background-position":"center center","background-size":"auto","background-attachment":"scroll","background-type":"","background-media":"","overlay-type":"","overlay-color":"","overlay-opacity":"","overlay-gradient":""},"tablet":{"background-color":"","background-image":"","background-repeat":"repeat","background-position":"center center","background-size":"auto","background-attachment":"scroll","background-type":"","background-media":"","overlay-type":"","overlay-color":"","overlay-opacity":"","overlay-gradient":""},"mobile":{"background-color":"","background-image":"","background-repeat":"repeat","background-position":"center center","background-size":"auto","background-attachment":"scroll","background-type":"","background-media":"","overlay-type":"","overlay-color":"","overlay-opacity":"","overlay-gradient":""}},"ast-content-background-meta":{"desktop":{"background-color":"var(--ast-global-color-5)","background-image":"","background-repeat":"repeat","background-position":"center center","background-size":"auto","background-attachment":"scroll","background-type":"","background-media":"","overlay-type":"","overlay-color":"","overlay-opacity":"","overlay-gradient":""},"tablet":{"background-color":"var(--ast-global-color-5)","background-image":"","background-repeat":"repeat","background-position":"center center","background-size":"auto","background-attachment":"scroll","background-type":"","background-media":"","overlay-type":"","overlay-color":"","overlay-opacity":"","overlay-gradient":""},"mobile":{"background-color":"var(--ast-global-color-5)","background-image":"","background-repeat":"repeat","background-position":"center center","background-size":"auto","background-attachment":"scroll","background-type":"","background-media":"","overlay-type":"","overlay-color":"","overlay-opacity":"","overlay-gradient":""}}},"product_brand":[],"product_cat":[22,228],"product_tag":[229,230,231,232,233,234,235,236,237,238,239,240,241,242,243,244,245,246,247,248,138,249],"class_list":{"0":"post-1428","1":"product","2":"type-product","3":"status-publish","4":"has-post-thumbnail","6":"product_cat-hybrid","7":"product_cat-indica","8":"product_tag-blueberry-gelato-strain","9":"product_tag-buy-gelato-45-uk","10":"product_tag-buy-gelato-weed","11":"product_tag-buy-weed-online-uk","12":"product_tag-eu-buy-cannabis-online","13":"product_tag-europe","14":"product_tag-gelati-vs-gelato-strain","15":"product_tag-gelato-45-vs-33","16":"product_tag-gelato-45-yield","17":"product_tag-gelato-41-strain","18":"product_tag-gelato-45-allbud","19":"product_tag-gelato-45-strain-indica-or-sativa","20":"product_tag-gelato-45-strain-smart-cart","21":"product_tag-gelato-strain-45","22":"product_tag-how-to-buy-gelato-strain","23":"product_tag-lemon-gelato-strain","24":"product_tag-mail-order-weed-uk","25":"product_tag-order-weed-online-uk","26":"product_tag-shark-gelato-strain","27":"product_tag-usa","28":"product_tag-wedding-cake-strain","29":"product_tag-where-to-buy-gelato-weed","30":"desktop-align-center","31":"tablet-align-left","32":"mobile-align-left","34":"first","35":"instock","36":"sale","37":"shipping-taxable","38":"purchasable","39":"product-type-variable"},"uagb_featured_image_src":{"full":["https:\/\/caliweedeurope.com\/wp-content\/uploads\/2024\/11\/gelato__primary_0dc7.jpg",1040,1024,false],"thumbnail":["https:\/\/caliweedeurope.com\/wp-content\/uploads\/2024\/11\/gelato__primary_0dc7-150x150.jpg",150,150,true],"medium":["https:\/\/caliweedeurope.com\/wp-content\/uploads\/2024\/11\/gelato__primary_0dc7-300x295.jpg",300,295,true],"medium_large":["https:\/\/caliweedeurope.com\/wp-content\/uploads\/2024\/11\/gelato__primary_0dc7-768x756.jpg",768,756,true],"large":["https:\/\/caliweedeurope.com\/wp-content\/uploads\/2024\/11\/gelato__primary_0dc7-1024x1008.jpg",1024,1008,true],"1536x1536":["https:\/\/caliweedeurope.com\/wp-content\/uploads\/2024\/11\/gelato__primary_0dc7.jpg",1040,1024,false],"2048x2048":["https:\/\/caliweedeurope.com\/wp-content\/uploads\/2024\/11\/gelato__primary_0dc7.jpg",1040,1024,false],"trp-custom-language-flag":["https:\/\/caliweedeurope.com\/wp-content\/uploads\/2024\/11\/gelato__primary_0dc7.jpg",12,12,false],"woocommerce_thumbnail":["https:\/\/caliweedeurope.com\/wp-content\/uploads\/2024\/11\/gelato__primary_0dc7-300x300.jpg",300,300,true],"woocommerce_single":["https:\/\/caliweedeurope.com\/wp-content\/uploads\/2024\/11\/gelato__primary_0dc7-600x591.jpg",600,591,true],"woocommerce_gallery_thumbnail":["https:\/\/caliweedeurope.com\/wp-content\/uploads\/2024\/11\/gelato__primary_0dc7-100x100.jpg",100,100,true]},"uagb_author_info":{"display_name":"jetskiforsaleuk@gmail.com","author_link":"https:\/\/caliweedeurope.com\/fr\/author\/"},"uagb_comment_info":0,"uagb_excerpt":"Gelato Weed has all the smooth and fruity appeal of Sunset Sherbert with the earthy, herbal goodness of Thin Mints. With limited availability and a bold look and taste, this strain falls into an emerging category of west coast craft hybrids that are focused on taste. Carrying multiple desirable traits from its heavily crossbred lineage,\u2026","_links":{"self":[{"href":"https:\/\/caliweedeurope.com\/fr\/wp-json\/wp\/v2\/product\/1428"}],"collection":[{"href":"https:\/\/caliweedeurope.com\/fr\/wp-json\/wp\/v2\/product"}],"about":[{"href":"https:\/\/caliweedeurope.com\/fr\/wp-json\/wp\/v2\/types\/product"}],"replies":[{"embeddable":true,"href":"https:\/\/caliweedeurope.com\/fr\/wp-json\/wp\/v2\/comments?post=1428"}],"wp:featuredmedia":[{"embeddable":true,"href":"https:\/\/caliweedeurope.com\/fr\/wp-json\/wp\/v2\/media\/1440"}],"wp:attachment":[{"href":"https:\/\/caliweedeurope.com\/fr\/wp-json\/wp\/v2\/media?parent=1428"}],"wp:term":[{"taxonomy":"product_brand","embeddable":true,"href":"https:\/\/caliweedeurope.com\/fr\/wp-json\/wp\/v2\/product_brand?post=1428"},{"taxonomy":"product_cat","embeddable":true,"href":"https:\/\/caliweedeurope.com\/fr\/wp-json\/wp\/v2\/product_cat?post=1428"},{"taxonomy":"product_tag","embeddable":true,"href":"https:\/\/caliweedeurope.com\/fr\/wp-json\/wp\/v2\/product_tag?post=1428"}],"curies":[{"name":"wp","href":"https:\/\/api.w.org\/{rel}","templated":true}]}}