{"id":1449,"date":"2024-11-03T21:33:04","date_gmt":"2024-11-03T21:33:04","guid":{"rendered":"https:\/\/caliweedeurope.com\/?post_type=product&#038;p=1449"},"modified":"2024-11-03T21:33:26","modified_gmt":"2024-11-03T21:33:26","slug":"buy-710-kingpen-vape-cartridges","status":"publish","type":"product","link":"https:\/\/caliweedeurope.com\/fr\/product\/buy-710-kingpen-vape-cartridges\/","title":{"rendered":"Achetez des cartouches de vape 710 Kingpen"},"content":{"rendered":"<h1><strong>ACHETER 710 KINGPEN VAPE-CARTOUCHES UK LIVRAISON EN LIGNE PAS CHER EUROPE<\/strong><\/h1>\n<p>Vous cherchez \u00e0 acheter des cartouches 710 KingPen en ligne ou \u00e0 livrer un stylo vape 710 KingPen ? <a href=\"https:\/\/weedmaps.com\/brands\/710-kingpen\" target=\"_blank\" rel=\"noopener noreferrer\">710 KingPen<\/a>\u00a0est le vaporisateur personnel de marijuana \/ THC de LoudPack Extracts, ou \"Vape Pen\". Cet appareil a gagn\u00e9 en popularit\u00e9 ces derni\u00e8res ann\u00e9es, car les produits du tabac ont adopt\u00e9 un aspect et une sensation similaires avec leur version du vape pen appel\u00e9e E-Cigs, et le stigma associ\u00e9 \u00e0 l'usage de la marijuana continue de dispara\u00eetre.\u00a0<a href=\"https:\/\/www.leafly.com\/brands\/710-kingpen\" target=\"_blank\" rel=\"noopener noreferrer\">710 KingPen<\/a>\u00a0est le vaporisateur portable de nouvelle g\u00e9n\u00e9ration, con\u00e7u pour chauffer le produit \u00e0 une temp\u00e9rature juste en dessous du niveau de combustion, afin qu'il produise de la vapeur qui est inhal\u00e9e, au lieu de la fum\u00e9e. De nombreux patients m\u00e9dicaux de cannabis qui ne peuvent pas fumer comptent sur cette m\u00e9thode de m\u00e9dication. Il est bien connu dans le domaine m\u00e9dical que les canc\u00e9rog\u00e8nes associ\u00e9s au tabagisme sont beaucoup plus dangereux que la m\u00e9thode de vaporisation. Et comme le 710 KingPen offre un moyen discret d'utiliser du cannabis m\u00e9dical en public, il est naturellement en forte demande, m\u00eame sur les march\u00e9s r\u00e9cr\u00e9atifs. Achetez des cartouches 710 Kingpen Vape.<\/p>\n<h2 class=\"css-1jisqi6\">7 Avantages et utilisations de l'huile de CBD (plus les effets secondaires)<\/h2>\n<p>Le cannabidiol est un rem\u00e8de naturel populaire utilis\u00e9 pour de nombreux maux courants. Mieux connu sous le nom de CBD, il fait partie des plus de 100 compos\u00e9s chimiques appel\u00e9s cannabino\u00efdes que l'on trouve dans la plante de cannabis ou de marijuana.\u00a0<em>Cannabis sativa<\/em>. Achetez des cartouches de vape 710 Kingpen<\/p>\n<p>Le t\u00e9trahydrocannabinol (THC) est le principal cannabino\u00efde psychoactif que l'on trouve dans le cannabis, et il provoque la sensation de \"planer\" souvent associ\u00e9e \u00e0 la marijuana. Cependant,\u00a0<a class=\"content-link css-5r4717\" href=\"https:\/\/www.healthline.com\/health\/cbd-vs-thc\" target=\"_blank\" rel=\"noopener noreferrer\">unlike THC<\/a>, Le CBD n'est pas psychoactif.<\/p>\n<p>Cette qualit\u00e9 rend le CBD une option attrayante pour ceux qui recherchent un soulagement de la douleur et d'autres sympt\u00f4mes sans les effets psychotropes du cannabis ou de certains m\u00e9dicaments pharmaceutiques. L'huile de CBD est fabriqu\u00e9e en extrayant le CBD de la plante de cannabis, puis en le diluant avec une huile porteuse comme l'huile de coco ou de chanvre.<\/p>\n<p>Il gagne du terrain dans le monde de la sant\u00e9 et du bien-\u00eatre, certaines \u00e9tudes scientifiques confirmant qu\u2019il pourrait soulager des sympt\u00f4mes tels que les douleurs chroniques et l\u2019anxi\u00e9t\u00e9. Voici sept bienfaits pour la sant\u00e9 de l\u2019huile de CBD, \u00e9tay\u00e9s par des preuves scientifiques.<\/p>\n<h3>Peut soulager la douleur \u2013 Achetez des cartouches de vape 710 Kingpen Royaume-Uni, USA, Europe<\/h3>\n<p>Le cannabis est utilis\u00e9 pour traiter la douleur depuis 2900 av. J.-C. Plus r\u00e9cemment, les scientifiques ont d\u00e9couvert que certains composants du cannabis, y compris le CBD, sont responsables de ses effets analg\u00e9siques. Le corps humain contient un syst\u00e8me sp\u00e9cialis\u00e9 appel\u00e9\u00a0<a class=\"content-link css-5r4717\" href=\"https:\/\/www.healthline.com\/health\/endocannabinoid-system\" target=\"_blank\" rel=\"noopener noreferrer\">endocannabinoid system (ECS)<\/a>, qui intervient dans la r\u00e9gulation de diverses fonctions, notamment le sommeil, l\u2019app\u00e9tit, la douleur et la r\u00e9ponse immunitaire.<\/p>\n<p>Le corps produit des endocannabino\u00efdes, des neurotransmetteurs qui se lient aux r\u00e9cepteurs cannabino\u00efdes du syst\u00e8me nerveux. Des \u00e9tudes ont montr\u00e9 que le CBD pourrait aider \u00e0 r\u00e9duire les douleurs chroniques en influen\u00e7ant l\u2019activit\u00e9 des r\u00e9cepteurs endocannabino\u00efdes, en r\u00e9duisant l\u2019inflammation et en interagissant avec les neurotransmetteurs.<\/p>\n<p>Par exemple, une \u00e9tude sur des rats a montr\u00e9 que les injections de CBD r\u00e9duisaient la r\u00e9ponse \u00e0 la douleur lors d'une incision chirurgicale, tandis qu'une autre \u00e9tude sur des rats a r\u00e9v\u00e9l\u00e9 qu'un traitement oral au CBD r\u00e9duisait significativement la douleur et l'inflammation du nerf sciatique. Plusieurs \u00e9tudes humaines ont montr\u00e9 qu'une combinaison de CBD et de THC est efficace pour traiter les douleurs li\u00e9es \u00e0 la scl\u00e9rose en plaques et \u00e0 l'arthrite. <a href=\"https:\/\/deligentman.com\/\" target=\"_blank\" rel=\"noopener\">mail order weed uk<\/a>.<\/p>\n<p>Un spray oral appel\u00e9 Sativex, une combinaison de THC et de CBD, est approuv\u00e9 dans plusieurs pays pour traiter les douleurs li\u00e9es \u00e0 la scl\u00e9rose en plaques. Une \u00e9tude portant sur 47 personnes atteintes de scl\u00e9rose en plaques a examin\u00e9 les effets de la prise de Sativex pendant un mois. Les participants ont constat\u00e9 des am\u00e9liorations de la douleur, de la marche et des spasmes musculaires. Cependant, l'\u00e9tude ne comprenait pas de groupe t\u00e9moin, et les effets placebo ne peuvent \u00eatre exclus. Une autre \u00e9tude a r\u00e9v\u00e9l\u00e9 que le Sativex am\u00e9liorait significativement la douleur en mouvement, la douleur au repos et la qualit\u00e9 du sommeil chez 58 personnes atteintes de polyarthrite rhumato\u00efde.<\/p>\n<p>kingpen oil, buy online, 710 kingpen vape pen, 710 cartridge, 710 king pen battery kit for sale, best vape pen for kingpen cartridges, buy vape carts, gelato kingpen, Buy Kingpen Vape Cartridges,<\/p>","protected":false},"excerpt":{"rendered":"<p>BUY 710 KINGPEN VAPE-CARTRIDGES UK ONLINE DELIVERY CHEAP EUROPE Looking to Buy 710 kingpen vape cartridges online. or 710 kingpen vape pen delivery?. The 710 KingPen\u00a0is LoudPack Extracts personal marijuana \/ THC vaporizer, or \u201cVape Pen\u201d. This device has gained popularity in recent years, as tobacco products take on a similar look-and-feel with their version [&hellip;]<\/p>","protected":false},"featured_media":1476,"comment_status":"closed","ping_status":"closed","template":"","meta":{"_uag_custom_page_level_css":"","site-sidebar-layout":"default","site-content-layout":"","ast-site-content-layout":"","site-content-style":"default","site-sidebar-style":"default","ast-global-header-display":"","ast-banner-title-visibility":"","ast-main-header-display":"","ast-hfb-above-header-display":"","ast-hfb-below-header-display":"","ast-hfb-mobile-header-display":"","site-post-title":"","ast-breadcrumbs-content":"","ast-featured-img":"","footer-sml-layout":"","theme-transparent-header-meta":"","adv-header-id-meta":"","stick-header-meta":"","header-above-stick-meta":"","header-main-stick-meta":"","header-below-stick-meta":"","astra-migrate-meta-layouts":"default","ast-page-background-enabled":"default","ast-page-background-meta":{"desktop":{"background-color":"var(--ast-global-color-4)","background-image":"","background-repeat":"repeat","background-position":"center center","background-size":"auto","background-attachment":"scroll","background-type":"","background-media":"","overlay-type":"","overlay-color":"","overlay-opacity":"","overlay-gradient":""},"tablet":{"background-color":"","background-image":"","background-repeat":"repeat","background-position":"center center","background-size":"auto","background-attachment":"scroll","background-type":"","background-media":"","overlay-type":"","overlay-color":"","overlay-opacity":"","overlay-gradient":""},"mobile":{"background-color":"","background-image":"","background-repeat":"repeat","background-position":"center center","background-size":"auto","background-attachment":"scroll","background-type":"","background-media":"","overlay-type":"","overlay-color":"","overlay-opacity":"","overlay-gradient":""}},"ast-content-background-meta":{"desktop":{"background-color":"var(--ast-global-color-5)","background-image":"","background-repeat":"repeat","background-position":"center center","background-size":"auto","background-attachment":"scroll","background-type":"","background-media":"","overlay-type":"","overlay-color":"","overlay-opacity":"","overlay-gradient":""},"tablet":{"background-color":"var(--ast-global-color-5)","background-image":"","background-repeat":"repeat","background-position":"center center","background-size":"auto","background-attachment":"scroll","background-type":"","background-media":"","overlay-type":"","overlay-color":"","overlay-opacity":"","overlay-gradient":""},"mobile":{"background-color":"var(--ast-global-color-5)","background-image":"","background-repeat":"repeat","background-position":"center center","background-size":"auto","background-attachment":"scroll","background-type":"","background-media":"","overlay-type":"","overlay-color":"","overlay-opacity":"","overlay-gradient":""}}},"product_brand":[],"product_cat":[114],"product_tag":[272,273,274,275,276,277,278,279,280,281,282,283,284,245,285,286,287,288,289],"class_list":{"0":"post-1449","1":"product","2":"type-product","3":"status-publish","4":"has-post-thumbnail","6":"product_cat-wholesale-vape-cartridges-online","7":"product_tag-710-cartridge","8":"product_tag-710-king-pen-battery-kit-for-sale","9":"product_tag-710-kingpen-vape-pen","10":"product_tag-best-vape-pen-for-kingpen-cartridges","11":"product_tag-buy-cannabis-online","12":"product_tag-buy-kingpen-vape-cartridges","13":"product_tag-buy-online","14":"product_tag-buy-vape-cartridges-uk","15":"product_tag-buy-vape-carts","16":"product_tag-cannabis-online-in-the-uk","17":"product_tag-gelato-kingpen","18":"product_tag-get-cannabis","19":"product_tag-kingpen-oil","20":"product_tag-mail-order-weed-uk","21":"product_tag-order-weed-online-ireland","22":"product_tag-we-deliver-fast-using-next-day-delivery","23":"product_tag-weed-for-sale-in-uk","24":"product_tag-weed-supermarket-buy-cannabis-online-uk","25":"product_tag-you-can-order-weed","26":"desktop-align-center","27":"tablet-align-left","28":"mobile-align-left","30":"first","31":"instock","32":"sale","33":"shipping-taxable","34":"purchasable","35":"product-type-variable"},"uagb_featured_image_src":{"full":["https:\/\/caliweedeurope.com\/wp-content\/uploads\/2024\/11\/Buy-710-Kingpen-Vape-Cartridges.jpg",1080,1080,false],"thumbnail":["https:\/\/caliweedeurope.com\/wp-content\/uploads\/2024\/11\/Buy-710-Kingpen-Vape-Cartridges-150x150.jpg",150,150,true],"medium":["https:\/\/caliweedeurope.com\/wp-content\/uploads\/2024\/11\/Buy-710-Kingpen-Vape-Cartridges-300x300.jpg",300,300,true],"medium_large":["https:\/\/caliweedeurope.com\/wp-content\/uploads\/2024\/11\/Buy-710-Kingpen-Vape-Cartridges-768x768.jpg",768,768,true],"large":["https:\/\/caliweedeurope.com\/wp-content\/uploads\/2024\/11\/Buy-710-Kingpen-Vape-Cartridges-1024x1024.jpg",1024,1024,true],"1536x1536":["https:\/\/caliweedeurope.com\/wp-content\/uploads\/2024\/11\/Buy-710-Kingpen-Vape-Cartridges.jpg",1080,1080,false],"2048x2048":["https:\/\/caliweedeurope.com\/wp-content\/uploads\/2024\/11\/Buy-710-Kingpen-Vape-Cartridges.jpg",1080,1080,false],"trp-custom-language-flag":["https:\/\/caliweedeurope.com\/wp-content\/uploads\/2024\/11\/Buy-710-Kingpen-Vape-Cartridges.jpg",12,12,false],"woocommerce_thumbnail":["https:\/\/caliweedeurope.com\/wp-content\/uploads\/2024\/11\/Buy-710-Kingpen-Vape-Cartridges-300x300.jpg",300,300,true],"woocommerce_single":["https:\/\/caliweedeurope.com\/wp-content\/uploads\/2024\/11\/Buy-710-Kingpen-Vape-Cartridges-600x600.jpg",600,600,true],"woocommerce_gallery_thumbnail":["https:\/\/caliweedeurope.com\/wp-content\/uploads\/2024\/11\/Buy-710-Kingpen-Vape-Cartridges-100x100.jpg",100,100,true]},"uagb_author_info":{"display_name":"jetskiforsaleuk@gmail.com","author_link":"https:\/\/caliweedeurope.com\/fr\/author\/"},"uagb_comment_info":0,"uagb_excerpt":"BUY 710 KINGPEN VAPE-CARTRIDGES UK ONLINE DELIVERY CHEAP EUROPE Looking to Buy 710 kingpen vape cartridges online. or 710 kingpen vape pen delivery?. The 710 KingPen\u00a0is LoudPack Extracts personal marijuana \/ THC vaporizer, or \u201cVape Pen\u201d. This device has gained popularity in recent years, as tobacco products take on a similar look-and-feel with their version\u2026","_links":{"self":[{"href":"https:\/\/caliweedeurope.com\/fr\/wp-json\/wp\/v2\/product\/1449"}],"collection":[{"href":"https:\/\/caliweedeurope.com\/fr\/wp-json\/wp\/v2\/product"}],"about":[{"href":"https:\/\/caliweedeurope.com\/fr\/wp-json\/wp\/v2\/types\/product"}],"replies":[{"embeddable":true,"href":"https:\/\/caliweedeurope.com\/fr\/wp-json\/wp\/v2\/comments?post=1449"}],"wp:featuredmedia":[{"embeddable":true,"href":"https:\/\/caliweedeurope.com\/fr\/wp-json\/wp\/v2\/media\/1476"}],"wp:attachment":[{"href":"https:\/\/caliweedeurope.com\/fr\/wp-json\/wp\/v2\/media?parent=1449"}],"wp:term":[{"taxonomy":"product_brand","embeddable":true,"href":"https:\/\/caliweedeurope.com\/fr\/wp-json\/wp\/v2\/product_brand?post=1449"},{"taxonomy":"product_cat","embeddable":true,"href":"https:\/\/caliweedeurope.com\/fr\/wp-json\/wp\/v2\/product_cat?post=1449"},{"taxonomy":"product_tag","embeddable":true,"href":"https:\/\/caliweedeurope.com\/fr\/wp-json\/wp\/v2\/product_tag?post=1449"}],"curies":[{"name":"wp","href":"https:\/\/api.w.org\/{rel}","templated":true}]}}