{"id":1454,"date":"2024-11-03T21:33:04","date_gmt":"2024-11-03T21:33:04","guid":{"rendered":"https:\/\/caliweedeurope.com\/?post_type=product&#038;p=1454"},"modified":"2024-11-03T21:33:26","modified_gmt":"2024-11-03T21:33:26","slug":"buy-acdc-marijuana-strain","status":"publish","type":"product","link":"https:\/\/caliweedeurope.com\/fr\/product\/buy-acdc-marijuana-strain\/","title":{"rendered":"Achetez la vari\u00e9t\u00e9 de marijuana ACDC"},"content":{"rendered":"<h1>Achetez la vari\u00e9t\u00e9 de marijuana ACDC \u2013 Buy weed Europe<\/h1>\n<p>Achetez du cannabis ACDC en Europe, au Royaume-Uni, aux \u00c9tats-Unis, aussi r\u00e9confortant et revitalisant que d'\u00e9couter certains de vos morceaux pr\u00e9f\u00e9r\u00e9s, le <a href=\"https:\/\/www.leafly.com\/strains\/acdc\" target=\"_blank\" rel=\"noopener noreferrer\">ACDC<\/a>\u00a0cette vari\u00e9t\u00e9 vous revitalisera \u00e9galement et vous pr\u00e9parera \u00e0 tout d\u00e9chirer. Elle poss\u00e8de un taux de CBD tr\u00e8s \u00e9lev\u00e9 et a \u00e9t\u00e9 \u00e9lue comme l'une des meilleures vari\u00e9t\u00e9s \u00e0 haute teneur en CBD pour un usage m\u00e9dical. ACDC peut aider \u00e0 soulager toutes sortes de douleurs, de la douleur nerveuse et la scl\u00e9rose en plaques \u00e0 l'\u00e9pilepsie et le PTSD. Le tout avec presque aucun effet psychoactif. Bien qu'ils ne produisent aucun effet psychoactif, les vari\u00e9t\u00e9s de cannabis \u00e0 forte teneur en CBD comme ACDC sont en tr\u00e8s forte demande en raison de leur forme de th\u00e9rapie non enivrante et 100 % naturelle.<\/p>\n<p>ACDC fait partie des rares vari\u00e9t\u00e9s de\u00a0<a href=\"https:\/\/www.bonzaseeds.com\/blog\/different-types-cannabis-plants\/\" target=\"_blank\" rel=\"noopener noreferrer\">cannabis<\/a> ACDC fait partie des rares vari\u00e9t\u00e9s qui offrent un high sans effets psychoactifs. Avec cette vari\u00e9t\u00e9, il n'y a pas d'exp\u00e9riences psych\u00e9d\u00e9liques ni de sensation de \"stone\" narcotique. Elle excelle dans son utilisation m\u00e9dicale. C'est pourquoi certains pr\u00e9f\u00e8rent la consid\u00e9rer comme un compl\u00e9ment alimentaire. Achetez la vari\u00e9t\u00e9 ACDC ou des graines pour soulager la douleur, l'anxi\u00e9t\u00e9, le sommeil et la d\u00e9pression en gros en Europe, depuis une vraie pharmacie en ligne avec livraison gratuite et rapide. Peut-on acheter de l'herbe en G\u00e9orgie, o\u00f9 acheter de l'herbe en G\u00e9orgie, acheter de l'herbe en Irlande, acheter une pipe \u00e0 herbe en Irlande, le meilleur endroit pour acheter de l'herbe en Irlande.<\/p>\n<div class=\"css-63oe3q\">\n<div class=\"css-63oe3q\"><\/div>\n<\/p><\/div>\n<h2><strong>Cannabis \u00e0 Vendre en Ligne \u2013 Cannabis M\u00e9dical \u00e0 Vendre \u2013 Acheter la Souche ACDC<\/strong><\/h2>\n<p>ACDC a re\u00e7u plusieurs distinctions et reconnaissances. Dans un monde o\u00f9 la plupart des gens consid\u00e8rent le cannabis en termes de puissance, celui-ci est \u00e0 l'oppos\u00e9. Il contient jusqu'\u00e0 24 % de CBD, ce qui en fait un traitement efficace pour les crises et l'\u00e9pilepsie.<\/p>\n<p>Bien que de nombreuses vari\u00e9t\u00e9s de marijuana soient con\u00e7ues pour vous rendre d\u00e9fonc\u00e9,\u00a0<strong>avoir quelques bons rires<\/strong>, et 'ajustez' votre chimie c\u00e9r\u00e9brale au point de ne plus prendre la vie si au s\u00e9rieux, il existe un royaume de la marijuana m\u00e9dicinale dont le seul but est de gu\u00e9rir le corps et l\u2019esprit \u2013 sans effets psychoactifs.<\/p>\n<p>Ces types de cannabis sont une cr\u00e9ation relativement r\u00e9cente, car ils n'ont commenc\u00e9 \u00e0 prendre de l'ampleur que lorsque les gens ont r\u00e9alis\u00e9 que des niveaux \u00e9lev\u00e9s de CBD peuvent produire des r\u00e9sultats th\u00e9rapeutiques profonds, sans presque aucun effet psychoactif. En fait, ces derni\u00e8res ann\u00e9es, de nombreuses personnes ont demand\u00e9 aux \u00e9leveurs de d\u00e9velopper des vari\u00e9t\u00e9s avec un pourcentage \u00e9lev\u00e9 de CBD, pour ces raisons exactes. ACDC a re\u00e7u une reconnaissance brillante dans la communaut\u00e9 du cannabis, remportant m\u00eame un Cannabis Cup pour ses effets th\u00e9rapeutiques et non enivrants.<\/p>\n<h2 class=\"translation-block\">ACDC Marijuana Strain : Infos sur la culture \u2013 Puis-je<strong> acheter du cannabis en ligne en Europe ?<\/strong><\/h2>\n<p>Le cannabis ACDC est une plante de taille moyenne, atteignant g\u00e9n\u00e9ralement environ un m\u00e8tre vingt maximum. Sa structure est similaire \u00e0 celle des vari\u00e9t\u00e9s traditionnelles \u00ab skunk \u00bb, avec des fleurs qui se regroupent en grands bouquets appel\u00e9s colas. La plupart des gens conviendront que le cannabis ACDC est assez difficile \u00e0 cultiver et n\u00e9cessite beaucoup d'entretien pour une r\u00e9colte r\u00e9ussie. La plante a besoin de soutien important, \u00e0 commencer par une plateforme \u00e0 laquelle elle peut s'accrocher, afin de d\u00e9velopper une tige et des branches solides.<\/p>\n<p class=\"translation-block\">ACDC trace son ascendance de <a href=\"https:\/\/www.bonzaseeds.com\/blog\/cannatonic\/\" target=\"_blank\" rel=\"noopener noreferrer\">CannaTonic<\/a>. De cette souche, NorStar Genetics a soigneusement s\u00e9lectionn\u00e9 un de ses ph\u00e9notypes. Ensuite, ils l'ont crois\u00e9 avec une plante de cannabis <a href=\"https:\/\/www.bonzaseeds.com\/blog\/different-types-cannabis-plants\/\" target=\"_blank\" rel=\"noopener noreferrer\">Ruderalis<\/a>. En essence, ce que le cultivateur a fait, c'est cr\u00e9er une meilleure version de la souche parente originale, avec beaucoup moins de THC mais plus de CBD.<\/p>\n<p>acdc strain allbud, acdc strain seeds, acdc strain edibles, acdc cbd oil online, cannatonic strain, acdc strain for sale, ac dc cbd oil for sale, ac dc strain information, ac dc greatest hits, ac dc strain marijuana, acdc strain seeds, acdc strain oil, acdc strain near me, acdc cbd oil online, cbd strains, Ac Dc Strain Info, Acdc Flower Strain, Ac Dc Cbd Oil For Sale, Acdc Cookie Strain, All Marijuana Strain List A Z, Cannabis Strains Guide Chart, Ac Dc Cbd Oil, Complete List Of Marijuana Strains, Ac Dc Cbd Hemp Flower, Acdc Flower Strain, Acdc Strain For Sale, Ac Dc Cbd Flower, Acdc Hemp Flowers For Sale, Acdc Weed Strain For Sale, Buy Acdc Flower<\/p>","protected":false},"excerpt":{"rendered":"<p><b>Achetez la vari\u00e9t\u00e9 de marijuana ACDC\u00a0<a href=\"https:\/\/www.wikileaf.com\/strain\/acdc\/\">acdc<\/a>\u00a0Strain \u00e0 vendre en Europe utilis\u00e9 pour la douleur, l'anxi\u00e9t\u00e9, le sommeil et la d\u00e9pression. Vous cherchez des fournisseurs de cannabis ACDC en gros en Europe avec une livraison gratuite du jour au lendemain ?<\/b>\u00a0 Vous pouvez acheter du cannabis en Europe. Meilleure qualit\u00e9 et services de livraison excellents. La satisfaction de nos clients est notre priorit\u00e9 absolue. Nous avons une \u00e9quipe d'emballage parfaitement form\u00e9e, sp\u00e9cialis\u00e9e dans l'offre d'un emballage discret parfait o\u00f9 toutes les odeurs et autres facteurs sont bien pris en compte. Nous offrons une garantie de remboursement de 7 jours pour toutes les commandes si la commande est perdue ou non re\u00e7ue. Remplissez le formulaire ci-dessous si vous souhaitez passer une commande mixte ou n\u00e9gocier le prix pour des commandes en gros (5 livres et plus). Visitez notre page FAQ pour plus de d\u00e9tails ou utilisez notre chat en ligne si vous avez besoin d'une assistance suppl\u00e9mentaire.<\/p>","protected":false},"featured_media":1478,"comment_status":"closed","ping_status":"closed","template":"","meta":{"_uag_custom_page_level_css":"","site-sidebar-layout":"default","site-content-layout":"","ast-site-content-layout":"","site-content-style":"default","site-sidebar-style":"default","ast-global-header-display":"","ast-banner-title-visibility":"","ast-main-header-display":"","ast-hfb-above-header-display":"","ast-hfb-below-header-display":"","ast-hfb-mobile-header-display":"","site-post-title":"","ast-breadcrumbs-content":"","ast-featured-img":"","footer-sml-layout":"","theme-transparent-header-meta":"","adv-header-id-meta":"","stick-header-meta":"","header-above-stick-meta":"","header-main-stick-meta":"","header-below-stick-meta":"","astra-migrate-meta-layouts":"default","ast-page-background-enabled":"default","ast-page-background-meta":{"desktop":{"background-color":"var(--ast-global-color-4)","background-image":"","background-repeat":"repeat","background-position":"center center","background-size":"auto","background-attachment":"scroll","background-type":"","background-media":"","overlay-type":"","overlay-color":"","overlay-opacity":"","overlay-gradient":""},"tablet":{"background-color":"","background-image":"","background-repeat":"repeat","background-position":"center center","background-size":"auto","background-attachment":"scroll","background-type":"","background-media":"","overlay-type":"","overlay-color":"","overlay-opacity":"","overlay-gradient":""},"mobile":{"background-color":"","background-image":"","background-repeat":"repeat","background-position":"center center","background-size":"auto","background-attachment":"scroll","background-type":"","background-media":"","overlay-type":"","overlay-color":"","overlay-opacity":"","overlay-gradient":""}},"ast-content-background-meta":{"desktop":{"background-color":"var(--ast-global-color-5)","background-image":"","background-repeat":"repeat","background-position":"center center","background-size":"auto","background-attachment":"scroll","background-type":"","background-media":"","overlay-type":"","overlay-color":"","overlay-opacity":"","overlay-gradient":""},"tablet":{"background-color":"var(--ast-global-color-5)","background-image":"","background-repeat":"repeat","background-position":"center center","background-size":"auto","background-attachment":"scroll","background-type":"","background-media":"","overlay-type":"","overlay-color":"","overlay-opacity":"","overlay-gradient":""},"mobile":{"background-color":"var(--ast-global-color-5)","background-image":"","background-repeat":"repeat","background-position":"center center","background-size":"auto","background-attachment":"scroll","background-type":"","background-media":"","overlay-type":"","overlay-color":"","overlay-opacity":"","overlay-gradient":""}}},"product_brand":[],"product_cat":[22,228],"product_tag":[290,291,292,276,293,294,295,296,297,281,283,245,285,286,287,288,298,289],"class_list":{"0":"post-1454","1":"product","2":"type-product","3":"status-publish","4":"has-post-thumbnail","6":"product_cat-hybrid","7":"product_cat-indica","8":"product_tag-an-you-buy-weed-in-ga","9":"product_tag-best-place-to-buy-weed-ireland","10":"product_tag-buy-cannabis","11":"product_tag-buy-cannabis-online","12":"product_tag-buy-weed-france","13":"product_tag-buy-weed-germanay","14":"product_tag-buy-weed-ireland","15":"product_tag-buy-weed-pipe-ireland","16":"product_tag-buy-weed-poland","17":"product_tag-cannabis-online-in-the-uk","18":"product_tag-get-cannabis","19":"product_tag-mail-order-weed-uk","20":"product_tag-order-weed-online-ireland","21":"product_tag-we-deliver-fast-using-next-day-delivery","22":"product_tag-weed-for-sale-in-uk","23":"product_tag-weed-supermarket-buy-cannabis-online-uk","24":"product_tag-where-can-i-buy-weed-in-ga","25":"product_tag-you-can-order-weed","26":"desktop-align-center","27":"tablet-align-left","28":"mobile-align-left","30":"first","31":"instock","32":"sale","33":"shipping-taxable","34":"purchasable","35":"product-type-variable"},"uagb_featured_image_src":{"full":["https:\/\/caliweedeurope.com\/wp-content\/uploads\/2024\/11\/89348954-340894593489.jpeg",937,1171,false],"thumbnail":["https:\/\/caliweedeurope.com\/wp-content\/uploads\/2024\/11\/89348954-340894593489-150x150.jpeg",150,150,true],"medium":["https:\/\/caliweedeurope.com\/wp-content\/uploads\/2024\/11\/89348954-340894593489-240x300.jpeg",240,300,true],"medium_large":["https:\/\/caliweedeurope.com\/wp-content\/uploads\/2024\/11\/89348954-340894593489-768x960.jpeg",768,960,true],"large":["https:\/\/caliweedeurope.com\/wp-content\/uploads\/2024\/11\/89348954-340894593489-819x1024.jpeg",819,1024,true],"1536x1536":["https:\/\/caliweedeurope.com\/wp-content\/uploads\/2024\/11\/89348954-340894593489.jpeg",937,1171,false],"2048x2048":["https:\/\/caliweedeurope.com\/wp-content\/uploads\/2024\/11\/89348954-340894593489.jpeg",937,1171,false],"trp-custom-language-flag":["https:\/\/caliweedeurope.com\/wp-content\/uploads\/2024\/11\/89348954-340894593489.jpeg",10,12,false],"woocommerce_thumbnail":["https:\/\/caliweedeurope.com\/wp-content\/uploads\/2024\/11\/89348954-340894593489-300x300.jpeg",300,300,true],"woocommerce_single":["https:\/\/caliweedeurope.com\/wp-content\/uploads\/2024\/11\/89348954-340894593489-600x750.jpeg",600,750,true],"woocommerce_gallery_thumbnail":["https:\/\/caliweedeurope.com\/wp-content\/uploads\/2024\/11\/89348954-340894593489-100x100.jpeg",100,100,true]},"uagb_author_info":{"display_name":"jetskiforsaleuk@gmail.com","author_link":"https:\/\/caliweedeurope.com\/fr\/author\/"},"uagb_comment_info":0,"uagb_excerpt":"Buy ACDC Marijuana Strain,\u00a0acdc\u00a0strain for sale Europe is use for pain, anxiety, sleep, depression. Are you looking for\u00a0 bulk ACDC cannabis suppliers in Europe with free overnight delivery?.\u00a0 you can Buy Weed in Europe .Best quality &amp; delivery services are excellent. Customer satisfaction is our top priority. We\u2019ve got an excellent trained packaging team that\u2026","_links":{"self":[{"href":"https:\/\/caliweedeurope.com\/fr\/wp-json\/wp\/v2\/product\/1454"}],"collection":[{"href":"https:\/\/caliweedeurope.com\/fr\/wp-json\/wp\/v2\/product"}],"about":[{"href":"https:\/\/caliweedeurope.com\/fr\/wp-json\/wp\/v2\/types\/product"}],"replies":[{"embeddable":true,"href":"https:\/\/caliweedeurope.com\/fr\/wp-json\/wp\/v2\/comments?post=1454"}],"wp:featuredmedia":[{"embeddable":true,"href":"https:\/\/caliweedeurope.com\/fr\/wp-json\/wp\/v2\/media\/1478"}],"wp:attachment":[{"href":"https:\/\/caliweedeurope.com\/fr\/wp-json\/wp\/v2\/media?parent=1454"}],"wp:term":[{"taxonomy":"product_brand","embeddable":true,"href":"https:\/\/caliweedeurope.com\/fr\/wp-json\/wp\/v2\/product_brand?post=1454"},{"taxonomy":"product_cat","embeddable":true,"href":"https:\/\/caliweedeurope.com\/fr\/wp-json\/wp\/v2\/product_cat?post=1454"},{"taxonomy":"product_tag","embeddable":true,"href":"https:\/\/caliweedeurope.com\/fr\/wp-json\/wp\/v2\/product_tag?post=1454"}],"curies":[{"name":"wp","href":"https:\/\/api.w.org\/{rel}","templated":true}]}}