{"id":1458,"date":"2024-11-03T21:33:04","date_gmt":"2024-11-03T21:33:04","guid":{"rendered":"https:\/\/caliweedeurope.com\/?post_type=product&#038;p=1458"},"modified":"2024-11-06T03:07:55","modified_gmt":"2024-11-06T03:07:55","slug":"moonrocks-for-sale","status":"publish","type":"product","link":"https:\/\/caliweedeurope.com\/fr\/product\/moonrocks-for-sale\/","title":{"rendered":"moonrocks weed for sale"},"content":{"rendered":"<h2>Qu'est-ce que les Moon Rocks ?<\/h2>\n<p>Les Moon Rocks sont un produit unique de cannabis, cr\u00e9\u00e9 en plongeant des t\u00eates de qualit\u00e9 dans de l'huile de cannabis, puis en les roulant dans du kief. Cette combinaison puissante offre une exp\u00e9rience extravagante aux utilisateurs exp\u00e9riment\u00e9s.<\/p>\n<h2>Pourquoi choisir les Moon Rocks ?<\/h2>\n<p>Si vous cherchez quelque chose de sp\u00e9cial pour \u00e9lever votre exp\u00e9rience du cannabis, les Moon Rocks pourraient \u00eatre ce dont vous avez besoin. Elles offrent une concentration \u00e9lev\u00e9e de THC et un effet plus durable par rapport aux fleurs traditionnelles.<\/p>\n<h2>Comment profiter des Moon Rocks<\/h2>\n<p>Pour profiter des Moon Rocks, cassez un petit morceau et utilisez un vaporisateur ou un blunt. \u00c9vitez d'utiliser un bol standard car ils peuvent br\u00fbler de mani\u00e8re in\u00e9gale. Ces puissantes pierres pr\u00e9cieuses du cannabis offrent une mani\u00e8re unique et agr\u00e9able de ravir vos sens.<\/p>","protected":false},"excerpt":{"rendered":"<p>What Are Moon Rocks? Moon rocks are a unique cannabis product, created by taking quality buds, dunking them in cannabis oil, and rolling them in kief. This potent combination offers an extravagant experience for seasoned users. Why Choose Moon Rocks? If you&#8217;re looking for something special to elevate your cannabis experience, moon rocks might be [&hellip;]<\/p>","protected":false},"featured_media":1480,"comment_status":"closed","ping_status":"closed","template":"","meta":{"_uag_custom_page_level_css":"","site-sidebar-layout":"default","site-content-layout":"","ast-site-content-layout":"default","site-content-style":"default","site-sidebar-style":"default","ast-global-header-display":"","ast-banner-title-visibility":"","ast-main-header-display":"","ast-hfb-above-header-display":"","ast-hfb-below-header-display":"","ast-hfb-mobile-header-display":"","site-post-title":"","ast-breadcrumbs-content":"","ast-featured-img":"","footer-sml-layout":"","ast-disable-related-posts":"","theme-transparent-header-meta":"default","adv-header-id-meta":"","stick-header-meta":"","header-above-stick-meta":"","header-main-stick-meta":"","header-below-stick-meta":"","astra-migrate-meta-layouts":"set","ast-page-background-enabled":"default","ast-page-background-meta":{"desktop":{"background-color":"var(--ast-global-color-5)","background-image":"","background-repeat":"repeat","background-position":"center center","background-size":"auto","background-attachment":"scroll","background-type":"","background-media":"","overlay-type":"","overlay-color":"","overlay-opacity":"","overlay-gradient":""},"tablet":{"background-color":"","background-image":"","background-repeat":"repeat","background-position":"center center","background-size":"auto","background-attachment":"scroll","background-type":"","background-media":"","overlay-type":"","overlay-color":"","overlay-opacity":"","overlay-gradient":""},"mobile":{"background-color":"","background-image":"","background-repeat":"repeat","background-position":"center center","background-size":"auto","background-attachment":"scroll","background-type":"","background-media":"","overlay-type":"","overlay-color":"","overlay-opacity":"","overlay-gradient":""}},"ast-content-background-meta":{"desktop":{"background-color":"var(--ast-global-color-4)","background-image":"","background-repeat":"repeat","background-position":"center center","background-size":"auto","background-attachment":"scroll","background-type":"","background-media":"","overlay-type":"","overlay-color":"","overlay-opacity":"","overlay-gradient":""},"tablet":{"background-color":"var(--ast-global-color-4)","background-image":"","background-repeat":"repeat","background-position":"center center","background-size":"auto","background-attachment":"scroll","background-type":"","background-media":"","overlay-type":"","overlay-color":"","overlay-opacity":"","overlay-gradient":""},"mobile":{"background-color":"var(--ast-global-color-4)","background-image":"","background-repeat":"repeat","background-position":"center center","background-size":"auto","background-attachment":"scroll","background-type":"","background-media":"","overlay-type":"","overlay-color":"","overlay-opacity":"","overlay-gradient":""}}},"product_brand":[],"product_cat":[748],"product_tag":[299,300,276,301,302,303,304,305,306,307,308,309,310,311,312,313,314,315,316,317,318,319,320,321,322,323,324,325,326,327],"class_list":{"0":"post-1458","1":"product","2":"type-product","3":"status-publish","4":"has-post-thumbnail","6":"product_cat-weed-moonrock","7":"product_tag-are-moon-rocks-worth-it","8":"product_tag-bassrocks-moon-rocks-review","9":"product_tag-buy-cannabis-online","10":"product_tag-buy-cannabis-tincture-uk","11":"product_tag-buy-cannabis-vaporizer-uk","12":"product_tag-buy-feminized-cannabis-seeds-uk","13":"product_tag-buy-moonrocks-online","14":"product_tag-buy-moonrocks-online-australia","15":"product_tag-buy-moonrocks-online-uk","16":"product_tag-buy-moonrocks-online-usa","17":"product_tag-buy-online-cannabis","18":"product_tag-buy-real-cannabis-online","19":"product_tag-buying-cannabis-online","20":"product_tag-can-i-buy-cannabis-online","21":"product_tag-can-you-buy-cannabis-oil-online","22":"product_tag-cannabis-to-buy-online","23":"product_tag-how-can-i-buy-cannabis-online","24":"product_tag-how-to-buy-cannabis-online","25":"product_tag-martian-rocks-bud","26":"product_tag-martian-rocks-strain","27":"product_tag-martian-rocks-weed","28":"product_tag-martian-rocks-weed-for-sale","29":"product_tag-martian-rocks-weed-price","30":"product_tag-martian-rocks-weed-price-per-gram","31":"product_tag-martian-rocks-weed-where-to-buy","32":"product_tag-order-martian-rocks-weed","33":"product_tag-where-can-i-buy-cannabis-online","34":"product_tag-where-can-i-buy-martian-rocks-weed","35":"product_tag-where-to-buy-cannabis-online","36":"product_tag-where-to-buy-martian-rocks-weed","37":"desktop-align-center","38":"tablet-align-left","39":"mobile-align-left","41":"first","42":"instock","43":"sale","44":"shipping-taxable","45":"purchasable","46":"product-type-variable"},"uagb_featured_image_src":{"full":["https:\/\/caliweedeurope.com\/wp-content\/uploads\/2024\/11\/WhatsApp-Image-2020-07-15-at-22.16.36.jpeg",1242,1209,false],"thumbnail":["https:\/\/caliweedeurope.com\/wp-content\/uploads\/2024\/11\/WhatsApp-Image-2020-07-15-at-22.16.36-150x150.jpeg",150,150,true],"medium":["https:\/\/caliweedeurope.com\/wp-content\/uploads\/2024\/11\/WhatsApp-Image-2020-07-15-at-22.16.36-300x292.jpeg",300,292,true],"medium_large":["https:\/\/caliweedeurope.com\/wp-content\/uploads\/2024\/11\/WhatsApp-Image-2020-07-15-at-22.16.36-768x748.jpeg",768,748,true],"large":["https:\/\/caliweedeurope.com\/wp-content\/uploads\/2024\/11\/WhatsApp-Image-2020-07-15-at-22.16.36-1024x997.jpeg",1024,997,true],"1536x1536":["https:\/\/caliweedeurope.com\/wp-content\/uploads\/2024\/11\/WhatsApp-Image-2020-07-15-at-22.16.36.jpeg",1242,1209,false],"2048x2048":["https:\/\/caliweedeurope.com\/wp-content\/uploads\/2024\/11\/WhatsApp-Image-2020-07-15-at-22.16.36.jpeg",1242,1209,false],"trp-custom-language-flag":["https:\/\/caliweedeurope.com\/wp-content\/uploads\/2024\/11\/WhatsApp-Image-2020-07-15-at-22.16.36.jpeg",12,12,false],"woocommerce_thumbnail":["https:\/\/caliweedeurope.com\/wp-content\/uploads\/2024\/11\/WhatsApp-Image-2020-07-15-at-22.16.36-300x300.jpeg",300,300,true],"woocommerce_single":["https:\/\/caliweedeurope.com\/wp-content\/uploads\/2024\/11\/WhatsApp-Image-2020-07-15-at-22.16.36-600x584.jpeg",600,584,true],"woocommerce_gallery_thumbnail":["https:\/\/caliweedeurope.com\/wp-content\/uploads\/2024\/11\/WhatsApp-Image-2020-07-15-at-22.16.36-100x100.jpeg",100,100,true]},"uagb_author_info":{"display_name":"jetskiforsaleuk@gmail.com","author_link":"https:\/\/caliweedeurope.com\/fr\/author\/"},"uagb_comment_info":0,"uagb_excerpt":"What Are Moon Rocks? Moon rocks are a unique cannabis product, created by taking quality buds, dunking them in cannabis oil, and rolling them in kief. This potent combination offers an extravagant experience for seasoned users. Why Choose Moon Rocks? If you&#8217;re looking for something special to elevate your cannabis experience, moon rocks might be\u2026","_links":{"self":[{"href":"https:\/\/caliweedeurope.com\/fr\/wp-json\/wp\/v2\/product\/1458"}],"collection":[{"href":"https:\/\/caliweedeurope.com\/fr\/wp-json\/wp\/v2\/product"}],"about":[{"href":"https:\/\/caliweedeurope.com\/fr\/wp-json\/wp\/v2\/types\/product"}],"replies":[{"embeddable":true,"href":"https:\/\/caliweedeurope.com\/fr\/wp-json\/wp\/v2\/comments?post=1458"}],"wp:featuredmedia":[{"embeddable":true,"href":"https:\/\/caliweedeurope.com\/fr\/wp-json\/wp\/v2\/media\/1480"}],"wp:attachment":[{"href":"https:\/\/caliweedeurope.com\/fr\/wp-json\/wp\/v2\/media?parent=1458"}],"wp:term":[{"taxonomy":"product_brand","embeddable":true,"href":"https:\/\/caliweedeurope.com\/fr\/wp-json\/wp\/v2\/product_brand?post=1458"},{"taxonomy":"product_cat","embeddable":true,"href":"https:\/\/caliweedeurope.com\/fr\/wp-json\/wp\/v2\/product_cat?post=1458"},{"taxonomy":"product_tag","embeddable":true,"href":"https:\/\/caliweedeurope.com\/fr\/wp-json\/wp\/v2\/product_tag?post=1458"}],"curies":[{"name":"wp","href":"https:\/\/api.w.org\/{rel}","templated":true}]}}