{"id":1466,"date":"2024-11-03T21:33:05","date_gmt":"2024-11-03T21:33:05","guid":{"rendered":"https:\/\/caliweedeurope.com\/?post_type=product&#038;p=1466"},"modified":"2024-11-03T21:33:51","modified_gmt":"2024-11-03T21:33:51","slug":"biscotti","status":"publish","type":"product","link":"https:\/\/caliweedeurope.com\/fr\/product\/biscotti\/","title":{"rendered":"Biscotti"},"content":{"rendered":"<h2>Achetez la g\u00e9n\u00e9tique de la vari\u00e9t\u00e9 Biscotti en ligne<\/h2>\n<p><span class=\"pirate_article\">Achetez la g\u00e9n\u00e9tique de la vari\u00e9t\u00e9 Biscotti en ligne. Cette vari\u00e9t\u00e9 a \u00e9t\u00e9 cr\u00e9\u00e9e par Cookies Fam. Ils pr\u00e9tendent \u00eatre les pionniers de beaucoup de ces vari\u00e9t\u00e9s exceptionnellement puissantes, et il est difficile de les contredire. Biscotti est un croisement entre :<br \/> <\/span><\/p>\n<ul>\n<li>Gelato #25<\/li>\n<li>Girl Scout Cookies<\/li>\n<li>Gorilla Glue #4<br \/> Bien qu'il soit difficile de dire si cela est compl\u00e8tement correct, car certaines personnes disent que c'est Gelato x South Florida OG, c'est certainement l'une de ces combinaisons. Gelato est en soi une souche \"dankenstein\", et Gorilla Glue #4 et Girl Scout Cookies sont deux des souches les plus connues dans le monde. Biscotti est une souche ultime avec probablement l'un des meilleurs profils de go\u00fbt dans le domaine.<\/li>\n<\/ul>\n<p><span class=\"pirate_article\">C'est vraiment le point fort. Malheureusement, comme les graines ne sont pas disponibles en ligne, et que la souche est g\u00e9n\u00e9ralement exceptionnellement rare, le prix est tr\u00e8s \u00e9lev\u00e9. \u00c0 Amsterdam, vous devrez probablement compter environ 40 $ par gramme. En Am\u00e9rique du Nord, ce sera l\u00e9g\u00e8rement moins cher, mais ce n'est toujours pas bon march\u00e9. Un gramme co\u00fbtera au moins 25 $ dans un dispensaire en Californie. Cependant, en raison de sa puissance, cela en vaut probablement la peine.<\/span><\/p>\n<p>GO\u00dbT DE LA VARI\u00c9T\u00c9 DE CANNABIS BISCOTTI<\/p>\n<ol>\n<li>Fruit\u00e9<\/li>\n<li>Au go\u00fbt de noisette<\/li>\n<li>\u00c9pic\u00e9<\/li>\n<li>Sucr\u00e9<\/li>\n<li>Doux<\/li>\n<\/ol>\n<p><span class=\"pirate_article\">Biscotti est d\u00e9finitivement une vari\u00e9t\u00e9 que vous voudrez exp\u00e9rimenter dans un vaporisateur de fleurs. Bien qu'elle soit aussi une de ces vari\u00e9t\u00e9s qui ont bon go\u00fbt peu importe comment vous la fumez, il vaut vraiment la peine de sortir votre vaporisateur de fleurs pour celle-ci. C'est tout simplement l'une des vari\u00e9t\u00e9s les plus savoureuses disponibles sur le march\u00e9 en ce moment, et la combustion alt\u00e8re l\u00e9g\u00e8rement la saveur. En utilisant un vaporisateur, il n'y a pas de combustion, ce qui permet de pr\u00e9server l'\u00e9l\u00e9gant profil de saveur de Biscotti. De plus, si vous broyez d'abord l'herbe, elle aura encore meilleur go\u00fbt dans votre vaporisateur.<\/span><\/p>\n<h5><strong>WAX, SHATTER, EDIBLES, ETC.\u00a0<\/strong><\/h5>\n<p><span class=\"pirate_article\">Chaque vari\u00e9t\u00e9 peut \u00eatre transform\u00e9e en cire ou en huile. Ce n'est pas un processus facile, mais vous pouvez techniquement fabriquer de l'huile de hachage au butane \u00e0 partir de n'importe quelle vari\u00e9t\u00e9 \u00e0 la maison. Cela est consid\u00e9r\u00e9 comme dangereux, alors veuillez faire preuve d'une extr\u00eame prudence si vous essayez. Si vous r\u00e9ussissez \u00e0 trouver suffisamment de cette vari\u00e9t\u00e9 pour en faire un concentr\u00e9, vous comprendrez pourquoi les gens choisissent des vari\u00e9t\u00e9s comme celle-ci. En gros, les vari\u00e9t\u00e9s sont choisies en fonction de leur saveur et de leur puissance. Biscotti, comme nous l'avons d\u00e9j\u00e0 vu, a les deux. Cela en fait un excellent choix pour en faire des concentr\u00e9s.<\/span><\/p>\n<h3>D\u00e9tails sur le cannabis Biscotti<\/h3>\n<p>La g\u00e9n\u00e9tique des Cookies a ses racines dans de nombreuses meilleures vari\u00e9t\u00e9s disponibles. De nombreuses vari\u00e9t\u00e9s ont leur g\u00e9n\u00e9tique et vous ne le savez peut-\u00eatre m\u00eame pas. Ainsi, sachez que la vari\u00e9t\u00e9 de cannabis Biscotti est un croisement classique de Cookies avec une vari\u00e9t\u00e9 OG du sud : Gelato #25 crois\u00e9 avec South Florida OG.<\/p>\n<p>Au dispensaire Klarie Canna Care, nous proposons les meilleures vari\u00e9t\u00e9s de marijuana et ses autres produits associ\u00e9s tels que les huiles de cannabis, les Moonrocks, les cartouches de stylo vape, les Edibles, les concentr\u00e9s, le haschich, Harley Twin, Strawberry Lemonade, Sour Jack, Grease Monkey, Orange Kush, Pineapple Kush, Skywalker Indica, White Widow, Tom Ford, Diablo OG Kush, Biscotti Cookies, Nice Cream Weed. Venez nous voir <a href=\"https:\/\/deligentman.com\/\" target=\"_blank\" rel=\"noopener\">deligentman.com<\/a><\/p>\n<p>Achetez de l'herbe en ligne aux \u00c9tats-Unis, achetez de l'herbe en ligne en Grande-Bretagne, achetez de l'herbe en ligne en Irlande, achetez de l'herbe en ligne en Suisse, achetez de l'herbe en ligne en Australie, achetez de l'herbe en ligne en Italie, achetez de l'herbe en ligne au Danemark, achetez de l'herbe en ligne dans l'Union europ\u00e9enne, achetez de l'herbe en ligne en France, achetez de l'herbe en ligne en Allemagne, achetez de l'herbe en ligne en Belgique, achetez de l'herbe en ligne en Pologne, achetez de l'herbe en ligne en Lettonie, achetez de l'herbe en ligne en Isra\u00ebl, achetez de l'herbe en ligne en Turquie, achetez de l'herbe en ligne \u00e0 Jersey, achetez de l'herbe en ligne en Chine, achetez de l'herbe en ligne en Ukraine, achetez de l'herbe en ligne en Hongrie, achetez de l'herbe en ligne en Su\u00e8de, achetez de l'herbe en ligne au Japon, achetez de l'herbe en ligne en Espagne, achetez de l'herbe en ligne en Russie, achetez de l'herbe en ligne en Croatie, achetez de l'herbe en ligne \u00e0 Guam, achetez de l'herbe en ligne \u00e0 Guernesey.<\/p>","protected":false},"excerpt":{"rendered":"<p>La\u00a0<b>vari\u00e9t\u00e9 Biscotti<\/b>\u00a0est un classique de Cookies crois\u00e9 avec une souche OG du sud\u00a0<b>vari\u00e9t\u00e9<\/b>: Gelato #25 crois\u00e9 avec South Florida OG. ... Les g\u00e9n\u00e9tiques de la famille Cookies sont connues pour \u00eatre de puissants hybrides Indica qui ont des ar\u00f4mes doux et exotiques. Girl Scout Cookies est le biscuit original <b>vari\u00e9t\u00e9<\/b>.<\/p>","protected":false},"featured_media":1502,"comment_status":"closed","ping_status":"closed","template":"","meta":{"_uag_custom_page_level_css":"","site-sidebar-layout":"default","site-content-layout":"","ast-site-content-layout":"","site-content-style":"default","site-sidebar-style":"default","ast-global-header-display":"","ast-banner-title-visibility":"","ast-main-header-display":"","ast-hfb-above-header-display":"","ast-hfb-below-header-display":"","ast-hfb-mobile-header-display":"","site-post-title":"","ast-breadcrumbs-content":"","ast-featured-img":"","footer-sml-layout":"","theme-transparent-header-meta":"","adv-header-id-meta":"","stick-header-meta":"","header-above-stick-meta":"","header-main-stick-meta":"","header-below-stick-meta":"","astra-migrate-meta-layouts":"default","ast-page-background-enabled":"default","ast-page-background-meta":{"desktop":{"background-color":"var(--ast-global-color-4)","background-image":"","background-repeat":"repeat","background-position":"center center","background-size":"auto","background-attachment":"scroll","background-type":"","background-media":"","overlay-type":"","overlay-color":"","overlay-opacity":"","overlay-gradient":""},"tablet":{"background-color":"","background-image":"","background-repeat":"repeat","background-position":"center center","background-size":"auto","background-attachment":"scroll","background-type":"","background-media":"","overlay-type":"","overlay-color":"","overlay-opacity":"","overlay-gradient":""},"mobile":{"background-color":"","background-image":"","background-repeat":"repeat","background-position":"center center","background-size":"auto","background-attachment":"scroll","background-type":"","background-media":"","overlay-type":"","overlay-color":"","overlay-opacity":"","overlay-gradient":""}},"ast-content-background-meta":{"desktop":{"background-color":"var(--ast-global-color-5)","background-image":"","background-repeat":"repeat","background-position":"center center","background-size":"auto","background-attachment":"scroll","background-type":"","background-media":"","overlay-type":"","overlay-color":"","overlay-opacity":"","overlay-gradient":""},"tablet":{"background-color":"var(--ast-global-color-5)","background-image":"","background-repeat":"repeat","background-position":"center center","background-size":"auto","background-attachment":"scroll","background-type":"","background-media":"","overlay-type":"","overlay-color":"","overlay-opacity":"","overlay-gradient":""},"mobile":{"background-color":"var(--ast-global-color-5)","background-image":"","background-repeat":"repeat","background-position":"center center","background-size":"auto","background-attachment":"scroll","background-type":"","background-media":"","overlay-type":"","overlay-color":"","overlay-opacity":"","overlay-gradient":""}}},"product_brand":[],"product_cat":[228],"product_tag":[201,202,203,204,205,206,207,208,209,210,211,212,213,214,215,216,217,218,219,220,221,222,223,224,225,226],"class_list":{"0":"post-1466","1":"product","2":"type-product","3":"status-publish","4":"has-post-thumbnail","6":"product_cat-indica","7":"product_tag-buy-weed-online-in-australia","8":"product_tag-buy-weed-online-in-belgium","9":"product_tag-buy-weed-online-in-britain","10":"product_tag-buy-weed-online-in-china","11":"product_tag-buy-weed-online-in-croatia","12":"product_tag-buy-weed-online-in-denmark","13":"product_tag-buy-weed-online-in-european-union","14":"product_tag-buy-weed-online-in-france","15":"product_tag-buy-weed-online-in-germany","16":"product_tag-buy-weed-online-in-guam","17":"product_tag-buy-weed-online-in-guernsey","18":"product_tag-buy-weed-online-in-hungary","19":"product_tag-buy-weed-online-in-ireland","20":"product_tag-buy-weed-online-in-israel","21":"product_tag-buy-weed-online-in-italy","22":"product_tag-buy-weed-online-in-japan","23":"product_tag-buy-weed-online-in-jersey","24":"product_tag-buy-weed-online-in-latvia","25":"product_tag-buy-weed-online-in-poland","26":"product_tag-buy-weed-online-in-russia","27":"product_tag-buy-weed-online-in-spain","28":"product_tag-buy-weed-online-in-sweeden","29":"product_tag-buy-weed-online-in-switzerland","30":"product_tag-buy-weed-online-in-turkey","31":"product_tag-buy-weed-online-in-ukraine","32":"product_tag-buy-weed-online-united-states","33":"desktop-align-center","34":"tablet-align-left","35":"mobile-align-left","37":"first","38":"instock","39":"shipping-taxable","40":"purchasable","41":"product-type-variable"},"uagb_featured_image_src":{"full":["https:\/\/caliweedeurope.com\/wp-content\/uploads\/2024\/11\/treegod415_53405499_427674184643905_7221474027484783232_n.jpg",1080,1350,false],"thumbnail":["https:\/\/caliweedeurope.com\/wp-content\/uploads\/2024\/11\/treegod415_53405499_427674184643905_7221474027484783232_n-150x150.jpg",150,150,true],"medium":["https:\/\/caliweedeurope.com\/wp-content\/uploads\/2024\/11\/treegod415_53405499_427674184643905_7221474027484783232_n-240x300.jpg",240,300,true],"medium_large":["https:\/\/caliweedeurope.com\/wp-content\/uploads\/2024\/11\/treegod415_53405499_427674184643905_7221474027484783232_n-768x960.jpg",768,960,true],"large":["https:\/\/caliweedeurope.com\/wp-content\/uploads\/2024\/11\/treegod415_53405499_427674184643905_7221474027484783232_n-819x1024.jpg",819,1024,true],"1536x1536":["https:\/\/caliweedeurope.com\/wp-content\/uploads\/2024\/11\/treegod415_53405499_427674184643905_7221474027484783232_n.jpg",1080,1350,false],"2048x2048":["https:\/\/caliweedeurope.com\/wp-content\/uploads\/2024\/11\/treegod415_53405499_427674184643905_7221474027484783232_n.jpg",1080,1350,false],"trp-custom-language-flag":["https:\/\/caliweedeurope.com\/wp-content\/uploads\/2024\/11\/treegod415_53405499_427674184643905_7221474027484783232_n.jpg",10,12,false],"woocommerce_thumbnail":["https:\/\/caliweedeurope.com\/wp-content\/uploads\/2024\/11\/treegod415_53405499_427674184643905_7221474027484783232_n-300x300.jpg",300,300,true],"woocommerce_single":["https:\/\/caliweedeurope.com\/wp-content\/uploads\/2024\/11\/treegod415_53405499_427674184643905_7221474027484783232_n-600x750.jpg",600,750,true],"woocommerce_gallery_thumbnail":["https:\/\/caliweedeurope.com\/wp-content\/uploads\/2024\/11\/treegod415_53405499_427674184643905_7221474027484783232_n-100x100.jpg",100,100,true]},"uagb_author_info":{"display_name":"jetskiforsaleuk@gmail.com","author_link":"https:\/\/caliweedeurope.com\/fr\/author\/"},"uagb_comment_info":0,"uagb_excerpt":"The\u00a0Biscotti strain\u00a0is a Cookies classic crossed a southern OG\u00a0strain: Gelato #25 crossed with South Florida OG. \u2026 Cookies Family genetics are known to be potent Indica-hybrids that have sweet and exotic aromatics. Girl Scout Cookies is the original cookies strain.","_links":{"self":[{"href":"https:\/\/caliweedeurope.com\/fr\/wp-json\/wp\/v2\/product\/1466"}],"collection":[{"href":"https:\/\/caliweedeurope.com\/fr\/wp-json\/wp\/v2\/product"}],"about":[{"href":"https:\/\/caliweedeurope.com\/fr\/wp-json\/wp\/v2\/types\/product"}],"replies":[{"embeddable":true,"href":"https:\/\/caliweedeurope.com\/fr\/wp-json\/wp\/v2\/comments?post=1466"}],"wp:featuredmedia":[{"embeddable":true,"href":"https:\/\/caliweedeurope.com\/fr\/wp-json\/wp\/v2\/media\/1502"}],"wp:attachment":[{"href":"https:\/\/caliweedeurope.com\/fr\/wp-json\/wp\/v2\/media?parent=1466"}],"wp:term":[{"taxonomy":"product_brand","embeddable":true,"href":"https:\/\/caliweedeurope.com\/fr\/wp-json\/wp\/v2\/product_brand?post=1466"},{"taxonomy":"product_cat","embeddable":true,"href":"https:\/\/caliweedeurope.com\/fr\/wp-json\/wp\/v2\/product_cat?post=1466"},{"taxonomy":"product_tag","embeddable":true,"href":"https:\/\/caliweedeurope.com\/fr\/wp-json\/wp\/v2\/product_tag?post=1466"}],"curies":[{"name":"wp","href":"https:\/\/api.w.org\/{rel}","templated":true}]}}