{"id":1484,"date":"2024-11-03T21:33:28","date_gmt":"2024-11-03T21:33:28","guid":{"rendered":"https:\/\/caliweedeurope.com\/?post_type=product&#038;p=1484"},"modified":"2024-11-03T21:33:51","modified_gmt":"2024-11-03T21:33:51","slug":"grand-daddy-purple-for-sale","status":"publish","type":"product","link":"https:\/\/caliweedeurope.com\/fr\/product\/grand-daddy-purple-for-sale\/","title":{"rendered":"Grand Daddy Purple \u00e0 vendre"},"content":{"rendered":"<h1>Grand Daddy Purple \u00e0 vendre<\/h1>\n<p class=\"translation-block\">Enfin une Indica \u00e0 \u00e9valuer ! Avant que Cookies ne devienne la vari\u00e9t\u00e9 tendance, il y avait <strong>Grand Daddy Purple \u00e0 vendre (GDP)<\/strong>, dominant la communaut\u00e9 du cannabis pendant plus de 5 ans. C'est un sacr\u00e9 parcours ! Ind\u00e9niablement la plus c\u00e9l\u00e8bre de toutes les vari\u00e9t\u00e9s <em>violettes<\/em>. Facile \u00e0 trouver et \u00e0 cultiver, ce pilier de la sc\u00e8ne du cannabis vous fera revenir pour en avoir encore. grand daddy purple strain \u00e0 vendre.<\/p>\n<p><strong>Apparence et odeur<\/strong><\/p>\n<p class=\"translation-block\"><strong>Grand Daddy Purple \u00e0 vendre<\/strong> les t\u00eates sont d'un vert incroyablement dense qui prend des teintes violettes profondes qui se r\u00e9pandent enti\u00e8rement dans les t\u00eates (pas seulement \u00e0 l'ext\u00e9rieur) \u00e0 mesure que la plante atteint sa maturit\u00e9. Des poils orange vif sont abondants et offrent un joli contraste avec les autres couleurs qui pars\u00e8ment les t\u00eates recouvertes de r\u00e9sine. L'odeur est simple, et cela peut sembler un peu clich\u00e9, mais \u00e7a sent vraiment le raisin.<\/p>\n<p><a href=\"https:\/\/deligentman.com\/wp-content\/uploads\/2020\/01\/can-you-buy-weed-online.jpg\" target=\"_blank\" rel=\"noopener\"><img loading=\"lazy\" decoding=\"async\" class=\"wp-image-7493 size-medium aligncenter\" src=\"https:\/\/deligentman.com\/wp-content\/uploads\/2020\/01\/can-you-buy-weed-online-300x175.jpg\" alt=\"\" width=\"300\" height=\"175\" \/><\/a><\/p>\n<p><strong>La fum\u00e9e<\/strong><\/p>\n<p>Dans ma vie pr\u00e9c\u00e9dente, j'ai cultiv\u00e9 cette vari\u00e9t\u00e9 pendant de nombreuses ann\u00e9es. Je peux facilement identifier GDP rien qu'\u00e0 son go\u00fbt. Encore une fois, une saveur distinctive de raisin est la saveur pr\u00e9dominante. Ce go\u00fbt a tendance \u00e0 rester longtemps sur la langue. Les effets durent longtemps (3-4 heures) avec une sensation douce et uniforme. Un m\u00e9dicament incroyable pour terminer votre nuit dans une relaxation corporelle profonde. Grand Daddy Purple en vente. <a href=\"https:\/\/deligentman.com\/contact\/\" target=\"_blank\" rel=\"noopener\">Contactez-nous maintenant<\/a><\/p>\n<p><strong>Dans l'ensemble<\/strong><\/p>\n<p class=\"translation-block\">Je consid\u00e8re toujours <strong>Grand Daddy Purple<\/strong> comme une vari\u00e9t\u00e9 de soir\u00e9e. Bien qu'elle ne soit pas la plus puissante des vari\u00e9t\u00e9s Indica, je peux penser \u00e0 de nombreuses autres vari\u00e9t\u00e9s plus adapt\u00e9es pour la journ\u00e9e. Cela dit, le GDP est <a href=\"https:\/\/www.politico.com\/news\/marijuana-legalization\" target=\"_blank\" rel=\"noopener\">consid\u00e9r\u00e9<\/a> comme l'une des meilleures vari\u00e9t\u00e9s \u00ab th\u00e9rapeutiques \u00bb. Cette propri\u00e9t\u00e9 et ses qualit\u00e9s pour augmenter l'app\u00e9tit en font une favorite parmi les patients faisant face aux effets secondaires de la chimioth\u00e9rapie. Le GDP est \u00e9galement excellent contre l'insomnie. Le GDP semble partout maintenant, alors si vous tombez dessus, ne manquez pas l'occasion de go\u00fbter \u00e0 cette vari\u00e9t\u00e9 l\u00e9gendaire. grand daddy purple \u00e0 vendre. purple punch strain.<\/p>\n<p>&nbsp;<\/p>\n<p>&nbsp;<\/p>","protected":false},"excerpt":{"rendered":"<p>Grand Daddy Purple Grade A (Indica) \u00e0 vendre en ligne aux \u00c9tats-Unis. Vous pouvez l'acheter sur notre boutique en ligne de cannabis. Nous avons de la marijuana \u00e0 vendre, de la weed \u00e0 vendre en ligne. ... Grand Daddy Purps est l'une des souches Indica les plus populaires sur la c\u00f4te ouest et peut-\u00eatre la souche de cannabis 'violette' la plus connue aux \u00c9tats-Unis.<\/p>","protected":false},"featured_media":1506,"comment_status":"closed","ping_status":"closed","template":"","meta":{"_uag_custom_page_level_css":"","site-sidebar-layout":"default","site-content-layout":"","ast-site-content-layout":"","site-content-style":"default","site-sidebar-style":"default","ast-global-header-display":"","ast-banner-title-visibility":"","ast-main-header-display":"","ast-hfb-above-header-display":"","ast-hfb-below-header-display":"","ast-hfb-mobile-header-display":"","site-post-title":"","ast-breadcrumbs-content":"","ast-featured-img":"","footer-sml-layout":"","theme-transparent-header-meta":"","adv-header-id-meta":"","stick-header-meta":"","header-above-stick-meta":"","header-main-stick-meta":"","header-below-stick-meta":"","astra-migrate-meta-layouts":"default","ast-page-background-enabled":"default","ast-page-background-meta":{"desktop":{"background-color":"var(--ast-global-color-4)","background-image":"","background-repeat":"repeat","background-position":"center center","background-size":"auto","background-attachment":"scroll","background-type":"","background-media":"","overlay-type":"","overlay-color":"","overlay-opacity":"","overlay-gradient":""},"tablet":{"background-color":"","background-image":"","background-repeat":"repeat","background-position":"center center","background-size":"auto","background-attachment":"scroll","background-type":"","background-media":"","overlay-type":"","overlay-color":"","overlay-opacity":"","overlay-gradient":""},"mobile":{"background-color":"","background-image":"","background-repeat":"repeat","background-position":"center center","background-size":"auto","background-attachment":"scroll","background-type":"","background-media":"","overlay-type":"","overlay-color":"","overlay-opacity":"","overlay-gradient":""}},"ast-content-background-meta":{"desktop":{"background-color":"var(--ast-global-color-5)","background-image":"","background-repeat":"repeat","background-position":"center center","background-size":"auto","background-attachment":"scroll","background-type":"","background-media":"","overlay-type":"","overlay-color":"","overlay-opacity":"","overlay-gradient":""},"tablet":{"background-color":"var(--ast-global-color-5)","background-image":"","background-repeat":"repeat","background-position":"center center","background-size":"auto","background-attachment":"scroll","background-type":"","background-media":"","overlay-type":"","overlay-color":"","overlay-opacity":"","overlay-gradient":""},"mobile":{"background-color":"var(--ast-global-color-5)","background-image":"","background-repeat":"repeat","background-position":"center center","background-size":"auto","background-attachment":"scroll","background-type":"","background-media":"","overlay-type":"","overlay-color":"","overlay-opacity":"","overlay-gradient":""}}},"product_brand":[],"product_cat":[228],"product_tag":[344,345,329,346,347,348,349,350,351,352,353,354,355,356,357,358,331,359,360,361,362,363,364,365,366,367,368,369,370,371,372,373,374,375,376,377,378,379],"class_list":{"0":"post-1484","1":"product","2":"type-product","3":"status-publish","4":"has-post-thumbnail","6":"product_cat-indica","7":"product_tag-buy-cannabis-buds-online-uk","8":"product_tag-buy-cannabis-growing-equipment-uk","9":"product_tag-buy-cannabis-in-uk","10":"product_tag-buy-cannabis-oil-for-cancer-online-uk","11":"product_tag-buy-cannabis-oil-for-cancer-uk","12":"product_tag-buy-cannabis-oil-online-uk","13":"product_tag-buy-cannabis-oil-uk","14":"product_tag-buy-cannabis-online-uk-paypal","15":"product_tag-buy-cannabis-plants-uk","16":"product_tag-buy-cannabis-seeds-in-uk","17":"product_tag-buy-cannabis-seeds-uk","18":"product_tag-buy-cannabis-uk","19":"product_tag-buy-legal-cannabis-online-uk","20":"product_tag-buy-legal-cannabis-uk","21":"product_tag-buy-medical-cannabis-oil-online-uk","22":"product_tag-buy-medical-cannabis-oil-uk","23":"product_tag-buy-medical-cannabis-online-uk","24":"product_tag-buying-cannabis-online-uk","25":"product_tag-buying-cannabis-seeds-uk","26":"product_tag-buying-cannabis-uk","27":"product_tag-can-i-buy-cannabis-online-uk","28":"product_tag-can-you-buy-cannabis-online-uk","29":"product_tag-can-you-buy-cannabis-seeds-in-uk","30":"product_tag-cannabis-energy-drink-where-to-buy-uk","31":"product_tag-cannabis-for-sale-online-uk","32":"product_tag-cannabis-oil-buy-uk","33":"product_tag-cannabis-oil-cancer-where-to-buy-uk","34":"product_tag-cannabis-online-uk","35":"product_tag-cannabis-sale-online-uk","36":"product_tag-cannabis-seeds-online-uk","37":"product_tag-cheapest-cannabis-seeds-online-uk","38":"product_tag-is-it-legal-to-buy-cannabis-seeds-uk","39":"product_tag-online-cannabis-shop-uk","40":"product_tag-ordering-cannabis-online-uk","41":"product_tag-where-can-i-buy-cannabis-oil-for-cancer-in-uk","42":"product_tag-where-can-i-buy-cannabis-oil-in-the-uk","43":"product_tag-where-can-i-buy-cannabis-oil-in-uk","44":"product_tag-where-can-i-buy-cannabis-seeds-in-uk","45":"desktop-align-center","46":"tablet-align-left","47":"mobile-align-left","49":"first","50":"instock","51":"sale","52":"shipping-taxable","53":"purchasable","54":"product-type-variable"},"uagb_featured_image_src":{"full":["https:\/\/caliweedeurope.com\/wp-content\/uploads\/2024\/11\/treegod415_53703777_126930345090400_5544935986039791710_n.jpg",1080,1210,false],"thumbnail":["https:\/\/caliweedeurope.com\/wp-content\/uploads\/2024\/11\/treegod415_53703777_126930345090400_5544935986039791710_n-150x150.jpg",150,150,true],"medium":["https:\/\/caliweedeurope.com\/wp-content\/uploads\/2024\/11\/treegod415_53703777_126930345090400_5544935986039791710_n-268x300.jpg",268,300,true],"medium_large":["https:\/\/caliweedeurope.com\/wp-content\/uploads\/2024\/11\/treegod415_53703777_126930345090400_5544935986039791710_n-768x860.jpg",768,860,true],"large":["https:\/\/caliweedeurope.com\/wp-content\/uploads\/2024\/11\/treegod415_53703777_126930345090400_5544935986039791710_n-914x1024.jpg",914,1024,true],"1536x1536":["https:\/\/caliweedeurope.com\/wp-content\/uploads\/2024\/11\/treegod415_53703777_126930345090400_5544935986039791710_n.jpg",1080,1210,false],"2048x2048":["https:\/\/caliweedeurope.com\/wp-content\/uploads\/2024\/11\/treegod415_53703777_126930345090400_5544935986039791710_n.jpg",1080,1210,false],"trp-custom-language-flag":["https:\/\/caliweedeurope.com\/wp-content\/uploads\/2024\/11\/treegod415_53703777_126930345090400_5544935986039791710_n.jpg",11,12,false],"woocommerce_thumbnail":["https:\/\/caliweedeurope.com\/wp-content\/uploads\/2024\/11\/treegod415_53703777_126930345090400_5544935986039791710_n-300x300.jpg",300,300,true],"woocommerce_single":["https:\/\/caliweedeurope.com\/wp-content\/uploads\/2024\/11\/treegod415_53703777_126930345090400_5544935986039791710_n-600x672.jpg",600,672,true],"woocommerce_gallery_thumbnail":["https:\/\/caliweedeurope.com\/wp-content\/uploads\/2024\/11\/treegod415_53703777_126930345090400_5544935986039791710_n-100x100.jpg",100,100,true]},"uagb_author_info":{"display_name":"jetskiforsaleuk@gmail.com","author_link":"https:\/\/caliweedeurope.com\/fr\/author\/"},"uagb_comment_info":0,"uagb_excerpt":"Grand Daddy Purple Grade A (Indica)\u00a0for sale\u00a0online in the US.You can buy it from our weed online shop.We have marijuana\u00a0for sale,weed\u00a0for sale\u00a0online. &#8230; Grand Daddy Purps) is one of the most popular Indica strains on the west coast and is perhaps the most well known \u2018purple\u2019 cannabis strain in the US.","_links":{"self":[{"href":"https:\/\/caliweedeurope.com\/fr\/wp-json\/wp\/v2\/product\/1484"}],"collection":[{"href":"https:\/\/caliweedeurope.com\/fr\/wp-json\/wp\/v2\/product"}],"about":[{"href":"https:\/\/caliweedeurope.com\/fr\/wp-json\/wp\/v2\/types\/product"}],"replies":[{"embeddable":true,"href":"https:\/\/caliweedeurope.com\/fr\/wp-json\/wp\/v2\/comments?post=1484"}],"wp:featuredmedia":[{"embeddable":true,"href":"https:\/\/caliweedeurope.com\/fr\/wp-json\/wp\/v2\/media\/1506"}],"wp:attachment":[{"href":"https:\/\/caliweedeurope.com\/fr\/wp-json\/wp\/v2\/media?parent=1484"}],"wp:term":[{"taxonomy":"product_brand","embeddable":true,"href":"https:\/\/caliweedeurope.com\/fr\/wp-json\/wp\/v2\/product_brand?post=1484"},{"taxonomy":"product_cat","embeddable":true,"href":"https:\/\/caliweedeurope.com\/fr\/wp-json\/wp\/v2\/product_cat?post=1484"},{"taxonomy":"product_tag","embeddable":true,"href":"https:\/\/caliweedeurope.com\/fr\/wp-json\/wp\/v2\/product_tag?post=1484"}],"curies":[{"name":"wp","href":"https:\/\/api.w.org\/{rel}","templated":true}]}}