{"id":1488,"date":"2024-11-03T21:33:28","date_gmt":"2024-11-03T21:33:28","guid":{"rendered":"https:\/\/caliweedeurope.com\/?post_type=product&#038;p=1488"},"modified":"2024-11-03T21:34:15","modified_gmt":"2024-11-03T21:34:15","slug":"sour-diesel","status":"publish","type":"product","link":"https:\/\/caliweedeurope.com\/fr\/product\/sour-diesel\/","title":{"rendered":"Sour Diesel"},"content":{"rendered":"<h1>Acheter\u00a0<strong>Sour Diesel<\/strong>\u00a0Online<\/h1>\n<p>Sour Diesel est l\u2019une des vari\u00e9t\u00e9s sativa les plus fum\u00e9es de tous les temps. Si vous n\u2019avez jamais entendu parler de cette vari\u00e9t\u00e9, vous vivez probablement dans une grotte en Afghanistan, ou quelqu\u2019un que vous connaissez l\u2019a d\u00e9j\u00e0 essay\u00e9e (et l\u2019adore probablement). La lign\u00e9e sp\u00e9cifique de Sour Diesel est complexe et tr\u00e8s mal document\u00e9e, comme c\u2019est le cas pour la plupart des anciennes vari\u00e9t\u00e9s.<\/p>\n<p>Certains pensent que la vari\u00e9t\u00e9 Sour Diesel provient simplement d\u2019un ph\u00e9notype de Chemdawg l\u00e9g\u00e8rement diff\u00e9rent et davantage orient\u00e9 vers le c\u00f4t\u00e9 sativa. La th\u00e9orie de lign\u00e9e la plus r\u00e9pandue est que le Diesel original est le r\u00e9sultat d\u2019un croisement entre (Chemdawg x Super Skunk x Northern Lights). Souvent appel\u00e9e \u00ab Sour D \u00bb, cette hybride majoritairement sativa (90 % sativa, 10 % indica) tire son nom unique de l\u2019odeur presque diesel et agrum\u00e9e qu\u2019elle d\u00e9gage.<\/p>\n<p>\u00c0 ma connaissance, Sour Diesel n\u2019existe qu\u2019en forme de clone, et il est souvent assez difficile \u00e0 trouver. En raison de cette raret\u00e9 du v\u00e9ritable Sour Diesel, de nombreux hybrides ont tent\u00e9 d\u2019imiter le v\u00e9ritable effet de Sour Diesel. Certains s\u2019en approchent, mais rien n\u2019\u00e9gale l\u2019original.<\/p>\n<h2><strong>Apparence et odeur de Sour Diesel<\/strong><\/h2>\n<p>Sour Diesel est une plante grande et mince, adapt\u00e9e aussi bien aux jardins int\u00e9rieurs qu'ext\u00e9rieurs. Son feuillage devient presque violet dans les derni\u00e8res semaines de floraison. Les bourgeons affichent couramment des pistils allant du rose \u00e0 l'orange clair, et la formation est l\u00e2che et en forme de lance.<\/p>\n<p>Tout le Sour D que j'ai jamais cultiv\u00e9 a eu une grande cola avec 6 \u00e0 9 branches plus petites.<\/p>\n<p>L'odeur est tr\u00e8s forte, presque accablante, mais d'une mani\u00e8re ou d'une autre magn\u00e9tique. C'est parce que cette vari\u00e9t\u00e9 a une odeur distincte, \u00e2cre, herbac\u00e9e, de diesel, citronn\u00e9e, accompagn\u00e9e d'une pouss\u00e9e d'\u00e9nergie excitante. \u00c9tant donn\u00e9 sa lign\u00e9e sativa dominante, il est correct de supposer qu'elle affectera principalement l'esprit.<\/p>\n<h2><strong>La fum\u00e9e<\/strong><\/h2>\n<p>Les fans de cette vari\u00e9t\u00e9 utilisent g\u00e9n\u00e9ralement Sour Diesel comme leur premi\u00e8re source de m\u00e9dication pour commencer une longue journ\u00e9e \u2013 il vous fera vous sentir \u00e9veill\u00e9 et pr\u00eat \u00e0 partir. \u00c9tant si dominant en sativa, Sour Diesel affecte presque exclusivement les fonctions c\u00e9r\u00e9brales. Il ne devrait y avoir ni sensation de verrouillage sur le canap\u00e9 ni lourdeur corporelle lorsqu\u2019on fume le v\u00e9ritable produit.<\/p>\n<p>Sour Diesel a le m\u00eame go\u00fbt que son odeur : un ar\u00f4me classique de carburant funky. C'est pourquoi Sour D est si c\u00e9l\u00e8bre pour \u00eatre facilement rep\u00e9r\u00e9 dans une s\u00e9lection.<\/p>\n<p>La vari\u00e9t\u00e9 est si populaire parce que l'effet est assez incroyable avec un THC sup\u00e9rieur \u00e0 20% et une dur\u00e9e de 2 \u00e0 3 heures. \u00c9tant si domin\u00e9e par la sativa, elle remplit le corps et surtout l'esprit d'\u00e9nergie motivante et stimulante. C'est un v\u00e9ritable am\u00e9liorateur de l'humeur et un destructeur de d\u00e9pression. \u00catre de bonne humeur est une sensation naturelle et sans effort lorsqu'on exp\u00e9rimente Sour Diesel.<\/p>\n<h2><strong>Dans l'ensemble\u00a0<\/strong><\/h2>\n<p>La popularit\u00e9 impressionnante de Sour Diesel n'est pas un accident et n'est plus un ph\u00e9nom\u00e8ne exclusivement de la c\u00f4te Est. Cette vari\u00e9t\u00e9 est l'une des plus fascinantes de l'histoire du cannabis. Elle rend les choses dr\u00f4les encore plus dr\u00f4les ; elle rend la bonne nourriture encore meilleure. En tant qu'am\u00e9liorateur d'humeur, elle rend simplement la vie plus amusante. Les soir\u00e9es les plus ordinaires deviennent rapidement m\u00e9morables lorsque Sour Diesel entre en jeu. Plus qu'un simple am\u00e9liorateur d'humeur, cette vari\u00e9t\u00e9 a \u00e9galement prouv\u00e9 son efficacit\u00e9 dans le traitement de : la d\u00e9pression. Elle est \u00e9galement efficace contre l'anxi\u00e9t\u00e9, le stress et les probl\u00e8mes d'app\u00e9tit. Digne de sa renomm\u00e9e, cette vari\u00e9t\u00e9 reste et sera toujours l'une des meilleures vari\u00e9t\u00e9s de la plan\u00e8te.<\/p>","protected":false},"excerpt":{"rendered":"<p>Sour Diesel Grade A Shelf (sativa) en vente en ligne aux \u00c9tats-Unis. Vous pouvez l\u2019acheter dans notre boutique en ligne de cannabis. Nous avons de la marijuana et du cannabis en vente en ligne.<\/p>","protected":false},"featured_media":1508,"comment_status":"closed","ping_status":"closed","template":"","meta":{"_uag_custom_page_level_css":"","site-sidebar-layout":"default","site-content-layout":"","ast-site-content-layout":"","site-content-style":"default","site-sidebar-style":"default","ast-global-header-display":"","ast-banner-title-visibility":"","ast-main-header-display":"","ast-hfb-above-header-display":"","ast-hfb-below-header-display":"","ast-hfb-mobile-header-display":"","site-post-title":"","ast-breadcrumbs-content":"","ast-featured-img":"","footer-sml-layout":"","theme-transparent-header-meta":"","adv-header-id-meta":"","stick-header-meta":"","header-above-stick-meta":"","header-main-stick-meta":"","header-below-stick-meta":"","astra-migrate-meta-layouts":"default","ast-page-background-enabled":"default","ast-page-background-meta":{"desktop":{"background-color":"var(--ast-global-color-4)","background-image":"","background-repeat":"repeat","background-position":"center center","background-size":"auto","background-attachment":"scroll","background-type":"","background-media":"","overlay-type":"","overlay-color":"","overlay-opacity":"","overlay-gradient":""},"tablet":{"background-color":"","background-image":"","background-repeat":"repeat","background-position":"center center","background-size":"auto","background-attachment":"scroll","background-type":"","background-media":"","overlay-type":"","overlay-color":"","overlay-opacity":"","overlay-gradient":""},"mobile":{"background-color":"","background-image":"","background-repeat":"repeat","background-position":"center center","background-size":"auto","background-attachment":"scroll","background-type":"","background-media":"","overlay-type":"","overlay-color":"","overlay-opacity":"","overlay-gradient":""}},"ast-content-background-meta":{"desktop":{"background-color":"var(--ast-global-color-5)","background-image":"","background-repeat":"repeat","background-position":"center center","background-size":"auto","background-attachment":"scroll","background-type":"","background-media":"","overlay-type":"","overlay-color":"","overlay-opacity":"","overlay-gradient":""},"tablet":{"background-color":"var(--ast-global-color-5)","background-image":"","background-repeat":"repeat","background-position":"center center","background-size":"auto","background-attachment":"scroll","background-type":"","background-media":"","overlay-type":"","overlay-color":"","overlay-opacity":"","overlay-gradient":""},"mobile":{"background-color":"var(--ast-global-color-5)","background-image":"","background-repeat":"repeat","background-position":"center center","background-size":"auto","background-attachment":"scroll","background-type":"","background-media":"","overlay-type":"","overlay-color":"","overlay-opacity":"","overlay-gradient":""}}},"product_brand":[],"product_cat":[380],"product_tag":[201,202,203,204,205,206,207,208,209,210,211,212,213,214,215,216,217,218,219,220,221,222,223,224,225,226],"class_list":{"0":"post-1488","1":"product","2":"type-product","3":"status-publish","4":"has-post-thumbnail","6":"product_cat-sativa","7":"product_tag-buy-weed-online-in-australia","8":"product_tag-buy-weed-online-in-belgium","9":"product_tag-buy-weed-online-in-britain","10":"product_tag-buy-weed-online-in-china","11":"product_tag-buy-weed-online-in-croatia","12":"product_tag-buy-weed-online-in-denmark","13":"product_tag-buy-weed-online-in-european-union","14":"product_tag-buy-weed-online-in-france","15":"product_tag-buy-weed-online-in-germany","16":"product_tag-buy-weed-online-in-guam","17":"product_tag-buy-weed-online-in-guernsey","18":"product_tag-buy-weed-online-in-hungary","19":"product_tag-buy-weed-online-in-ireland","20":"product_tag-buy-weed-online-in-israel","21":"product_tag-buy-weed-online-in-italy","22":"product_tag-buy-weed-online-in-japan","23":"product_tag-buy-weed-online-in-jersey","24":"product_tag-buy-weed-online-in-latvia","25":"product_tag-buy-weed-online-in-poland","26":"product_tag-buy-weed-online-in-russia","27":"product_tag-buy-weed-online-in-spain","28":"product_tag-buy-weed-online-in-sweeden","29":"product_tag-buy-weed-online-in-switzerland","30":"product_tag-buy-weed-online-in-turkey","31":"product_tag-buy-weed-online-in-ukraine","32":"product_tag-buy-weed-online-united-states","33":"desktop-align-center","34":"tablet-align-left","35":"mobile-align-left","37":"first","38":"instock","39":"sale","40":"shipping-taxable","41":"purchasable","42":"product-type-variable"},"uagb_featured_image_src":{"full":["https:\/\/caliweedeurope.com\/wp-content\/uploads\/2024\/11\/treegod415_61117422_355110038478171_6070426788907369159_n.jpg",1080,1227,false],"thumbnail":["https:\/\/caliweedeurope.com\/wp-content\/uploads\/2024\/11\/treegod415_61117422_355110038478171_6070426788907369159_n-150x150.jpg",150,150,true],"medium":["https:\/\/caliweedeurope.com\/wp-content\/uploads\/2024\/11\/treegod415_61117422_355110038478171_6070426788907369159_n-264x300.jpg",264,300,true],"medium_large":["https:\/\/caliweedeurope.com\/wp-content\/uploads\/2024\/11\/treegod415_61117422_355110038478171_6070426788907369159_n-768x873.jpg",768,873,true],"large":["https:\/\/caliweedeurope.com\/wp-content\/uploads\/2024\/11\/treegod415_61117422_355110038478171_6070426788907369159_n-901x1024.jpg",901,1024,true],"1536x1536":["https:\/\/caliweedeurope.com\/wp-content\/uploads\/2024\/11\/treegod415_61117422_355110038478171_6070426788907369159_n.jpg",1080,1227,false],"2048x2048":["https:\/\/caliweedeurope.com\/wp-content\/uploads\/2024\/11\/treegod415_61117422_355110038478171_6070426788907369159_n.jpg",1080,1227,false],"trp-custom-language-flag":["https:\/\/caliweedeurope.com\/wp-content\/uploads\/2024\/11\/treegod415_61117422_355110038478171_6070426788907369159_n.jpg",11,12,false],"woocommerce_thumbnail":["https:\/\/caliweedeurope.com\/wp-content\/uploads\/2024\/11\/treegod415_61117422_355110038478171_6070426788907369159_n-300x300.jpg",300,300,true],"woocommerce_single":["https:\/\/caliweedeurope.com\/wp-content\/uploads\/2024\/11\/treegod415_61117422_355110038478171_6070426788907369159_n-600x682.jpg",600,682,true],"woocommerce_gallery_thumbnail":["https:\/\/caliweedeurope.com\/wp-content\/uploads\/2024\/11\/treegod415_61117422_355110038478171_6070426788907369159_n-100x100.jpg",100,100,true]},"uagb_author_info":{"display_name":"jetskiforsaleuk@gmail.com","author_link":"https:\/\/caliweedeurope.com\/fr\/author\/"},"uagb_comment_info":0,"uagb_excerpt":"Sour Diesel Grade A Shelf (sativa) for sale online in the US. You can buy it from our weed online shop.We have marijuana for sale, weed for sale online.","_links":{"self":[{"href":"https:\/\/caliweedeurope.com\/fr\/wp-json\/wp\/v2\/product\/1488"}],"collection":[{"href":"https:\/\/caliweedeurope.com\/fr\/wp-json\/wp\/v2\/product"}],"about":[{"href":"https:\/\/caliweedeurope.com\/fr\/wp-json\/wp\/v2\/types\/product"}],"replies":[{"embeddable":true,"href":"https:\/\/caliweedeurope.com\/fr\/wp-json\/wp\/v2\/comments?post=1488"}],"wp:featuredmedia":[{"embeddable":true,"href":"https:\/\/caliweedeurope.com\/fr\/wp-json\/wp\/v2\/media\/1508"}],"wp:attachment":[{"href":"https:\/\/caliweedeurope.com\/fr\/wp-json\/wp\/v2\/media?parent=1488"}],"wp:term":[{"taxonomy":"product_brand","embeddable":true,"href":"https:\/\/caliweedeurope.com\/fr\/wp-json\/wp\/v2\/product_brand?post=1488"},{"taxonomy":"product_cat","embeddable":true,"href":"https:\/\/caliweedeurope.com\/fr\/wp-json\/wp\/v2\/product_cat?post=1488"},{"taxonomy":"product_tag","embeddable":true,"href":"https:\/\/caliweedeurope.com\/fr\/wp-json\/wp\/v2\/product_tag?post=1488"}],"curies":[{"name":"wp","href":"https:\/\/api.w.org\/{rel}","templated":true}]}}