{"id":1510,"date":"2024-11-03T21:33:53","date_gmt":"2024-11-03T21:33:53","guid":{"rendered":"https:\/\/caliweedeurope.com\/?post_type=product&#038;p=1510"},"modified":"2024-11-03T21:34:38","modified_gmt":"2024-11-03T21:34:38","slug":"khalifa-kush-pre-rolled-joints","status":"publish","type":"product","link":"https:\/\/caliweedeurope.com\/fr\/product\/khalifa-kush-pre-rolled-joints\/","title":{"rendered":"Khalifa Kush Pre Rolled Joints"},"content":{"rendered":"<h1>Khalifa Kush Pre Rolled Joints<\/h1>\n<p>Achetez des joints pr\u00e9-roul\u00e9s Khalifa Kush<\/p>\n<p class=\"translation-block\"><strong>Dosage :<\/strong> Chaque joint contient 1,2 grammes de fleurs de cannabis avec un taux de THC allant de 25 % \u00e0 37 % <a href=\"https:\/\/en.wikipedia.org\/wiki\/Tetrahydrocannabinol\" target=\"_blank\" rel=\"noopener\">THC<\/a>.<\/p>\n<p class=\"translation-block\"><strong>Emballage :<\/strong> En fonction du volume de produit command\u00e9 et de la vari\u00e9t\u00e9, nous utilisons une combinaison de contenants \u00e0 bouchon viss\u00e9, de sacs scell\u00e9s, et tout est toujours doublement sous vide avant d\u2019\u00eatre envoy\u00e9 par la poste pour garantir une arriv\u00e9e sans odeur.<\/p>\n<p class=\"translation-block\"><strong>Stockage :<\/strong> Veuillez conserver vos joints pr\u00e9-roul\u00e9s dans un contenant herm\u00e9tique dans un endroit frais et sec, comme le r\u00e9frig\u00e9rateur, pour une long\u00e9vit\u00e9 maximale. Achetez des joints pr\u00e9-roul\u00e9s Khalifa Kush.<\/p>\n<p class=\"translation-block\"><strong>Sympt\u00f4mes &amp; Conditions :<\/strong> Nous avons en plus le TDAH, l'anxi\u00e9t\u00e9, l'arthrite, l'autisme, le trouble bipolaire, les crampes, la fibromyalgie, les troubles gastro-intestinaux, l'insomnie, la perte d'app\u00e9tit. De plus, la migraine, la scl\u00e9rose en plaques, les spasmes musculaires, le SPM\/PMDD, le SSPT, la douleur : musculaire\/articulaire, douleur : neuropathique, douleur : membre fant\u00f4me. Achetez des joints pr\u00e9-roul\u00e9s Khalifa Kush.<\/p>\n<p class=\"translation-block\">Ainsi, nous savons que le cannabis change des vies. Et nous menons la charge pour mettre de la marijuana dans les mains des personnes qui en ont besoin. En tant que dispensaire de cannabis populaire situ\u00e9 aux \u00c9tats-Unis, nous fournissons des souches de cannabis de premi\u00e8re qualit\u00e9. Et ainsi des produits associ\u00e9s (Hybride, Indica et Sativa, ainsi que de l'huile de cannabis, de l'huile de chanvre, des comestibles, des concentr\u00e9s et des Moonrocks ou <a href=\"https:\/\/deligentman.com\/product\/sun-rocks-weed\/\" target=\"_blank\" rel=\"noopener\">Sun Rocks<\/a>) pour r\u00e9pondre aux exigences de nos clients ou patients. Nous sommes fiers de d\u00e9finir la norme pour ce dispensaire et donc. Nous avons de l'herbe \u00e0 vendre, achetez de la marijuana en ligne, de l'huile de cannabis \u00e0 vendre, commandez de l'herbe en ligne et o\u00f9 acheter de la marijuana, marijuana m\u00e9dicale \u00e0 vendre. Achetez de l'herbe en ligne au Royaume-Uni, achetez des joints pr\u00e9-roul\u00e9s Khalifa Kush.<\/p>\n<p>OBTENEZ LE MEILLEUR.<\/p>\n<p>Vous cherchez donc \u00e0 acheter des vari\u00e9t\u00e9s de marijuana de qualit\u00e9 avec une livraison garantie presque partout dans le monde ?<br \/> Bienvenue sur HempBazar UK. Nous avons les meilleurs joints pr\u00e9-roul\u00e9s \u00e0 vendre !<\/p>\n<p>En tant que tel, nous proposons un large assortiment de produits de marijuana de haute qualit\u00e9 \u00e0 vendre directement du Royaume-Uni.<\/p>\n<p>Pr\u00e9parez-vous \u00e0 aller au lit. Sweet Dreams est un m\u00e9lange puissant \u00e0 dominance Indica qui vous apportera du soulagement sur votre chemin vers une relaxation endormie. Les pr\u00e9-roul\u00e9s de Lucy sont faits uniquement avec les meilleures fleurs de cannabis 100 %, sans shake. Khalifa Kush pr\u00e9-roul\u00e9s.<\/p>","protected":false},"excerpt":{"rendered":"<p>THC de 18% \u00e0 30% Acheter de la marijuana en ligne UK, Acheter du kief en ligne UK, weed en ligne Europe, Acheter du skunk en ligne UK, commande par courrier 420 UK, Acheter du weed en ligne UK.<\/p>\n<p>&nbsp;<\/p>","protected":false},"featured_media":1534,"comment_status":"closed","ping_status":"closed","template":"","meta":{"_uag_custom_page_level_css":"","site-sidebar-layout":"default","site-content-layout":"","ast-site-content-layout":"","site-content-style":"default","site-sidebar-style":"default","ast-global-header-display":"","ast-banner-title-visibility":"","ast-main-header-display":"","ast-hfb-above-header-display":"","ast-hfb-below-header-display":"","ast-hfb-mobile-header-display":"","site-post-title":"","ast-breadcrumbs-content":"","ast-featured-img":"","footer-sml-layout":"","theme-transparent-header-meta":"","adv-header-id-meta":"","stick-header-meta":"","header-above-stick-meta":"","header-main-stick-meta":"","header-below-stick-meta":"","astra-migrate-meta-layouts":"default","ast-page-background-enabled":"default","ast-page-background-meta":{"desktop":{"background-color":"var(--ast-global-color-4)","background-image":"","background-repeat":"repeat","background-position":"center center","background-size":"auto","background-attachment":"scroll","background-type":"","background-media":"","overlay-type":"","overlay-color":"","overlay-opacity":"","overlay-gradient":""},"tablet":{"background-color":"","background-image":"","background-repeat":"repeat","background-position":"center center","background-size":"auto","background-attachment":"scroll","background-type":"","background-media":"","overlay-type":"","overlay-color":"","overlay-opacity":"","overlay-gradient":""},"mobile":{"background-color":"","background-image":"","background-repeat":"repeat","background-position":"center center","background-size":"auto","background-attachment":"scroll","background-type":"","background-media":"","overlay-type":"","overlay-color":"","overlay-opacity":"","overlay-gradient":""}},"ast-content-background-meta":{"desktop":{"background-color":"var(--ast-global-color-5)","background-image":"","background-repeat":"repeat","background-position":"center center","background-size":"auto","background-attachment":"scroll","background-type":"","background-media":"","overlay-type":"","overlay-color":"","overlay-opacity":"","overlay-gradient":""},"tablet":{"background-color":"var(--ast-global-color-5)","background-image":"","background-repeat":"repeat","background-position":"center center","background-size":"auto","background-attachment":"scroll","background-type":"","background-media":"","overlay-type":"","overlay-color":"","overlay-opacity":"","overlay-gradient":""},"mobile":{"background-color":"var(--ast-global-color-5)","background-image":"","background-repeat":"repeat","background-position":"center center","background-size":"auto","background-attachment":"scroll","background-type":"","background-media":"","overlay-type":"","overlay-color":"","overlay-opacity":"","overlay-gradient":""}}},"product_brand":[],"product_cat":[22,228,427,380],"product_tag":[428,429,430,431,432,433,434,330,435,436,437,232,438,439,440,441,442,443,444],"class_list":{"0":"post-1510","1":"product","2":"type-product","3":"status-publish","4":"has-post-thumbnail","6":"product_cat-hybrid","7":"product_cat-indica","8":"product_cat-pre-rolls","9":"product_cat-sativa","10":"product_tag-420-mail-order-uk","11":"product_tag-best-online-vape-store-uk","12":"product_tag-best-place-to-buy-weed-online-europe","13":"product_tag-best-weed-store-uk","14":"product_tag-buy-cbd-weed-online-europe","15":"product_tag-buy-kief-online-uk","16":"product_tag-buy-marijuana-online","17":"product_tag-buy-marijuana-online-uk","18":"product_tag-buy-pollen-online-uk","19":"product_tag-buy-pre-rolled-joints-online-uk","20":"product_tag-buy-skunk-online-uk","21":"product_tag-buy-weed-online-uk","22":"product_tag-head-shop-uk","23":"product_tag-khalifa-kush-pre-rolled-joints","24":"product_tag-legal-highs-shop-uk","25":"product_tag-mail-order-weed-online-europe","26":"product_tag-marijuana-store-uk","27":"product_tag-order-weed-online-europe","28":"product_tag-weed-online-europe","29":"desktop-align-center","30":"tablet-align-left","31":"mobile-align-left","33":"first","34":"instock","35":"shipping-taxable","36":"purchasable","37":"product-type-variable"},"uagb_featured_image_src":{"full":["https:\/\/caliweedeurope.com\/wp-content\/uploads\/2024\/11\/Pre-Roll-5-Pack-4.16.20-scaled-1.jpg",1948,1948,false],"thumbnail":["https:\/\/caliweedeurope.com\/wp-content\/uploads\/2024\/11\/Pre-Roll-5-Pack-4.16.20-scaled-1-150x150.jpg",150,150,true],"medium":["https:\/\/caliweedeurope.com\/wp-content\/uploads\/2024\/11\/Pre-Roll-5-Pack-4.16.20-scaled-1-300x300.jpg",300,300,true],"medium_large":["https:\/\/caliweedeurope.com\/wp-content\/uploads\/2024\/11\/Pre-Roll-5-Pack-4.16.20-scaled-1-768x768.jpg",768,768,true],"large":["https:\/\/caliweedeurope.com\/wp-content\/uploads\/2024\/11\/Pre-Roll-5-Pack-4.16.20-scaled-1-1024x1024.jpg",1024,1024,true],"1536x1536":["https:\/\/caliweedeurope.com\/wp-content\/uploads\/2024\/11\/Pre-Roll-5-Pack-4.16.20-scaled-1-1536x1536.jpg",1536,1536,true],"2048x2048":["https:\/\/caliweedeurope.com\/wp-content\/uploads\/2024\/11\/Pre-Roll-5-Pack-4.16.20-scaled-1.jpg",1948,1948,false],"trp-custom-language-flag":["https:\/\/caliweedeurope.com\/wp-content\/uploads\/2024\/11\/Pre-Roll-5-Pack-4.16.20-scaled-1.jpg",12,12,false],"woocommerce_thumbnail":["https:\/\/caliweedeurope.com\/wp-content\/uploads\/2024\/11\/Pre-Roll-5-Pack-4.16.20-scaled-1-300x300.jpg",300,300,true],"woocommerce_single":["https:\/\/caliweedeurope.com\/wp-content\/uploads\/2024\/11\/Pre-Roll-5-Pack-4.16.20-scaled-1-600x600.jpg",600,600,true],"woocommerce_gallery_thumbnail":["https:\/\/caliweedeurope.com\/wp-content\/uploads\/2024\/11\/Pre-Roll-5-Pack-4.16.20-scaled-1-100x100.jpg",100,100,true]},"uagb_author_info":{"display_name":"jetskiforsaleuk@gmail.com","author_link":"https:\/\/caliweedeurope.com\/fr\/author\/"},"uagb_comment_info":0,"uagb_excerpt":"THC\u00a0 18% to 30% Buy Marijuana Online UK, Buy kief online UK, weed online europe, Buy skunk online UK, 420 mail order UK, Buy weed Online UK. &nbsp;","_links":{"self":[{"href":"https:\/\/caliweedeurope.com\/fr\/wp-json\/wp\/v2\/product\/1510"}],"collection":[{"href":"https:\/\/caliweedeurope.com\/fr\/wp-json\/wp\/v2\/product"}],"about":[{"href":"https:\/\/caliweedeurope.com\/fr\/wp-json\/wp\/v2\/types\/product"}],"replies":[{"embeddable":true,"href":"https:\/\/caliweedeurope.com\/fr\/wp-json\/wp\/v2\/comments?post=1510"}],"wp:featuredmedia":[{"embeddable":true,"href":"https:\/\/caliweedeurope.com\/fr\/wp-json\/wp\/v2\/media\/1534"}],"wp:attachment":[{"href":"https:\/\/caliweedeurope.com\/fr\/wp-json\/wp\/v2\/media?parent=1510"}],"wp:term":[{"taxonomy":"product_brand","embeddable":true,"href":"https:\/\/caliweedeurope.com\/fr\/wp-json\/wp\/v2\/product_brand?post=1510"},{"taxonomy":"product_cat","embeddable":true,"href":"https:\/\/caliweedeurope.com\/fr\/wp-json\/wp\/v2\/product_cat?post=1510"},{"taxonomy":"product_tag","embeddable":true,"href":"https:\/\/caliweedeurope.com\/fr\/wp-json\/wp\/v2\/product_tag?post=1510"}],"curies":[{"name":"wp","href":"https:\/\/api.w.org\/{rel}","templated":true}]}}