{"id":1546,"date":"2024-11-03T21:34:17","date_gmt":"2024-11-03T21:34:17","guid":{"rendered":"https:\/\/caliweedeurope.com\/?post_type=product&#038;p=1546"},"modified":"2024-11-03T21:34:54","modified_gmt":"2024-11-03T21:34:54","slug":"blue-cheese","status":"publish","type":"product","link":"https:\/\/caliweedeurope.com\/fr\/product\/blue-cheese\/","title":{"rendered":"Blue Cheese"},"content":{"rendered":"<p>Blue Cheese est un hybride typiquement domin\u00e9 par l'indica qui offre une saveur distincte accompagn\u00e9e d'effets psychoactifs mod\u00e9r\u00e9s et d'un buzz paresseux.<\/p>\n<p>Cette vari\u00e9t\u00e9 doit son nom \u00e0 son ar\u00f4me et \u00e0 sa lign\u00e9e g\u00e9n\u00e9tique. Blue Cheese r\u00e9sulte du croisement de la populaire Blueberry avec la vari\u00e9t\u00e9 Cheese \u00e9lev\u00e9e au Royaume-Uni. Contrairement \u00e0 ce que vous pourriez croire, elle ne go\u00fbte pas le fromage ; mais l'ar\u00f4me... Oh, oui, on dirait vraiment un fromage cheddar affin\u00e9.<\/p>\n<p>Blue Cheese n'est pas le plus fort des hybrides dominants indica, car il a g\u00e9n\u00e9ralement un taux de THC d'environ 15 % \u00e0 20 %.<\/p>\n<p>En termes d'apparence, la vari\u00e9t\u00e9 de marijuana Blue Cheese poss\u00e8de des bourgeons remarquablement denses, avec des feuilles compactes allant du vert clair au vert moyen et parcourues de poils terreux.<\/p>\n<p>Une fois que vous sentez votre sac de Blue Cheese, vous comprendrez d'o\u00f9 vient son nom. Commen\u00e7ant par l'odeur piquante du fromage, la vari\u00e9t\u00e9 porte des notes fruit\u00e9es et de baies h\u00e9rit\u00e9es de son parent Blueberry.<\/p>\n<p>Parfois, l'ar\u00f4me devient si fort que de nombreuses personnes l'ont compar\u00e9 \u00e0 du musc ou m\u00eame des l\u00e9gumes pourris.<\/p>\n<p>Lorsque vous fumez Blue Cheese, le profil de saveur est en fait l'inverse de son profil aromatique. \u00c0 l'expiration, vous sentirez un go\u00fbt enti\u00e8rement de myrtille, avec des touches de funk fromager qui jouent quelque part tr\u00e8s, tr\u00e8s en arri\u00e8re-plan.<\/p>\n<p>Les effets sont comparables \u00e0 ceux d'autres hybrides dominants indica. Blue Cheese peut arriver lentement \u2013 sans la mont\u00e9e c\u00e9r\u00e9brale initiale associ\u00e9e aux vari\u00e9t\u00e9s plus \u00e9quilibr\u00e9es \u2013 et induire plus tard une sensation de relaxation corporelle compl\u00e8te.<\/p>\n<p>Malgr\u00e9 sa teneur mod\u00e9r\u00e9e en THC, Blue Cheese peut surprendre les utilisateurs inexp\u00e9riment\u00e9s par ses effets psychoactifs.<\/p>\n<p>Lorsque vous atteignez le sommet, l'effet du Blue Cheese peut entra\u00eener un verrouillage sur le canap\u00e9 d\u00e9bilitant, mais m\u00eame de petites doses de cette vari\u00e9t\u00e9 sont capables d'annuler tous vos projets pour le reste de la journ\u00e9e.<\/p>\n<p>Cela dit, la vari\u00e9t\u00e9 Blue Cheese est recommand\u00e9e pour une utilisation en soir\u00e9e. De plus, assurez-vous toujours d'avoir des en-cas \u00e0 port\u00e9e de main, car cette hybride est connue pour induire une forte fringale.<\/p>\n<p>Gr\u00e2ce \u00e0 ses effets mentionn\u00e9s ci-dessus, Blue Cheese est une excellente option pour les personnes qui utilisent de la marijuana \u00e0 des fins m\u00e9dicales. Elle peut soulager l'anxi\u00e9t\u00e9, la d\u00e9pression et aider les patients \u00e0 faire face aux sympt\u00f4mes li\u00e9s \u00e0 <a href=\"https:\/\/deligentman.com\/2016\/05\/06\/how-cannabis-can-help-treat-ptsd\/\" target=\"_blank\" rel=\"noopener\">PTSD<\/a>. Si vous souffrez de troubles de l'attention, ses effets clairs et concentr\u00e9s seront \u00e9galement b\u00e9n\u00e9fiques.<br \/> En ce qui concerne les effets secondaires possibles, Blue Cheese n'est pas tr\u00e8s diff\u00e9rent des autres hybrides dominants en indica. M\u00eame des doses mod\u00e9r\u00e9es de cette vari\u00e9t\u00e9 peuvent provoquer une s\u00e9cheresse de la bouche, des yeux secs et qui d\u00e9mangent, ainsi qu'une augmentation soudaine de l'app\u00e9tit ; que cet effet secondaire soit ind\u00e9sirable d\u00e9pend en fait de vos habitudes alimentaires.<\/p>\n<p>Les r\u00e9actions moins souhaitables peuvent inclure des vertiges et un peu d'anxi\u00e9t\u00e9, mais provoquer de la parano\u00efa avec Blue Cheese n'est pas une option, sauf si vous en consommez en quantit\u00e9s extr\u00eamement grandes.<\/p>\n<p>\u00c0 part cela, Blue Cheese est une souche incroyable, et lorsqu'elle est consomm\u00e9e en quantit\u00e9s suffisantes, elle constitue un excellent choix pour profiter de la soir\u00e9e jusqu'\u00e0 l'heure du coucher. Utilisez-la lorsque vous ressentez l'envie de vous d\u00e9tendre apr\u00e8s une longue et stressante journ\u00e9e de travail.<\/p>","protected":false},"excerpt":{"rendered":"<ul class=\"product-benefits\">\n<li>Arrive g\u00e9n\u00e9ralement en 2-3 jours<\/li>\n<li>Livraison gratuite pour les commandes de plus de 200 euros<\/li>\n<li>Exp\u00e9dition uniquement en Europe<\/li>\n<\/ul>","protected":false},"featured_media":1562,"comment_status":"closed","ping_status":"closed","template":"","meta":{"_uag_custom_page_level_css":"","site-sidebar-layout":"default","site-content-layout":"","ast-site-content-layout":"","site-content-style":"default","site-sidebar-style":"default","ast-global-header-display":"","ast-banner-title-visibility":"","ast-main-header-display":"","ast-hfb-above-header-display":"","ast-hfb-below-header-display":"","ast-hfb-mobile-header-display":"","site-post-title":"","ast-breadcrumbs-content":"","ast-featured-img":"","footer-sml-layout":"","theme-transparent-header-meta":"","adv-header-id-meta":"","stick-header-meta":"","header-above-stick-meta":"","header-main-stick-meta":"","header-below-stick-meta":"","astra-migrate-meta-layouts":"default","ast-page-background-enabled":"default","ast-page-background-meta":{"desktop":{"background-color":"var(--ast-global-color-4)","background-image":"","background-repeat":"repeat","background-position":"center center","background-size":"auto","background-attachment":"scroll","background-type":"","background-media":"","overlay-type":"","overlay-color":"","overlay-opacity":"","overlay-gradient":""},"tablet":{"background-color":"","background-image":"","background-repeat":"repeat","background-position":"center center","background-size":"auto","background-attachment":"scroll","background-type":"","background-media":"","overlay-type":"","overlay-color":"","overlay-opacity":"","overlay-gradient":""},"mobile":{"background-color":"","background-image":"","background-repeat":"repeat","background-position":"center center","background-size":"auto","background-attachment":"scroll","background-type":"","background-media":"","overlay-type":"","overlay-color":"","overlay-opacity":"","overlay-gradient":""}},"ast-content-background-meta":{"desktop":{"background-color":"var(--ast-global-color-5)","background-image":"","background-repeat":"repeat","background-position":"center center","background-size":"auto","background-attachment":"scroll","background-type":"","background-media":"","overlay-type":"","overlay-color":"","overlay-opacity":"","overlay-gradient":""},"tablet":{"background-color":"var(--ast-global-color-5)","background-image":"","background-repeat":"repeat","background-position":"center center","background-size":"auto","background-attachment":"scroll","background-type":"","background-media":"","overlay-type":"","overlay-color":"","overlay-opacity":"","overlay-gradient":""},"mobile":{"background-color":"var(--ast-global-color-5)","background-image":"","background-repeat":"repeat","background-position":"center center","background-size":"auto","background-attachment":"scroll","background-type":"","background-media":"","overlay-type":"","overlay-color":"","overlay-opacity":"","overlay-gradient":""}}},"product_brand":[],"product_cat":[228],"product_tag":[201,202,203,204,205,206,207,208,209,210,211,212,213,214,215,216,217,218,219,220,221,222,223,224,225,226],"class_list":{"0":"post-1546","1":"product","2":"type-product","3":"status-publish","4":"has-post-thumbnail","6":"product_cat-indica","7":"product_tag-buy-weed-online-in-australia","8":"product_tag-buy-weed-online-in-belgium","9":"product_tag-buy-weed-online-in-britain","10":"product_tag-buy-weed-online-in-china","11":"product_tag-buy-weed-online-in-croatia","12":"product_tag-buy-weed-online-in-denmark","13":"product_tag-buy-weed-online-in-european-union","14":"product_tag-buy-weed-online-in-france","15":"product_tag-buy-weed-online-in-germany","16":"product_tag-buy-weed-online-in-guam","17":"product_tag-buy-weed-online-in-guernsey","18":"product_tag-buy-weed-online-in-hungary","19":"product_tag-buy-weed-online-in-ireland","20":"product_tag-buy-weed-online-in-israel","21":"product_tag-buy-weed-online-in-italy","22":"product_tag-buy-weed-online-in-japan","23":"product_tag-buy-weed-online-in-jersey","24":"product_tag-buy-weed-online-in-latvia","25":"product_tag-buy-weed-online-in-poland","26":"product_tag-buy-weed-online-in-russia","27":"product_tag-buy-weed-online-in-spain","28":"product_tag-buy-weed-online-in-sweeden","29":"product_tag-buy-weed-online-in-switzerland","30":"product_tag-buy-weed-online-in-turkey","31":"product_tag-buy-weed-online-in-ukraine","32":"product_tag-buy-weed-online-united-states","33":"desktop-align-center","34":"tablet-align-left","35":"mobile-align-left","37":"first","38":"instock","39":"sale","40":"shipping-taxable","41":"purchasable","42":"product-type-variable"},"uagb_featured_image_src":{"full":["https:\/\/caliweedeurope.com\/wp-content\/uploads\/2024\/11\/treegod415_67298644_165799464467681_6494209895392585596_n.jpg",1080,1350,false],"thumbnail":["https:\/\/caliweedeurope.com\/wp-content\/uploads\/2024\/11\/treegod415_67298644_165799464467681_6494209895392585596_n-150x150.jpg",150,150,true],"medium":["https:\/\/caliweedeurope.com\/wp-content\/uploads\/2024\/11\/treegod415_67298644_165799464467681_6494209895392585596_n-240x300.jpg",240,300,true],"medium_large":["https:\/\/caliweedeurope.com\/wp-content\/uploads\/2024\/11\/treegod415_67298644_165799464467681_6494209895392585596_n-768x960.jpg",768,960,true],"large":["https:\/\/caliweedeurope.com\/wp-content\/uploads\/2024\/11\/treegod415_67298644_165799464467681_6494209895392585596_n-819x1024.jpg",819,1024,true],"1536x1536":["https:\/\/caliweedeurope.com\/wp-content\/uploads\/2024\/11\/treegod415_67298644_165799464467681_6494209895392585596_n.jpg",1080,1350,false],"2048x2048":["https:\/\/caliweedeurope.com\/wp-content\/uploads\/2024\/11\/treegod415_67298644_165799464467681_6494209895392585596_n.jpg",1080,1350,false],"trp-custom-language-flag":["https:\/\/caliweedeurope.com\/wp-content\/uploads\/2024\/11\/treegod415_67298644_165799464467681_6494209895392585596_n.jpg",10,12,false],"woocommerce_thumbnail":["https:\/\/caliweedeurope.com\/wp-content\/uploads\/2024\/11\/treegod415_67298644_165799464467681_6494209895392585596_n-300x300.jpg",300,300,true],"woocommerce_single":["https:\/\/caliweedeurope.com\/wp-content\/uploads\/2024\/11\/treegod415_67298644_165799464467681_6494209895392585596_n-600x750.jpg",600,750,true],"woocommerce_gallery_thumbnail":["https:\/\/caliweedeurope.com\/wp-content\/uploads\/2024\/11\/treegod415_67298644_165799464467681_6494209895392585596_n-100x100.jpg",100,100,true]},"uagb_author_info":{"display_name":"jetskiforsaleuk@gmail.com","author_link":"https:\/\/caliweedeurope.com\/fr\/author\/"},"uagb_comment_info":0,"uagb_excerpt":"Typically Arrives in 2-3 Days Free Shipping on Orders over 200 Euros Europe shipping only","_links":{"self":[{"href":"https:\/\/caliweedeurope.com\/fr\/wp-json\/wp\/v2\/product\/1546"}],"collection":[{"href":"https:\/\/caliweedeurope.com\/fr\/wp-json\/wp\/v2\/product"}],"about":[{"href":"https:\/\/caliweedeurope.com\/fr\/wp-json\/wp\/v2\/types\/product"}],"replies":[{"embeddable":true,"href":"https:\/\/caliweedeurope.com\/fr\/wp-json\/wp\/v2\/comments?post=1546"}],"wp:featuredmedia":[{"embeddable":true,"href":"https:\/\/caliweedeurope.com\/fr\/wp-json\/wp\/v2\/media\/1562"}],"wp:attachment":[{"href":"https:\/\/caliweedeurope.com\/fr\/wp-json\/wp\/v2\/media?parent=1546"}],"wp:term":[{"taxonomy":"product_brand","embeddable":true,"href":"https:\/\/caliweedeurope.com\/fr\/wp-json\/wp\/v2\/product_brand?post=1546"},{"taxonomy":"product_cat","embeddable":true,"href":"https:\/\/caliweedeurope.com\/fr\/wp-json\/wp\/v2\/product_cat?post=1546"},{"taxonomy":"product_tag","embeddable":true,"href":"https:\/\/caliweedeurope.com\/fr\/wp-json\/wp\/v2\/product_tag?post=1546"}],"curies":[{"name":"wp","href":"https:\/\/api.w.org\/{rel}","templated":true}]}}