{"id":1742,"date":"2024-11-05T18:39:15","date_gmt":"2024-11-05T18:39:15","guid":{"rendered":"https:\/\/caliweedeurope.com\/?post_type=product&#038;p=1742"},"modified":"2024-11-05T18:39:18","modified_gmt":"2024-11-05T18:39:18","slug":"buy-cali-bud-gobstoppers-strain-online","status":"publish","type":"product","link":"https:\/\/caliweedeurope.com\/fr\/product\/buy-cali-bud-gobstoppers-strain-online\/","title":{"rendered":"Buy Cali Bud Gobstoppers strain Online"},"content":{"rendered":"<h1 style=\"text-align: center\"><strong>\u00a0<\/strong><strong>GOBSTOPPERS <\/strong><strong>CALI BUD OR NO BUD\u00a0|<\/strong><strong>\u00a0CALI BUD OR NO BUD\u00a0<\/strong><strong>GOBSTOPPERS <\/strong><strong>|<\/strong><strong>\u00a0CALI PLUG CALI BUD OR NO BUD<\/strong><\/h1>\n<p><strong>Cali bud ou pas de bud Gobstoppers<\/strong><\/p>\n<p>Cette vari\u00e9t\u00e9 est un produit de cannabis Cali original en int\u00e9rieur, disponible pour les utilisateurs m\u00e9dicaux et r\u00e9cr\u00e9atifs qualifi\u00e9s. Les Cali Hardball Cookies sont l'une des fleurs de cannabis de qualit\u00e9 sup\u00e9rieure les plus recherch\u00e9es aux \u00c9tats-Unis. Cali Gobstoppers est une vari\u00e9t\u00e9 Indica. Si vous recherchez une saveur de bonbon tr\u00e8s fruit\u00e9e, alors c'est celle qu'il vous faut. C'est un m\u00e9lange parfait de Candy Diesel et de la vari\u00e9t\u00e9 tr\u00e8s puissante Vortex.<\/p>\n<p><b>Gobbstopper<\/b>\u00a0est une vari\u00e9t\u00e9 Indica au go\u00fbt de baies et la deuxi\u00e8me entr\u00e9e de la s\u00e9rie Wonka d'Alphakronik Genes. Cr\u00e9\u00e9e en croisant\u00a0<a href=\"https:\/\/www.leafly.com\/strains\/purple-urkle\" target=\"_blank\" rel=\"noopener\">Purple Urkle<\/a>\u00a0et\u00a0<a href=\"https:\/\/www.leafly.com\/strains\/sin-city-kush\" target=\"_blank\" rel=\"noopener\">Sin City Kush<\/a>, La saveur fruit\u00e9e de Gobbstopper qui dure longtemps s'ouvre au nez avec des fruits sucr\u00e9s et acidul\u00e9s, accompagn\u00e9s de notes terreuses et savoureuses. L'ar\u00f4me de cette vari\u00e9t\u00e9 varie de Pez \u00e0 la raisin avec des touches de tapioca, jusqu'aux framboises du Mt Hood et au bois de santal. La structure de ses t\u00eates refl\u00e8te sa g\u00e9n\u00e9tique Kush, offrant des couleurs profondes et une couverture saine de trichomes. Cali Bud ou pas de Bud Gobstoppers.<\/p>\n<h2 style=\"text-align: center\"><strong>\u00a0BUY\u00a0<\/strong><strong>GOBSTOPPERS\u00a0<\/strong><strong>CALI BUD OR NO BUD\u00a0 ONLINE | BUY CALI BUD OR NO BUD\u00a0<\/strong><strong>GOBSTOPPERS\u00a0<\/strong><strong>ONLINE | BUY CALI BUD OR NO BUD ONLINE<\/strong><\/h2>\n<p><strong style=\"color: #555555;font-size: 14.4px\">Utilisations m\u00e9dicales de la souche Cali Bud Gobstoppers<\/strong><\/p>\n<p>Cette Cali plug bud est fortement recommand\u00e9e pour les patients souffrant de douleurs chroniques s\u00e9v\u00e8res, de douleurs articulaires et de d\u00e9bilitation g\u00e9n\u00e9rale. Avec un pourcentage de THC d'environ 29%. Cali bud ou pas de bud Gobstoppers.<\/p>\n<div class=\"variety-percentage-wrap\">\n<h4 class=\"variety\"><a href=\"https:\/\/www.allbud.com\/marijuana-strains\/variety\/hybrid\" target=\"_blank\" rel=\"noopener\">\u00a0Hybride\u00a0<\/a><span class=\"hidden-xs\">\u2013\u00a0<\/span><span class=\"strain-percentages\">50% Sativa \/50% Indica<\/span><\/h4>\n<h4 class=\"percentage\"><span class=\"heading\">THC:\u00a0<\/span>14% \u2013 16%,\u00a0<span class=\"heading\">CBD:\u00a0<\/span><em>1<\/em>%<\/h4>\n<\/p><\/div>\n<p>Le Gobbstopper est une vari\u00e9t\u00e9 hybride parfaitement \u00e9quilibr\u00e9e cr\u00e9\u00e9e en croisant le d\u00e9licieux Candy Diesel avec le puissant Vortex. Vous cherchez une saveur de bonbon d\u00e9licieuse ? Eh bien, vous l'avez trouv\u00e9 ! Gobbstopper est tout ce dont vous avez r\u00eav\u00e9 et plus encore, m\u00e9langeant des baies sucr\u00e9es et des agrumes acides pour une saveur fruit\u00e9e de bonbon qui dansera sur votre langue.<\/p>\n<p>Gobbstopper peut \u00e9galement avoir plusieurs avantages pour les patients en m\u00e9decine cannabique. Son caract\u00e8re d\u00e9contract\u00e9 peut temporairement att\u00e9nuer les sympt\u00f4mes de stress et de d\u00e9pression. D'un point de vue physiologique, il peut \u00e9galement soulager les douleurs et les douleurs profondes, qu'elles soient temporaires ou chroniques. Les effets anti-inflammatoires peuvent s'occuper de maux plus l\u00e9gers comme les maux de t\u00eate ou les naus\u00e9es.<\/p>\n<h3 style=\"text-align: center\"><strong>GOBSTOPPERS\u00a0<\/strong><strong>CALI BUD OR NO BUD FOR SALE | CALI BUD OR NO BUD\u00a0\u00a0<\/strong><strong>GOBSTOPPERS\u00a0<\/strong><strong>FOR SALE | CALI BUD OR NO BUD\u00a0 FOR SALE<\/strong><\/h3>\n<p><strong>Cultiver la vari\u00e9t\u00e9 Cali Gabstoppers<\/strong><br \/> Les Cali Gobstoppers poussent assez courts et se d\u00e9veloppent pratiquement tr\u00e8s bien \u00e0 l'int\u00e9rieur, \u00e0 l'ext\u00e9rieur ainsi que dans les serres. Les nutriments doivent \u00eatre offerts au moins une fois par mois, sinon toutes les 5 semaines, pour achever la v\u00e9g\u00e9tation. Cette vari\u00e9t\u00e9 fleurit litt\u00e9ralement pendant 9 semaines et produit 2 grammes par watt en int\u00e9rieur. Les cultivateurs en ext\u00e9rieur peuvent r\u00e9colter jusqu'\u00e0 2 livres par plante. Gabstoppers vari\u00e9t\u00e9<\/p>\n<p>L'attrait visuel des fleurs de Gobstopper est \u00e9vident d\u00e8s le premier regard. Elles se distinguent par une forme irr\u00e9guli\u00e8re et de gros bourgeons massifs qui adh\u00e8rent \u00e0 la structure dense typique des indicas. Gabstoppers vari\u00e9t\u00e9<\/p>\n<h3 style=\"text-align: center\"><strong>CALI BUD OR NO BUD \u00a0<\/strong><strong>GOBSTOPPERS\u00a0<\/strong><strong>\u00a0NEAR ME |\u00a0<\/strong><strong>GOBSTOPPERS\u00a0<\/strong><strong>CALI BUD OR NO BUD\u00a0\u00a0 NEAR ME | CALI BUD OR NO BUD \u00a0NEAR ME<\/strong><\/h3>\n<p><strong>Avertissement sur la vari\u00e9t\u00e9 Cali Gabstoppers<\/strong><br \/> Ces bourgeons Cali de qualit\u00e9 sup\u00e9rieure contiennent du cannabis. Cette substance doit \u00eatre tenue hors de port\u00e9e des enfants et des animaux.<\/p>\n<p>Les effets du Gobstopper se font ressentir rapidement, exer\u00e7ant une pression autour des yeux et du front. Les effets qui suivent pourraient \u00eatre qualifi\u00e9s d\u2019expansifs pour l\u2019esprit \u2013 les fumeurs peuvent se sentir plus cr\u00e9atifs ou plus ouverts aux suggestions des autres ou des stimuli externes. Certains fumeurs peuvent \u00e9galement percevoir des alt\u00e9rations de perception, et des distorsions visuelles et auditives sont fr\u00e9quemment rapport\u00e9es. Plut\u00f4t qu\u2019une d\u00e9sorientation, le high du Gobstopper s\u2019apparente \u00e0 de l\u2019euphorie ; Extreme Boutique Genetics eux-m\u00eames ont compar\u00e9 ses effets stimulants \u00e0 l\u2019euphorie qu\u2019un enfant ressent le matin de No\u00ebl.<\/p>\n<p>Tout comme son profil de saveurs multicouches, Gobstopper offre \u00e9galement un effet complexe. Bien qu\u2019il soit peu probable qu\u2019il provoque un \u00e9tat de l\u00e9thargie (\"couchlock\"), le brouillard mental qui s\u2019installe vers la fin du high de Gobstopper emp\u00eachera probablement la plupart des consommateurs d\u2019accomplir des t\u00e2ches complexes.<\/p>\n<h5 style=\"text-align: center\"><strong>GOBSTOPPERS\u00a0<\/strong><strong>\u00a0STRAIN | \u00a0<\/strong><strong>GOBSTOPPERS\u00a0<\/strong><strong>WEED STRAIN | CALI\u00a0<\/strong><strong>GOBSTOPPERS\u00a0<\/strong><strong>| CALI\u00a0<\/strong><strong>GOBSTOPPERS\u00a0<\/strong><strong>\u00a0STRAIN<\/strong><\/h5>\n<p><strong>Effets de la vari\u00e9t\u00e9 Cali Gabstoppers<\/strong><br \/> En conclusion, lorsqu'il est fum\u00e9, on peut ressentir de l'euphorie, de la cr\u00e9ativit\u00e9, une chaleur apaisante, un engourdissement, une augmentation de l'app\u00e9tit et un soulagement de la douleur. L'effet de ces fleurs peut durer jusqu'\u00e0 4 heures chez les patients. Attention \u00e0 l'utilisation de ce produit pendant la grossesse.<\/p>\n<p>Parlez avec un agent de Cali Plug avant d'utiliser le produit. Faites preuve d'une extr\u00eame prudence lors de la conduite ou de l'utilisation de machines. Vari\u00e9t\u00e9 Gabstoppers.<\/p>\n<p>Achetez la vari\u00e9t\u00e9 Cali Reptar en ligne aupr\u00e8s de la dispensaire de cannabis californienne la plus fiable. Cali Plug est votre fournisseur l\u00e9gitime de packs Cali Plug de qualit\u00e9, \u00e9galement appel\u00e9s Cali Bags.<\/p>\n<p>Ainsi, l'ar\u00f4me complexe de Gobstopper suit le m\u00eame sch\u00e9ma. L'ar\u00f4me principal de ces fleurs est celui des agrumes, en particulier du pamplemousse. Un examen plus attentif r\u00e9v\u00e8le des notes de baies et de coton sucr\u00e9. Malgr\u00e9 son caract\u00e8re principalement sucr\u00e9, une fois consomm\u00e9e, cette herbe peut d\u00e9gager une fum\u00e9e \u00e2pre qui pique les yeux. La fum\u00e9e a un go\u00fbt de diesel lors de l'expiration, avec une touche acide et citronn\u00e9e persistante. Il est \u00e0 noter que malgr\u00e9 sa couleur violette, le raisin est un go\u00fbt que Gobstopper n'a pas ; cela est d\u00fb au fait que les pigments produisant ses nuances violettes occasionnelles n'ont pas d'effet correspondant sur le go\u00fbt de la vari\u00e9t\u00e9.<\/p>\n<div data-testid=\"product-description\">\n<div class=\"truncate-lines__Wrapper-sc-1lknwty-0 YxHAC\">\n<div data-testid=\"truncated-description\">\n<div>\n<div class=\"text__Text-sc-fif1uk-0 kdmKRD\">\n<div class=\"src__Box-sc-1sbtrzs-0 src__Flex-sc-1sbtrzs-1 kWPFqZ hzdsvF\">\n<div>EXEMPLES DE CAT\u00c9GORIES DE PRODUITS<\/div>\n<\/p><\/div>\n<\/p><\/div>\n<\/p><\/div>\n<\/p><\/div>\n<\/p><\/div>\n<\/p><\/div>\n<div class=\"text__Text-sc-fif1uk-0 htoJfX\"><a href=\"https:\/\/jeetersofficial.com\/product-category\/buy-cali-buds\/\" target=\"_blank\" rel=\"noopener\">CALI BUDS<\/a><\/div>\n<div data-testid=\"product-description\">\n<div class=\"truncate-lines__Wrapper-sc-1lknwty-0 YxHAC\">\n<div data-testid=\"truncated-description\">\n<div class=\"text__Text-sc-fif1uk-0 kdmKRD\"><a href=\"https:\/\/jeetersofficial.com\/product-category\/backpack-boyz\/\" target=\"_blank\" rel=\"noopener\">Backpack\u00a0 Boyz<\/a><\/div>\n<div><a href=\"https:\/\/jeetersofficial.com\/product-category\/snow-balls-weed\/\" target=\"_blank\" rel=\"noopener\">SNOWBALLS WEED<\/a><\/div>\n<div><a href=\"https:\/\/jeetersofficial.com\/product-category\/persy-snowcaps\/\" target=\"_blank\" rel=\"noopener\">Persy Snowcaps<\/a><\/div>\n<div><a href=\"https:\/\/jeetersofficial.com\/product-category\/drip-snowcaps\/\" target=\"_blank\" rel=\"noopener\">Drip Snowcaps<\/a><\/div>\n<div><a href=\"https:\/\/jeetersofficial.com\/product-category\/concentrates\/\" target=\"_blank\" rel=\"noopener\">CALI CONCENTRATES<\/a><\/div>\n<div><a href=\"https:\/\/jeetersofficial.com\/product-category\/doja-exclusive\/\" target=\"_blank\" rel=\"noopener\">CALI DOJA PACKS EXCLUSIVE<\/a><\/div>\n<div><a href=\"https:\/\/jeetersofficial.com\/product-category\/marijuana-flowers\/\" target=\"_blank\" rel=\"noopener\">CALI MARIJUANA FLOWERS<\/a><\/div>\n<\/p><\/div>\n<\/p><\/div>\n<\/p><\/div>\n<div><a href=\"https:\/\/jeetersofficial.com\/product-category\/sativa-strain\/\" target=\"_blank\" rel=\"noopener\">CALI SATIVA STRAINS<\/a><\/div>\n<div><a href=\"https:\/\/jeetersofficial.com\/product-category\/indica\/\" target=\"_blank\" rel=\"noopener\">CALI INDICA STRAINS<\/a><\/div>\n<div><a href=\"https:\/\/jeetersofficial.com\/product-category\/hybrid-weed\/\" target=\"_blank\" rel=\"noopener\">CALI HYBRID WEED<\/a><\/div>","protected":false},"excerpt":{"rendered":"<p><strong>Cali Bud Gobstoppers strain<\/strong><\/p>\n<p>Cette vari\u00e9t\u00e9 est un produit de cannabis Cali d'int\u00e9rieur original, disponible pour les utilisateurs m\u00e9dicaux et r\u00e9cr\u00e9atifs qualifi\u00e9s. Les Cali Hardball Cookies font partie des fleurs de cannabis haut de gamme les plus recherch\u00e9es aux \u00c9tats-Unis. Cali Gobstoppers est une vari\u00e9t\u00e9 Indica. Si vous recherchez une saveur de bonbon tr\u00e8s fruit\u00e9e, vous avez trouv\u00e9 la bonne. C\u2019est un m\u00e9lange parfait de Candy Diesel et de la puissante vari\u00e9t\u00e9 Vortex.<\/p>","protected":false},"featured_media":1667,"comment_status":"closed","ping_status":"closed","template":"","meta":{"_uag_custom_page_level_css":"","site-sidebar-layout":"default","site-content-layout":"","ast-site-content-layout":"default","site-content-style":"default","site-sidebar-style":"default","ast-global-header-display":"","ast-banner-title-visibility":"","ast-main-header-display":"","ast-hfb-above-header-display":"","ast-hfb-below-header-display":"","ast-hfb-mobile-header-display":"","site-post-title":"","ast-breadcrumbs-content":"","ast-featured-img":"","footer-sml-layout":"","ast-disable-related-posts":"","theme-transparent-header-meta":"","adv-header-id-meta":"","stick-header-meta":"","header-above-stick-meta":"","header-main-stick-meta":"","header-below-stick-meta":"","astra-migrate-meta-layouts":"default","ast-page-background-enabled":"default","ast-page-background-meta":{"desktop":{"background-color":"var(--ast-global-color-5)","background-image":"","background-repeat":"repeat","background-position":"center center","background-size":"auto","background-attachment":"scroll","background-type":"","background-media":"","overlay-type":"","overlay-color":"","overlay-opacity":"","overlay-gradient":""},"tablet":{"background-color":"","background-image":"","background-repeat":"repeat","background-position":"center center","background-size":"auto","background-attachment":"scroll","background-type":"","background-media":"","overlay-type":"","overlay-color":"","overlay-opacity":"","overlay-gradient":""},"mobile":{"background-color":"","background-image":"","background-repeat":"repeat","background-position":"center center","background-size":"auto","background-attachment":"scroll","background-type":"","background-media":"","overlay-type":"","overlay-color":"","overlay-opacity":"","overlay-gradient":""}},"ast-content-background-meta":{"desktop":{"background-color":"var(--ast-global-color-4)","background-image":"","background-repeat":"repeat","background-position":"center center","background-size":"auto","background-attachment":"scroll","background-type":"","background-media":"","overlay-type":"","overlay-color":"","overlay-opacity":"","overlay-gradient":""},"tablet":{"background-color":"var(--ast-global-color-4)","background-image":"","background-repeat":"repeat","background-position":"center center","background-size":"auto","background-attachment":"scroll","background-type":"","background-media":"","overlay-type":"","overlay-color":"","overlay-opacity":"","overlay-gradient":""},"mobile":{"background-color":"var(--ast-global-color-4)","background-image":"","background-repeat":"repeat","background-position":"center center","background-size":"auto","background-attachment":"scroll","background-type":"","background-media":"","overlay-type":"","overlay-color":"","overlay-opacity":"","overlay-gradient":""}}},"product_brand":[],"product_cat":[675],"product_tag":[472,473,474,475,461,462,463,464,465,466,476,477,478,479],"class_list":{"0":"post-1742","1":"product","2":"type-product","3":"status-publish","4":"has-post-thumbnail","6":"product_cat-buy-cali-buds","7":"product_tag-cali-bud-or-no-bud-near-me","8":"product_tag-cali-buds","9":"product_tag-cali-gobstoppers","10":"product_tag-cali-gobstoppers-strain","11":"product_tag-cali-packs","12":"product_tag-cali-plug-cali-bud-or-no-bud","13":"product_tag-cali-straina","14":"product_tag-cali-weed-bags","15":"product_tag-cali-weed-flavors","16":"product_tag-cannabis","17":"product_tag-gobstoppers-cali-bud-or-no-bud","18":"product_tag-gobstoppers-cali-bud-or-no-bud-for-sale","19":"product_tag-gobstoppers-cali-bud-or-no-bud-near-me","20":"product_tag-no-bud-gobstoppers-near-me","21":"desktop-align-center","22":"tablet-align-left","23":"mobile-align-left","25":"first","26":"instock","27":"shipping-taxable","28":"purchasable","29":"product-type-variable"},"uagb_featured_image_src":{"full":["https:\/\/caliweedeurope.com\/wp-content\/uploads\/2024\/11\/gobstoppers.jpg",514,686,false],"thumbnail":["https:\/\/caliweedeurope.com\/wp-content\/uploads\/2024\/11\/gobstoppers-150x150.jpg",150,150,true],"medium":["https:\/\/caliweedeurope.com\/wp-content\/uploads\/2024\/11\/gobstoppers-225x300.jpg",225,300,true],"medium_large":["https:\/\/caliweedeurope.com\/wp-content\/uploads\/2024\/11\/gobstoppers.jpg",514,686,false],"large":["https:\/\/caliweedeurope.com\/wp-content\/uploads\/2024\/11\/gobstoppers.jpg",514,686,false],"1536x1536":["https:\/\/caliweedeurope.com\/wp-content\/uploads\/2024\/11\/gobstoppers.jpg",514,686,false],"2048x2048":["https:\/\/caliweedeurope.com\/wp-content\/uploads\/2024\/11\/gobstoppers.jpg",514,686,false],"trp-custom-language-flag":["https:\/\/caliweedeurope.com\/wp-content\/uploads\/2024\/11\/gobstoppers.jpg",9,12,false],"woocommerce_thumbnail":["https:\/\/caliweedeurope.com\/wp-content\/uploads\/2024\/11\/gobstoppers-300x300.jpg",300,300,true],"woocommerce_single":["https:\/\/caliweedeurope.com\/wp-content\/uploads\/2024\/11\/gobstoppers.jpg",514,686,false],"woocommerce_gallery_thumbnail":["https:\/\/caliweedeurope.com\/wp-content\/uploads\/2024\/11\/gobstoppers-100x100.jpg",100,100,true]},"uagb_author_info":{"display_name":"jetskiforsaleuk@gmail.com","author_link":"https:\/\/caliweedeurope.com\/fr\/author\/"},"uagb_comment_info":0,"uagb_excerpt":"Cali Bud Gobstoppers strain This strain is an indoor original Cali cannabis product, available for qualified\u00a0medical\u00a0and recreational users. Cali hardball cookies are one of the most wanted top-shelf cannabis flowers in the USA. Cali Gobstoppers is an Indica\u00a0strain. If you are looking for a very fruity candy flavor, then you got the right one. This\u2026","_links":{"self":[{"href":"https:\/\/caliweedeurope.com\/fr\/wp-json\/wp\/v2\/product\/1742"}],"collection":[{"href":"https:\/\/caliweedeurope.com\/fr\/wp-json\/wp\/v2\/product"}],"about":[{"href":"https:\/\/caliweedeurope.com\/fr\/wp-json\/wp\/v2\/types\/product"}],"replies":[{"embeddable":true,"href":"https:\/\/caliweedeurope.com\/fr\/wp-json\/wp\/v2\/comments?post=1742"}],"wp:featuredmedia":[{"embeddable":true,"href":"https:\/\/caliweedeurope.com\/fr\/wp-json\/wp\/v2\/media\/1667"}],"wp:attachment":[{"href":"https:\/\/caliweedeurope.com\/fr\/wp-json\/wp\/v2\/media?parent=1742"}],"wp:term":[{"taxonomy":"product_brand","embeddable":true,"href":"https:\/\/caliweedeurope.com\/fr\/wp-json\/wp\/v2\/product_brand?post=1742"},{"taxonomy":"product_cat","embeddable":true,"href":"https:\/\/caliweedeurope.com\/fr\/wp-json\/wp\/v2\/product_cat?post=1742"},{"taxonomy":"product_tag","embeddable":true,"href":"https:\/\/caliweedeurope.com\/fr\/wp-json\/wp\/v2\/product_tag?post=1742"}],"curies":[{"name":"wp","href":"https:\/\/api.w.org\/{rel}","templated":true}]}}