{"id":1748,"date":"2024-11-05T18:39:15","date_gmt":"2024-11-05T18:39:15","guid":{"rendered":"https:\/\/caliweedeurope.com\/?post_type=product&#038;p=1748"},"modified":"2024-11-05T18:39:18","modified_gmt":"2024-11-05T18:39:18","slug":"buy-cali-bud-life-savers-en-ligne","status":"publish","type":"product","link":"https:\/\/caliweedeurope.com\/fr\/product\/buy-cali-bud-life-savers-en-ligne\/","title":{"rendered":"Achetez Cali Bud Life Savers en ligne"},"content":{"rendered":"<h1 style=\"text-align: center\"><strong>\u00a0 \u00a0 \u00a0<\/strong><strong>LIFE SAVERS <\/strong><strong>CALI BUD OR NO BUD\u00a0|<\/strong><strong>\u00a0CALI BUD OR NO BUD\u00a0<\/strong><strong>LIFE SAVERS <\/strong><strong>|<\/strong><strong>\u00a0CALI PLUG CALI BUD OR NO BUD<\/strong><\/h1>\n<p><strong>Cali Bud Life Savers<\/strong><br \/> La vari\u00e9t\u00e9 de cannabis Cali Bud Life Savers est l'une des meilleures saveurs de Cali Bud ou No Bud. Lorsqu'il s'agit de saveurs sucr\u00e9es et de la capacit\u00e9 \u00e0 \u00e9liminer la douleur chronique et r\u00e9currente\u2026, Life Savers remplit certainement son nom. Life Savers est une vari\u00e9t\u00e9 hybride \u00e0 dominance Indica avec 78 %. Avec une odeur de raisin et de chewing-gum, cette vari\u00e9t\u00e9 m\u00e9rite d'\u00eatre essay\u00e9e pour ceux qui recherchent une sensation plus forte et s\u00e9dative.<\/p>\n<p class=\"about-title\"><strong>\u00c0 propos de Life Saver<\/strong><\/p>\n<div class=\"effect-wrapper ng-star-inserted\">\n<div>\n<p>Lifesaver (ou Life Saver) est un hybride \u00e0 dominance indica qui m\u00e9rite son nom de plusieurs fa\u00e7ons. Ce bud offre une saveur fruit\u00e9e acidul\u00e9e ressemblant \u00e0 un bonbon, accompagn\u00e9e de puissantes propri\u00e9t\u00e9s th\u00e9rapeutiques. Lifesaver a \u00e9t\u00e9 cr\u00e9\u00e9 par les \u00e9leveurs inventifs de BOG Seeds comme un croisement entre leur propre BOG Bubble et JCB (qui est lui-m\u00eame un croisement de\u00a0<a href=\"https:\/\/www.wikileaf.com\/strain\/jacks-cleaner\/\" target=\"_blank\" rel=\"noopener\">Jack\u2019s Cleaner<\/a>\u00a0et\u00a0<a href=\"https:\/\/www.wikileaf.com\/strain\/blueberry\/\" target=\"_blank\" rel=\"noopener\">Blueberry<\/a>). Le r\u00e9sultat est une fleur au go\u00fbt dynamique avec une puissance durable et \u00e9quilibr\u00e9e. Le taux de THC de Lifesaver a \u00e9t\u00e9 mesur\u00e9 entre 12 % et 21 %.<\/p>\n<\/p><\/div>\n<\/p><\/div>\n<h2 style=\"text-align: center\"><strong>\u00a0BUY <\/strong><strong>LIFE SAVERS\u00a0<\/strong><strong>CALI BUD OR NO BUD\u00a0 ONLINE | BUY CALI BUD OR NO BUD\u00a0<\/strong><strong>LIFE SAVERS\u00a0<\/strong><strong>ONLINE | BUY CALI BUD OR NO BUD ONLINE<\/strong><\/h2>\n<p><strong style=\"color: #555555;font-size: 14.4px\">Effets de Cali Bud Life Savers<\/strong><\/p>\n<p>L'effet de base sera celui de l'\u00e9l\u00e9vation, de l'autonomisation et de la relaxation.<br \/> <strong>Heureux<\/strong><br \/> 47 % des personnes d\u00e9clarent se sentir heureuses<br \/> <strong>D\u00e9tendu<\/strong><br \/> 46 % des personnes d\u00e9clarent se sentir d\u00e9tendues<br \/> <strong>Excit\u00e9<\/strong><br \/> 16 % des personnes d\u00e9clarent se sentir excit\u00e9es<\/p>\n<p><strong>N\u00e9gatifs<\/strong><br \/> <strong>Bouche s\u00e8che<\/strong><br \/> 15 % des personnes d\u00e9clarent avoir la bouche s\u00e8che<br \/> <strong>Droge ogen<\/strong><br \/> 17 % des personnes d\u00e9clarent avoir les yeux secs<br \/> <strong>\u00c9tourdi<\/strong><br \/> 8 % des personnes d\u00e9clarent se sentir \u00e9tourdies<\/p>\n<div class=\"effect-wrapper ng-star-inserted\">\n<div>\n<p>Lifesaver rend son attrait \u00e9vident d\u00e8s le d\u00e9part avec des fleurs solides, presque sph\u00e9riques. Ces bourgeons sont de taille moyenne \u00e0 grande et se collent ensemble dans la structure de bourgeon dense et \u00e9paisse qui est caract\u00e9ristique des vari\u00e9t\u00e9s Indica. Les feuilles enroul\u00e9es serr\u00e9es sont d'un vert mousse et travers\u00e9es de pistils orange et jaunes brillants. Parfois, les ph\u00e9notypes de la souche contiennent \u00e9galement des touches de violet, allant du lavande p\u00e2le \u00e0 une couleur raisin profonde ; ces teintes sont le r\u00e9sultat de pigments anthocyanines qui sont activ\u00e9s par le froid, dans un processus similaire au changement de feuillage en automne en raison de la diminution des niveaux de chlorophylle. Enfin, une poussi\u00e8re de trichomes blancs translucides recouvre ces fleurs d\u00e9j\u00e0 color\u00e9es et explique leur haute psychoactivit\u00e9.<\/p>\n<\/p><\/div>\n<\/p><\/div>\n<h3 style=\"text-align: center\"><strong>LIFE SAVERS\u00a0<\/strong><strong>CALI BUD OR NO BUD FOR SALE | CALI BUD OR NO BUD\u00a0\u00a0<\/strong><strong>LIFE SAVERS\u00a0<\/strong><strong>FOR SALE | CALI BUD OR NO BUD\u00a0 FOR SALE<\/strong><\/h3>\n<p><strong>Utilisations m\u00e9dicales de Cali Life Savers<\/strong><br \/> La vari\u00e9t\u00e9 Cali Life Savers garantit un soulagement imm\u00e9diat de la douleur. Les l\u00e9gers effets r\u00e9els de Cali Jet Lato peuvent soulager certaines douleurs et naus\u00e9es. Cette vari\u00e9t\u00e9 peut \u00e9galement aider \u00e0 lutter contre les sympt\u00f4mes du SSPT.<\/p>\n<div class=\"variety-percentage-wrap\">\n<h4 class=\"variety translation-block\"><a href=\"https:\/\/www.allbud.com\/marijuana-strains\/variety\/indica-dominant-hybrid\" target=\"_blank\" rel=\"noopener\">Hybride Dominant Indica<\/a> <span class=\"hidden-xs\">\u2013 <\/span><span class=\"strain-percentages\">70% Indica \/ 30% Sativa<\/span><\/h4>\n<h4 class=\"percentage\"><span class=\"heading\">THC:\u00a0<\/span>15% \u2013 19%<\/h4>\n<\/p><\/div>\n<p class=\"translation-block\">Lifesaver, \u00e9galement connu sous le nom de \u00ab Life Saver \u00bb, est une souche hybride dominante indica cr\u00e9\u00e9e par le croisement des d\u00e9licieuses souches BOG Bubble X <a href=\"https:\/\/www.allbud.com\/marijuana-strains\/sativa-dominant-hybrid\/batgirl\" target=\"_blank\" rel=\"noopener\">Subcool J<\/a>C<a href=\"https:\/\/www.allbud.com\/marijuana-strains\/sativa-dominant-hybrid\/batgirl\" target=\"_blank\" rel=\"noopener\">B<\/a>. Ce bourgeon tire son nom de ses puissantes qualit\u00e9s \u00ab salvatrices \u00bb qui \u00e9liminent la douleur et les courbatures avec une seule bouff\u00e9e savoureuse. Le THC de Lifesaver est plut\u00f4t doux, avec des niveaux oscillant entre 15 et 13 %, offrant des effets doux adapt\u00e9s \u00e0 tous les utilisateurs. L'effet commence par une mont\u00e9e joyeuse qui vous impr\u00e8gne d'une sensation d'\u00e9nergie et de motivation sans causer d'anxi\u00e9t\u00e9. life savers weed<\/p>\n<h4 style=\"text-align: center\"><strong>CALI BUD OR NO BUD \u00a0<\/strong><strong>LIFE SAVERS\u00a0<\/strong><strong>\u00a0NEAR ME |\u00a0<\/strong><strong>LIFE SAVERS\u00a0<\/strong><strong>CALI BUD OR NO BUD\u00a0\u00a0 NEAR ME | CALI BUD OR NO BUD \u00a0NEAR ME<\/strong><\/h4>\n<p><strong>Culture de Cali Life Savers<\/strong><br \/> La vari\u00e9t\u00e9 Cali Life Savers pousse de mani\u00e8re compacte et peut bien se d\u00e9velopper \u00e0 l'int\u00e9rieur, \u00e0 l'ext\u00e9rieur ou m\u00eame dans une serre. Les plants devraient b\u00e9n\u00e9ficier d'au moins un mois, voire cinq, pour la phase v\u00e9g\u00e9tative. La vari\u00e9t\u00e9 fleurit en huit \u00e0 neuf semaines et produit un gramme par watt en int\u00e9rieur.<\/p>\n<p>Vous vous sentirez clair d'esprit et d\u00e9tendu, totalement concentr\u00e9 sur la t\u00e2che en cours. Au fur et \u00e0 mesure que votre esprit se lib\u00e8re, votre corps suivra, laissant derri\u00e8re lui douleurs et inconforts avec un effet corporel p\u00e9tillant qui n'est ni s\u00e9datif ni soporifique. Ces effets doux att\u00e9nuent des conditions telles que les spasmes musculaires, les maux de t\u00eate ou migraines, la d\u00e9pression et les douleurs chroniques. Les t\u00eates de Lifesaver sont des bourgeons denses et bossel\u00e9s de couleur vert menthe avec des nuances violettes riches, des poils orange vif et un \u00e9pais rev\u00eatement de trichomes blancs givr\u00e9s. Elles ont une saveur sucr\u00e9e de bonbon au chewing-gum, presque comme un chewing-gum au raisin, et un ar\u00f4me de miel, de baies et de terre pour accompagner.<\/p>\n<h5 style=\"text-align: center\"><strong>LIFE SAVERS\u00a0<\/strong><strong>\u00a0STRAIN | \u00a0<\/strong><strong>LIFE SAVERS\u00a0<\/strong><strong>WEED STRAIN | CALI\u00a0<\/strong><strong>LIFE SAVERS\u00a0<\/strong><strong>| CALI\u00a0<\/strong><strong>LIFE SAVERS\u00a0<\/strong><strong>\u00a0STRAIN<\/strong><\/h5>\n<p>En conclusion, le Lifesaver porte bien son nom gr\u00e2ce \u00e0 son go\u00fbt sucr\u00e9 semblable \u00e0 un bonbon et sa capacit\u00e9 \u00e0 soulager les douleurs chroniques. Cet hybride \u00e0 dominance indica, issu des vari\u00e9t\u00e9s BOG Bubble et Subcool JCB, a \u00e9t\u00e9 cr\u00e9\u00e9 pour r\u00e9pondre aux besoins sp\u00e9cifiques des patients souffrant de douleurs. Avec un ar\u00f4me relaxant de raisin et de chewing-gum, cette vari\u00e9t\u00e9 m\u00e9rite d'\u00eatre essay\u00e9e par ceux qui recherchent une sensation plus forte et m\u00e9dicinale. Lifesaver fleurit rapidement, g\u00e9n\u00e9ralement en 8 semaines.<\/p>\n<p class=\"translation-block\">Lorsqu'elle est correctement s\u00e9ch\u00e9e, Lifesaver d\u00e9gage un ar\u00f4me fruit\u00e9 et l\u00e9g\u00e8rement baies. En y regardant de plus pr\u00e8s, on y trouve aussi des touches de citron et de raisin. En m\u00eame temps, broyer ou d\u00e9chirer ces fleurs lib\u00e8re quelques notes l\u00e9g\u00e8rement herbac\u00e9es, faisant \u00e9cho \u00e0 la base <a target=\"_blank\" rel=\"noopener\">Jack Herer<\/a> de cette vari\u00e9t\u00e9. Lorsqu'elle est br\u00fbl\u00e9e, Lifesaver d\u00e9gage une fum\u00e9e douce et facile \u00e0 inhaler, qui a un go\u00fbt unique de douceur et d'acidit\u00e9 lors de l'expiration. Ceux qui cherchent \u00e0 garder leur consommation discr\u00e8te doivent prendre des pr\u00e9cautions, car cette vari\u00e9t\u00e9 peut produire une fum\u00e9e tr\u00e8s forte.<\/p>","protected":false},"excerpt":{"rendered":"<p><strong>Cali Bud Life Savers<\/strong><br \/> La vari\u00e9t\u00e9 de cannabis Cali Bud Life Savers est l'une des meilleures saveurs de Cali Bud ou No Bud. Lorsqu'il s'agit de saveurs sucr\u00e9es et de la capacit\u00e9 \u00e0 \u00e9liminer la douleur chronique et r\u00e9currente\u2026, Life Savers remplit certainement son nom. Life Savers est une vari\u00e9t\u00e9 hybride \u00e0 dominance Indica avec 78 %. Avec une odeur de raisin et de chewing-gum, cette vari\u00e9t\u00e9 m\u00e9rite d'\u00eatre essay\u00e9e pour ceux qui recherchent une sensation plus forte et s\u00e9dative.<\/p>\n<div data-testid=\"product-description\">\n<div class=\"truncate-lines__Wrapper-sc-1lknwty-0 YxHAC\">\n<div data-testid=\"truncated-description\">\n<div>\n<div class=\"text__Text-sc-fif1uk-0 kdmKRD\">\n<div class=\"src__Box-sc-1sbtrzs-0 src__Flex-sc-1sbtrzs-1 kWPFqZ hzdsvF\">\n<div>EXEMPLES DE CAT\u00c9GORIES DE PRODUITS<\/div>\n<\/p><\/div>\n<\/p><\/div>\n<\/p><\/div>\n<\/p><\/div>\n<\/p><\/div>\n<\/p><\/div>\n<div class=\"text__Text-sc-fif1uk-0 htoJfX\"><a href=\"https:\/\/jeetersofficial.com\/product-category\/buy-cali-buds\/\">CALI BUDS<\/a><\/div>\n<div data-testid=\"product-description\">\n<div class=\"truncate-lines__Wrapper-sc-1lknwty-0 YxHAC\">\n<div data-testid=\"truncated-description\">\n<div class=\"text__Text-sc-fif1uk-0 kdmKRD\"><a href=\"https:\/\/jeetersofficial.com\/product-category\/backpack-boyz\/\">Backpack\u00a0 Boyz<\/a><\/div>\n<div><a href=\"https:\/\/jeetersofficial.com\/product-category\/snow-balls-weed\/\">SNOWBALLS WEED<\/a><\/div>\n<div><a href=\"https:\/\/jeetersofficial.com\/product-category\/persy-snowcaps\/\">Persy Snowcaps<\/a><\/div>\n<div><a href=\"https:\/\/jeetersofficial.com\/product-category\/drip-snowcaps\/\">Drip Snowcaps<\/a><\/div>\n<div><a href=\"https:\/\/jeetersofficial.com\/product-category\/concentrates\/\">CALI CONCENTRATES<\/a><\/div>\n<div><a href=\"https:\/\/jeetersofficial.com\/product-category\/doja-exclusive\/\">CALI DOJA PACKS EXCLUSIVE<\/a><\/div>\n<div><a href=\"https:\/\/jeetersofficial.com\/product-category\/marijuana-flowers\/\">CALI MARIJUANA FLOWERS<\/a><\/div>\n<\/p><\/div>\n<\/p><\/div>\n<\/p><\/div>\n<div><a href=\"https:\/\/jeetersofficial.com\/product-category\/sativa-strain\/\">CALI SATIVA STRAINS<\/a><\/div>\n<div><a href=\"https:\/\/jeetersofficial.com\/product-category\/indica\/\">CALI INDICA STRAINS<\/a><\/div>\n<div><a href=\"https:\/\/jeetersofficial.com\/product-category\/hybrid-weed\/\">CALI HYBRID WEED<\/a><\/div>","protected":false},"featured_media":1668,"comment_status":"closed","ping_status":"closed","template":"","meta":{"_uag_custom_page_level_css":"","site-sidebar-layout":"default","site-content-layout":"","ast-site-content-layout":"default","site-content-style":"default","site-sidebar-style":"default","ast-global-header-display":"","ast-banner-title-visibility":"","ast-main-header-display":"","ast-hfb-above-header-display":"","ast-hfb-below-header-display":"","ast-hfb-mobile-header-display":"","site-post-title":"","ast-breadcrumbs-content":"","ast-featured-img":"","footer-sml-layout":"","ast-disable-related-posts":"","theme-transparent-header-meta":"","adv-header-id-meta":"","stick-header-meta":"","header-above-stick-meta":"","header-main-stick-meta":"","header-below-stick-meta":"","astra-migrate-meta-layouts":"default","ast-page-background-enabled":"default","ast-page-background-meta":{"desktop":{"background-color":"var(--ast-global-color-5)","background-image":"","background-repeat":"repeat","background-position":"center center","background-size":"auto","background-attachment":"scroll","background-type":"","background-media":"","overlay-type":"","overlay-color":"","overlay-opacity":"","overlay-gradient":""},"tablet":{"background-color":"","background-image":"","background-repeat":"repeat","background-position":"center center","background-size":"auto","background-attachment":"scroll","background-type":"","background-media":"","overlay-type":"","overlay-color":"","overlay-opacity":"","overlay-gradient":""},"mobile":{"background-color":"","background-image":"","background-repeat":"repeat","background-position":"center center","background-size":"auto","background-attachment":"scroll","background-type":"","background-media":"","overlay-type":"","overlay-color":"","overlay-opacity":"","overlay-gradient":""}},"ast-content-background-meta":{"desktop":{"background-color":"var(--ast-global-color-4)","background-image":"","background-repeat":"repeat","background-position":"center center","background-size":"auto","background-attachment":"scroll","background-type":"","background-media":"","overlay-type":"","overlay-color":"","overlay-opacity":"","overlay-gradient":""},"tablet":{"background-color":"var(--ast-global-color-4)","background-image":"","background-repeat":"repeat","background-position":"center center","background-size":"auto","background-attachment":"scroll","background-type":"","background-media":"","overlay-type":"","overlay-color":"","overlay-opacity":"","overlay-gradient":""},"mobile":{"background-color":"var(--ast-global-color-4)","background-image":"","background-repeat":"repeat","background-position":"center center","background-size":"auto","background-attachment":"scroll","background-type":"","background-media":"","overlay-type":"","overlay-color":"","overlay-opacity":"","overlay-gradient":""}}},"product_brand":[],"product_cat":[675],"product_tag":[480,481,482,483,484,472,485,486,462,487,488],"class_list":{"0":"post-1748","1":"product","2":"type-product","3":"status-publish","4":"has-post-thumbnail","6":"product_cat-buy-cali-buds","7":"product_tag-buy-life-savers-cali-bud-or-no-bud-online","8":"product_tag-cali-bud-or-no-bud-for-sale","9":"product_tag-cali-bud-or-no-bud-life-savers","10":"product_tag-cali-bud-or-no-bud-life-savers-for-sale","11":"product_tag-cali-bud-or-no-bud-life-savers-near-me","12":"product_tag-cali-bud-or-no-bud-near-me","13":"product_tag-cali-life-savers","14":"product_tag-cali-life-savers-strain","15":"product_tag-cali-plug-cali-bud-or-no-bud","16":"product_tag-life-savers-cali-bud-or-no-bud","17":"product_tag-life-savers-cali-bud-or-no-bud-for-sale","18":"desktop-align-center","19":"tablet-align-left","20":"mobile-align-left","22":"first","23":"instock","24":"shipping-taxable","25":"purchasable","26":"product-type-variable"},"uagb_featured_image_src":{"full":["https:\/\/caliweedeurope.com\/wp-content\/uploads\/2024\/11\/IMG-0234.jpg",956,1276,false],"thumbnail":["https:\/\/caliweedeurope.com\/wp-content\/uploads\/2024\/11\/IMG-0234-150x150.jpg",150,150,true],"medium":["https:\/\/caliweedeurope.com\/wp-content\/uploads\/2024\/11\/IMG-0234-225x300.jpg",225,300,true],"medium_large":["https:\/\/caliweedeurope.com\/wp-content\/uploads\/2024\/11\/IMG-0234-768x1025.jpg",768,1025,true],"large":["https:\/\/caliweedeurope.com\/wp-content\/uploads\/2024\/11\/IMG-0234-767x1024.jpg",767,1024,true],"1536x1536":["https:\/\/caliweedeurope.com\/wp-content\/uploads\/2024\/11\/IMG-0234.jpg",956,1276,false],"2048x2048":["https:\/\/caliweedeurope.com\/wp-content\/uploads\/2024\/11\/IMG-0234.jpg",956,1276,false],"trp-custom-language-flag":["https:\/\/caliweedeurope.com\/wp-content\/uploads\/2024\/11\/IMG-0234.jpg",9,12,false],"woocommerce_thumbnail":["https:\/\/caliweedeurope.com\/wp-content\/uploads\/2024\/11\/IMG-0234-300x300.jpg",300,300,true],"woocommerce_single":["https:\/\/caliweedeurope.com\/wp-content\/uploads\/2024\/11\/IMG-0234-600x801.jpg",600,801,true],"woocommerce_gallery_thumbnail":["https:\/\/caliweedeurope.com\/wp-content\/uploads\/2024\/11\/IMG-0234-100x100.jpg",100,100,true]},"uagb_author_info":{"display_name":"jetskiforsaleuk@gmail.com","author_link":"https:\/\/caliweedeurope.com\/fr\/author\/"},"uagb_comment_info":0,"uagb_excerpt":"Cali bud Life Savers Cali bud Life Savers\u00a0cannabis strain\u00a0is one of the best\u00a0Cali bud or no bud flavors. When it comes to candy-like tastes and the capacity to eradicate chronic and repeated pain\u2026., Life Savers certainly satisfies its name. The Life Savers is an Indica-predominant hybrid strain with 78%. Unwinding with a grape and air\u2026","_links":{"self":[{"href":"https:\/\/caliweedeurope.com\/fr\/wp-json\/wp\/v2\/product\/1748"}],"collection":[{"href":"https:\/\/caliweedeurope.com\/fr\/wp-json\/wp\/v2\/product"}],"about":[{"href":"https:\/\/caliweedeurope.com\/fr\/wp-json\/wp\/v2\/types\/product"}],"replies":[{"embeddable":true,"href":"https:\/\/caliweedeurope.com\/fr\/wp-json\/wp\/v2\/comments?post=1748"}],"wp:featuredmedia":[{"embeddable":true,"href":"https:\/\/caliweedeurope.com\/fr\/wp-json\/wp\/v2\/media\/1668"}],"wp:attachment":[{"href":"https:\/\/caliweedeurope.com\/fr\/wp-json\/wp\/v2\/media?parent=1748"}],"wp:term":[{"taxonomy":"product_brand","embeddable":true,"href":"https:\/\/caliweedeurope.com\/fr\/wp-json\/wp\/v2\/product_brand?post=1748"},{"taxonomy":"product_cat","embeddable":true,"href":"https:\/\/caliweedeurope.com\/fr\/wp-json\/wp\/v2\/product_cat?post=1748"},{"taxonomy":"product_tag","embeddable":true,"href":"https:\/\/caliweedeurope.com\/fr\/wp-json\/wp\/v2\/product_tag?post=1748"}],"curies":[{"name":"wp","href":"https:\/\/api.w.org\/{rel}","templated":true}]}}