{"id":1754,"date":"2024-11-05T18:39:15","date_gmt":"2024-11-05T18:39:15","guid":{"rendered":"https:\/\/caliweedeurope.com\/?post_type=product&#038;p=1754"},"modified":"2024-11-05T18:39:18","modified_gmt":"2024-11-05T18:39:18","slug":"buy-cali-bud-marshmallow-strain-online","status":"publish","type":"product","link":"https:\/\/caliweedeurope.com\/fr\/product\/buy-cali-bud-marshmallow-strain-online\/","title":{"rendered":"Buy Cali Bud Marshmallow Strain Online"},"content":{"rendered":"<h1 style=\"text-align: center\"><strong>\u00a0 \u00a0 \u00a0<\/strong><strong>MARSHMALLOW <\/strong><strong>CALI BUD OR NO BUD\u00a0|<\/strong><strong>\u00a0CALI BUD OR NO BUD\u00a0<\/strong><strong>MARSHMALLOW <\/strong><strong>|<\/strong><strong>\u00a0CALI PLUG CALI BUD OR NO BUD<\/strong><\/h1>\n<p><strong>Cali Bud ou No Bud Marshmallow Strain<\/strong><\/p>\n<p>Marshmallow Kush est un ph\u00e9notype de Girl Scout Cookies. Nomm\u00e9e d'apr\u00e8s ses trichomes blancs nuageux et ses bourgeons collants, cette vari\u00e9t\u00e9 d\u00e9gage des ar\u00f4mes sucr\u00e9s et menthol\u00e9s avec une touche grumeleuse. Marshmallow procure aux consommateurs un buzz heureux et relaxant. L'euphorie agr\u00e9able de cette vari\u00e9t\u00e9 peut aider \u00e0 am\u00e9liorer l'humeur, stimuler l'app\u00e9tit et soulager l'agitation.<\/p>\n<h2 style=\"text-align: center\"><strong>BUY\u00a0<\/strong><strong>MARSHMALLOW\u00a0<\/strong><strong>CALI BUD OR NO BUD\u00a0 ONLINE | BUY CALI BUD OR NO BUD\u00a0<\/strong><strong>MARSHMALLOW\u00a0<\/strong><strong>ONLINE | BUY CALI BUD OR NO BUD ONLINE<\/strong><\/h2>\n<p><strong>Cali Bud Marshmallow Strain<\/strong><\/p>\n<p>Tout d'abord, nous sommes ici pour vous offrir les meilleurs services de commande de cannabis 420. Apr\u00e8s avoir examin\u00e9 le stress qu'il faut pour se rendre \u00e0 la pharmacie pour obtenir votre marijuana m\u00e9dicinale pour la douleur et le soulagement, nous avons d\u00e9cid\u00e9 d'aider la communaut\u00e9 420 en offrant des livraisons de prescriptions et de cannabis directement \u00e0 votre porte, sans tracas. Nous livrons dans les 50 \u00e9tats des \u00c9tats-Unis, au Canada et en Europe. Pour plus d'informations, contactez-nous, car nous sommes toujours en ligne et \u00e0 votre disposition pour vous aider \u00e0 obtenir le meilleur.<\/p>\n<h3 style=\"text-align: center\"><strong>MARSHMALLOW\u00a0<\/strong><strong>CALI BUD OR NO BUD FOR SALE | CALI BUD OR NO BUD\u00a0\u00a0<\/strong><strong>MARSHMALLOW\u00a0<\/strong><strong>FOR SALE | CALI BUD OR NO BUD\u00a0 FOR SALE<\/strong><\/h3>\n<p><strong>Achetez l'avertissement sur la souche Marshmallow<\/strong><\/p>\n<p>Deuxi\u00e8mement, ce produit contient du cannabis, une substance r\u00e9glement\u00e9e. \u00c0 conserver hors de la port\u00e9e des enfants et des animaux. Les produits \u00e0 base de cannabis ne peuvent \u00eatre poss\u00e9d\u00e9s ou consomm\u00e9s que par des personnes de 25 ans ou plus, sauf si la personne est un patient qualifi\u00e9. Les effets intoxicants des produits \u00e0 base de cannabis peuvent durer jusqu'\u00e0 deux heures. L'utilisation de cannabis pendant la grossesse ou l'allaitement peut \u00eatre nuisible. La consommation de ces produits alt\u00e8re votre capacit\u00e9 \u00e0 conduire ou \u00e0 utiliser des machines. Veuillez faire preuve d'une extr\u00eame prudence avant d'acheter la vari\u00e9t\u00e9 de cannabis Marshmallow en ligne et de la consommer. Achetez Cali Bud ou No Bud.<\/p>\n<p data-renderer-start-pos=\"764\"><strong data-renderer-mark=\"true\">Effets de la vari\u00e9t\u00e9 Marshmallow OG<\/strong><\/p>\n<p data-renderer-start-pos=\"796\" class=\"translation-block\">Marshmallow OG trouve le parfait \u00e9quilibre pour un high hybride, avec des <a href=\"https:\/\/caliplugcarts.com\/product-category\/cali-carts\/\" target=\"_blank\" rel=\"noopener\">effets<\/a> principalement Indica, compl\u00e9t\u00e9s par un agr\u00e9able high c\u00e9r\u00e9bral. Il commence par une euphorie exaltante au niveau du front et derri\u00e8re les yeux, vous laissant joyeux mais flou et un peu dans le brouillard. \u00c0 mesure que le high augmente, il se diffuse dans le reste de votre corps par vagues chaudes, laissant une sensation de picotement qui engourdit toutes les douleurs et tensions de la t\u00eate aux pieds. Cela vous plongera dans un \u00e9tat profond de relaxation. Marshmallow weed<\/p>\n<p data-renderer-start-pos=\"1289\"><strong data-renderer-mark=\"true\">Saveurs de la vari\u00e9t\u00e9 Marshmallow OG<\/strong><\/p>\n<p data-renderer-start-pos=\"1321\">\u00c0 chaque expiration, Marshmallow OG ravit avec une saveur sucr\u00e9e de bonbon et des nuances de miel et de pin.<\/p>\n<p data-renderer-start-pos=\"1416\"><strong data-renderer-mark=\"true\">Ar\u00f4me de la vari\u00e9t\u00e9 Marshmallow OG<\/strong><\/p>\n<p data-renderer-start-pos=\"1446\">Il n'est pas surprenant que cette fleur sente comme un sac de guimauves avec un coup d'herbes prononc\u00e9.<\/p>\n<p data-renderer-start-pos=\"300\"><strong data-renderer-mark=\"true\">Informations de culture de la vari\u00e9t\u00e9 Marshmallow OG<\/strong><\/p>\n<p data-renderer-start-pos=\"337\">Marshmallow OG se d\u00e9veloppe tr\u00e8s bien en int\u00e9rieur. La floraison prend entre 9 et 9,5 semaines selon les conditions. Marshmallow OG contient des bourgeons moelleux mais denses de couleur vert olive, avec des nuances violettes et des poils, ainsi qu'un rev\u00eatement blanc givr\u00e9 de trichomes cristallins laiteux.<\/p>\n<h4 style=\"text-align: center\"><strong>CALI BUD OR NO BUD \u00a0<\/strong><strong>MARSHMALLOW\u00a0<\/strong><strong>\u00a0NEAR ME |\u00a0<\/strong><strong>MARSHMALLOW\u00a0<\/strong><strong>CALI BUD OR NO BUD\u00a0\u00a0 NEAR ME | CALI BUD OR NO BUD \u00a0NEAR ME<\/strong><\/h4>\n<p class=\"translation-block\"><b>Marshmallow OG<\/b> est une <a href=\"https:\/\/www.leafly.com\/strains\/lists\/category\/hybrid\" target=\"_blank\" rel=\"noopener\">sorte de marijuana hybride<\/a>. Nous apprenons encore les saveurs et effets de Marshmallow OG \u2013 si vous avez d\u00e9j\u00e0 fum\u00e9, dabbed ou consomm\u00e9 cette vari\u00e9t\u00e9, dites-nous ce que vous en avez pens\u00e9 en laissant un avis.<\/p>\n<p data-renderer-start-pos=\"50\"><strong data-renderer-mark=\"true\">Quelle vari\u00e9t\u00e9 est Marshmallow OG ?<\/strong><\/p>\n<p data-renderer-start-pos=\"83\">Marshmallow OG est un croisement des vari\u00e9t\u00e9s Chem D, Triangle Kush et Jet Fuel Gelato.<\/p>\n<p data-renderer-start-pos=\"172\"><strong data-renderer-mark=\"true\">Marshmallow OG est-il une Indica ou une Sativa ?<\/strong><\/p>\n<p data-renderer-start-pos=\"214\">Marshmallow OG est une vari\u00e9t\u00e9 hybride qui reste un peu plus proche du c\u00f4t\u00e9 Indica.<\/p>\n<p data-renderer-start-pos=\"620\"><strong data-renderer-mark=\"true\">Niveau de THC de Marshmallow OG<\/strong><\/p>\n<p data-renderer-start-pos=\"647\">Ne laissez pas le nom mignon vous tromper, cette fleur a un taux de THC de 27,9% qui saisira facilement votre corps et votre esprit.<\/p>\n<h5 style=\"text-align: center\"><strong>MARSHMALLOW\u00a0<\/strong><strong>\u00a0STRAIN | \u00a0<\/strong><strong>MARSHMALLOW\u00a0<\/strong><strong>WEED STRAIN | CALI\u00a0<\/strong><strong>MARSHMALLOW\u00a0<\/strong><strong>| CALI\u00a0<\/strong><strong>MARSHMALLOW\u00a0<\/strong><strong>\u00a0STRAIN<\/strong><\/h5>\n<div class=\"variety-percentage-wrap\">\n<h4 class=\"variety translation-block\"><a href=\"https:\/\/www.allbud.com\/marijuana-strains\/variety\/indica-dominant-hybrid\" target=\"_blank\" rel=\"noopener\">Hybride Dominant Indica<\/a> <span class=\"hidden-xs\">\u2013 <\/span><span class=\"strain-percentages\">70% Indica \/ 30% Sativa<\/span><\/h4>\n<h4 class=\"percentage\"><span class=\"heading\">THC:\u00a0<\/span>14%<\/h4>\n<\/p><\/div>\n<p class=\"translation-block\">En conclusion, Marshmallow est une vari\u00e9t\u00e9 hybride domin\u00e9e par l'indica, cr\u00e9\u00e9e par un croisement entre la classique OG Kush X et une vari\u00e9t\u00e9 inconnue. Bien que le second parent soit inconnu en raison du secret du producteur, on pense que Marshmallow est un descendant de la famille <a href=\"https:\/\/www.allbud.com\/marijuana-strains\/hybrid\/bubble-gum\" target=\"_blank\" rel=\"noopener\">Bubble Gum<\/a> en raison de son go\u00fbt sucr\u00e9 et de ses effets doux d'indica. Comme son nom l'indique, Marshmallow a une saveur sucr\u00e9e de bonbon, accentu\u00e9e par du miel noisette et une touche de fruit\u00e9.<\/p>\n<div data-testid=\"product-description\">\n<div class=\"truncate-lines__Wrapper-sc-1lknwty-0 YxHAC\">\n<div data-testid=\"truncated-description\">\n<div>\n<div class=\"text__Text-sc-fif1uk-0 kdmKRD\">\n<div class=\"src__Box-sc-1sbtrzs-0 src__Flex-sc-1sbtrzs-1 kWPFqZ hzdsvF\"><\/div>\n<\/p><\/div>\n<\/p><\/div>\n<\/p><\/div>\n<\/p><\/div>\n<\/p><\/div>","protected":false},"excerpt":{"rendered":"<p>Marshmallow Kush est un ph\u00e9notype de Girl Scout Cookies. Nomm\u00e9e d'apr\u00e8s ses trichomes blancs nuageux et ses bourgeons collants, cette vari\u00e9t\u00e9 d\u00e9gage des ar\u00f4mes sucr\u00e9s et menthol\u00e9s avec une touche grumeleuse. Marshmallow procure aux consommateurs un buzz heureux et relaxant. L'euphorie agr\u00e9able de cette vari\u00e9t\u00e9 peut aider \u00e0 am\u00e9liorer l'humeur, stimuler l'app\u00e9tit et soulager l'agitation.<\/p>\n<div data-testid=\"product-description\">\n<div class=\"truncate-lines__Wrapper-sc-1lknwty-0 YxHAC\">\n<div data-testid=\"truncated-description\">\n<div>\n<div class=\"text__Text-sc-fif1uk-0 kdmKRD\">\n<div class=\"src__Box-sc-1sbtrzs-0 src__Flex-sc-1sbtrzs-1 kWPFqZ hzdsvF\">\n<div>EXEMPLES DE CAT\u00c9GORIES DE PRODUITS<\/div>\n<\/p><\/div>\n<\/p><\/div>\n<\/p><\/div>\n<\/p><\/div>\n<\/p><\/div>\n<\/p><\/div>\n<div class=\"text__Text-sc-fif1uk-0 htoJfX\"><a href=\"https:\/\/jeetersofficial.com\/product-category\/buy-cali-buds\/\">CALI BUDS<\/a><\/div>\n<div data-testid=\"product-description\">\n<div class=\"truncate-lines__Wrapper-sc-1lknwty-0 YxHAC\">\n<div data-testid=\"truncated-description\">\n<div class=\"text__Text-sc-fif1uk-0 kdmKRD\"><a href=\"https:\/\/jeetersofficial.com\/product-category\/backpack-boyz\/\">Backpack\u00a0 Boyz<\/a><\/div>\n<div><a href=\"https:\/\/jeetersofficial.com\/product-category\/snow-balls-weed\/\">SNOWBALLS WEED<\/a><\/div>\n<div><a href=\"https:\/\/jeetersofficial.com\/product-category\/persy-snowcaps\/\">Persy Snowcaps<\/a><\/div>\n<div><a href=\"https:\/\/jeetersofficial.com\/product-category\/drip-snowcaps\/\">Drip Snowcaps<\/a><\/div>\n<div><a href=\"https:\/\/jeetersofficial.com\/product-category\/concentrates\/\">CALI CONCENTRATES<\/a><\/div>\n<div><a href=\"https:\/\/jeetersofficial.com\/product-category\/doja-exclusive\/\">CALI DOJA PACKS EXCLUSIVE<\/a><\/div>\n<div><a href=\"https:\/\/jeetersofficial.com\/product-category\/marijuana-flowers\/\">CALI MARIJUANA FLOWERS<\/a><\/div>\n<\/p><\/div>\n<\/p><\/div>\n<\/p><\/div>\n<div><a href=\"https:\/\/jeetersofficial.com\/product-category\/sativa-strain\/\">CALI SATIVA STRAINS<\/a><\/div>\n<div><a href=\"https:\/\/jeetersofficial.com\/product-category\/indica\/\">CALI INDICA STRAINS<\/a><\/div>\n<div><a href=\"https:\/\/jeetersofficial.com\/product-category\/hybrid-weed\/\">CALI HYBRID WEED<\/a><\/div>","protected":false},"featured_media":1669,"comment_status":"closed","ping_status":"closed","template":"","meta":{"_uag_custom_page_level_css":"","site-sidebar-layout":"default","site-content-layout":"","ast-site-content-layout":"default","site-content-style":"default","site-sidebar-style":"default","ast-global-header-display":"","ast-banner-title-visibility":"","ast-main-header-display":"","ast-hfb-above-header-display":"","ast-hfb-below-header-display":"","ast-hfb-mobile-header-display":"","site-post-title":"","ast-breadcrumbs-content":"","ast-featured-img":"","footer-sml-layout":"","ast-disable-related-posts":"","theme-transparent-header-meta":"","adv-header-id-meta":"","stick-header-meta":"","header-above-stick-meta":"","header-main-stick-meta":"","header-below-stick-meta":"","astra-migrate-meta-layouts":"default","ast-page-background-enabled":"default","ast-page-background-meta":{"desktop":{"background-color":"var(--ast-global-color-5)","background-image":"","background-repeat":"repeat","background-position":"center center","background-size":"auto","background-attachment":"scroll","background-type":"","background-media":"","overlay-type":"","overlay-color":"","overlay-opacity":"","overlay-gradient":""},"tablet":{"background-color":"","background-image":"","background-repeat":"repeat","background-position":"center center","background-size":"auto","background-attachment":"scroll","background-type":"","background-media":"","overlay-type":"","overlay-color":"","overlay-opacity":"","overlay-gradient":""},"mobile":{"background-color":"","background-image":"","background-repeat":"repeat","background-position":"center center","background-size":"auto","background-attachment":"scroll","background-type":"","background-media":"","overlay-type":"","overlay-color":"","overlay-opacity":"","overlay-gradient":""}},"ast-content-background-meta":{"desktop":{"background-color":"var(--ast-global-color-4)","background-image":"","background-repeat":"repeat","background-position":"center center","background-size":"auto","background-attachment":"scroll","background-type":"","background-media":"","overlay-type":"","overlay-color":"","overlay-opacity":"","overlay-gradient":""},"tablet":{"background-color":"var(--ast-global-color-4)","background-image":"","background-repeat":"repeat","background-position":"center center","background-size":"auto","background-attachment":"scroll","background-type":"","background-media":"","overlay-type":"","overlay-color":"","overlay-opacity":"","overlay-gradient":""},"mobile":{"background-color":"var(--ast-global-color-4)","background-image":"","background-repeat":"repeat","background-position":"center center","background-size":"auto","background-attachment":"scroll","background-type":"","background-media":"","overlay-type":"","overlay-color":"","overlay-opacity":"","overlay-gradient":""}}},"product_brand":[],"product_cat":[675],"product_tag":[489,490,491,492,481,493,494,495,472,473,496,497,498,499,500,501,502,503,504],"class_list":{"0":"post-1754","1":"product","2":"type-product","3":"status-publish","4":"has-post-thumbnail","6":"product_cat-buy-cali-buds","7":"product_tag-best-cali-packs","8":"product_tag-buy-cali-bud-or-no-bud-marshmallow-online","9":"product_tag-buy-cali-bud-or-no-bud-online","10":"product_tag-cali-bud-or-no-bud","11":"product_tag-cali-bud-or-no-bud-for-sale","12":"product_tag-cali-bud-or-no-bud-marshmallow","13":"product_tag-cali-bud-or-no-bud-marshmallow-for-sale","14":"product_tag-cali-bud-or-no-bud-marshmallow-near-me","15":"product_tag-cali-bud-or-no-bud-near-me","16":"product_tag-cali-buds","17":"product_tag-cali-marshmallow","18":"product_tag-cannabis-strains","19":"product_tag-marshmallow-cali-bud-or-no-bud","20":"product_tag-marshmallow-cali-bud-or-no-bud-for-sale","21":"product_tag-marshmallow-cali-bud-or-no-bud-near-me","22":"product_tag-marshmallow-strain","23":"product_tag-marshmallow-weed-strain","24":"product_tag-top-cali-bud-packs","25":"product_tag-topo-cali-bags","26":"desktop-align-center","27":"tablet-align-left","28":"mobile-align-left","30":"first","31":"instock","32":"shipping-taxable","33":"purchasable","34":"product-type-variable"},"uagb_featured_image_src":{"full":["https:\/\/caliweedeurope.com\/wp-content\/uploads\/2024\/11\/fullsizeoutput-e1579244645542.jpeg",570,850,false],"thumbnail":["https:\/\/caliweedeurope.com\/wp-content\/uploads\/2024\/11\/fullsizeoutput-e1579244645542-150x150.jpeg",150,150,true],"medium":["https:\/\/caliweedeurope.com\/wp-content\/uploads\/2024\/11\/fullsizeoutput-e1579244645542-201x300.jpeg",201,300,true],"medium_large":["https:\/\/caliweedeurope.com\/wp-content\/uploads\/2024\/11\/fullsizeoutput-e1579244645542.jpeg",570,850,false],"large":["https:\/\/caliweedeurope.com\/wp-content\/uploads\/2024\/11\/fullsizeoutput-e1579244645542.jpeg",570,850,false],"1536x1536":["https:\/\/caliweedeurope.com\/wp-content\/uploads\/2024\/11\/fullsizeoutput-e1579244645542.jpeg",570,850,false],"2048x2048":["https:\/\/caliweedeurope.com\/wp-content\/uploads\/2024\/11\/fullsizeoutput-e1579244645542.jpeg",570,850,false],"trp-custom-language-flag":["https:\/\/caliweedeurope.com\/wp-content\/uploads\/2024\/11\/fullsizeoutput-e1579244645542.jpeg",8,12,false],"woocommerce_thumbnail":["https:\/\/caliweedeurope.com\/wp-content\/uploads\/2024\/11\/fullsizeoutput-e1579244645542-300x300.jpeg",300,300,true],"woocommerce_single":["https:\/\/caliweedeurope.com\/wp-content\/uploads\/2024\/11\/fullsizeoutput-e1579244645542.jpeg",570,850,false],"woocommerce_gallery_thumbnail":["https:\/\/caliweedeurope.com\/wp-content\/uploads\/2024\/11\/fullsizeoutput-e1579244645542-100x100.jpeg",100,100,true]},"uagb_author_info":{"display_name":"jetskiforsaleuk@gmail.com","author_link":"https:\/\/caliweedeurope.com\/fr\/author\/"},"uagb_comment_info":0,"uagb_excerpt":"Marshmallow kush is a Girl Scout Cookies phenotype. Named for its cloudy white trichomes and sticky buds, this strain smells of sweet, minty terpenes with a charming gritty hint. Marshmallow imbues consumers with a happy, relaxing buzz. The strain\u2019s pleasant euphoria can help improve mood, stimulate appetite, and assist with restlessness. SAMPLE PRODUCT CATEGORIES CALI\u2026","_links":{"self":[{"href":"https:\/\/caliweedeurope.com\/fr\/wp-json\/wp\/v2\/product\/1754"}],"collection":[{"href":"https:\/\/caliweedeurope.com\/fr\/wp-json\/wp\/v2\/product"}],"about":[{"href":"https:\/\/caliweedeurope.com\/fr\/wp-json\/wp\/v2\/types\/product"}],"replies":[{"embeddable":true,"href":"https:\/\/caliweedeurope.com\/fr\/wp-json\/wp\/v2\/comments?post=1754"}],"wp:featuredmedia":[{"embeddable":true,"href":"https:\/\/caliweedeurope.com\/fr\/wp-json\/wp\/v2\/media\/1669"}],"wp:attachment":[{"href":"https:\/\/caliweedeurope.com\/fr\/wp-json\/wp\/v2\/media?parent=1754"}],"wp:term":[{"taxonomy":"product_brand","embeddable":true,"href":"https:\/\/caliweedeurope.com\/fr\/wp-json\/wp\/v2\/product_brand?post=1754"},{"taxonomy":"product_cat","embeddable":true,"href":"https:\/\/caliweedeurope.com\/fr\/wp-json\/wp\/v2\/product_cat?post=1754"},{"taxonomy":"product_tag","embeddable":true,"href":"https:\/\/caliweedeurope.com\/fr\/wp-json\/wp\/v2\/product_tag?post=1754"}],"curies":[{"name":"wp","href":"https:\/\/api.w.org\/{rel}","templated":true}]}}