{"id":1760,"date":"2024-11-05T18:39:16","date_gmt":"2024-11-05T18:39:16","guid":{"rendered":"https:\/\/caliweedeurope.com\/?post_type=product&#038;p=1760"},"modified":"2024-11-05T18:39:18","modified_gmt":"2024-11-05T18:39:18","slug":"buy-cali-bud-pinkberry-strain-online","status":"publish","type":"product","link":"https:\/\/caliweedeurope.com\/fr\/product\/buy-cali-bud-pinkberry-strain-online\/","title":{"rendered":"Buy Cali Bud Pinkberry Strain Online"},"content":{"rendered":"<h1 style=\"text-align: center\"><strong>\u00a0\u00a0 \u00a0<\/strong><strong>PINKBERRY <\/strong><strong>CALI BUD OR NO BUD\u00a0|<\/strong><strong>\u00a0CALI BUD OR NO BUD\u00a0<\/strong><strong>PINKBERRY <\/strong><strong>|<\/strong><strong>\u00a0CALI PLUG CALI BUD OR NO BUD<\/strong><\/h1>\n<p><strong>Cali Bud Pinkberry Strain<\/strong><\/p>\n<p>Cali Pinkberry est une vari\u00e9t\u00e9 hybride de cannabis tr\u00e8s influente, cr\u00e9\u00e9e par le croisement de la fraise et de Grape Ape. Cette incroyable vari\u00e9t\u00e9 est id\u00e9ale pour les patients souffrant d'anxi\u00e9t\u00e9 et de douleurs chroniques. Pinkberry Weed<\/p>\n<p class=\"translation-block\"><b>Pink Berry<\/b> d'Apothecary Genetics est une vari\u00e9t\u00e9 d\u00e9licieuse domin\u00e9e par l'indica avec une relaxation imm\u00e9diate. Ce croisement puissant entre <a href=\"https:\/\/www.leafly.com\/strains\/pink-champagne\" target=\"_blank\" rel=\"noopener\">Pink Champagne<\/a> et <a href=\"https:\/\/www.leafly.com\/strains\/blackberry\" target=\"_blank\" rel=\"noopener\">Blackberry<\/a> offre des notes sucr\u00e9es et fruit\u00e9es tout en restant fermement ancr\u00e9 dans la g\u00e9n\u00e9tique OG. Pink Berry remplit l'esprit d'une \u00e9nergie euphorique et stimulante tout en alourdissant les membres avec une profonde relaxation, ce qui la rend id\u00e9ale pour les consommateurs recherchant un soulagement de l'agitation, des douleurs physiques chroniques et des humeurs grognonnes. pink berry strain<\/p>\n<h2 style=\"text-align: center\"><strong>\u00a0BUY\u00a0<\/strong><strong>PINKBERRY <\/strong><strong>CALI BUD OR NO BUD\u00a0 ONLINE | BUY CALI BUD OR NO BUD\u00a0<\/strong><strong>PINKBERRY <\/strong><strong>ONLINE | BUY CALI BUD OR NO BUD ONLINE<\/strong><\/h2>\n<p><strong>Utilisations m\u00e9dicales de Pinkberry<\/strong><\/p>\n<p>Cette vari\u00e9t\u00e9 garantit un soulagement imm\u00e9diat de la douleur pour un soulagement rapide. Ses effets l\u00e9gers peuvent att\u00e9nuer certaines douleurs lancinantes ainsi que des naus\u00e9es. La vari\u00e9t\u00e9 peut \u00e9galement aider \u00e0 combattre les sympt\u00f4mes du PTSD. Cali Plug offre un acc\u00e8s s\u00e9curis\u00e9 \u00e0 des vari\u00e9t\u00e9s de cannabis m\u00e9dicinal de haute qualit\u00e9 pour promouvoir la sant\u00e9, et donc la richesse. Pinkberry Weed<\/p>\n<div class=\"variety-percentage-wrap\">\n<h4 class=\"variety translation-block\"><a href=\"https:\/\/www.allbud.com\/marijuana-strains\/variety\/indica-dominant-hybrid\" target=\"_blank\" rel=\"noopener\">Hybride Dominant Indica<\/a> <span class=\"hidden-xs\">\u2013 <\/span><span class=\"strain-percentages\">70% Indica \/ 30% Sativa<\/span><\/h4>\n<h4 class=\"percentage\"><span class=\"heading\">THC:\u00a0<\/span>14% \u2013 16%,\u00a0<span class=\"heading\">CBD:\u00a0<\/span><em>6<\/em>%<\/h4>\n<\/p><\/div>\n<p>Pink Berry est une rare vari\u00e9t\u00e9 hybride dominante indica cr\u00e9\u00e9e en croisant les incroyablement d\u00e9licieuses vari\u00e9t\u00e9s Pink Champagne X Blackberry. Le go\u00fbt de Pink Berry est unique, avec des saveurs sucr\u00e9es et fruit\u00e9es, sucr\u00e9es et beurr\u00e9es, qui ressemblent presque \u00e0 un frais pot de yaourt glac\u00e9 \u00e0 la baie. L'odeur prend une tournure cr\u00e9meuse de kush, m\u00e9langeant des fleurs riches avec des baies sucr\u00e9es pour un ar\u00f4me irr\u00e9sistible et addictif qui vous laissera en redemander. L'effet est tout aussi doux, parfait pour se d\u00e9tendre \u00e0 la fin d'une longue journ\u00e9e ou lorsque vous avez besoin d'un peu d'aide pour vous endormir la nuit.<\/p>\n<h3 style=\"text-align: center\"><strong>PINKBERRY <\/strong><strong>CALI BUD OR NO BUD FOR SALE | CALI BUD OR NO BUD\u00a0\u00a0<\/strong><strong>PINKBERRY <\/strong><strong>FOR SALE | CALI BUD OR NO BUD\u00a0 FOR SALE<\/strong><\/h3>\n<p><strong>Culture de la vari\u00e9t\u00e9 Cali Bud Pinkberry<\/strong><\/p>\n<p>Cette vari\u00e9t\u00e9 se d\u00e9veloppe de mani\u00e8re compacte et peut bien se cultiver \u00e0 l'int\u00e9rieur, \u00e0 l'ext\u00e9rieur ou m\u00eame dans une serre. Elle doit \u00eatre donn\u00e9e au moins un mois, voire cinq, pour compl\u00e9ter la v\u00e9g\u00e9tation. La vari\u00e9t\u00e9 fleurit pendant huit \u00e0 neuf semaines et produira un gramme par watt \u00e0 l'int\u00e9rieur. Les cultivateurs ext\u00e9rieurs peuvent r\u00e9colter jusqu'\u00e0 une livre par plante.<\/p>\n<p>L'effet est tr\u00e8s stimulant et joyeux sans augmenter votre \u00e9nergie. Vous ressentirez un high corporel picotant qui vous emm\u00e8ne dans une relaxation profonde tandis que votre esprit erre dans une introspection euphorique. Ce high corporel mod\u00e9r\u00e9 peut vous rendre somnolent par moments, vous plongeant dans un \u00e9tat s\u00e9datif et heureux. Gr\u00e2ce \u00e0 ces effets et \u00e0 son taux \u00e9lev\u00e9 de THC de 14-16 % et de CBD de 5-6 %, Pink Berry est un excellent choix m\u00e9dical pour traiter les douleurs chroniques, la d\u00e9pression, les inflammations et la fatigue chronique. Les buds de Pink Berry ont des t\u00eates rondes de couleur vert menthe clair avec des sous-tons roses et une couche de poils et de trichomes clairs.<\/p>\n<h4 style=\"text-align: center\"><strong>CALI BUD OR NO BUD \u00a0<\/strong><strong>PINKBERRY <\/strong><strong>\u00a0NEAR ME | <\/strong><strong>PINKBERRY <\/strong><strong>CALI BUD OR NO BUD\u00a0\u00a0 NEAR ME | CALI BUD OR NO BUD \u00a0NEAR ME<\/strong><\/h4>\n<p><strong>Effets de la Cali Bud Pinkberry Strain<\/strong><\/p>\n<p>Les choses autour de vous, mais pas vraiment capable de tenir des conversations avec les personnes autour de vous ou de faire quoi que ce soit de physique.<br \/> Sentiments<\/p>\n<p><strong>Heureux<\/strong><br \/> 49 % des personnes d\u00e9clarent se sentir heureuses<br \/> <strong>D\u00e9tendu<\/strong><br \/> 44 % des personnes d\u00e9clarent se sentir d\u00e9tendues<br \/> <strong>Excit\u00e9<\/strong><br \/> 16 % des personnes d\u00e9clarent se sentir excit\u00e9es<br \/> <strong>N\u00e9gatifs<\/strong><br \/> <strong>Bouche s\u00e8che<\/strong><br \/> 17 % des personnes d\u00e9clarent avoir la bouche s\u00e8che<br \/> <strong>Droge ogen<\/strong><br \/> 11 % des personnes d\u00e9clarent avoir les yeux secs<br \/> <strong>\u00c9tourdi<\/strong><br \/> 5 % des personnes d\u00e9clarent se sentir \u00e9tourdies<\/p>\n<p class=\"about-title\"><strong>\u00c0 propos de Pink Berry<\/strong><\/p>\n<div class=\"effect-wrapper ng-star-inserted\">\n<div>\n<p>\u00c0 ne pas confondre avec la franchise de yaourt glac\u00e9 du m\u00eame nom, Pink Berry est un hybride \u00e0 dominance indica tr\u00e8s savoureux. Cette vari\u00e9t\u00e9 combine la g\u00e9n\u00e9tique de Pink Champagne et de Blackberry, et poss\u00e8de toute la puissance et la saveur de ses vari\u00e9t\u00e9s parentes. Cette fleur relaxante a une teneur en THC mesur\u00e9e entre 14 % et 21 %.<\/p>\n<\/p><\/div>\n<\/p><\/div>\n<h5 style=\"text-align: center\"><strong>PINKBERRY <\/strong><strong>\u00a0STRAIN | <\/strong><strong>PINKBERRY <\/strong><strong>WEED STRAIN | CALI <\/strong><strong>PINKBERRY <\/strong><strong>| CALI <\/strong><strong>PINKBERRY <\/strong><strong>\u00a0STRAIN<\/strong><\/h5>\n<p><strong>Avertissement concernant l'utilisation de Cali Bud Pinkberry.<\/strong><\/p>\n<p>Ce produit contient du cannabis, une substance r\u00e9glement\u00e9e. Garder hors de la port\u00e9e des enfants et des animaux. Les produits \u00e0 base de cannabis ne peuvent \u00eatre poss\u00e9d\u00e9s ou consomm\u00e9s que par des personnes de 21 ans ou plus, sauf si la personne est un patient qualifi\u00e9. Les effets intoxicants des produits \u00e0 base de cannabis peuvent durer jusqu'\u00e0 deux heures. L'utilisation de cannabis pendant la grossesse ou l'allaitement peut \u00eatre nocive. La consommation de ces produits alt\u00e8re votre capacit\u00e9 \u00e0 conduire ou \u00e0 manipuler des machines. Veuillez faire preuve de la plus grande prudence.<\/p>\n<p>Pink Berry impressionne avec de grandes fleurs qui conservent une forme solide et presque sph\u00e9rique. Les bourgeons montrent une influence indica avec une structure interne dense; les feuilles se recroquevillent fermement vers leurs tiges centrales. Les feuilles elles-m\u00eames sont un m\u00e9lange marbr\u00e9 de vert mousse avec des \u00e9clats occasionnels de bleu et de violet; ces derni\u00e8res couleurs apparaissent lorsque les pigments anthocyanines dans la g\u00e9n\u00e9tique de la vari\u00e9t\u00e9 sont activ\u00e9s par le temps froid pendant le processus de croissance. Enfin, des pistils orange vif et des trichomes blancs translucides rendent ces fleurs accrocheuses encore plus color\u00e9es.<\/p>\n<div data-testid=\"product-description\">\n<div class=\"truncate-lines__Wrapper-sc-1lknwty-0 YxHAC\">\n<div data-testid=\"truncated-description\">\n<div>\n<div class=\"text__Text-sc-fif1uk-0 kdmKRD\">\n<div class=\"src__Box-sc-1sbtrzs-0 src__Flex-sc-1sbtrzs-1 kWPFqZ hzdsvF\">\n<div>EXEMPLES DE CAT\u00c9GORIES DE PRODUITS<\/div>\n<\/p><\/div>\n<\/p><\/div>\n<\/p><\/div>\n<\/p><\/div>\n<\/p><\/div>\n<\/p><\/div>\n<div class=\"text__Text-sc-fif1uk-0 htoJfX\"><a href=\"https:\/\/jeetersofficial.com\/product-category\/buy-cali-buds\/\" target=\"_blank\" rel=\"noopener\">CALI BUDS<\/a><\/div>\n<div data-testid=\"product-description\">\n<div class=\"truncate-lines__Wrapper-sc-1lknwty-0 YxHAC\">\n<div data-testid=\"truncated-description\">\n<div class=\"text__Text-sc-fif1uk-0 kdmKRD\"><a href=\"https:\/\/jeetersofficial.com\/product-category\/backpack-boyz\/\" target=\"_blank\" rel=\"noopener\">Backpack\u00a0 Boyz<\/a><\/div>\n<div><a href=\"https:\/\/jeetersofficial.com\/product-category\/snow-balls-weed\/\" target=\"_blank\" rel=\"noopener\">SNOWBALLS WEED<\/a><\/div>\n<div><a href=\"https:\/\/jeetersofficial.com\/product-category\/persy-snowcaps\/\" target=\"_blank\" rel=\"noopener\">Persy Snowcaps<\/a><\/div>\n<div><a href=\"https:\/\/jeetersofficial.com\/product-category\/drip-snowcaps\/\" target=\"_blank\" rel=\"noopener\">Drip Snowcaps<\/a><\/div>\n<div><a href=\"https:\/\/jeetersofficial.com\/product-category\/concentrates\/\" target=\"_blank\" rel=\"noopener\">CALI CONCENTRATES<\/a><\/div>\n<div><a href=\"https:\/\/jeetersofficial.com\/product-category\/doja-exclusive\/\" target=\"_blank\" rel=\"noopener\">CALI DOJA PACKS EXCLUSIVE<\/a><\/div>\n<div><a href=\"https:\/\/jeetersofficial.com\/product-category\/marijuana-flowers\/\" target=\"_blank\" rel=\"noopener\">CALI MARIJUANA FLOWERS<\/a><\/div>\n<\/p><\/div>\n<\/p><\/div>\n<\/p><\/div>\n<div><a href=\"https:\/\/jeetersofficial.com\/product-category\/sativa-strain\/\" target=\"_blank\" rel=\"noopener\">CALI SATIVA STRAINS<\/a><\/div>\n<div><a href=\"https:\/\/jeetersofficial.com\/product-category\/indica\/\" target=\"_blank\" rel=\"noopener\">CALI INDICA STRAINS<\/a><\/div>\n<div><a href=\"https:\/\/jeetersofficial.com\/product-category\/hybrid-weed\/\" target=\"_blank\" rel=\"noopener\">CALI HYBRID WEED<\/a><\/div>","protected":false},"excerpt":{"rendered":"<p><strong>Cali Bud Pinkberry Strain<\/strong><\/p>\n<p>Cali Pinkberry est une vari\u00e9t\u00e9 hybride de cannabis tr\u00e8s influente, cr\u00e9\u00e9e par le croisement de la fraise et de Grape Ape. Cette incroyable vari\u00e9t\u00e9 est id\u00e9ale pour les patients souffrant d'anxi\u00e9t\u00e9 et de douleurs chroniques.<\/p>","protected":false},"featured_media":1670,"comment_status":"closed","ping_status":"closed","template":"","meta":{"_uag_custom_page_level_css":"","site-sidebar-layout":"default","site-content-layout":"","ast-site-content-layout":"default","site-content-style":"default","site-sidebar-style":"default","ast-global-header-display":"","ast-banner-title-visibility":"","ast-main-header-display":"","ast-hfb-above-header-display":"","ast-hfb-below-header-display":"","ast-hfb-mobile-header-display":"","site-post-title":"","ast-breadcrumbs-content":"","ast-featured-img":"","footer-sml-layout":"","ast-disable-related-posts":"","theme-transparent-header-meta":"","adv-header-id-meta":"","stick-header-meta":"","header-above-stick-meta":"","header-main-stick-meta":"","header-below-stick-meta":"","astra-migrate-meta-layouts":"default","ast-page-background-enabled":"default","ast-page-background-meta":{"desktop":{"background-color":"var(--ast-global-color-5)","background-image":"","background-repeat":"repeat","background-position":"center center","background-size":"auto","background-attachment":"scroll","background-type":"","background-media":"","overlay-type":"","overlay-color":"","overlay-opacity":"","overlay-gradient":""},"tablet":{"background-color":"","background-image":"","background-repeat":"repeat","background-position":"center center","background-size":"auto","background-attachment":"scroll","background-type":"","background-media":"","overlay-type":"","overlay-color":"","overlay-opacity":"","overlay-gradient":""},"mobile":{"background-color":"","background-image":"","background-repeat":"repeat","background-position":"center center","background-size":"auto","background-attachment":"scroll","background-type":"","background-media":"","overlay-type":"","overlay-color":"","overlay-opacity":"","overlay-gradient":""}},"ast-content-background-meta":{"desktop":{"background-color":"var(--ast-global-color-4)","background-image":"","background-repeat":"repeat","background-position":"center center","background-size":"auto","background-attachment":"scroll","background-type":"","background-media":"","overlay-type":"","overlay-color":"","overlay-opacity":"","overlay-gradient":""},"tablet":{"background-color":"var(--ast-global-color-4)","background-image":"","background-repeat":"repeat","background-position":"center center","background-size":"auto","background-attachment":"scroll","background-type":"","background-media":"","overlay-type":"","overlay-color":"","overlay-opacity":"","overlay-gradient":""},"mobile":{"background-color":"var(--ast-global-color-4)","background-image":"","background-repeat":"repeat","background-position":"center center","background-size":"auto","background-attachment":"scroll","background-type":"","background-media":"","overlay-type":"","overlay-color":"","overlay-opacity":"","overlay-gradient":""}}},"product_brand":[],"product_cat":[675],"product_tag":[489,491,505,506,507,508,509,510,492,481,472,511,512,513,514,473,515,516,517,518,461,519,520,521,522,462,523,524,525,526,527,528],"class_list":{"0":"post-1760","1":"product","2":"type-product","3":"status-publish","4":"has-post-thumbnail","6":"product_cat-buy-cali-buds","7":"product_tag-best-cali-packs","8":"product_tag-buy-cali-bud-or-no-bud-online","9":"product_tag-buy-cali-bud-or-no-bud-pinkberry-online","10":"product_tag-buy-cali-buds","11":"product_tag-buy-pinkberry-cali-bud-or-no-bud-online","12":"product_tag-buy-weed-online","13":"product_tag-by-the-best-cali-buds","14":"product_tag-cali-bags","15":"product_tag-cali-bud-or-no-bud","16":"product_tag-cali-bud-or-no-bud-for-sale","17":"product_tag-cali-bud-or-no-bud-near-me","18":"product_tag-cali-bud-or-no-bud-pinkberry","19":"product_tag-cali-bud-or-no-bud-pinkberry-for-sale","20":"product_tag-cali-bud-or-no-bud-pinkberry-near-me","21":"product_tag-cali-bud-packs","22":"product_tag-cali-buds","23":"product_tag-cali-buds-online","24":"product_tag-cali-flavors","25":"product_tag-cali-flavours","26":"product_tag-cali-gush-lato","27":"product_tag-cali-packs","28":"product_tag-cali-pinkberry","29":"product_tag-cali-pinkberry-strain","30":"product_tag-cali-plug","31":"product_tag-cali-plug-bags","32":"product_tag-cali-plug-cali-bud-or-no-bud","33":"product_tag-order-weed-online","34":"product_tag-pinkberry-cali-bud-or-no-bud","35":"product_tag-pinkberry-cali-bud-or-no-bud-for-sale","36":"product_tag-pinkberry-cali-bud-or-no-bud-near-me","37":"product_tag-pinkberry-strain","38":"product_tag-pinkberry-weed-strain","39":"desktop-align-center","40":"tablet-align-left","41":"mobile-align-left","43":"first","44":"instock","45":"shipping-taxable","46":"purchasable","47":"product-type-variable"},"uagb_featured_image_src":{"full":["https:\/\/caliweedeurope.com\/wp-content\/uploads\/2024\/11\/pinkberry-1.jpg",504,690,false],"thumbnail":["https:\/\/caliweedeurope.com\/wp-content\/uploads\/2024\/11\/pinkberry-1-150x150.jpg",150,150,true],"medium":["https:\/\/caliweedeurope.com\/wp-content\/uploads\/2024\/11\/pinkberry-1-219x300.jpg",219,300,true],"medium_large":["https:\/\/caliweedeurope.com\/wp-content\/uploads\/2024\/11\/pinkberry-1.jpg",504,690,false],"large":["https:\/\/caliweedeurope.com\/wp-content\/uploads\/2024\/11\/pinkberry-1.jpg",504,690,false],"1536x1536":["https:\/\/caliweedeurope.com\/wp-content\/uploads\/2024\/11\/pinkberry-1.jpg",504,690,false],"2048x2048":["https:\/\/caliweedeurope.com\/wp-content\/uploads\/2024\/11\/pinkberry-1.jpg",504,690,false],"trp-custom-language-flag":["https:\/\/caliweedeurope.com\/wp-content\/uploads\/2024\/11\/pinkberry-1.jpg",9,12,false],"woocommerce_thumbnail":["https:\/\/caliweedeurope.com\/wp-content\/uploads\/2024\/11\/pinkberry-1-300x300.jpg",300,300,true],"woocommerce_single":["https:\/\/caliweedeurope.com\/wp-content\/uploads\/2024\/11\/pinkberry-1.jpg",504,690,false],"woocommerce_gallery_thumbnail":["https:\/\/caliweedeurope.com\/wp-content\/uploads\/2024\/11\/pinkberry-1-100x100.jpg",100,100,true]},"uagb_author_info":{"display_name":"jetskiforsaleuk@gmail.com","author_link":"https:\/\/caliweedeurope.com\/fr\/author\/"},"uagb_comment_info":0,"uagb_excerpt":"Cali Bud Pinkberry Strain Cali Pinkberry is a very influential cannabis hybrid strain cross with strawberry and grape ape to get this amazing strain. is best for patients suffering from anxiety and chronic pain.","_links":{"self":[{"href":"https:\/\/caliweedeurope.com\/fr\/wp-json\/wp\/v2\/product\/1760"}],"collection":[{"href":"https:\/\/caliweedeurope.com\/fr\/wp-json\/wp\/v2\/product"}],"about":[{"href":"https:\/\/caliweedeurope.com\/fr\/wp-json\/wp\/v2\/types\/product"}],"replies":[{"embeddable":true,"href":"https:\/\/caliweedeurope.com\/fr\/wp-json\/wp\/v2\/comments?post=1760"}],"wp:featuredmedia":[{"embeddable":true,"href":"https:\/\/caliweedeurope.com\/fr\/wp-json\/wp\/v2\/media\/1670"}],"wp:attachment":[{"href":"https:\/\/caliweedeurope.com\/fr\/wp-json\/wp\/v2\/media?parent=1760"}],"wp:term":[{"taxonomy":"product_brand","embeddable":true,"href":"https:\/\/caliweedeurope.com\/fr\/wp-json\/wp\/v2\/product_brand?post=1760"},{"taxonomy":"product_cat","embeddable":true,"href":"https:\/\/caliweedeurope.com\/fr\/wp-json\/wp\/v2\/product_cat?post=1760"},{"taxonomy":"product_tag","embeddable":true,"href":"https:\/\/caliweedeurope.com\/fr\/wp-json\/wp\/v2\/product_tag?post=1760"}],"curies":[{"name":"wp","href":"https:\/\/api.w.org\/{rel}","templated":true}]}}