{"id":1766,"date":"2024-11-05T18:39:16","date_gmt":"2024-11-05T18:39:16","guid":{"rendered":"https:\/\/caliweedeurope.com\/?post_type=product&#038;p=1766"},"modified":"2024-11-05T18:39:18","modified_gmt":"2024-11-05T18:39:18","slug":"buy-cali-bud-sfv-strain-online","status":"publish","type":"product","link":"https:\/\/caliweedeurope.com\/fr\/product\/buy-cali-bud-sfv-strain-online\/","title":{"rendered":"Buy Cali Bud SFV Strain Online"},"content":{"rendered":"<h1 style=\"text-align: center\"><strong>\u00a0 \u00a0 \u00a0 \u00a0 \u00a0<\/strong><strong>SFV <\/strong><strong>CALI BUD OR NO BUD\u00a0|<\/strong><strong>\u00a0CALI BUD OR NO BUD\u00a0<\/strong><strong>SFV <\/strong><strong>|<\/strong><strong>\u00a0CALI PLUG CALI BUD OR NO BUD<\/strong><\/h1>\n<p><strong>Cali Bud SFV Strain<\/strong><br \/> Cali SFV est une fleur de cannabis hybride ind\u00e9niablement influente de Cali, un croisement parfait avec de la fraise et du Grape Ape pour obtenir cette incroyable vari\u00e9t\u00e9.<\/p>\n<p class=\"translation-block\"><b>Tout d'abord, SFV OG<\/b>, \u00e9galement connu sous le nom de \u00ab San Fernando Valley OG \u00bb, \u00ab San Fernando Valley Kush \u00bb et \u00ab San Fernando Valley \u00bb, est une vari\u00e9t\u00e9 de marijuana hybride \u00e0 dominance <a href=\"https:\/\/www.leafly.com\/strains\/lists\/category\/sativa\" target=\"_blank\" rel=\"noopener\">sativa<\/a> de Cali Connection, id\u00e9ale pour les patients ayant besoin d'un soulagement puissant de la douleur sans rester clou\u00e9s au canap\u00e9. Comme son nom l'indique, ce parent de <a href=\"https:\/\/www.leafly.com\/strains\/og-kush\" target=\"_blank\" rel=\"noopener\">OG Kush<\/a> provient de la vall\u00e9e de San Fernando en Californie. Bien que leurs noms soient presque identiques, <a href=\"https:\/\/www.leafly.com\/strains\/sfv-og-kush\" target=\"_blank\" rel=\"noopener\">SFV OG Kush<\/a> est en r\u00e9alit\u00e9 l'enfant crois\u00e9 avec l'<a href=\"https:\/\/www.leafly.com\/strains\/afghani\" target=\"_blank\" rel=\"noopener\">Afghani<\/a> de SFV OG. Avec des notes aromatiques de pin terreux et de citron, ses effets corporels mettent un peu plus de temps \u00e0 se faire sentir que l'euphorie mentale initiale. sfv weed<\/p>\n<h2 style=\"text-align: center\"><strong>BUY\u00a0<\/strong><strong>SFV\u00a0<\/strong><strong>CALI BUD OR NO BUD\u00a0 ONLINE | BUY CALI BUD OR NO BUD\u00a0<\/strong><strong>SFV\u00a0<\/strong><strong>ONLINE | BUY CALI BUD OR NO BUD ONLINE<\/strong><\/h2>\n<p><strong>Utilisations m\u00e9dicales de la vari\u00e9t\u00e9 Cali Bud SFV<\/strong><br \/> La vari\u00e9t\u00e9 Cali SFV est id\u00e9ale pour les patients souffrant d'anxi\u00e9t\u00e9, de stress et de douleurs. Cette vari\u00e9t\u00e9 garantit un soulagement imm\u00e9diat et total de la douleur et de l'anxi\u00e9t\u00e9. Cette grande et excellente vari\u00e9t\u00e9 aide \u00e9galement \u00e0 lutter contre les manifestations de la maladie de Parkinson. sfv weed<\/p>\n<h3 style=\"text-align: center\"><strong>SFV\u00a0<\/strong><strong>CALI BUD OR NO BUD FOR SALE | CALI BUD OR NO BUD\u00a0\u00a0<\/strong><strong>SFV\u00a0<\/strong><strong>FOR SALE | CALI BUD OR NO BUD\u00a0 FOR SALE<\/strong><\/h3>\n<p><strong>Effets de la vari\u00e9t\u00e9 Cali Bud SFV<\/strong><br \/> <strong>Heureux<\/strong><br \/> 46% des personnes d\u00e9clarent se sentir heureuses<br \/> <strong>D\u00e9tendu<\/strong><br \/> 41% des personnes d\u00e9clarent se sentir d\u00e9tendues<br \/> <strong>Excit\u00e9<\/strong><br \/> 19% des personnes d\u00e9clarent se sentir excit\u00e9es<br \/> <strong>N\u00e9gatifs<\/strong><br \/> <strong>Bouche s\u00e8che<\/strong><br \/> 14 % des personnes d\u00e9clarent avoir la bouche s\u00e8che<br \/> <strong>Droge ogen<\/strong><br \/> 10 % des personnes d\u00e9clarent avoir les yeux secs<br \/> <strong>\u00c9tourdi<\/strong><br \/> 9 % des personnes d\u00e9clarent se sentir \u00e9tourdies<\/p>\n<div class=\"variety-percentage-wrap\">\n<h4 class=\"variety translation-block\"><a href=\"https:\/\/www.allbud.com\/marijuana-strains\/variety\/indica-dominant-hybrid\" target=\"_blank\" rel=\"noopener\">Hybride Dominant Indica<\/a> <span class=\"hidden-xs\">\u2013 <\/span><span class=\"strain-percentages\">70% Indica \/ 30% Sativa<\/span><\/h4>\n<h4 class=\"percentage\"><span class=\"heading\">THC:\u00a0<\/span>17% \u2013 22%,\u00a0<span class=\"heading\">CBD:\u00a0<\/span><em>1<\/em>%,\u00a0<span class=\"heading\">CBN:\u00a0<\/span><em>1<\/em>%<\/h4>\n<\/p><\/div>\n<p>SFV OG, \u00e9galement connu sous le nom de \"San Fernando Valley OG\" dans la communaut\u00e9 du cannabis, est un ph\u00e9notype puissant \u00e0 dominance indica (70 % indica\/30 % sativa) de la vari\u00e9t\u00e9 OG Kush, cr\u00e9\u00e9 par les cultivateurs des c\u00e9l\u00e8bres Cali Connection Farms dans la vall\u00e9e de San Fernando. Ce bourgeon puissant affiche un taux moyen de THC compris entre 17 et 22 % et des effets principalement indica. Les utilisateurs d\u00e9crivent le high du SFV OG comme une sensation presque imm\u00e9diate d\u2019effets relaxants et s\u00e9datifs qui vous laissent mod\u00e9r\u00e9ment coll\u00e9 au canap\u00e9 avec une l\u00e9g\u00e8re pression dans la t\u00eate et le corps qui soulage la douleur. Ces effets sont accompagn\u00e9s d\u2019un sentiment d\u2019\u00e9l\u00e9vation et d\u2019euphorie, \u00e9quilibr\u00e9 par les profonds effets indica.<\/p>\n<h4 style=\"text-align: center\"><strong>CALI BUD OR NO BUD \u00a0<\/strong><strong>SFV\u00a0<\/strong><strong>\u00a0NEAR ME |\u00a0<\/strong><strong>SFV\u00a0<\/strong><strong>CALI BUD OR NO BUD\u00a0\u00a0 NEAR ME | CALI BUD OR NO BUD \u00a0NEAR ME<\/strong><\/h4>\n<p><strong>Culture de la vari\u00e9t\u00e9 Cali Bud SFV<\/strong><br \/> Cette vari\u00e9t\u00e9 reste relativement courte et peut bien se d\u00e9velopper en int\u00e9rieur, tout en poussant parfaitement en ext\u00e9rieur. Cette vari\u00e9t\u00e9 ne vous d\u00e9cevra pas m\u00eame dans une serre. Les passionn\u00e9s devraient lui donner au moins un mois, voire cinq, pour compl\u00e9ter la phase v\u00e9g\u00e9tative. La vari\u00e9t\u00e9 fleurit en huit \u00e0 neuf semaines et produit un gramme par watt en int\u00e9rieur. Les cultivateurs en ext\u00e9rieur peuvent r\u00e9colter jusqu'\u00e0 une livre par plante.<\/p>\n<p>De plus, en raison de ses effets puissants, SFV OG est une vari\u00e9t\u00e9 id\u00e9ale pour traiter les patients souffrant de troubles tels que des cas l\u00e9gers \u00e0 mod\u00e9r\u00e9s de d\u00e9pression, de douleurs chroniques dues \u00e0 une blessure ou une maladie, de spasmes musculaires et de stress. SFV OG d\u00e9gage un ar\u00f4me de mandarines avec une l\u00e9g\u00e8re touche de diesel et un go\u00fbt de pin citronn\u00e9 avec une arri\u00e8re-saveur sucr\u00e9e de diesel \u00e0 l\u2019expiration. Les bourgeons de SFV OG sont de petites t\u00eates vert arm\u00e9e fonc\u00e9 avec des feuilles vert olive, des poils brun rouge\u00e2tre et une fine couche de trichomes blancs et de r\u00e9sine.<\/p>\n<p>Depuis l'apparition originale de l'OG Kush, de nombreux ph\u00e9notypes diff\u00e9rents de cette souche ont \u00e9merg\u00e9 avec des traits d\u00e9sirables. La coupe qui circulait dans la vall\u00e9e de San Fernando, connue sous le nom de SFV OG, provient de Swerve de The Cali Connection. Comme cette coupe originale \u00e9tait uniquement disponible en clonage, Swerve a continu\u00e9 \u00e0 cultiver la souche, la croisant finalement avec Afghan #1. Afghan #1 est un croisement de deux souches Indica landrace originaires d'Afghanistan.<\/p>\n<h5 style=\"text-align: center\"><strong style=\"text-align: center;color: #333333;font-size: 14.4px\">SFV <\/strong><strong style=\"text-align: center;color: #333333;font-size: 14.4px\">\u00a0STRAIN | \u00a0<\/strong><strong style=\"text-align: center;color: #333333;font-size: 14.4px\">SFV\u00a0<\/strong><strong style=\"text-align: center;color: #333333;font-size: 14.4px\">WEED STRAIN | CALI\u00a0<\/strong><strong style=\"text-align: center;color: #333333;font-size: 14.4px\">SFV\u00a0<\/strong><strong style=\"text-align: center;color: #333333;font-size: 14.4px\">| CALI\u00a0<\/strong><strong style=\"text-align: center;color: #333333;font-size: 14.4px\">SFV\u00a0<\/strong><strong style=\"text-align: center;color: #333333;font-size: 14.4px\">\u00a0STRAIN<\/strong><\/h5>\n<p><strong>Exp\u00e9dition de Cali SFV Strain<\/strong><br \/> l'exp\u00e9dition est 100% discr\u00e8te et nous offrons une garantie de livraison s\u00e9curis\u00e9e ou un remboursement complet si le client annule la commande. Nous effectuons des exp\u00e9ditions discr\u00e8tes dans le monde entier pour ces sacs de Cali Bud de qualit\u00e9 sup\u00e9rieure.<\/p>\n<p>Livraison de Cali SFV Strain<br \/> Certainement, nous effectuons une livraison discr\u00e8te de ces buds haut de gamme Cali plug dans le monde entier. Le d\u00e9lai de livraison d\u00e9pend grandement de l'emplacement du client au moment de la commande. Passez votre commande maintenant et recevez les buds Cali livr\u00e9s discr\u00e8tement \u00e0 votre adresse sans aucun probl\u00e8me.<\/p>\n<p>Avertissement sur la souche Cali SFV.<br \/> En conclusion, ce produit contient du cannabis, une substance r\u00e9glement\u00e9e. Garder hors de la port\u00e9e des enfants et des animaux. Les produits \u00e0 base de cannabis ne peuvent \u00eatre poss\u00e9d\u00e9s ou consomm\u00e9s que par des personnes \u00e2g\u00e9es de 21 ans ou plus, sauf si la personne est un patient qualifi\u00e9. Les effets enivrants des produits \u00e0 base de cannabis peuvent durer jusqu\u2019\u00e0 deux heures. L\u2019utilisation du cannabis pendant la grossesse ou l\u2019allaitement peut \u00eatre nuisible. La consommation de ces produits alt\u00e8re votre capacit\u00e9 \u00e0 conduire et \u00e0 utiliser des machines. Veuillez faire preuve d\u2019une extr\u00eame prudence.<\/p>\n<div data-testid=\"product-description\">\n<div class=\"truncate-lines__Wrapper-sc-1lknwty-0 YxHAC\">\n<div data-testid=\"truncated-description\">\n<div>\n<div class=\"text__Text-sc-fif1uk-0 kdmKRD\">\n<div class=\"src__Box-sc-1sbtrzs-0 src__Flex-sc-1sbtrzs-1 kWPFqZ hzdsvF\">\n<div>EXEMPLES DE CAT\u00c9GORIES DE PRODUITS<\/div>\n<\/p><\/div>\n<\/p><\/div>\n<\/p><\/div>\n<\/p><\/div>\n<\/p><\/div>\n<\/p><\/div>\n<div class=\"text__Text-sc-fif1uk-0 htoJfX\"><a href=\"https:\/\/jeetersofficial.com\/product-category\/buy-cali-buds\/\" target=\"_blank\" rel=\"noopener\">CALI BUDS<\/a><\/div>\n<div data-testid=\"product-description\">\n<div class=\"truncate-lines__Wrapper-sc-1lknwty-0 YxHAC\">\n<div data-testid=\"truncated-description\">\n<div class=\"text__Text-sc-fif1uk-0 kdmKRD\"><a href=\"https:\/\/jeetersofficial.com\/product-category\/backpack-boyz\/\" target=\"_blank\" rel=\"noopener\">Backpack\u00a0 Boyz<\/a><\/div>\n<div><a href=\"https:\/\/jeetersofficial.com\/product-category\/snow-balls-weed\/\" target=\"_blank\" rel=\"noopener\">SNOWBALLS WEED<\/a><\/div>\n<div><a href=\"https:\/\/jeetersofficial.com\/product-category\/persy-snowcaps\/\" target=\"_blank\" rel=\"noopener\">Persy Snowcaps<\/a><\/div>\n<div><a href=\"https:\/\/jeetersofficial.com\/product-category\/drip-snowcaps\/\" target=\"_blank\" rel=\"noopener\">Drip Snowcaps<\/a><\/div>\n<div><a href=\"https:\/\/jeetersofficial.com\/product-category\/concentrates\/\" target=\"_blank\" rel=\"noopener\">CALI CONCENTRATES<\/a><\/div>\n<div><a href=\"https:\/\/jeetersofficial.com\/product-category\/doja-exclusive\/\" target=\"_blank\" rel=\"noopener\">CALI DOJA PACKS EXCLUSIVE<\/a><\/div>\n<div><a href=\"https:\/\/jeetersofficial.com\/product-category\/marijuana-flowers\/\" target=\"_blank\" rel=\"noopener\">CALI MARIJUANA FLOWERS<\/a><\/div>\n<\/p><\/div>\n<\/p><\/div>\n<\/p><\/div>\n<div><a href=\"https:\/\/jeetersofficial.com\/product-category\/sativa-strain\/\" target=\"_blank\" rel=\"noopener\">CALI SATIVA STRAINS<\/a><\/div>\n<div><a href=\"https:\/\/jeetersofficial.com\/product-category\/indica\/\" target=\"_blank\" rel=\"noopener\">CALI INDICA STRAINS<\/a><\/div>\n<div><a href=\"https:\/\/jeetersofficial.com\/product-category\/hybrid-weed\/\" target=\"_blank\" rel=\"noopener\">CALI HYBRID WEED<\/a><\/div>","protected":false},"excerpt":{"rendered":"<p><strong>Cali Bud SFV Strain<\/strong><br \/> Cali SFV est une fleur de cannabis hybride ind\u00e9niablement influente de Cali, un croisement parfait avec de la fraise et du Grape Ape pour obtenir cette incroyable vari\u00e9t\u00e9.<\/p>\n<p><strong>Utilisations m\u00e9dicales de la vari\u00e9t\u00e9 Cali Bud SFV<\/strong><br \/> La vari\u00e9t\u00e9 Cali SFV est id\u00e9ale pour les patients souffrant d'anxi\u00e9t\u00e9, de stress et de douleurs. Cette vari\u00e9t\u00e9 garantit un soulagement imm\u00e9diat et total de la douleur et de l'anxi\u00e9t\u00e9. Cette grande et excellente vari\u00e9t\u00e9 aide \u00e9galement \u00e0 lutter contre les manifestations de la maladie de Parkinson.<\/p>","protected":false},"featured_media":1701,"comment_status":"closed","ping_status":"closed","template":"","meta":{"_uag_custom_page_level_css":"","site-sidebar-layout":"default","site-content-layout":"","ast-site-content-layout":"default","site-content-style":"default","site-sidebar-style":"default","ast-global-header-display":"","ast-banner-title-visibility":"","ast-main-header-display":"","ast-hfb-above-header-display":"","ast-hfb-below-header-display":"","ast-hfb-mobile-header-display":"","site-post-title":"","ast-breadcrumbs-content":"","ast-featured-img":"","footer-sml-layout":"","ast-disable-related-posts":"","theme-transparent-header-meta":"","adv-header-id-meta":"","stick-header-meta":"","header-above-stick-meta":"","header-main-stick-meta":"","header-below-stick-meta":"","astra-migrate-meta-layouts":"default","ast-page-background-enabled":"default","ast-page-background-meta":{"desktop":{"background-color":"var(--ast-global-color-5)","background-image":"","background-repeat":"repeat","background-position":"center center","background-size":"auto","background-attachment":"scroll","background-type":"","background-media":"","overlay-type":"","overlay-color":"","overlay-opacity":"","overlay-gradient":""},"tablet":{"background-color":"","background-image":"","background-repeat":"repeat","background-position":"center center","background-size":"auto","background-attachment":"scroll","background-type":"","background-media":"","overlay-type":"","overlay-color":"","overlay-opacity":"","overlay-gradient":""},"mobile":{"background-color":"","background-image":"","background-repeat":"repeat","background-position":"center center","background-size":"auto","background-attachment":"scroll","background-type":"","background-media":"","overlay-type":"","overlay-color":"","overlay-opacity":"","overlay-gradient":""}},"ast-content-background-meta":{"desktop":{"background-color":"var(--ast-global-color-4)","background-image":"","background-repeat":"repeat","background-position":"center center","background-size":"auto","background-attachment":"scroll","background-type":"","background-media":"","overlay-type":"","overlay-color":"","overlay-opacity":"","overlay-gradient":""},"tablet":{"background-color":"var(--ast-global-color-4)","background-image":"","background-repeat":"repeat","background-position":"center center","background-size":"auto","background-attachment":"scroll","background-type":"","background-media":"","overlay-type":"","overlay-color":"","overlay-opacity":"","overlay-gradient":""},"mobile":{"background-color":"var(--ast-global-color-4)","background-image":"","background-repeat":"repeat","background-position":"center center","background-size":"auto","background-attachment":"scroll","background-type":"","background-media":"","overlay-type":"","overlay-color":"","overlay-opacity":"","overlay-gradient":""}}},"product_brand":[],"product_cat":[675],"product_tag":[489,491,529,506,530,508,509,510,531,492,481,472,532,533,534,514,473,515,516,517,518,461,521,522,535,536,462,537,538,539,463,540,541,542,543,544,545],"class_list":{"0":"post-1766","1":"product","2":"type-product","3":"status-publish","4":"has-post-thumbnail","6":"product_cat-buy-cali-buds","7":"product_tag-best-cali-packs","8":"product_tag-buy-cali-bud-or-no-bud-online","9":"product_tag-buy-cali-bud-or-no-bud-sfv-online","10":"product_tag-buy-cali-buds","11":"product_tag-buy-sfv-cali-bud-or-no-bud-online","12":"product_tag-buy-weed-online","13":"product_tag-by-the-best-cali-buds","14":"product_tag-cali-bags","15":"product_tag-cali-bud","16":"product_tag-cali-bud-or-no-bud","17":"product_tag-cali-bud-or-no-bud-for-sale","18":"product_tag-cali-bud-or-no-bud-near-me","19":"product_tag-cali-bud-or-no-bud-sfv","20":"product_tag-cali-bud-or-no-bud-sfv-for-sale","21":"product_tag-cali-bud-or-no-bud-sfv-near-me","22":"product_tag-cali-bud-packs","23":"product_tag-cali-buds","24":"product_tag-cali-buds-online","25":"product_tag-cali-flavors","26":"product_tag-cali-flavours","27":"product_tag-cali-gush-lato","28":"product_tag-cali-packs","29":"product_tag-cali-plug","30":"product_tag-cali-plug-bags","31":"product_tag-cali-plug-bud","32":"product_tag-cali-plug-buds","33":"product_tag-cali-plug-cali-bud-or-no-bud","34":"product_tag-cali-plug-strains","35":"product_tag-cali-sfv","36":"product_tag-cali-sfv-strain","37":"product_tag-cali-straina","38":"product_tag-calibud","39":"product_tag-sfv-cali-bud-or-no-bud","40":"product_tag-sfv-cali-bud-or-no-bud-for-sale","41":"product_tag-sfv-cali-bud-or-no-bud-near-me","42":"product_tag-sfv-strain","43":"product_tag-sfv-weed-strain","44":"desktop-align-center","45":"tablet-align-left","46":"mobile-align-left","48":"first","49":"instock","50":"shipping-taxable","51":"purchasable","52":"product-type-variable"},"uagb_featured_image_src":{"full":["https:\/\/caliweedeurope.com\/wp-content\/uploads\/2024\/11\/sfv.jpg",458,673,false],"thumbnail":["https:\/\/caliweedeurope.com\/wp-content\/uploads\/2024\/11\/sfv-150x150.jpg",150,150,true],"medium":["https:\/\/caliweedeurope.com\/wp-content\/uploads\/2024\/11\/sfv-204x300.jpg",204,300,true],"medium_large":["https:\/\/caliweedeurope.com\/wp-content\/uploads\/2024\/11\/sfv.jpg",458,673,false],"large":["https:\/\/caliweedeurope.com\/wp-content\/uploads\/2024\/11\/sfv.jpg",458,673,false],"1536x1536":["https:\/\/caliweedeurope.com\/wp-content\/uploads\/2024\/11\/sfv.jpg",458,673,false],"2048x2048":["https:\/\/caliweedeurope.com\/wp-content\/uploads\/2024\/11\/sfv.jpg",458,673,false],"trp-custom-language-flag":["https:\/\/caliweedeurope.com\/wp-content\/uploads\/2024\/11\/sfv.jpg",8,12,false],"woocommerce_thumbnail":["https:\/\/caliweedeurope.com\/wp-content\/uploads\/2024\/11\/sfv-300x300.jpg",300,300,true],"woocommerce_single":["https:\/\/caliweedeurope.com\/wp-content\/uploads\/2024\/11\/sfv.jpg",458,673,false],"woocommerce_gallery_thumbnail":["https:\/\/caliweedeurope.com\/wp-content\/uploads\/2024\/11\/sfv-100x100.jpg",100,100,true]},"uagb_author_info":{"display_name":"jetskiforsaleuk@gmail.com","author_link":"https:\/\/caliweedeurope.com\/fr\/author\/"},"uagb_comment_info":0,"uagb_excerpt":"Cali Bud SFV Strain Cali SFV is an undoubtedly influential cannabis hybrid Cali flower, a perfect cross with strawberry and grape ape to get this amazing strain. Medical Uses Of Cali Bud SFV Strain Cali SFV Strain is best for patients suffering from anxiety, stress, and pain. This strain fully guarantees immediate and total relief\u2026","_links":{"self":[{"href":"https:\/\/caliweedeurope.com\/fr\/wp-json\/wp\/v2\/product\/1766"}],"collection":[{"href":"https:\/\/caliweedeurope.com\/fr\/wp-json\/wp\/v2\/product"}],"about":[{"href":"https:\/\/caliweedeurope.com\/fr\/wp-json\/wp\/v2\/types\/product"}],"replies":[{"embeddable":true,"href":"https:\/\/caliweedeurope.com\/fr\/wp-json\/wp\/v2\/comments?post=1766"}],"wp:featuredmedia":[{"embeddable":true,"href":"https:\/\/caliweedeurope.com\/fr\/wp-json\/wp\/v2\/media\/1701"}],"wp:attachment":[{"href":"https:\/\/caliweedeurope.com\/fr\/wp-json\/wp\/v2\/media?parent=1766"}],"wp:term":[{"taxonomy":"product_brand","embeddable":true,"href":"https:\/\/caliweedeurope.com\/fr\/wp-json\/wp\/v2\/product_brand?post=1766"},{"taxonomy":"product_cat","embeddable":true,"href":"https:\/\/caliweedeurope.com\/fr\/wp-json\/wp\/v2\/product_cat?post=1766"},{"taxonomy":"product_tag","embeddable":true,"href":"https:\/\/caliweedeurope.com\/fr\/wp-json\/wp\/v2\/product_tag?post=1766"}],"curies":[{"name":"wp","href":"https:\/\/api.w.org\/{rel}","templated":true}]}}