{"id":1772,"date":"2024-11-05T18:39:19","date_gmt":"2024-11-05T18:39:19","guid":{"rendered":"https:\/\/caliweedeurope.com\/?post_type=product&#038;p=1772"},"modified":"2024-11-05T18:39:26","modified_gmt":"2024-11-05T18:39:26","slug":"buy-cali-bud-sundae-driver-online","status":"publish","type":"product","link":"https:\/\/caliweedeurope.com\/fr\/product\/buy-cali-bud-sundae-driver-online\/","title":{"rendered":"Buy Cali Bud Sundae Driver Online"},"content":{"rendered":"<h1 style=\"text-align: center\"><strong>\u00a0 \u00a0 \u00a0 \u00a0 \u00a0<\/strong><strong>SUNDAE DRIVER <\/strong><strong>CALI BUD OR NO BUD\u00a0|<\/strong><strong>\u00a0CALI BUD OR NO BUD\u00a0<\/strong><strong>SUNDAE DRIVER <\/strong><strong>|<\/strong><strong>\u00a0CALI PLUG CALI BUD OR NO BUD<\/strong><\/h1>\n<p><strong>Cali Bud ou pas de Bud Sundae Driver<\/strong><br \/> Achetez la saveur de cannabis Cali Bud Sundae Driver en ligne. Des t\u00eates Cali indoor haut de gamme, chaudes et tendance, disponibles \u00e0 la vente sur la boutique en ligne Cali Plug \u00e0 des prix avantageux. Cali Sundae Driver est une vari\u00e9t\u00e9 hybride dominante Sativa influente, issue d\u2019un croisement entre Strawberry et Grape Ape pour obtenir cette vari\u00e9t\u00e9 incroyable.<\/p>\n<p class=\"translation-block\"><b>Sundae Driver<\/b>, \u00e9galement connu sous le nom de \u00ab Sunday Driver \u00bb, est une\u00a0<a href=\"https:\/\/www.leafly.com\/strains\/lists\/category\/hybrid\" target=\"_blank\" rel=\"noopener\">vari\u00e9t\u00e9 hybride de marijuana<\/a> obtenue en croisant FPOG avec\u00a0<a href=\"https:\/\/www.leafly.com\/strains\/grape-pie\" target=\"_blank\" rel=\"noopener\">Grape Pie<\/a>. Les effets de cette vari\u00e9t\u00e9 vous feront sentir \u00e9quilibr\u00e9, calme et\u00a0<a href=\"https:\/\/www.leafly.com\/strains\/lists\/effect\/happy\" target=\"_blank\" rel=\"noopener\">heu<\/a>re<a href=\"https:\/\/www.leafly.com\/strains\/lists\/effect\/happy\" target=\"_blank\" rel=\"noopener\">ux<\/a>. Sundae Driver a une saveur douce, moelleuse et cr\u00e9meuse. sundae driver weed<\/p>\n<p>Sundae Driver est l\u2019une de ces vari\u00e9t\u00e9s parfaites pour \u00e0 peu pr\u00e8s tout le monde \u2013 les nouveaux utilisateurs peuvent commencer doucement et programmer leur effet pour qu\u2019il se manifeste plus tard dans la journ\u00e9e, tandis que les utilisateurs plus exp\u00e9riment\u00e9s peuvent profiter de cette herbe sans retenue. Son m\u00e9lange de saveurs d\u00e9licieuses et d\u2019effets \u00e9quilibr\u00e9s coche g\u00e9n\u00e9ralement toutes les cases, quels que soient vos projets pour la journ\u00e9e.<\/p>\n<h2 style=\"text-align: center\"><strong style=\"font-size: 23.04px;text-align: center;color: #333333\">\u00a0BUY <\/strong><strong style=\"font-size: 23.04px;text-align: center;color: #333333\">SUNDAE DRIVER\u00a0<\/strong><strong style=\"font-size: 23.04px;text-align: center;color: #333333\">CALI BUD OR NO BUD\u00a0 ONLINE | BUY CALI BUD OR NO BUD\u00a0<\/strong><strong style=\"font-size: 23.04px;text-align: center;color: #333333\">SUNDAE DRIVER\u00a0<\/strong><strong style=\"font-size: 23.04px;text-align: center;color: #333333\">ONLINE | BUY CALI BUD OR NO BUD ONLINE<\/strong><\/h2>\n<p><strong>Utilisations m\u00e9dicales de la vari\u00e9t\u00e9 de cannabis Cali Bud Sundae Driver<\/strong><br \/> La vari\u00e9t\u00e9 Cali Sundae Driver est id\u00e9ale pour les patients souffrant de stress et de spasmes musculaires. Cette vari\u00e9t\u00e9 garantit un soulagement imm\u00e9diat de la douleur et de l\u2019anxi\u00e9t\u00e9. Elle sert \u00e9galement de m\u00e9dicament contre les douleurs lancinantes ainsi que les naus\u00e9es. Cette vari\u00e9t\u00e9 peut \u00e9galement aider \u00e0 combattre les sympt\u00f4mes du SSPT. Achetez des vari\u00e9t\u00e9s Cali haut de gamme chez Cali Weed Plug pour des fleurs authentiques et une livraison s\u00e9curis\u00e9e.<\/p>\n<p>Sundae Driver est une vari\u00e9t\u00e9 de marijuana hybride presque \u00e9quilibr\u00e9e (50 % Sativa\/50 % Indica), cr\u00e9\u00e9e par le croisement des vari\u00e9t\u00e9s Grape Pie et Fruity Pebbles OG. Les niveaux de THC de cette vari\u00e9t\u00e9 sont relativement modestes, ne d\u00e9passant pas 16 %, ce qui en fait une vari\u00e9t\u00e9 douce que tout utilisateur peut appr\u00e9cier. Les niveaux de CBD sont inf\u00e9rieurs \u00e0 1 %.<br \/> Les bourgeons de Sundae Driver sont d\u2019un magnifique vert olive avec des nuances de raisin, compl\u00e9t\u00e9s par une abondance de pistils orange vif et de trichomes blancs laiteux et duveteux.<br \/> L'ar\u00f4me de cette vari\u00e9t\u00e9 est principalement terreux, avec des notes fruit\u00e9es et chocolat\u00e9es bien prononc\u00e9es. La saveur \u00e9voque un dessert, d\u00e9cadent avec du chocolat sucr\u00e9 et des fruits sucr\u00e9s \u00e0 l'expiration.<\/p>\n<h3 style=\"text-align: center\"><strong>SUNDAE DRIVER <\/strong><strong>CALI BUD OR NO BUD FOR SALE | CALI BUD OR NO BUD\u00a0\u00a0<\/strong><strong>SUNDAE DRIVER\u00a0<\/strong><strong>FOR SALE | CALI BUD OR NO BUD\u00a0 FOR SALE<\/strong><\/h3>\n<p><strong>Culture de la vari\u00e9t\u00e9 de cannabis Sundae Driver<\/strong><br \/> Cette vari\u00e9t\u00e9 se d\u00e9veloppe de mani\u00e8re compacte et peut bien se cultiver \u00e0 l'int\u00e9rieur, \u00e0 l'ext\u00e9rieur ou m\u00eame dans une serre. La floraison dure de huit \u00e0 neuf semaines et donnera un gramme par watt en int\u00e9rieur. Les cultivateurs ext\u00e9rieurs peuvent obtenir jusqu'\u00e0 une livre par plante.<\/p>\n<p class=\"translation-block\">La mont\u00e9e de Sundae Driver commence lentement, nettoyant doucement votre esprit de toute pens\u00e9e ind\u00e9sirable, \u00e9liminant les soucis, le stress et l'anxi\u00e9t\u00e9. Il \u00e9l\u00e8ve doucement l'esprit, amenant l'utilisateur dans un \u00e9tat calme et euphorique, favorisant le calme, le bonheur et la joie pure. Apr\u00e8s que les effets c\u00e9r\u00e9braux se soient install\u00e9s, la mont\u00e9e commence lentement \u00e0 descendre de la t\u00eate vers le bas, d\u00e9tendant progressivement le corps, pouce par pouce, jusqu'\u00e0 ce qu'il devienne l\u00e9ger comme une plume. Si la consommation est mod\u00e9r\u00e9e, la mont\u00e9e reste un peu plus longtemps dans les muscles et les articulations, offrant \u00e0 l'utilisateur une exp\u00e9rience vraiment \u00e9quilibr\u00e9e. \u00c0 ce stade, vous voudrez peut-\u00eatre prendre une autre bouff\u00e9e et lentement vous glisser dans une sieste agr\u00e9able, ou pas, et laisser la gravit\u00e9 de l'exp\u00e9rience humaine prendre progressivement le contr\u00f4le de votre corps et de votre esprit, vous ramenant \u00e0 la r\u00e9alit\u00e9. Quoi qu'il en soit, l'exp\u00e9rience de Sundae Driver est sans aucun doute <a href=\"https:\/\/caliplugcarts.com\/product-category\/cali-bud\/\" target=\"_blank\" rel=\"noopener\">agr\u00e9able<\/a> dans tous les cas<\/p>\n<h4 style=\"text-align: center\"><strong>CALI BUD OR NO BUD \u00a0<\/strong><strong>SUNDAE DRIVER\u00a0<\/strong><strong>\u00a0NEAR ME |\u00a0<\/strong><strong>SUNDAE DRIVER\u00a0<\/strong><strong>CALI BUD OR NO BUD\u00a0\u00a0 NEAR ME | CALI BUD OR NO BUD \u00a0NEAR ME<\/strong><\/h4>\n<p><strong>\u00a0Effets du Sundae Driver<\/strong><br \/> <strong>Effet corporel<\/strong>, Euphorie, Relaxant, Somnolent, \u00c9levant<\/p>\n<p><strong>Peut soulager<\/strong><br \/> Anxi\u00e9t\u00e9, Douleurs chroniques, D\u00e9pression, Insomnie, ESPT, Stress<br \/> <strong>Saveurs<\/strong><br \/> Bonbon, Chocolat, Cr\u00e9meux, Fruit\u00e9, Sucr\u00e9, Doux<br \/> <strong>Ar\u00f4mes<\/strong><br \/> Chocolat, Terreux, Fruit\u00e9, Herbac\u00e9, Doux<\/p>\n<p>Terp\u00e8nes<br \/> Linalol<br \/> Limon\u00e8ne<br \/> Caryophyll\u00e8ne<\/p>\n<p class=\"translation-block\">Effets positifs :<br> Bonheur<br> Euphorie<br> Relaxation<br> Soulagement du stress<br> Am\u00e9liorateur d'humeur<\/p>\n<p class=\"translation-block\">Effets ind\u00e9sirables :<br> Yeux secs<br> Bouche s\u00e8che<br> Vertiges<\/p>\n<h5 style=\"text-align: center\"><strong>SUNDAE DRIVER\u00a0<\/strong><strong>\u00a0STRAIN | \u00a0<\/strong><strong>SUNDAE DRIVER\u00a0<\/strong><strong>WEED STRAIN | CALI\u00a0<\/strong><strong>SUNDAE DRIVER\u00a0<\/strong><strong>| CALI\u00a0<\/strong><strong>SUNDAE DRIVER\u00a0<\/strong><strong>\u00a0STRAIN<\/strong><\/h5>\n<p><strong>\u00a0Avertissement<\/strong><br \/> Ce produit contient du cannabis, une substance r\u00e9glement\u00e9e. \u00c0 garder hors de la port\u00e9e des enfants et des animaux. <a href=\"https:\/\/caliplugcarts.com\/product-category\/cali-carts\/\" target=\"_blank\" rel=\"noopener\">Cannabis<\/a> les produits ne peuvent \u00eatre poss\u00e9d\u00e9s ou consomm\u00e9s que par des personnes de 21 ans ou plus, sauf si la personne est un patient qualifi\u00e9. Les effets intoxicants des produits \u00e0 base de cannabis peuvent durer jusqu'\u00e0 deux heures. L'utilisation de cannabis pendant la grossesse ou l'allaitement peut \u00eatre nuisible. La consommation de ces produits alt\u00e8re votre capacit\u00e9 \u00e0 conduire ou \u00e0 utiliser des machines. Veuillez faire preuve d'une extr\u00eame prudence.<\/p>\n<p>Si vous avez d\u00e9j\u00e0 r\u00eav\u00e9 de la vari\u00e9t\u00e9 parfaite \u00e0 emporter avec vous lors d'une promenade dominicale, bien s\u00fbr en tant que passager, pensez \u00e0 Sundae Driver, un produit de Cannarado Genetics. En croisant Fruity Pebbles OG et Grape Pie, cette \u00e9quipe myst\u00e9rieuse a d\u00e9velopp\u00e9 un hybride parfaitement \u00e9quilibr\u00e9 qui est un excellent compagnon de voyage ou qui fait aussi bien \u00e0 la maison.<\/p>\n<p>Assez doux pour que la plupart des utilisateurs l'appr\u00e9cient, le taux de THC de Sundae Driver varie entre 14 % et 16 %.<\/p>\n<p>En raison de son attitude joyeuse et insouciante, Sundae Driver est souvent utilis\u00e9e par les patients m\u00e9dicaux pour les aider avec des probl\u00e8mes mentaux tels que la d\u00e9pression, l'anxi\u00e9t\u00e9, le PTSD et plus encore. Cependant, il a \u00e9t\u00e9 dit qu'elle est tout aussi b\u00e9n\u00e9fique pour les maux physiques, donc la prochaine fois que vous aurez un mal de t\u00eate ou un probl\u00e8me de sant\u00e9 f\u00e9minin, essayez de prendre quelques bouff\u00e9es. Encore une fois, si vous avez une faible tol\u00e9rance et que vous vous laissez aller, Sundae Driver pourrait \u00e9galement aider \u00e0 l'insomnie.<\/p>\n<div data-testid=\"product-description\">\n<div class=\"truncate-lines__Wrapper-sc-1lknwty-0 YxHAC\">\n<div data-testid=\"truncated-description\">\n<div>\n<div class=\"text__Text-sc-fif1uk-0 kdmKRD\">\n<div class=\"src__Box-sc-1sbtrzs-0 src__Flex-sc-1sbtrzs-1 kWPFqZ hzdsvF\">\n<div>EXEMPLES DE CAT\u00c9GORIES DE PRODUITS<\/div>\n<\/p><\/div>\n<\/p><\/div>\n<\/p><\/div>\n<\/p><\/div>\n<\/p><\/div>\n<\/p><\/div>\n<div class=\"text__Text-sc-fif1uk-0 htoJfX\"><a href=\"https:\/\/jeetersofficial.com\/product-category\/buy-cali-buds\/\" target=\"_blank\" rel=\"noopener\">CALI BUDS<\/a><\/div>\n<div data-testid=\"product-description\">\n<div class=\"truncate-lines__Wrapper-sc-1lknwty-0 YxHAC\">\n<div data-testid=\"truncated-description\">\n<div class=\"text__Text-sc-fif1uk-0 kdmKRD\"><a href=\"https:\/\/jeetersofficial.com\/product-category\/backpack-boyz\/\" target=\"_blank\" rel=\"noopener\">Backpack\u00a0 Boyz<\/a><\/div>\n<div><a href=\"https:\/\/jeetersofficial.com\/product-category\/snow-balls-weed\/\" target=\"_blank\" rel=\"noopener\">SNOWBALLS WEED<\/a><\/div>\n<div><a href=\"https:\/\/jeetersofficial.com\/product-category\/persy-snowcaps\/\" target=\"_blank\" rel=\"noopener\">Persy Snowcaps<\/a><\/div>\n<div><a href=\"https:\/\/jeetersofficial.com\/product-category\/drip-snowcaps\/\" target=\"_blank\" rel=\"noopener\">Drip Snowcaps<\/a><\/div>\n<div><a href=\"https:\/\/jeetersofficial.com\/product-category\/concentrates\/\" target=\"_blank\" rel=\"noopener\">CALI CONCENTRATES<\/a><\/div>\n<div><a href=\"https:\/\/jeetersofficial.com\/product-category\/doja-exclusive\/\" target=\"_blank\" rel=\"noopener\">CALI DOJA PACKS EXCLUSIVE<\/a><\/div>\n<div><a href=\"https:\/\/jeetersofficial.com\/product-category\/marijuana-flowers\/\" target=\"_blank\" rel=\"noopener\">CALI MARIJUANA FLOWERS<\/a><\/div>\n<\/p><\/div>\n<\/p><\/div>\n<\/p><\/div>\n<div><a href=\"https:\/\/jeetersofficial.com\/product-category\/sativa-strain\/\" target=\"_blank\" rel=\"noopener\">CALI SATIVA STRAINS<\/a><\/div>\n<div><a href=\"https:\/\/jeetersofficial.com\/product-category\/indica\/\" target=\"_blank\" rel=\"noopener\">CALI INDICA STRAINS<\/a><\/div>\n<div><a href=\"https:\/\/jeetersofficial.com\/product-category\/hybrid-weed\/\" target=\"_blank\" rel=\"noopener\">CALI HYBRID WEED<\/a><\/div>","protected":false},"excerpt":{"rendered":"<p><strong>Cali bud Sundae Driver<\/strong><br \/> Achetez la saveur de cannabis Cali Bud Sundae Driver en ligne. Des t\u00eates Cali indoor haut de gamme, chaudes et tendance, disponibles \u00e0 la\u00a0<a href=\"http:\/\/caliweedplug.com\/\">Cali Plug<\/a>\u00a0Boutique en ligne \u00e0 des prix avantageux. Cali Sundae Driver est une vari\u00e9t\u00e9 hybride dominante Sativa influente, issue d\u2019un croisement entre Strawberry et Grape Ape pour obtenir cette vari\u00e9t\u00e9 incroyable.<\/p>","protected":false},"featured_media":1802,"comment_status":"closed","ping_status":"closed","template":"","meta":{"_uag_custom_page_level_css":"","site-sidebar-layout":"default","site-content-layout":"","ast-site-content-layout":"","site-content-style":"default","site-sidebar-style":"default","ast-global-header-display":"","ast-banner-title-visibility":"","ast-main-header-display":"","ast-hfb-above-header-display":"","ast-hfb-below-header-display":"","ast-hfb-mobile-header-display":"","site-post-title":"","ast-breadcrumbs-content":"","ast-featured-img":"","footer-sml-layout":"","theme-transparent-header-meta":"","adv-header-id-meta":"","stick-header-meta":"","header-above-stick-meta":"","header-main-stick-meta":"","header-below-stick-meta":"","astra-migrate-meta-layouts":"default","ast-page-background-enabled":"default","ast-page-background-meta":{"desktop":{"background-color":"var(--ast-global-color-4)","background-image":"","background-repeat":"repeat","background-position":"center center","background-size":"auto","background-attachment":"scroll","background-type":"","background-media":"","overlay-type":"","overlay-color":"","overlay-opacity":"","overlay-gradient":""},"tablet":{"background-color":"","background-image":"","background-repeat":"repeat","background-position":"center center","background-size":"auto","background-attachment":"scroll","background-type":"","background-media":"","overlay-type":"","overlay-color":"","overlay-opacity":"","overlay-gradient":""},"mobile":{"background-color":"","background-image":"","background-repeat":"repeat","background-position":"center center","background-size":"auto","background-attachment":"scroll","background-type":"","background-media":"","overlay-type":"","overlay-color":"","overlay-opacity":"","overlay-gradient":""}},"ast-content-background-meta":{"desktop":{"background-color":"var(--ast-global-color-5)","background-image":"","background-repeat":"repeat","background-position":"center center","background-size":"auto","background-attachment":"scroll","background-type":"","background-media":"","overlay-type":"","overlay-color":"","overlay-opacity":"","overlay-gradient":""},"tablet":{"background-color":"var(--ast-global-color-5)","background-image":"","background-repeat":"repeat","background-position":"center center","background-size":"auto","background-attachment":"scroll","background-type":"","background-media":"","overlay-type":"","overlay-color":"","overlay-opacity":"","overlay-gradient":""},"mobile":{"background-color":"var(--ast-global-color-5)","background-image":"","background-repeat":"repeat","background-position":"center center","background-size":"auto","background-attachment":"scroll","background-type":"","background-media":"","overlay-type":"","overlay-color":"","overlay-opacity":"","overlay-gradient":""}}},"product_brand":[],"product_cat":[675],"product_tag":[489,491,676,506,677,508,509,510,531,492,481,472,678,679,680,514,515,517,518,461,522,536,462,681,682,540,467,683,684,685,686,687],"class_list":{"0":"post-1772","1":"product","2":"type-product","3":"status-publish","4":"has-post-thumbnail","6":"product_cat-buy-cali-buds","7":"product_tag-best-cali-packs","8":"product_tag-buy-cali-bud-or-no-bud-online","9":"product_tag-buy-cali-bud-or-no-bud-sundae-driver-online","10":"product_tag-buy-cali-buds","11":"product_tag-buy-sundae-driver-cali-bud-or-no-bud-online","12":"product_tag-buy-weed-online","13":"product_tag-by-the-best-cali-buds","14":"product_tag-cali-bags","15":"product_tag-cali-bud","16":"product_tag-cali-bud-or-no-bud","17":"product_tag-cali-bud-or-no-bud-for-sale","18":"product_tag-cali-bud-or-no-bud-near-me","19":"product_tag-cali-bud-or-no-bud-sundae-driver","20":"product_tag-cali-bud-or-no-bud-sundae-driver-for-sale","21":"product_tag-cali-bud-or-no-bud-sundae-driver-near-me","22":"product_tag-cali-bud-packs","23":"product_tag-cali-buds-online","24":"product_tag-cali-flavours","25":"product_tag-cali-gush-lato","26":"product_tag-cali-packs","27":"product_tag-cali-plug-bags","28":"product_tag-cali-plug-buds","29":"product_tag-cali-plug-cali-bud-or-no-bud","30":"product_tag-cali-sundae-driver","31":"product_tag-cali-sundae-driver-strain","32":"product_tag-calibud","33":"product_tag-hardball-cookies","34":"product_tag-sundae-driver-cali-bud-or-no-bud","35":"product_tag-sundae-driver-cali-bud-or-no-bud-for-sale","36":"product_tag-sundae-driver-cali-bud-or-no-bud-near-me","37":"product_tag-sundae-driver-strain","38":"product_tag-sundae-driver-weed-strain","39":"desktop-align-center","40":"tablet-align-left","41":"mobile-align-left","43":"first","44":"instock","45":"shipping-taxable","46":"purchasable","47":"product-type-variable"},"uagb_featured_image_src":{"full":["https:\/\/caliweedeurope.com\/wp-content\/uploads\/2024\/11\/IMG-0224.jpg",956,1276,false],"thumbnail":["https:\/\/caliweedeurope.com\/wp-content\/uploads\/2024\/11\/IMG-0224-150x150.jpg",150,150,true],"medium":["https:\/\/caliweedeurope.com\/wp-content\/uploads\/2024\/11\/IMG-0224-225x300.jpg",225,300,true],"medium_large":["https:\/\/caliweedeurope.com\/wp-content\/uploads\/2024\/11\/IMG-0224-768x1025.jpg",768,1025,true],"large":["https:\/\/caliweedeurope.com\/wp-content\/uploads\/2024\/11\/IMG-0224-767x1024.jpg",767,1024,true],"1536x1536":["https:\/\/caliweedeurope.com\/wp-content\/uploads\/2024\/11\/IMG-0224.jpg",956,1276,false],"2048x2048":["https:\/\/caliweedeurope.com\/wp-content\/uploads\/2024\/11\/IMG-0224.jpg",956,1276,false],"trp-custom-language-flag":["https:\/\/caliweedeurope.com\/wp-content\/uploads\/2024\/11\/IMG-0224.jpg",9,12,false],"woocommerce_thumbnail":["https:\/\/caliweedeurope.com\/wp-content\/uploads\/2024\/11\/IMG-0224-300x300.jpg",300,300,true],"woocommerce_single":["https:\/\/caliweedeurope.com\/wp-content\/uploads\/2024\/11\/IMG-0224-600x801.jpg",600,801,true],"woocommerce_gallery_thumbnail":["https:\/\/caliweedeurope.com\/wp-content\/uploads\/2024\/11\/IMG-0224-100x100.jpg",100,100,true]},"uagb_author_info":{"display_name":"jetskiforsaleuk@gmail.com","author_link":"https:\/\/caliweedeurope.com\/fr\/author\/"},"uagb_comment_info":0,"uagb_excerpt":"Cali Bud Sundae Driver Buy Cali bud Sundae Driver cannabis flavor online. Hot and trending top-shelf indoor Cali buds for sale at the\u00a0Cali Plug\u00a0Online shop at cool prices, Cali Sundae Driver is an influential cannabis Sativa dominant hybrid strain cross with strawberry and grape ape to get this amazing strain.","_links":{"self":[{"href":"https:\/\/caliweedeurope.com\/fr\/wp-json\/wp\/v2\/product\/1772"}],"collection":[{"href":"https:\/\/caliweedeurope.com\/fr\/wp-json\/wp\/v2\/product"}],"about":[{"href":"https:\/\/caliweedeurope.com\/fr\/wp-json\/wp\/v2\/types\/product"}],"replies":[{"embeddable":true,"href":"https:\/\/caliweedeurope.com\/fr\/wp-json\/wp\/v2\/comments?post=1772"}],"wp:featuredmedia":[{"embeddable":true,"href":"https:\/\/caliweedeurope.com\/fr\/wp-json\/wp\/v2\/media\/1802"}],"wp:attachment":[{"href":"https:\/\/caliweedeurope.com\/fr\/wp-json\/wp\/v2\/media?parent=1772"}],"wp:term":[{"taxonomy":"product_brand","embeddable":true,"href":"https:\/\/caliweedeurope.com\/fr\/wp-json\/wp\/v2\/product_brand?post=1772"},{"taxonomy":"product_cat","embeddable":true,"href":"https:\/\/caliweedeurope.com\/fr\/wp-json\/wp\/v2\/product_cat?post=1772"},{"taxonomy":"product_tag","embeddable":true,"href":"https:\/\/caliweedeurope.com\/fr\/wp-json\/wp\/v2\/product_tag?post=1772"}],"curies":[{"name":"wp","href":"https:\/\/api.w.org\/{rel}","templated":true}]}}