{"id":1778,"date":"2024-11-05T18:39:20","date_gmt":"2024-11-05T18:39:20","guid":{"rendered":"https:\/\/caliweedeurope.com\/?post_type=product&#038;p=1778"},"modified":"2024-11-05T18:39:26","modified_gmt":"2024-11-05T18:39:26","slug":"buy-cali-bud-super-glue-en-ligne","status":"publish","type":"product","link":"https:\/\/caliweedeurope.com\/fr\/product\/buy-cali-bud-super-glue-en-ligne\/","title":{"rendered":"Buy Cali Bud Super Glue Online"},"content":{"rendered":"<h1 style=\"text-align: center\"><strong>\u00a0 \u00a0 \u00a0 \u00a0 \u00a0<\/strong><strong>SUPER GLUE <\/strong><strong>CALI BUD OR NO BUD\u00a0|<\/strong><strong>\u00a0CALI BUD OR NO BUD\u00a0<\/strong><strong>SUPER GLUE <\/strong><strong>|<\/strong><strong>\u00a0CALI PLUG CALI BUD OR NO BUD<\/strong><\/h1>\n<p><strong>Cali Bud Super Glue<\/strong><\/p>\n<p>Cali Bud Super Glue, une vari\u00e9t\u00e9 de cannabis hybride influente crois\u00e9e avec Strawberry et Grape Ape pour obtenir ces vari\u00e9t\u00e9s incroyables, est id\u00e9ale pour les patients souffrant d'anxi\u00e9t\u00e9 et de douleurs chroniques. Cette vari\u00e9t\u00e9 garantit un soulagement imm\u00e9diat de la douleur. Ses effets l\u00e9gers peuvent aider \u00e0 soulager les douleurs lancinantes ainsi que la naus\u00e9e. Cette vari\u00e9t\u00e9 peut \u00e9galement aider \u00e0 combattre les sympt\u00f4mes du PTSD. Cette vari\u00e9t\u00e9 pousse de mani\u00e8re courte et peut bien se d\u00e9velopper \u00e0 l'int\u00e9rieur, \u00e0 l'ext\u00e9rieur ou m\u00eame dans un jardin. Les geeks doivent lui accorder au moins un mois, voire cinq, pour terminer la v\u00e9g\u00e9tation. La vari\u00e9t\u00e9 Superglue de cannabis fleurit pendant huit \u00e0 neuf semaines et produira un gramme par watt \u00e0 l'int\u00e9rieur. Les cultivateurs en ext\u00e9rieur peuvent r\u00e9colter jusqu'\u00e0 une livre par plante.<\/p>\n<h2 style=\"text-align: center\"><strong>BUY\u00a0<\/strong><strong>SUPER GLUE\u00a0<\/strong><strong>CALI BUD OR NO BUD\u00a0 ONLINE | BUY CALI BUD OR NO BUD\u00a0<\/strong><strong>SUPER GLUE\u00a0<\/strong><strong>ONLINE | BUY CALI BUD OR NO BUD ONLINE<\/strong><\/h2>\n<p>Avertissement<\/p>\n<p>Cali Bud Super Glue contient du cannabis, une substance class\u00e9e. Garder hors de la port\u00e9e des enfants et des animaux. Les produits \u00e0 base de cannabis ne peuvent \u00eatre poss\u00e9d\u00e9s ou consomm\u00e9s que par des personnes de 21 ans ou plus, sauf si la personne est un patient qualifi\u00e9. Les effets intoxicants des produits \u00e0 base de cannabis peuvent durer jusqu'\u00e0 deux heures. L'utilisation de cannabis pendant la grossesse ou l'allaitement peut \u00eatre nocive. La consommation de produits Cali Bud ou No Bud alt\u00e8re votre capacit\u00e9 \u00e0 conduire ou \u00e0 manipuler des machines. Veuillez faire preuve d'une extr\u00eame prudence.<\/p>\n<p class=\"translation-block\"><b>Superglue<\/b>, \u00e9galement connue sous le nom de \u00ab Tacky Glue \u00bb, est une vari\u00e9t\u00e9 hybride domin\u00e9e par l'indica qui produit un high fonctionnel et relaxant pour l'esprit et le corps. Avec son odeur de pin et un ar\u00f4me sucr\u00e9 de caramel, cette vari\u00e9t\u00e9 est cultiv\u00e9e par Seedism Seeds. Superglue est obtenue en croisant <a href=\"https:\/\/www.leafly.com\/strains\/afghani\" target=\"_blank\" rel=\"noopener\">Afghani<\/a> et Northern Light. Ceux qui appr\u00e9cient Superglue disent qu'elle vous d\u00e9tend tout en vous laissant suffisamment fonctionnel et \u00e9nergique pour des activit\u00e9s sociales ou m\u00eame un apr\u00e8s-midi productif.<\/p>\n<h3 style=\"text-align: center\"><strong>SUPER GLUE\u00a0<\/strong><strong>CALI BUD OR NO BUD FOR SALE | CALI BUD OR NO BUD\u00a0\u00a0<\/strong><strong>SUPER GLUE\u00a0<\/strong><strong>FOR SALE | CALI BUD OR NO BUD\u00a0 FOR SALE<\/strong><\/h3>\n<div class=\"variety-percentage-wrap\">\n<h4 class=\"variety translation-block\"><a href=\"https:\/\/www.allbud.com\/marijuana-strains\/variety\/indica-dominant-hybrid\" target=\"_blank\" rel=\"noopener\">Hybride Dominant Indica<\/a> <span class=\"hidden-xs\">\u2013 <\/span><span class=\"strain-percentages\">70% Indica \/ 30% Sativa<\/span><\/h4>\n<h4 class=\"percentage\"><span class=\"heading\">THC:\u00a0<\/span>23%,\u00a0<span class=\"heading\">CBD:\u00a0<\/span><em>1<\/em>%<\/h4>\n<\/p><\/div>\n<p>Superglue OG, \u00e9galement connu sous le nom de Superglue, est un hybride \u00e0 dominante indica, une combinaison de Skunk #1 et Northern Lights. Il peut \u00eatre trouv\u00e9 dans plusieurs dispensaires de marijuana m\u00e9dicale en Californie et dans l'\u00c9tat de Washington, mais pas ailleurs. Si elle appara\u00eet sur le march\u00e9 noir, consid\u00e9rez-la comme une trouvaille rare. Les bourgeons blancs givr\u00e9s de cette plante poss\u00e8dent un niveau \u00e9lev\u00e9 de THC, d\u00e9passant parfois 23 % dans certains tests. Les niveaux de CBD sont \u00e9galement plus \u00e9lev\u00e9s que la moyenne, allant jusqu'\u00e0 1,4 % dans certains tests.<\/p>\n<h4 style=\"text-align: center\"><strong>CALI BUD OR NO BUD \u00a0<\/strong><strong>SUPER GLUE\u00a0<\/strong><strong>\u00a0NEAR ME |\u00a0<\/strong><strong>SUPER GLUE\u00a0<\/strong><strong>CALI BUD OR NO BUD\u00a0\u00a0 NEAR ME | CALI BUD OR NO BUD \u00a0NEAR ME<\/strong><\/h4>\n<p>Cela fait de cette vari\u00e9t\u00e9 une souche m\u00e9dicale particuli\u00e8rement utile, id\u00e9ale pour traiter la d\u00e9pression, la douleur et l'anxi\u00e9t\u00e9; elle pourrait \u00e9galement aider avec les crises et les spasmes musculaires. Ces g\u00e8nes produisent un effet corporel puissant et relaxant avec quelques effets c\u00e9r\u00e9braux limit\u00e9s. C'est un excellent choix pour l'inconfort physique et le stress. Il n'y a pas beaucoup d'informations publiques sur le go\u00fbt ou l'ar\u00f4me de cette souche rare, mais comme ses parents populaires, elle a probablement une saveur terreuse avec des notes de pin et d'agrumes. Les patients peuvent la trouver dans des dispensaires s\u00e9lectionn\u00e9s sur la c\u00f4te ouest, mais elle est rare en dehors du march\u00e9 m\u00e9dical.<\/p>\n<h5 style=\"text-align: center\"><strong>SUPER GLUE\u00a0<\/strong><strong>\u00a0STRAIN | \u00a0<\/strong><strong>SUPER GLUE\u00a0<\/strong><strong>WEED STRAIN | CALI\u00a0<\/strong><strong>SUPER GLUE\u00a0<\/strong><strong>| CALI\u00a0<\/strong><strong>SUPER GLUE\u00a0<\/strong><strong>\u00a0STRAIN<\/strong><\/h5>\n<p class=\"translation-block\">Superglue est un hybride \u00e0 dominance indica qui poss\u00e8de la combinaison g\u00e9n\u00e9tique puissante d'une landrace afghane et de <a href=\"https:\/\/www.wikileaf.com\/strain\/northern-lights\/\" target=\"_blank\" rel=\"noopener\">Northern Lights<\/a>. Fid\u00e8le \u00e0 son nom, Super Glue procure une relaxation physique profonde qui peut facilement vous pi\u00e9ger sur votre canap\u00e9 dans les bonnes circonstances. Il a \u00e9galement un fort attrait, avec un ar\u00f4me musqu\u00e9 et des fleurs \u00e9paisses et massives. La teneur en THC de cette vari\u00e9t\u00e9 a \u00e9t\u00e9 mesur\u00e9e entre 18% et 28%.<\/p>\n<p>Superglue impressionne par ses grandes fleurs qui conservent une forme prononc\u00e9e en forme de pelle, se r\u00e9tr\u00e9cissant d'une large base jusqu'\u00e0 une pointe pointue. Les bourgeons ont une structure typiquement indica, avec de petites feuilles qui se recroquevillent fermement vers l'int\u00e9rieur dans un cluster dense et solide.<\/p>\n<p>Une premi\u00e8re bouff\u00e9e des fleurs de Superglue d\u00e9gage une odeur douce-am\u00e8re et de skunk. En dessous, on distingue des accents aigus et r\u00e9sineux. Pendant ce temps, broyer ou casser ces fleurs denses lib\u00e8re un parfum de bois de santal et d'\u00e9pices, propre \u00e0 la souche parentale Afghani. Lorsqu'il est br\u00fbl\u00e9, le Superglue d\u00e9gage une fum\u00e9e dure et \u00e2cre. Cette fum\u00e9e a un go\u00fbt bois\u00e9 et terreux lors de l'expiration. Ceux qui souhaitent fumer discr\u00e8tement devraient prendre quelques pr\u00e9cautions olfactives, car cette bourgeon piquant peut sentir de loin.<\/p>\n<div data-testid=\"product-description\">\n<div class=\"truncate-lines__Wrapper-sc-1lknwty-0 YxHAC\">\n<div data-testid=\"truncated-description\">\n<div>\n<div class=\"text__Text-sc-fif1uk-0 kdmKRD\">\n<div class=\"src__Box-sc-1sbtrzs-0 src__Flex-sc-1sbtrzs-1 kWPFqZ hzdsvF\">\n<div>EXEMPLES DE CAT\u00c9GORIES DE PRODUITS<\/div>\n<\/p><\/div>\n<\/p><\/div>\n<\/p><\/div>\n<\/p><\/div>\n<\/p><\/div>\n<\/p><\/div>\n<div class=\"text__Text-sc-fif1uk-0 htoJfX\"><a href=\"https:\/\/jeetersofficial.com\/product-category\/buy-cali-buds\/\" target=\"_blank\" rel=\"noopener\">CALI BUDS<\/a><\/div>\n<div data-testid=\"product-description\">\n<div class=\"truncate-lines__Wrapper-sc-1lknwty-0 YxHAC\">\n<div data-testid=\"truncated-description\">\n<div class=\"text__Text-sc-fif1uk-0 kdmKRD\"><a href=\"https:\/\/jeetersofficial.com\/product-category\/backpack-boyz\/\" target=\"_blank\" rel=\"noopener\">Backpack\u00a0 Boyz<\/a><\/div>\n<div><a href=\"https:\/\/jeetersofficial.com\/product-category\/snow-balls-weed\/\" target=\"_blank\" rel=\"noopener\">SNOWBALLS WEED<\/a><\/div>\n<div><a href=\"https:\/\/jeetersofficial.com\/product-category\/persy-snowcaps\/\" target=\"_blank\" rel=\"noopener\">Persy Snowcaps<\/a><\/div>\n<div><a href=\"https:\/\/jeetersofficial.com\/product-category\/drip-snowcaps\/\" target=\"_blank\" rel=\"noopener\">Drip Snowcaps<\/a><\/div>\n<div><a href=\"https:\/\/jeetersofficial.com\/product-category\/concentrates\/\" target=\"_blank\" rel=\"noopener\">CALI CONCENTRATES<\/a><\/div>\n<div><a href=\"https:\/\/jeetersofficial.com\/product-category\/doja-exclusive\/\" target=\"_blank\" rel=\"noopener\">CALI DOJA PACKS EXCLUSIVE<\/a><\/div>\n<div><a href=\"https:\/\/jeetersofficial.com\/product-category\/marijuana-flowers\/\" target=\"_blank\" rel=\"noopener\">CALI MARIJUANA FLOWERS<\/a><\/div>\n<\/p><\/div>\n<\/p><\/div>\n<\/p><\/div>\n<div><a href=\"https:\/\/jeetersofficial.com\/product-category\/sativa-strain\/\" target=\"_blank\" rel=\"noopener\">CALI SATIVA STRAINS<\/a><\/div>\n<div><a href=\"https:\/\/jeetersofficial.com\/product-category\/indica\/\" target=\"_blank\" rel=\"noopener\">CALI INDICA STRAINS<\/a><\/div>\n<div><a href=\"https:\/\/jeetersofficial.com\/product-category\/hybrid-weed\/\" target=\"_blank\" rel=\"noopener\">CALI HYBRID WEED<\/a><\/div>","protected":false},"excerpt":{"rendered":"<p>Cali Bud Super Glue<\/p>\n<p>Cali Bud Super Glue, une vari\u00e9t\u00e9 de cannabis hybride influente crois\u00e9e avec Strawberry et Grape Ape pour obtenir ces vari\u00e9t\u00e9s incroyables, est id\u00e9ale pour les patients souffrant d'anxi\u00e9t\u00e9 et de douleurs chroniques. Cette vari\u00e9t\u00e9 garantit un soulagement imm\u00e9diat de la douleur. Ses effets l\u00e9gers peuvent aider \u00e0 soulager les douleurs lancinantes ainsi que la naus\u00e9e. Cette vari\u00e9t\u00e9 peut \u00e9galement aider \u00e0 combattre les sympt\u00f4mes du PTSD. Cette vari\u00e9t\u00e9 pousse de mani\u00e8re courte et peut bien se d\u00e9velopper \u00e0 l'int\u00e9rieur, \u00e0 l'ext\u00e9rieur ou m\u00eame dans un jardin. Les geeks doivent lui accorder au moins un mois, voire cinq, pour terminer la v\u00e9g\u00e9tation. La vari\u00e9t\u00e9 Superglue de cannabis fleurit pendant huit \u00e0 neuf semaines et produira un gramme par watt \u00e0 l'int\u00e9rieur. Les cultivateurs en ext\u00e9rieur peuvent r\u00e9colter jusqu'\u00e0 une livre par plante.<\/p>","protected":false},"featured_media":1702,"comment_status":"closed","ping_status":"closed","template":"","meta":{"_uag_custom_page_level_css":"","site-sidebar-layout":"default","site-content-layout":"","ast-site-content-layout":"default","site-content-style":"default","site-sidebar-style":"default","ast-global-header-display":"","ast-banner-title-visibility":"","ast-main-header-display":"","ast-hfb-above-header-display":"","ast-hfb-below-header-display":"","ast-hfb-mobile-header-display":"","site-post-title":"","ast-breadcrumbs-content":"","ast-featured-img":"","footer-sml-layout":"","ast-disable-related-posts":"","theme-transparent-header-meta":"","adv-header-id-meta":"","stick-header-meta":"","header-above-stick-meta":"","header-main-stick-meta":"","header-below-stick-meta":"","astra-migrate-meta-layouts":"default","ast-page-background-enabled":"default","ast-page-background-meta":{"desktop":{"background-color":"var(--ast-global-color-5)","background-image":"","background-repeat":"repeat","background-position":"center center","background-size":"auto","background-attachment":"scroll","background-type":"","background-media":"","overlay-type":"","overlay-color":"","overlay-opacity":"","overlay-gradient":""},"tablet":{"background-color":"","background-image":"","background-repeat":"repeat","background-position":"center center","background-size":"auto","background-attachment":"scroll","background-type":"","background-media":"","overlay-type":"","overlay-color":"","overlay-opacity":"","overlay-gradient":""},"mobile":{"background-color":"","background-image":"","background-repeat":"repeat","background-position":"center center","background-size":"auto","background-attachment":"scroll","background-type":"","background-media":"","overlay-type":"","overlay-color":"","overlay-opacity":"","overlay-gradient":""}},"ast-content-background-meta":{"desktop":{"background-color":"var(--ast-global-color-4)","background-image":"","background-repeat":"repeat","background-position":"center center","background-size":"auto","background-attachment":"scroll","background-type":"","background-media":"","overlay-type":"","overlay-color":"","overlay-opacity":"","overlay-gradient":""},"tablet":{"background-color":"var(--ast-global-color-4)","background-image":"","background-repeat":"repeat","background-position":"center center","background-size":"auto","background-attachment":"scroll","background-type":"","background-media":"","overlay-type":"","overlay-color":"","overlay-opacity":"","overlay-gradient":""},"mobile":{"background-color":"var(--ast-global-color-4)","background-image":"","background-repeat":"repeat","background-position":"center center","background-size":"auto","background-attachment":"scroll","background-type":"","background-media":"","overlay-type":"","overlay-color":"","overlay-opacity":"","overlay-gradient":""}}},"product_brand":[],"product_cat":[675],"product_tag":[491,546,547,481,472,548,549,550,462,551,552,553,554,555,556,557],"class_list":{"0":"post-1778","1":"product","2":"type-product","3":"status-publish","4":"has-post-thumbnail","6":"product_cat-buy-cali-buds","7":"product_tag-buy-cali-bud-or-no-bud-online","8":"product_tag-buy-cali-bud-or-no-bud-super-glue-online","9":"product_tag-buy-super-glue-cali-bud-or-no-bud-online","10":"product_tag-cali-bud-or-no-bud-for-sale","11":"product_tag-cali-bud-or-no-bud-near-me","12":"product_tag-cali-bud-or-no-bud-super-glue","13":"product_tag-cali-bud-or-no-bud-super-glue-for-sale","14":"product_tag-cali-bud-or-no-bud-super-glue-near-me","15":"product_tag-cali-plug-cali-bud-or-no-bud","16":"product_tag-cali-super-glue","17":"product_tag-cali-super-glue-strain","18":"product_tag-super-glue-cali-bud-or-no-bud","19":"product_tag-super-glue-cali-bud-or-no-bud-for-sale","20":"product_tag-super-glue-cali-bud-or-no-bud-near-me","21":"product_tag-super-glue-strain","22":"product_tag-super-glue-weed-strain","23":"desktop-align-center","24":"tablet-align-left","25":"mobile-align-left","27":"first","28":"instock","29":"shipping-taxable","30":"purchasable","31":"product-type-variable"},"uagb_featured_image_src":{"full":["https:\/\/caliweedeurope.com\/wp-content\/uploads\/2024\/11\/super-glue.jpg",512,687,false],"thumbnail":["https:\/\/caliweedeurope.com\/wp-content\/uploads\/2024\/11\/super-glue-150x150.jpg",150,150,true],"medium":["https:\/\/caliweedeurope.com\/wp-content\/uploads\/2024\/11\/super-glue-224x300.jpg",224,300,true],"medium_large":["https:\/\/caliweedeurope.com\/wp-content\/uploads\/2024\/11\/super-glue.jpg",512,687,false],"large":["https:\/\/caliweedeurope.com\/wp-content\/uploads\/2024\/11\/super-glue.jpg",512,687,false],"1536x1536":["https:\/\/caliweedeurope.com\/wp-content\/uploads\/2024\/11\/super-glue.jpg",512,687,false],"2048x2048":["https:\/\/caliweedeurope.com\/wp-content\/uploads\/2024\/11\/super-glue.jpg",512,687,false],"trp-custom-language-flag":["https:\/\/caliweedeurope.com\/wp-content\/uploads\/2024\/11\/super-glue.jpg",9,12,false],"woocommerce_thumbnail":["https:\/\/caliweedeurope.com\/wp-content\/uploads\/2024\/11\/super-glue-300x300.jpg",300,300,true],"woocommerce_single":["https:\/\/caliweedeurope.com\/wp-content\/uploads\/2024\/11\/super-glue.jpg",512,687,false],"woocommerce_gallery_thumbnail":["https:\/\/caliweedeurope.com\/wp-content\/uploads\/2024\/11\/super-glue-100x100.jpg",100,100,true]},"uagb_author_info":{"display_name":"jetskiforsaleuk@gmail.com","author_link":"https:\/\/caliweedeurope.com\/fr\/author\/"},"uagb_comment_info":0,"uagb_excerpt":"Cali Bud Super Glue Cali Super Glue being an influential\u00a0cannabis hybrid strain\u00a0cross with strawberry and grape ape to get these amazing strains is best for patients suffering from anxiety and chronic pain. This strain guarantees immediate relief from pain for the relieve. It\u2019s light real impacts may facilitate a few a throbbing painfulness just as\u2026","_links":{"self":[{"href":"https:\/\/caliweedeurope.com\/fr\/wp-json\/wp\/v2\/product\/1778"}],"collection":[{"href":"https:\/\/caliweedeurope.com\/fr\/wp-json\/wp\/v2\/product"}],"about":[{"href":"https:\/\/caliweedeurope.com\/fr\/wp-json\/wp\/v2\/types\/product"}],"replies":[{"embeddable":true,"href":"https:\/\/caliweedeurope.com\/fr\/wp-json\/wp\/v2\/comments?post=1778"}],"wp:featuredmedia":[{"embeddable":true,"href":"https:\/\/caliweedeurope.com\/fr\/wp-json\/wp\/v2\/media\/1702"}],"wp:attachment":[{"href":"https:\/\/caliweedeurope.com\/fr\/wp-json\/wp\/v2\/media?parent=1778"}],"wp:term":[{"taxonomy":"product_brand","embeddable":true,"href":"https:\/\/caliweedeurope.com\/fr\/wp-json\/wp\/v2\/product_brand?post=1778"},{"taxonomy":"product_cat","embeddable":true,"href":"https:\/\/caliweedeurope.com\/fr\/wp-json\/wp\/v2\/product_cat?post=1778"},{"taxonomy":"product_tag","embeddable":true,"href":"https:\/\/caliweedeurope.com\/fr\/wp-json\/wp\/v2\/product_tag?post=1778"}],"curies":[{"name":"wp","href":"https:\/\/api.w.org\/{rel}","templated":true}]}}