{"id":1790,"date":"2024-11-05T18:39:20","date_gmt":"2024-11-05T18:39:20","guid":{"rendered":"https:\/\/caliweedeurope.com\/?post_type=product&#038;p=1790"},"modified":"2024-11-05T18:39:26","modified_gmt":"2024-11-05T18:39:26","slug":"buy-cali-bud-zkittles-strain-en-ligne","status":"publish","type":"product","link":"https:\/\/caliweedeurope.com\/fr\/product\/buy-cali-bud-zkittles-strain-en-ligne\/","title":{"rendered":"Buy Cali Bud Zkittles Strain Online"},"content":{"rendered":"<h1 style=\"text-align: center\"><strong>ZKITTLES <\/strong><strong>CALI BUD OR NO BUD\u00a0|<\/strong><strong>\u00a0CALI BUD OR NO BUD\u00a0<\/strong><strong>ZKITTLES <\/strong><strong>|<\/strong><strong>\u00a0CALI PLUG CALI BUD OR NO BUD<\/strong><\/h1>\n<p><strong>Cali Bud Zkittles Strain<\/strong><\/p>\n<p>Zkittlez, \u00e9galement connu sous le nom de \"Skittles\", \"Skittlz\" et \"Island Skittles\", est une vari\u00e9t\u00e9 de cannabis Indica obtenue \u00e0 partir d'un m\u00e9lange de Grape Ape et de Grapefruit, crois\u00e9e avec une autre vari\u00e9t\u00e9 non divulgu\u00e9e. Cette vari\u00e9t\u00e9 au go\u00fbt de bonbon a \u00e9t\u00e9 cr\u00e9\u00e9e par 3rd Gen Family et Terp Hogz.<\/p>\n<p class=\"translation-block\"><b>Zkittlez<\/b>, \u00e9galement connu sous le nom de \"Skittles\", \"Skittlz\" et \"Island Skittles\", est une vari\u00e9t\u00e9 de cannabis <a href=\"https:\/\/www.leafly.com\/strains\/lists\/category\/indica\" target=\"_blank\" rel=\"noopener\">indica<\/a> obtenue par croisement de Grape Ape et de Grapefruit, elle a \u00e9t\u00e9 crois\u00e9e avec une autre vari\u00e9t\u00e9 non divulgu\u00e9e. Cette vari\u00e9t\u00e9 au go\u00fbt sucr\u00e9 a \u00e9t\u00e9 cr\u00e9\u00e9e par 3rd Gen Family et Terp Hogz. Zkittlez a remport\u00e9 la 1\u00e8re place \u00e0 l'Emrald Cup 2016 et a obtenu plusieurs prix dans les Cannabis Cups de San Francisco et du Michigan. Cette vari\u00e9t\u00e9 poss\u00e8de des colas massifs qui \u00e9clatent dans un spectre de teintes vertes claires et d\u00e9gagent un m\u00e9lange sucr\u00e9 et tropical de saveurs fruit\u00e9es. Les effets de Zkittlez sont apaisants, laissant les consommateurs concentr\u00e9s, alertes et heureux tout en relaxant le corps pour se d\u00e9tendre \u00e0 tout moment de la journ\u00e9e.<\/p>\n<p>Zkittlez est une vari\u00e9t\u00e9 de plus en plus populaire qui m\u00e9rite d'\u00eatre achet\u00e9e lorsqu'on la trouve sur les \u00e9tag\u00e8res des dispensaires. Elle est agr\u00e9able \u00e0 d\u00e9guster seule ou \u00e0 partager avec des amis partageant les m\u00eames id\u00e9es.<\/p>\n<p>Zkittlez peut \u00e9galement avoir plusieurs applications pour les patients m\u00e9dicaux de cannabis. Les propri\u00e9t\u00e9s mentales initiales de la vari\u00e9t\u00e9 peuvent aider \u00e0 la concentration chez les personnes souffrant de troubles de l'attention. Lorsque l'effet physique prend le dessus, il peut apaiser temporairement les sympt\u00f4mes de stress, de d\u00e9pression et d'anxi\u00e9t\u00e9. Les bienfaits physiques incluent le soulagement de la douleur chronique ainsi que des irritations mineures quotidiennes. Zkittlez peut \u00e9galement provoquer une augmentation de l'app\u00e9tit, ce qui aide les personnes ayant perdu leur faim.<\/p>\n<h2 style=\"text-align: center\"><strong>\u00a0BUY\u00a0<\/strong><strong>ZKITTLES\u00a0<\/strong><strong>\u00a0CALI BUD OR NO BUD\u00a0 ONLINE | BUY CALI BUD OR NO BUD\u00a0<\/strong><strong>ZKITTLES\u00a0<\/strong><strong>ONLINE | BUY CALI BUD OR NO BUD ONLINE<\/strong><\/h2>\n<p><strong>Prix de la vari\u00e9t\u00e9 Cali Bud Zkittles<\/strong><\/p>\n<p>Zkittlez a remport\u00e9 la 1\u00e8re place \u00e0 la Coupe Emerald 2016 et a obtenu des places lors de plusieurs Cannabis Cups \u00e0 San Francisco et au Michigan. Cette vari\u00e9t\u00e9 pr\u00e9sente des colas compacts qui explosent dans un \u00e9ventail de nuances de vert clair et d\u00e9gagent un m\u00e9lange sucr\u00e9 et tropical de saveurs fruit\u00e9es.<\/p>\n<p>Indica Dominant Hybrid <span class=\"hidden-xs\" style=\"color: #333333;font-size: 14.4px\">\u2013\u00a0<\/span><span class=\"strain-percentages\" style=\"color: #333333;font-size: 14.4px\">70% Indica \/ 30% Sativa<\/span><\/p>\n<div class=\"variety-percentage-wrap\">\n<h4 class=\"percentage\"><span class=\"heading\">THC:\u00a0<\/span>13% \u2013 15%<\/h4>\n<\/p><\/div>\n<p>ZKittlez est une vari\u00e9t\u00e9 hybride dominante en Indica, cr\u00e9\u00e9e par le croisement des puissantes vari\u00e9t\u00e9s Grape Ape X Grapefruit. Bien que le rapport exact entre Indica et Sativa varie en fonction des pratiques de l'\u00e9leveur, ZKittlez a \u00e9t\u00e9 mesur\u00e9 de mani\u00e8re constante avec un faible taux de THC de 15 %. Malgr\u00e9 ce taux de THC relativement faible, ce bud a remport\u00e9 la premi\u00e8re place pour la meilleure Indica lors des Cannabis Cups 2015 \u00e0 San Francisco et Michigan. Malgr\u00e9 son faible taux de THC, ce bud offre une puissante explosion de saveurs. ZKittlez poss\u00e8de un ar\u00f4me super fruit\u00e9 de terre tropicale sucr\u00e9e avec une l\u00e9g\u00e8re touche herbac\u00e9e.<\/p>\n<h3 style=\"text-align: center\"><strong>ZKITTLES\u00a0<\/strong><strong>CALI BUD OR NO BUD FOR SALE | CALI BUD OR NO BUD <\/strong><strong>ZKITTLES\u00a0<\/strong><strong>FOR SALE | CALI BUD OR NO BUD\u00a0 FOR SALE<\/strong><\/h3>\n<p><strong>Achetez la vari\u00e9t\u00e9 Cali Bud Zkittles en ligne<\/strong><\/p>\n<p>Zkittlez est aussi attrayant que son go\u00fbt, bien qu'il soit relativement doux par nature. Il commence par une sensation de t\u00eate stimulante qui vous laisse euphorique et cr\u00e9ativement inspir\u00e9, sans anxi\u00e9t\u00e9 ni surcharge. Cela est accompagn\u00e9 d'une sensation de relaxation corporelle qui se r\u00e9pand lentement dans tout le corps et jusqu'au bout des doigts, vous laissant compl\u00e8tement calme et sans douleur, sans limiter vos mouvements. Un l\u00e9ger effet de somnolence vous envahira lors de la descente, bien qu'il ne vous endorme pas.<\/p>\n<p class=\"translation-block\">Bien que Zkittlez agisse relativement rapidement, ses effets centr\u00e9s sur la t\u00eate ont tendance \u00e0 \u00eatre subtils. Une l\u00e9g\u00e8re pression autour des yeux et des tempes peut survenir au d\u00e9but. Cependant, \u00e0 mesure que les fumeurs s'habituent \u00e0 cette sensation, ils peuvent appr\u00e9cier l'effet de la souche sur leur perception sensorielle. Des exp\u00e9riences \u00e9tranges, comme des distorsions visuelles et auditives, sont couramment signal\u00e9es, tout comme un \u00e9trange sentiment que le temps passe plus lentement. De tels effets psych\u00e9d\u00e9liques peuvent \u00eatre amplifi\u00e9s par des am\u00e9liorations atmosph\u00e9riques, en particulier de la musique d'ambiance ou une \u00e9mission de t\u00e9l\u00e9vision visuellement captivante.<\/p>\n<h4 style=\"text-align: center\"><strong>CALI BUD OR NO BUD \u00a0<\/strong><strong>ZKITTLES <\/strong><strong>NEAR ME |\u00a0<\/strong><strong>ZKITTLES<\/strong><strong> CALI BUD OR NO BUD NEAR ME | CALI BUD OR NO BUD \u00a0NEAR ME<\/strong><\/h4>\n<h5><strong style=\"color: #555555;font-size: 14.4px\">Sentiments<\/strong><\/h5>\n<p><strong>Heureux<\/strong><br \/> 49 % des personnes d\u00e9clarent se sentir heureuses<br \/> <strong>D\u00e9tendu<\/strong><br \/> 44 % des personnes d\u00e9clarent se sentir d\u00e9tendues<br \/> <strong>Excit\u00e9<\/strong><br \/> 16 % des personnes d\u00e9clarent se sentir excit\u00e9es<br \/> <strong>N\u00e9gatifs<\/strong><br \/> <strong>Bouche s\u00e8che<\/strong><br \/> 12% of people report feeling dry mouth<br \/> <strong>Droge ogen<\/strong><br \/> 10 % des personnes d\u00e9clarent avoir les yeux secs<br \/> <strong>\u00c9tourdi<\/strong><br \/> 5 % des personnes d\u00e9clarent se sentir \u00e9tourdies<\/p>\n<p>Achetez des packs de weed Cali en profitez de la livraison gratuite pour les commandes sup\u00e9rieures \u00e0 500. The Cali Plug est votre fournisseur num\u00e9ro un pour ces saveurs de bud de haute qualit\u00e9.<\/p>\n<p>Zkittlez, parfois aussi \u00e9crit Skittlez ou simplement Skittles, est un hybride \u00e0 dominance indica qui \u00e9clate de saveurs fruit\u00e9es. Cr\u00e9\u00e9e par le collectif Dying Breed Seeds, bas\u00e9 en Californie du Nord, cette souche descend de la Grape Ape, une indica fruit\u00e9e, et du pamplemousse, une sativa acidul\u00e9e. Skittles combine les effets mentaux et physiques des deux souches parentes pour offrir un high doux et multiforme. Le taux de THC de Zkittlez varie entre 15% et 23%.<\/p>\n<h5 style=\"text-align: center\"><strong>ZKITTLES\u00a0<\/strong><strong> STRAIN | <\/strong><strong>ZKITTLES <\/strong><strong>WEED STRAIN | CALI\u00a0<\/strong><strong>ZKITTLES <\/strong><strong>| CALI\u00a0<\/strong><strong>ZKITTLES<\/strong><strong>\u00a0STRAIN<\/strong><\/h5>\n<p><strong>Avertissement Cali Bud Zkittles<\/strong><\/p>\n<p>Ce produit contient du cannabis, une substance r\u00e9glement\u00e9e. Garder hors de port\u00e9e des enfants et des animaux. Les produits \u00e0 base de cannabis ne peuvent \u00eatre poss\u00e9d\u00e9s ou consomm\u00e9s que par des personnes \u00e2g\u00e9es de 21 ans ou plus, sauf si la personne est un patient qualifi\u00e9. Les effets enivrants des produits \u00e0 base de cannabis peuvent durer jusqu'\u00e0 deux heures. La consommation de cannabis pendant la grossesse ou l'allaitement peut \u00eatre nuisible. La consommation de ce produit alt\u00e8re votre capacit\u00e9 \u00e0 conduire ou \u00e0 utiliser des machines. Veuillez l'utiliser avec une extr\u00eame prudence.<\/p>\n<p>Comme son homonyme, cette vari\u00e9t\u00e9 vous offre la possibilit\u00e9 de go\u00fbter \u00e0 l'arc-en-ciel \u2014 mais il s'av\u00e8re que Zkittlez vous permet \u00e9galement de voir un arc-en-ciel. Selon le ph\u00e9notype, les fleurs \u00e9paisses et massives de la plante apparaissent dans une vari\u00e9t\u00e9 de verts et de violets, avec des pistils orange vif parsem\u00e9s ici et l\u00e0. Les teintes violettes saisissantes sont le r\u00e9sultat de concentrations \u00e9lev\u00e9es de pigments anthocyanines. Les t\u00eates taill\u00e9es ont une structure typiquement indica, serr\u00e9e et dense, avec des feuilles relativement petites. Enfin, une fine couche de trichomes blancs laiteux assure \u00e0 la fois la collante et la psychoactivit\u00e9.<\/p>\n<div data-testid=\"product-description\">\n<div class=\"truncate-lines__Wrapper-sc-1lknwty-0 YxHAC\">\n<div data-testid=\"truncated-description\">\n<div>\n<div class=\"text__Text-sc-fif1uk-0 kdmKRD\">\n<div class=\"src__Box-sc-1sbtrzs-0 src__Flex-sc-1sbtrzs-1 kWPFqZ hzdsvF\">\n<div>EXEMPLES DE CAT\u00c9GORIES DE PRODUITS<\/div>\n<\/p><\/div>\n<\/p><\/div>\n<\/p><\/div>\n<\/p><\/div>\n<\/p><\/div>\n<\/p><\/div>\n<div class=\"text__Text-sc-fif1uk-0 htoJfX\"><a href=\"https:\/\/jeetersofficial.com\/product-category\/buy-cali-buds\/\" target=\"_blank\" rel=\"noopener\">CALI BUDS<\/a><\/div>\n<div data-testid=\"product-description\">\n<div class=\"truncate-lines__Wrapper-sc-1lknwty-0 YxHAC\">\n<div data-testid=\"truncated-description\">\n<div class=\"text__Text-sc-fif1uk-0 kdmKRD\"><a href=\"https:\/\/jeetersofficial.com\/product-category\/backpack-boyz\/\" target=\"_blank\" rel=\"noopener\">Backpack\u00a0 Boyz<\/a><\/div>\n<div><a href=\"https:\/\/jeetersofficial.com\/product-category\/snow-balls-weed\/\" target=\"_blank\" rel=\"noopener\">SNOWBALLS WEED<\/a><\/div>\n<div><a href=\"https:\/\/jeetersofficial.com\/product-category\/persy-snowcaps\/\" target=\"_blank\" rel=\"noopener\">Persy Snowcaps<\/a><\/div>\n<div><a href=\"https:\/\/jeetersofficial.com\/product-category\/drip-snowcaps\/\" target=\"_blank\" rel=\"noopener\">Drip Snowcaps<\/a><\/div>\n<div><a href=\"https:\/\/jeetersofficial.com\/product-category\/concentrates\/\" target=\"_blank\" rel=\"noopener\">CALI CONCENTRATES<\/a><\/div>\n<div><a href=\"https:\/\/jeetersofficial.com\/product-category\/doja-exclusive\/\" target=\"_blank\" rel=\"noopener\">CALI DOJA PACKS EXCLUSIVE<\/a><\/div>\n<div><a href=\"https:\/\/jeetersofficial.com\/product-category\/marijuana-flowers\/\" target=\"_blank\" rel=\"noopener\">CALI MARIJUANA FLOWERS<\/a><\/div>\n<\/p><\/div>\n<\/p><\/div>\n<\/p><\/div>\n<div><a href=\"https:\/\/jeetersofficial.com\/product-category\/sativa-strain\/\" target=\"_blank\" rel=\"noopener\">CALI SATIVA STRAINS<\/a><\/div>\n<div><a href=\"https:\/\/jeetersofficial.com\/product-category\/indica\/\" target=\"_blank\" rel=\"noopener\">CALI INDICA STRAINS<\/a><\/div>\n<div><a href=\"https:\/\/jeetersofficial.com\/product-category\/hybrid-weed\/\" target=\"_blank\" rel=\"noopener\">CALI HYBRID WEED<\/a><\/div>","protected":false},"excerpt":{"rendered":"<p><strong>Cali Bud Zkittles Strain<\/strong><\/p>\n<p>Zkittlez, \u00e9galement connu sous le nom de \"Skittles\", \"Skittlz\" et \"Island Skittles\", est une vari\u00e9t\u00e9 de cannabis Indica obtenue \u00e0 partir d'un m\u00e9lange de Grape Ape et de Grapefruit, crois\u00e9e avec une autre vari\u00e9t\u00e9 non divulgu\u00e9e. Cette vari\u00e9t\u00e9 au go\u00fbt de bonbon a \u00e9t\u00e9 cr\u00e9\u00e9e par 3rd Gen Family et Terp Hogz.<\/p>\n<p><strong>Prix de la vari\u00e9t\u00e9 Cali Bud Zkittles<\/strong><\/p>\n<p>Zkittlez a remport\u00e9 la 1\u00e8re place \u00e0 la Coupe Emerald 2016 et a obtenu des places lors de plusieurs Cannabis Cups \u00e0 San Francisco et au Michigan. Cette vari\u00e9t\u00e9 pr\u00e9sente des colas compacts qui explosent dans un \u00e9ventail de nuances de vert clair et d\u00e9gagent un m\u00e9lange sucr\u00e9 et tropical de saveurs fruit\u00e9es.<\/p>","protected":false},"featured_media":1803,"comment_status":"closed","ping_status":"closed","template":"","meta":{"_uag_custom_page_level_css":"","site-sidebar-layout":"default","site-content-layout":"","ast-site-content-layout":"default","site-content-style":"default","site-sidebar-style":"default","ast-global-header-display":"","ast-banner-title-visibility":"","ast-main-header-display":"","ast-hfb-above-header-display":"","ast-hfb-below-header-display":"","ast-hfb-mobile-header-display":"","site-post-title":"","ast-breadcrumbs-content":"","ast-featured-img":"","footer-sml-layout":"","ast-disable-related-posts":"","theme-transparent-header-meta":"","adv-header-id-meta":"","stick-header-meta":"","header-above-stick-meta":"","header-main-stick-meta":"","header-below-stick-meta":"","astra-migrate-meta-layouts":"default","ast-page-background-enabled":"default","ast-page-background-meta":{"desktop":{"background-color":"var(--ast-global-color-5)","background-image":"","background-repeat":"repeat","background-position":"center center","background-size":"auto","background-attachment":"scroll","background-type":"","background-media":"","overlay-type":"","overlay-color":"","overlay-opacity":"","overlay-gradient":""},"tablet":{"background-color":"","background-image":"","background-repeat":"repeat","background-position":"center center","background-size":"auto","background-attachment":"scroll","background-type":"","background-media":"","overlay-type":"","overlay-color":"","overlay-opacity":"","overlay-gradient":""},"mobile":{"background-color":"","background-image":"","background-repeat":"repeat","background-position":"center center","background-size":"auto","background-attachment":"scroll","background-type":"","background-media":"","overlay-type":"","overlay-color":"","overlay-opacity":"","overlay-gradient":""}},"ast-content-background-meta":{"desktop":{"background-color":"var(--ast-global-color-4)","background-image":"","background-repeat":"repeat","background-position":"center center","background-size":"auto","background-attachment":"scroll","background-type":"","background-media":"","overlay-type":"","overlay-color":"","overlay-opacity":"","overlay-gradient":""},"tablet":{"background-color":"var(--ast-global-color-4)","background-image":"","background-repeat":"repeat","background-position":"center center","background-size":"auto","background-attachment":"scroll","background-type":"","background-media":"","overlay-type":"","overlay-color":"","overlay-opacity":"","overlay-gradient":""},"mobile":{"background-color":"var(--ast-global-color-4)","background-image":"","background-repeat":"repeat","background-position":"center center","background-size":"auto","background-attachment":"scroll","background-type":"","background-media":"","overlay-type":"","overlay-color":"","overlay-opacity":"","overlay-gradient":""}}},"product_brand":[],"product_cat":[675],"product_tag":[491,688,689,481,472,690,691,692,693,694,695,696],"class_list":{"0":"post-1790","1":"product","2":"type-product","3":"status-publish","4":"has-post-thumbnail","6":"product_cat-buy-cali-buds","7":"product_tag-buy-cali-bud-or-no-bud-online","8":"product_tag-buy-cali-bud-or-no-bud-zkittles-online","9":"product_tag-buy-zkittles-cali-bud-or-no-bud-online","10":"product_tag-cali-bud-or-no-bud-for-sale","11":"product_tag-cali-bud-or-no-bud-near-me","12":"product_tag-cali-bud-or-no-bud-zkittles","13":"product_tag-cali-bud-or-no-bud-zkittles-for-sale","14":"product_tag-cali-bud-or-no-bud-zkittles-near-me","15":"product_tag-zkittles-cali-bud-or-no-bud-for-sale","16":"product_tag-zkittles-cali-bud-or-no-bud-near-me","17":"product_tag-zkittles-strain","18":"product_tag-zkittles-weed-strain","19":"desktop-align-center","20":"tablet-align-left","21":"mobile-align-left","23":"first","24":"instock","25":"shipping-taxable","26":"purchasable","27":"product-type-variable"},"uagb_featured_image_src":{"full":["https:\/\/caliweedeurope.com\/wp-content\/uploads\/2024\/11\/fullsizeout.jpeg",600,783,false],"thumbnail":["https:\/\/caliweedeurope.com\/wp-content\/uploads\/2024\/11\/fullsizeout-150x150.jpeg",150,150,true],"medium":["https:\/\/caliweedeurope.com\/wp-content\/uploads\/2024\/11\/fullsizeout-230x300.jpeg",230,300,true],"medium_large":["https:\/\/caliweedeurope.com\/wp-content\/uploads\/2024\/11\/fullsizeout.jpeg",600,783,false],"large":["https:\/\/caliweedeurope.com\/wp-content\/uploads\/2024\/11\/fullsizeout.jpeg",600,783,false],"1536x1536":["https:\/\/caliweedeurope.com\/wp-content\/uploads\/2024\/11\/fullsizeout.jpeg",600,783,false],"2048x2048":["https:\/\/caliweedeurope.com\/wp-content\/uploads\/2024\/11\/fullsizeout.jpeg",600,783,false],"trp-custom-language-flag":["https:\/\/caliweedeurope.com\/wp-content\/uploads\/2024\/11\/fullsizeout.jpeg",9,12,false],"woocommerce_thumbnail":["https:\/\/caliweedeurope.com\/wp-content\/uploads\/2024\/11\/fullsizeout-300x300.jpeg",300,300,true],"woocommerce_single":["https:\/\/caliweedeurope.com\/wp-content\/uploads\/2024\/11\/fullsizeout.jpeg",600,783,false],"woocommerce_gallery_thumbnail":["https:\/\/caliweedeurope.com\/wp-content\/uploads\/2024\/11\/fullsizeout-100x100.jpeg",100,100,true]},"uagb_author_info":{"display_name":"jetskiforsaleuk@gmail.com","author_link":"https:\/\/caliweedeurope.com\/fr\/author\/"},"uagb_comment_info":0,"uagb_excerpt":"Cali Bud Zkittles Strain Zkittlez, also known as \u201cSkittles,\u201d \u201cSkittlz,\u201d and \u201cIsland Skittles\u201d is an Indica marijuana strain bred from a mix of Grape Ape and Grapefruit that is crossed with another undisclosed strain. This candy-flavored strain was bred by 3rd Gen Family and Terp Hogz. Cali Bud Zkittles Strain Awards Zkittlez won 1st Place\u2026","_links":{"self":[{"href":"https:\/\/caliweedeurope.com\/fr\/wp-json\/wp\/v2\/product\/1790"}],"collection":[{"href":"https:\/\/caliweedeurope.com\/fr\/wp-json\/wp\/v2\/product"}],"about":[{"href":"https:\/\/caliweedeurope.com\/fr\/wp-json\/wp\/v2\/types\/product"}],"replies":[{"embeddable":true,"href":"https:\/\/caliweedeurope.com\/fr\/wp-json\/wp\/v2\/comments?post=1790"}],"wp:featuredmedia":[{"embeddable":true,"href":"https:\/\/caliweedeurope.com\/fr\/wp-json\/wp\/v2\/media\/1803"}],"wp:attachment":[{"href":"https:\/\/caliweedeurope.com\/fr\/wp-json\/wp\/v2\/media?parent=1790"}],"wp:term":[{"taxonomy":"product_brand","embeddable":true,"href":"https:\/\/caliweedeurope.com\/fr\/wp-json\/wp\/v2\/product_brand?post=1790"},{"taxonomy":"product_cat","embeddable":true,"href":"https:\/\/caliweedeurope.com\/fr\/wp-json\/wp\/v2\/product_cat?post=1790"},{"taxonomy":"product_tag","embeddable":true,"href":"https:\/\/caliweedeurope.com\/fr\/wp-json\/wp\/v2\/product_tag?post=1790"}],"curies":[{"name":"wp","href":"https:\/\/api.w.org\/{rel}","templated":true}]}}