{"id":1796,"date":"2024-11-05T18:39:20","date_gmt":"2024-11-05T18:39:20","guid":{"rendered":"https:\/\/caliweedeurope.com\/?post_type=product&#038;p=1796"},"modified":"2024-11-05T18:39:26","modified_gmt":"2024-11-05T18:39:26","slug":"buy-cali-bud-gas-strain-en-ligne","status":"publish","type":"product","link":"https:\/\/caliweedeurope.com\/fr\/product\/buy-cali-bud-gas-strain-en-ligne\/","title":{"rendered":"Achetez Cali Bud Gas Strain en ligne"},"content":{"rendered":"<h1 style=\"text-align: center\"><strong>\u00a0 \u00a0 \u00a0<\/strong><strong>GAS <\/strong><strong>CALI BUD OR NO BUD\u00a0|<\/strong><strong>\u00a0CALI BUD OR NO BUD\u00a0<\/strong><strong>GAS <\/strong><strong>|<\/strong><strong>\u00a0CALI PLUG CALI BUD OR NO BUD<\/strong><\/h1>\n<p><strong>Achetez Cali Gas Strain en<\/strong><br \/> Achetez Cali Gas cannabis bud strain en ligne. Des souches de cannabis haut de gamme cultiv\u00e9es en int\u00e9rieur.<\/p>\n<p><b>All Gas OG<\/b>\u00e9galement connu sous le nom de 'Gas' ou 'Asphalt Plant', est un\u00a0<a href=\"https:\/\/www.leafly.com\/strains\/lists\/category\/indica\" target=\"_blank\" rel=\"noopener\">indica weed strain<\/a>\u00a0cr\u00e9\u00e9 par croisement\u00a0<a href=\"https:\/\/www.leafly.com\/strains\/venom-og\" target=\"_blank\" rel=\"noopener\">Venom OG<\/a>\u00a0avec Humboldt OG. Les effets de All Gas OG sont plus apaisants qu'\u00e9nergisants. Les consommateurs qui ont fum\u00e9 cette vari\u00e9t\u00e9 disent qu'elle les fait se sentir\u00a0<a href=\"https:\/\/www.leafly.com\/strains\/lists\/effect\/hungry\" target=\"_blank\" rel=\"noopener\">affam\u00e9<\/a>, d\u00e9tendu et somnolent.<\/p>\n<p>De plus, en termes de saveur, vous pouvez vous attendre \u00e0 des notes fortes et piquantes de<a href=\"https:\/\/www.leafly.com\/strains\/lists\/effect\/diesel\" target=\"_blank\" rel=\"noopener\">diesel<\/a>\u00a0et des produits chimiques. All Gas OG contient 21 % de THC, ce qui en fait un choix id\u00e9al pour les consommateurs de cannabis exp\u00e9riment\u00e9s. Selon les cultivateurs, cette vari\u00e9t\u00e9 a un temps de floraison moyen de 55 jours et pousse mieux \u00e0 l'int\u00e9rieur. Le cr\u00e9ateur original d'All Gas OG est Humboldt Seed Company. Le terp\u00e8ne dominant de cette vari\u00e9t\u00e9 est inconnu. Les vari\u00e9t\u00e9s de cannabis similaires \u00e0 Gas OG incluent Huckleberry.\u00a0<a href=\"https:\/\/www.leafly.com\/strains\/animal-face\" target=\"_blank\" rel=\"noopener\">animal<\/a>Face, Monkey Tape et Bubba Doja.<\/p>\n<h2 style=\"text-align: center\"><strong>\u00a0BUY\u00a0<\/strong><strong>GAS\u00a0<\/strong><strong>CALI BUD OR NO BUD\u00a0 ONLINE | BUY CALI BUD OR NO BUD\u00a0<\/strong><strong>GAS\u00a0<\/strong><strong>ONLINE | BUY CALI BUD OR NO BUD ONLINE<\/strong><\/h2>\n<p><strong>G\u00e9n\u00e9tique de Cali Gas<\/strong><\/p>\n<p>Cali Gas est une vari\u00e9t\u00e9 hybride de cannabis \u00e0 dominance Sativa influente, crois\u00e9e avec Grape Ape et Kandy Kush pour obtenir ces incroyables <a href=\"https:\/\/caliplugcarts.com\/product\/buy-cali-plug-carts-online\/\" target=\"_blank\" rel=\"noopener\">strains<\/a><\/p>\n<p>Gas est une vari\u00e9t\u00e9 rare aux g\u00e9n\u00e9tiques myst\u00e9rieuses, bien que certains pensent qu\u2019il s\u2019agit d\u2019un ph\u00e9notype de OG Kush. On dit que le collectif d\u00e9sormais dissous Platinum Clouds l\u2019a cr\u00e9\u00e9e. Cannabis Cali Gas.<\/p>\n<p>Les principaux ar\u00f4mes rapport\u00e9s de Gas sont la terre, les agrumes et le diesel. On dit qu'il a un go\u00fbt de pin, d'\u00e9pices et de citrons.<\/p>\n<div class=\"variety-percentage-wrap\">\n<h4 class=\"variety\">\u00a0Indica<\/h4>\n<h4 class=\"percentage\"><span class=\"heading\">THC:\u00a0<\/span>16% \u2013 19%<\/h4>\n<\/p><\/div>\n<p>Gas est une vari\u00e9t\u00e9 100% indica pure cr\u00e9\u00e9e par le c\u00e9l\u00e8bre cultivateur Loompa dans les c\u00e9l\u00e8bres fermes Platinum Clouds \u00e0 San Jose, Californie. Cette vari\u00e9t\u00e9 puissante a une g\u00e9n\u00e9tique inconnue en raison du secret du cultivateur, bien qu'il soit g\u00e9n\u00e9ralement admis qu'elle est probablement une\u00a0<a href=\"https:\/\/www.allbud.com\/marijuana-strains\/sativa-dominant-hybrid\/og-kush\" target=\"_blank\" rel=\"noopener\">OG Kush<\/a> phenotype.<\/p>\n<p>Cet effet physique vous laisse compl\u00e8tement d\u00e9tendu, sans douleur et totalement s\u00e9dat\u00e9. En redescendant, vous tomberez dans un sommeil profond et paisible sans douleur qui dure des heures. Cannabis Cali Gas.<\/p>\n<h3 style=\"text-align: center\"><strong style=\"font-size: 20.16px;text-align: center;color: #333333\">GAS <\/strong><strong style=\"font-size: 20.16px;text-align: center;color: #333333\">CALI BUD OR NO BUD FOR SALE | CALI BUD OR NO BUD\u00a0\u00a0<\/strong><strong style=\"font-size: 20.16px;text-align: center;color: #333333\">GAS\u00a0<\/strong><strong style=\"font-size: 20.16px;text-align: center;color: #333333\">FOR SALE | CALI BUD OR NO BUD\u00a0 FOR SALE<\/strong><\/h3>\n<h4><strong style=\"color: #555555\">Applications m\u00e9dicales des t\u00eates exotiques Cali Gas<\/strong><\/h4>\n<p>De plus, cette vari\u00e9t\u00e9 est id\u00e9ale pour les patients souffrant d'anxi\u00e9t\u00e9 et de douleurs chroniques. Elle garantit un soulagement imm\u00e9diat de la douleur. Ses effets l\u00e9gers peuvent soulager certaines douleurs ainsi que les naus\u00e9es. Cette vari\u00e9t\u00e9 peut \u00e9galement aider \u00e0 combattre les sympt\u00f4mes du SSPT.<\/p>\n<p class=\"about-title\"><strong>\u00c0 propos de Gas<\/strong><\/p>\n<div class=\"effect-wrapper ng-star-inserted\">\n<div>\n<p>Gas peut \u00eatre un terme informel utilis\u00e9 pour d\u00e9crire du cannabis de qualit\u00e9, similaire \u00e0 \u201cloud\u201d \u2013 Gas est \u00e9galement le nom d\u2019au moins une vari\u00e9t\u00e9 propre. Le cultivateur Loompa de l\u2019op\u00e9ration de culture Platinum Clouds \u00e0 San Jose a cr\u00e9\u00e9 une vari\u00e9t\u00e9 appel\u00e9e Gas, qui est consid\u00e9r\u00e9e comme un ph\u00e9notype distinct de\u00a0<a href=\"https:\/\/www.wikileaf.com\/strain\/og-kush\/\" target=\"_blank\" rel=\"noopener\">OG Kush<\/a>. Nomm\u00e9e d'apr\u00e8s son ar\u00f4me semblable \u00e0 de l'essence, cette vari\u00e9t\u00e9 de cannabis a des niveaux de THC mesur\u00e9s entre 16 % et 21 %.<\/p>\n<\/p><\/div>\n<\/p><\/div>\n<h4 style=\"text-align: center\"><strong>CALI BUD OR NO BUD \u00a0<\/strong><strong>GAS\u00a0<\/strong><strong>\u00a0NEAR ME |\u00a0<\/strong><strong>GAS\u00a0<\/strong><strong>CALI BUD OR NO BUD\u00a0\u00a0 NEAR ME | CALI BUD OR NO BUD \u00a0NEAR ME<\/strong><\/h4>\n<h5><strong style=\"color: #555555;font-size: 14.4px\">Culture<\/strong><span style=\"color: #555555;font-size: 14.4px\">\u00a0<\/span><strong style=\"color: #555555;font-size: 14.4px\">Cali Gas Bud<\/strong><\/h5>\n<p>Cette vari\u00e9t\u00e9 se d\u00e9veloppe de mani\u00e8re compacte et peut prosp\u00e9rer \u00e0 l'int\u00e9rieur, \u00e0 l'ext\u00e9rieur ou m\u00eame dans une serre. Les plantes doivent \u00eatre v\u00e9g\u00e9talis\u00e9es pendant au moins un mois, voire cinq. La vari\u00e9t\u00e9 fleurit pendant huit \u00e0 neuf semaines et produira un gramme par watt \u00e0 l'int\u00e9rieur. Les cultivateurs ext\u00e9rieurs peuvent r\u00e9colter jusqu'\u00e0 une livre par plante. Achetez Cali Exotic Bud.<\/p>\n<p>Le Gas se distingue par ses petites fleurs qui conservent une forme ressemblant \u00e0 un c\u00f4ne de pin, se r\u00e9tr\u00e9cissant d'une base large \u00e0 une pointe aigu\u00eb. Ces fleurs ont une structure compacte et dense, avec des feuilles qui se courbent \u00e9troitement vers l'int\u00e9rieur de leurs tiges centrales. Les feuilles elles-m\u00eames sont d'un vert mousseux et sont entrelac\u00e9es de poils orange vif (qui sont en r\u00e9alit\u00e9 des structures reproductrices appel\u00e9es pistils, destin\u00e9es \u00e0 attraper le pollen des plantes m\u00e2les). Enfin, les fleurs du Gas sont couronn\u00e9es par un grand nombre de trichomes blancs vitreux qui donnent \u00e0 ces bourgeons une texture collante et les rendent difficiles \u00e0 d\u00e9composer sans l'utilisation d'un grinder de qualit\u00e9.<\/p>\n<h5 style=\"text-align: center\"><strong>GAS\u00a0<\/strong><strong>\u00a0STRAIN | \u00a0<\/strong><strong>GAS\u00a0<\/strong><strong>WEED STRAIN | CALI\u00a0<\/strong><strong>GAS\u00a0<\/strong><strong>| CALI\u00a0<\/strong><strong>GAS\u00a0<\/strong><strong>\u00a0STRAIN<\/strong><\/h5>\n<p><strong>Achetez Cali Gas Bud Avertissement<\/strong><br \/> En conclusion : Ce produit contient du cannabis, une substance r\u00e9glement\u00e9e. Tenir hors de port\u00e9e des enfants et des animaux. Les effets enivrants des produits \u00e0 base de cannabis peuvent durer jusqu'\u00e0 deux heures. L'utilisation du cannabis pendant la grossesse ou l'allaitement peut \u00eatre nocive. La consommation de ces produits alt\u00e8re votre capacit\u00e9 \u00e0 conduire ou \u00e0 utiliser des machines. Veuillez faire preuve d'une extr\u00eame prudence. Achetez CBONB.<\/p>\n<p>Lorsqu'il est correctement s\u00e9ch\u00e9, le Gas \u00e9met un ar\u00f4me riche et terreux, semblable \u00e0 celui de la terre humide. En arri\u00e8re-plan, on trouve \u00e9galement une acidit\u00e9 vive et citronn\u00e9e. En broyant les fleurs, on rend hommage au nom de la vari\u00e9t\u00e9, d\u00e9gageant de fortes effluves de diesel et d\u2019ammoniac. Lorsqu\u2019il est br\u00fbl\u00e9 dans une pipe ou un joint, le Gas d\u00e9gage une fum\u00e9e \u00e2cre qui peut piquer les sinus et le palais. Cette fum\u00e9e \u00e9paisse a un go\u00fbt bois\u00e9 avec des notes de citron \u00e0 l\u2019expiration.<\/p>\n<div data-testid=\"product-description\">\n<div class=\"truncate-lines__Wrapper-sc-1lknwty-0 YxHAC\">\n<div data-testid=\"truncated-description\">\n<div>\n<div class=\"text__Text-sc-fif1uk-0 kdmKRD\">\n<div class=\"src__Box-sc-1sbtrzs-0 src__Flex-sc-1sbtrzs-1 kWPFqZ hzdsvF\">\n<div>EXEMPLES DE CAT\u00c9GORIES DE PRODUITS<\/div>\n<\/p><\/div>\n<\/p><\/div>\n<\/p><\/div>\n<\/p><\/div>\n<\/p><\/div>\n<\/p><\/div>\n<div class=\"text__Text-sc-fif1uk-0 htoJfX\"><a href=\"https:\/\/jeetersofficial.com\/product-category\/buy-cali-buds\/\" target=\"_blank\" rel=\"noopener\">CALI BUDS<\/a><\/div>\n<div data-testid=\"product-description\">\n<div class=\"truncate-lines__Wrapper-sc-1lknwty-0 YxHAC\">\n<div data-testid=\"truncated-description\">\n<div class=\"text__Text-sc-fif1uk-0 kdmKRD\"><a href=\"https:\/\/jeetersofficial.com\/product-category\/backpack-boyz\/\" target=\"_blank\" rel=\"noopener\">Backpack\u00a0 Boyz<\/a><\/div>\n<div><a href=\"https:\/\/jeetersofficial.com\/product-category\/snow-balls-weed\/\" target=\"_blank\" rel=\"noopener\">SNOWBALLS WEED<\/a><\/div>\n<div><a href=\"https:\/\/jeetersofficial.com\/product-category\/persy-snowcaps\/\" target=\"_blank\" rel=\"noopener\">Persy Snowcaps<\/a><\/div>\n<div><a href=\"https:\/\/jeetersofficial.com\/product-category\/drip-snowcaps\/\" target=\"_blank\" rel=\"noopener\">Drip Snowcaps<\/a><\/div>\n<div><a href=\"https:\/\/jeetersofficial.com\/product-category\/concentrates\/\" target=\"_blank\" rel=\"noopener\">CALI CONCENTRATES<\/a><\/div>\n<div><a href=\"https:\/\/jeetersofficial.com\/product-category\/doja-exclusive\/\" target=\"_blank\" rel=\"noopener\">CALI DOJA PACKS EXCLUSIVE<\/a><\/div>\n<div><a href=\"https:\/\/jeetersofficial.com\/product-category\/marijuana-flowers\/\" target=\"_blank\" rel=\"noopener\">CALI MARIJUANA FLOWERS<\/a><\/div>\n<\/p><\/div>\n<\/p><\/div>\n<\/p><\/div>\n<div><a href=\"https:\/\/jeetersofficial.com\/product-category\/sativa-strain\/\" target=\"_blank\" rel=\"noopener\">CALI SATIVA STRAINS<\/a><\/div>\n<div><a href=\"https:\/\/jeetersofficial.com\/product-category\/indica\/\" target=\"_blank\" rel=\"noopener\">CALI INDICA STRAINS<\/a><\/div>\n<div><a href=\"https:\/\/jeetersofficial.com\/product-category\/hybrid-weed\/\" target=\"_blank\" rel=\"noopener\">CALI HYBRID WEED<\/a><\/div>","protected":false},"excerpt":{"rendered":"<p><strong>Achetez Cali Gas Bud Avertissement<\/strong><br \/> Ce produit contient du cannabis, une substance r\u00e9glement\u00e9e. Tenir hors de port\u00e9e des enfants et des animaux. Les produits \u00e0 base de cannabis ne peuvent \u00eatre poss\u00e9d\u00e9s ou consomm\u00e9s que par des personnes \u00e2g\u00e9es de 21 ans ou plus, sauf si la personne est un patient qualifi\u00e9. Les effets enivrants des produits \u00e0 base de cannabis peuvent durer jusqu'\u00e0 deux heures. La consommation de cannabis pendant la grossesse ou l'allaitement peut \u00eatre nocive. La consommation de ces produits alt\u00e8re votre capacit\u00e9 \u00e0 conduire ou \u00e0 manipuler des machines. Veuillez faire preuve de la plus grande prudence. Achetez CBONB<\/p>","protected":false},"featured_media":1704,"comment_status":"closed","ping_status":"closed","template":"","meta":{"_uag_custom_page_level_css":"","site-sidebar-layout":"default","site-content-layout":"","ast-site-content-layout":"","site-content-style":"default","site-sidebar-style":"default","ast-global-header-display":"","ast-banner-title-visibility":"","ast-main-header-display":"","ast-hfb-above-header-display":"","ast-hfb-below-header-display":"","ast-hfb-mobile-header-display":"","site-post-title":"","ast-breadcrumbs-content":"","ast-featured-img":"","footer-sml-layout":"","theme-transparent-header-meta":"","adv-header-id-meta":"","stick-header-meta":"","header-above-stick-meta":"","header-main-stick-meta":"","header-below-stick-meta":"","astra-migrate-meta-layouts":"default","ast-page-background-enabled":"default","ast-page-background-meta":{"desktop":{"background-color":"var(--ast-global-color-4)","background-image":"","background-repeat":"repeat","background-position":"center center","background-size":"auto","background-attachment":"scroll","background-type":"","background-media":"","overlay-type":"","overlay-color":"","overlay-opacity":"","overlay-gradient":""},"tablet":{"background-color":"","background-image":"","background-repeat":"repeat","background-position":"center center","background-size":"auto","background-attachment":"scroll","background-type":"","background-media":"","overlay-type":"","overlay-color":"","overlay-opacity":"","overlay-gradient":""},"mobile":{"background-color":"","background-image":"","background-repeat":"repeat","background-position":"center center","background-size":"auto","background-attachment":"scroll","background-type":"","background-media":"","overlay-type":"","overlay-color":"","overlay-opacity":"","overlay-gradient":""}},"ast-content-background-meta":{"desktop":{"background-color":"var(--ast-global-color-5)","background-image":"","background-repeat":"repeat","background-position":"center center","background-size":"auto","background-attachment":"scroll","background-type":"","background-media":"","overlay-type":"","overlay-color":"","overlay-opacity":"","overlay-gradient":""},"tablet":{"background-color":"var(--ast-global-color-5)","background-image":"","background-repeat":"repeat","background-position":"center center","background-size":"auto","background-attachment":"scroll","background-type":"","background-media":"","overlay-type":"","overlay-color":"","overlay-opacity":"","overlay-gradient":""},"mobile":{"background-color":"var(--ast-global-color-5)","background-image":"","background-repeat":"repeat","background-position":"center center","background-size":"auto","background-attachment":"scroll","background-type":"","background-media":"","overlay-type":"","overlay-color":"","overlay-opacity":"","overlay-gradient":""}}},"product_brand":[],"product_cat":[675],"product_tag":[489,570,491,506,571,508,509,531,492,481,572,573,574,472,516,517,575,576,461,462,464,465,577,578,579,580,581,501,503],"class_list":{"0":"post-1796","1":"product","2":"type-product","3":"status-publish","4":"has-post-thumbnail","6":"product_cat-buy-cali-buds","7":"product_tag-best-cali-packs","8":"product_tag-buy-cali-bud-or-no-bud-gas-online","9":"product_tag-buy-cali-bud-or-no-bud-online","10":"product_tag-buy-cali-buds","11":"product_tag-buy-gas-cali-bud-or-no-bud-online","12":"product_tag-buy-weed-online","13":"product_tag-by-the-best-cali-buds","14":"product_tag-cali-bud","15":"product_tag-cali-bud-or-no-bud","16":"product_tag-cali-bud-or-no-bud-for-sale","17":"product_tag-cali-bud-or-no-bud-gas","18":"product_tag-cali-bud-or-no-bud-gas-for-sale","19":"product_tag-cali-bud-or-no-bud-gas-near-me","20":"product_tag-cali-bud-or-no-bud-near-me","21":"product_tag-cali-flavors","22":"product_tag-cali-flavours","23":"product_tag-cali-gas","24":"product_tag-cali-gas-strain","25":"product_tag-cali-packs","26":"product_tag-cali-plug-cali-bud-or-no-bud","27":"product_tag-cali-weed-bags","28":"product_tag-cali-weed-flavors","29":"product_tag-gas-cali-bud-or-no-bud","30":"product_tag-gas-cali-bud-or-no-bud-for-sale","31":"product_tag-gas-cali-bud-or-no-bud-near-me","32":"product_tag-gas-strain","33":"product_tag-gas-weed-strain","34":"product_tag-marshmallow-strain","35":"product_tag-top-cali-bud-packs","36":"desktop-align-center","37":"tablet-align-left","38":"mobile-align-left","40":"first","41":"instock","42":"shipping-taxable","43":"purchasable","44":"product-type-variable"},"uagb_featured_image_src":{"full":["https:\/\/caliweedeurope.com\/wp-content\/uploads\/2024\/11\/galas.jpg",516,683,false],"thumbnail":["https:\/\/caliweedeurope.com\/wp-content\/uploads\/2024\/11\/galas-150x150.jpg",150,150,true],"medium":["https:\/\/caliweedeurope.com\/wp-content\/uploads\/2024\/11\/galas-227x300.jpg",227,300,true],"medium_large":["https:\/\/caliweedeurope.com\/wp-content\/uploads\/2024\/11\/galas.jpg",516,683,false],"large":["https:\/\/caliweedeurope.com\/wp-content\/uploads\/2024\/11\/galas.jpg",516,683,false],"1536x1536":["https:\/\/caliweedeurope.com\/wp-content\/uploads\/2024\/11\/galas.jpg",516,683,false],"2048x2048":["https:\/\/caliweedeurope.com\/wp-content\/uploads\/2024\/11\/galas.jpg",516,683,false],"trp-custom-language-flag":["https:\/\/caliweedeurope.com\/wp-content\/uploads\/2024\/11\/galas.jpg",9,12,false],"woocommerce_thumbnail":["https:\/\/caliweedeurope.com\/wp-content\/uploads\/2024\/11\/galas-300x300.jpg",300,300,true],"woocommerce_single":["https:\/\/caliweedeurope.com\/wp-content\/uploads\/2024\/11\/galas.jpg",516,683,false],"woocommerce_gallery_thumbnail":["https:\/\/caliweedeurope.com\/wp-content\/uploads\/2024\/11\/galas-100x100.jpg",100,100,true]},"uagb_author_info":{"display_name":"jetskiforsaleuk@gmail.com","author_link":"https:\/\/caliweedeurope.com\/fr\/author\/"},"uagb_comment_info":0,"uagb_excerpt":"Buy Cali Gas Bud Warning. This product contains Cannabis, a scheduled substance Keep out of the reach of children and animals. Cannabis products can only be possessed or consumed by persons 21+ years of age older unless the person is a qualified patient. The intoxicating effects of cannabis products may stay up to two hours.\u2026","_links":{"self":[{"href":"https:\/\/caliweedeurope.com\/fr\/wp-json\/wp\/v2\/product\/1796"}],"collection":[{"href":"https:\/\/caliweedeurope.com\/fr\/wp-json\/wp\/v2\/product"}],"about":[{"href":"https:\/\/caliweedeurope.com\/fr\/wp-json\/wp\/v2\/types\/product"}],"replies":[{"embeddable":true,"href":"https:\/\/caliweedeurope.com\/fr\/wp-json\/wp\/v2\/comments?post=1796"}],"wp:featuredmedia":[{"embeddable":true,"href":"https:\/\/caliweedeurope.com\/fr\/wp-json\/wp\/v2\/media\/1704"}],"wp:attachment":[{"href":"https:\/\/caliweedeurope.com\/fr\/wp-json\/wp\/v2\/media?parent=1796"}],"wp:term":[{"taxonomy":"product_brand","embeddable":true,"href":"https:\/\/caliweedeurope.com\/fr\/wp-json\/wp\/v2\/product_brand?post=1796"},{"taxonomy":"product_cat","embeddable":true,"href":"https:\/\/caliweedeurope.com\/fr\/wp-json\/wp\/v2\/product_cat?post=1796"},{"taxonomy":"product_tag","embeddable":true,"href":"https:\/\/caliweedeurope.com\/fr\/wp-json\/wp\/v2\/product_tag?post=1796"}],"curies":[{"name":"wp","href":"https:\/\/api.w.org\/{rel}","templated":true}]}}