{"id":1816,"date":"2024-11-05T18:39:28","date_gmt":"2024-11-05T18:39:28","guid":{"rendered":"https:\/\/caliweedeurope.com\/?post_type=product&#038;p=1816"},"modified":"2024-11-05T18:39:35","modified_gmt":"2024-11-05T18:39:35","slug":"buy-cali-plug-smuckers-strain-online","status":"publish","type":"product","link":"https:\/\/caliweedeurope.com\/fr\/product\/buy-cali-plug-smuckers-strain-online\/","title":{"rendered":"Achetez Cali Plug Smuckers Strain en ligne"},"content":{"rendered":"<h1 style=\"text-align: center\"><strong>\u00a0 \u00a0 \u00a0 \u00a0 \u00a0<\/strong><strong>SMUCKERS <\/strong><strong>\u00a0<\/strong><strong>CALI BUD OR NO BUD<\/strong><strong> |<\/strong> <strong>CALI BUD OR NO BUD <\/strong><strong>SMUCKERS <\/strong><strong>\u00a0|<\/strong> <strong>CALI PLUG CALI BUD OR NO BUD<\/strong><\/h1>\n<p><strong>Cali Plug Smuckers Strain<\/strong><br \/> Cali Smuckers est une souche hybride influente de cannabis, crois\u00e9e avec Strawberry et Grape Ape pour cr\u00e9er cette souche \u00e9tonnante. Cali Plug est fier de vous pr\u00e9senter cette vari\u00e9t\u00e9 tendance et haut de gamme.<\/p>\n<p><strong>Utilisations m\u00e9dicales de la vari\u00e9t\u00e9 de cannabis Cali Plug Smuckers<\/strong><br \/> La vari\u00e9t\u00e9 Cali Bud Smuckers est id\u00e9ale pour les patients souffrant d'anxi\u00e9t\u00e9 et de douleurs chroniques. Cette vari\u00e9t\u00e9 garantit un soulagement imm\u00e9diat de la douleur et de l'anxi\u00e9t\u00e9. Elle sert \u00e9galement de m\u00e9dicament contre les douleurs lancinantes ainsi que les naus\u00e9es. Cette vari\u00e9t\u00e9 peut aussi aider \u00e0 combattre les sympt\u00f4mes du PTSD. Achetez des souches Cali de qualit\u00e9 sup\u00e9rieure aupr\u00e8s de Cali Weed Plug pour des vrais buds et une livraison s\u00e9curis\u00e9e.<\/p>\n<p>Vous n'avez probablement jamais entendu parler de la vari\u00e9t\u00e9 Smuckers. La vari\u00e9t\u00e9 Smuckers est une nouvelle vari\u00e9t\u00e9 qui a \u00e9t\u00e9 introduite sur le march\u00e9 du cannabis il y a quelques mois. Cette vari\u00e9t\u00e9 gagne en popularit\u00e9 dans le monde entier, en particulier aux \u00c9tats-Unis, et la demande pour cette vari\u00e9t\u00e9 a augment\u00e9 d\u00e9but 2021. Quelle vari\u00e9t\u00e9 incroyable nous avons aujourd'hui. Le go\u00fbt est excellent, que ce soit sec ou allum\u00e9\u2026 les effets sont parfaits pour une soir\u00e9e d\u00e9tendue et une bonne nuit de sommeil. J'utilise un CPAP depuis 15 ans et je n'ai toujours pas bien dormi. Un voyage \u00e0 Paris et j'ai dormi mieux que jamais. La vari\u00e9t\u00e9 Smuckers a un ar\u00f4me sucr\u00e9, terreux, fruit\u00e9 et \u00e9pic\u00e9 avec un taux de THC sup\u00e9rieur \u00e0 22%. Les buds pr\u00e9sentent des taches vertes vives et des poils orange \u00e9clatants.<\/p>\n<h2 style=\"text-align: center\">\u00a0<strong>BUY\u00a0<\/strong><strong>SMUCKERS\u00a0<\/strong><strong>\u00a0CALI BUD OR NO BUD\u00a0 ONLINE | BUY CALI BUD OR NO BUD\u00a0<\/strong><strong>SMUCKERS\u00a0<\/strong><strong>\u00a0\u00a0ONLINE | BUY CALI BUD OR NO BUD ONLINE<\/strong><\/h2>\n<p>Les cultivateurs de cannabis se concentreraient sur la cr\u00e9ation de nouvelles vari\u00e9t\u00e9s qui \u00e9gayent votre journ\u00e9e et vous font vous sentir incroyable et d\u00e9tendu. Cela semble \u00eatre la v\u00e9ritable signification d'une vie bien v\u00e9cue. La vari\u00e9t\u00e9 Smuckers rejoint leur groupe de plantes exceptionnelles. La vari\u00e9t\u00e9 Smuckers procure un bon effet euphorique. Apr\u00e8s un premier \u00e9lan cr\u00e9atif, l'effet calmant sur le corps prend le relais. Il peut devenir engourdissant et soulager tous les types de douleurs. Finalement, la faim se fait sentir.<\/p>\n<p><strong>Culture de la vari\u00e9t\u00e9 de cannabis Smuckers<\/strong><br \/> Cette vari\u00e9t\u00e9 pousse de mani\u00e8re compacte et peut prosp\u00e9rer \u00e0 l'int\u00e9rieur, \u00e0 l'ext\u00e9rieur ou m\u00eame dans une serre. Les plantes doivent rester au moins un mois, voire cinq, en phase v\u00e9g\u00e9tative. La vari\u00e9t\u00e9 fleurit pendant huit \u00e0 neuf semaines et produit un gramme par watt \u00e0 l'int\u00e9rieur. Les cultivateurs ext\u00e9rieurs peuvent r\u00e9colter jusqu'\u00e0 une livre par plante.<\/p>\n<p><strong>Cali Smuckers<\/strong><\/p>\n<p>Cali Smuckers est une vari\u00e9t\u00e9 hybride influente de cannabis, crois\u00e9e avec la fraise et le raisin ape pour obtenir cette incroyable vari\u00e9t\u00e9. Cette vari\u00e9t\u00e9 est id\u00e9ale pour les patients souffrant d'anxi\u00e9t\u00e9 et de douleurs chroniques. Elle garantit un soulagement imm\u00e9diat de la douleur. Ses effets l\u00e9gers peuvent aider \u00e0 soulager certaines douleurs persistantes ainsi que des naus\u00e9es.<\/p>\n<p>&nbsp;<\/p>\n<h3 style=\"text-align: center\"><strong>SMUCKERS\u00a0<\/strong><strong>CALI BUD OR NO BUD FOR SALE | CALI BUD OR NO BUD\u00a0\u00a0<\/strong><strong>SMUCKERS\u00a0<\/strong><strong>\u00a0FOR SALE | CALI BUD OR NO BUD\u00a0 FOR SALE<\/strong><\/h3>\n<div><strong>O\u00f9 acheter la souche Smuck<\/strong><\/div>\n<div>\n<p>La vari\u00e9t\u00e9 Smuckers devient l'une des meilleures vari\u00e9t\u00e9s du march\u00e9 ces derniers temps. N\u00e9anmoins, il y a un nombre limit\u00e9 de fournisseurs de cette vari\u00e9t\u00e9 sur le march\u00e9. Par cons\u00e9quent, certains fournisseurs cherchent \u00e0 exploiter leurs acheteurs. Ainsi, lorsque vous choisissez un fournisseur pour la vari\u00e9t\u00e9 Smuckers, faites-le avec prudence. Vous pouvez toujours visiter notre site web pour vos besoins en cette vari\u00e9t\u00e9. En effet, nous faisons toujours de notre mieux pour r\u00e9pondre aux exigences de nos clients. C\u2019est pourquoi nous avons toujours un stock de cannabis Smuckers.<\/p>\n<\/p><\/div>\n<p><strong>Effets de la vari\u00e9t\u00e9 de cannabis Smuckers<\/strong><br \/> Effet physique, Euphorie, Relaxant, Somnolent, \u00c9levant<br \/> <strong>Peut soulager<\/strong><br \/> Anxi\u00e9t\u00e9, Douleurs chroniques, D\u00e9pression, Insomnie, ESPT, Stress<br \/> <strong>Saveurs<\/strong><br \/> Bonbon, Chocolat, Cr\u00e9meux, Fruit\u00e9, Sucr\u00e9, Doux<br \/> <strong>Ar\u00f4mes<\/strong><br \/> Chocolat, Terreux, Fruit\u00e9, Herbac\u00e9, Doux<\/p>\n<p>Cette vari\u00e9t\u00e9 peut \u00e9galement aider \u00e0 combattre les sympt\u00f4mes du SSPT. Cette souche reste courte et peut bien se d\u00e9velopper en int\u00e9rieur, en ext\u00e9rieur ou m\u00eame dans une serre. Les passionn\u00e9s devraient pr\u00e9voir au moins un mois, voire cinq, pour terminer la phase v\u00e9g\u00e9tative. La vari\u00e9t\u00e9 fleurit pendant huit \u00e0 neuf semaines et produit un gramme par watt en int\u00e9rieur. Les cultivateurs en ext\u00e9rieur peuvent r\u00e9colter jusqu'\u00e0 une livre par plante.<\/p>\n<h3 style=\"text-align: center\"><strong>CALI BUD OR NO BUD \u00a0SMUCKERS \u00a0\u00a0NEAR ME | SMUCKERS \u00a0\u00a0CALI BUD OR NO BUD\u00a0\u00a0 NEAR ME | CALI BUD OR NO BUD \u00a0NEAR ME<\/strong><\/h3>\n<div><strong>\u00a0<\/strong><\/div>\n<div>Une agr\u00e9able saveur de citron terreux et d'agrumes caract\u00e9risait la vari\u00e9t\u00e9 Smuckers. Je l'ai fum\u00e9e et c'\u00e9tait d\u00e9licieux. Le high \u00e9tait stimulant, joyeux, d\u00e9tendu, et procurait une sensation tr\u00e8s chill, parfaite pour jouer ou \u00e9couter de la musique. Je fumerais \u00e7a \u00e0 nouveau.<\/div>\n<p><strong>Avertissement concernant la vari\u00e9t\u00e9 de cannabis Smuckers<\/strong><br \/> Ce produit contient du cannabis, une substance r\u00e9glement\u00e9e. \u00c0 conserver hors de port\u00e9e des enfants et des animaux. Les produits \u00e0 base de cannabis ne peuvent \u00eatre poss\u00e9d\u00e9s ou consomm\u00e9s que par des personnes de 21 ans ou plus, sauf si la personne est un patient qualifi\u00e9. Les effets enivrants des produits \u00e0 base de cannabis peuvent durer jusqu'\u00e0 deux heures. L'utilisation de cannabis pendant la grossesse ou l'allaitement peut \u00eatre nuisible. La consommation de ces produits alt\u00e8re votre capacit\u00e9 \u00e0 conduire ou \u00e0 utiliser des machines. Veuillez faire preuve d'une extr\u00eame prudence.<\/p>\n<p class=\"p1\"><strong>Avertissement<\/strong><\/p>\n<p class=\"p1\">Troisi\u00e8mement, ce produit contient du cannabis, une substance contr\u00f4l\u00e9e. \u00c0 conserver hors de la port\u00e9e des enfants et des animaux. Les produits \u00e0 base de cannabis ne peuvent \u00eatre poss\u00e9d\u00e9s ou consomm\u00e9s que par des personnes \u00e2g\u00e9es de 21 ans ou plus, sauf si la personne est un patient qualifi\u00e9. Les effets enivrants des produits \u00e0 base de cannabis peuvent durer jusqu'\u00e0 deux heures. L'utilisation du cannabis pendant la grossesse ou l'allaitement peut \u00eatre nocive. La consommation de ces produits alt\u00e8re votre capacit\u00e9 \u00e0 conduire ou \u00e0 utiliser des machines. Veuillez faire preuve d'une extr\u00eame prudence.<\/p>\n<h4 class=\"p1\" style=\"text-align: center\"><strong>SMUCKERS STRAIN | SMUCKERS WEED STRAIN<\/strong><\/h4>\n<p><strong>Effets et bienfaits m\u00e9dicaux de la vari\u00e9t\u00e9<\/strong><\/p>\n<div class=\"translation-block\">Le cannabis contient des compos\u00e9s qui peuvent affecter votre cerveau et votre corps. Il peut \u00eatre addictif et, en m\u00eame temps, nuisible \u00e0 la sant\u00e9 de certaines personnes et vous rendre \u00e9galement high. Cependant, ces derni\u00e8res ann\u00e9es, le cannabis a gagn\u00e9 en acceptation publique et la plupart des \u00c9tats ont l\u00e9galis\u00e9 son utilisation. Les plantes de cannabis peuvent \u00eatre utilis\u00e9es pour traiter toute une gamme de<a href=\"https:\/\/myweedgroup.com\/product\/buy-smuckers-strain\/\" target=\"_blank\" rel=\"noopener\">probl\u00e8mes<\/a> mentaux et physiques. M\u00e9dicalement, la vari\u00e9t\u00e9 Smuckers est connue pour aider \u00e0 r\u00e9soudre des probl\u00e8mes de sommeil intenses. Cette vari\u00e9t\u00e9 est \u00e9galement connue pour aider grandement \u00e0 traiter la d\u00e9pression. La d\u00e9pression est assez r\u00e9pandue, sans que la plupart des gens sachent qu'ils en souffrent. Seuls les professionnels de sant\u00e9 peuvent le prouver. Cette vari\u00e9t\u00e9 aide \u00e9galement \u00e0 traiter les douleurs chroniques, le stress ou l'anxi\u00e9t\u00e9, l'insomnie, la perte d'app\u00e9tit et l'inflammation.<\/div>\n<div>\n<p><strong>Emballage de la vari\u00e9t\u00e9 Smuckers<\/strong><\/p>\n<div>\n<div>Toutes les souches exotiques et cookies sur notre site sont emball\u00e9es dans leurs sacs officiels, comme vu sur notre site Web. N'est-ce pas incroyable ? Oui, c'est le cas. Par cons\u00e9quent, vous n'avez pas \u00e0 payer d'extra pour les sacs. N'est-ce pas nous les meilleurs sur le march\u00e9 ? Alors, passez votre commande maintenant.<\/div>\n<div>\n<div>\n<div>\n<div>Il convient cependant de noter que la vari\u00e9t\u00e9 Smuckers conna\u00eet une popularit\u00e9 croissante ces derniers jours. Par cons\u00e9quent, la vari\u00e9t\u00e9 renforce la popularit\u00e9 d'autres vari\u00e9t\u00e9s. Il convient donc de prendre en compte un bon suivi de cette vari\u00e9t\u00e9. Smuckers Weed.<\/div>\n<div><\/div>\n<\/p><\/div>\n<\/p><\/div>\n<div>\n<div data-testid=\"product-description\">\n<div class=\"truncate-lines__Wrapper-sc-1lknwty-0 YxHAC\">\n<div data-testid=\"truncated-description\">\n<div>\n<div class=\"text__Text-sc-fif1uk-0 kdmKRD\">\n<div class=\"src__Box-sc-1sbtrzs-0 src__Flex-sc-1sbtrzs-1 kWPFqZ hzdsvF\">\n<div>EXEMPLES DE CAT\u00c9GORIES DE PRODUITS<\/div>\n<\/p><\/div>\n<\/p><\/div>\n<\/p><\/div>\n<\/p><\/div>\n<\/p><\/div>\n<\/p><\/div>\n<div class=\"text__Text-sc-fif1uk-0 htoJfX\"><a href=\"https:\/\/jeetersofficial.com\/product-category\/buy-cali-buds\/\" target=\"_blank\" rel=\"noopener\">CALI BUDS<\/a><\/div>\n<div data-testid=\"product-description\">\n<div class=\"truncate-lines__Wrapper-sc-1lknwty-0 YxHAC\">\n<div data-testid=\"truncated-description\">\n<div class=\"text__Text-sc-fif1uk-0 kdmKRD\"><a href=\"https:\/\/jeetersofficial.com\/product-category\/backpack-boyz\/\" target=\"_blank\" rel=\"noopener\">Backpack\u00a0 Boyz<\/a><\/div>\n<div><a href=\"https:\/\/jeetersofficial.com\/product-category\/snow-balls-weed\/\" target=\"_blank\" rel=\"noopener\">SNOWBALLS WEED<\/a><\/div>\n<div><a href=\"https:\/\/jeetersofficial.com\/product-category\/persy-snowcaps\/\" target=\"_blank\" rel=\"noopener\">Persy Snowcaps<\/a><\/div>\n<div><a href=\"https:\/\/jeetersofficial.com\/product-category\/drip-snowcaps\/\" target=\"_blank\" rel=\"noopener\">Drip Snowcaps<\/a><\/div>\n<div><a href=\"https:\/\/jeetersofficial.com\/product-category\/concentrates\/\" target=\"_blank\" rel=\"noopener\">CALI CONCENTRATES<\/a><\/div>\n<div><a href=\"https:\/\/jeetersofficial.com\/product-category\/doja-exclusive\/\" target=\"_blank\" rel=\"noopener\">CALI DOJA PACKS EXCLUSIVE<\/a><\/div>\n<div><a href=\"https:\/\/jeetersofficial.com\/product-category\/marijuana-flowers\/\" target=\"_blank\" rel=\"noopener\">CALI MARIJUANA FLOWERS<\/a><\/div>\n<\/p><\/div>\n<\/p><\/div>\n<\/p><\/div>\n<div><a href=\"https:\/\/jeetersofficial.com\/product-category\/sativa-strain\/\" target=\"_blank\" rel=\"noopener\">CALI SATIVA STRAINS<\/a><\/div>\n<div><a href=\"https:\/\/jeetersofficial.com\/product-category\/indica\/\" target=\"_blank\" rel=\"noopener\">CALI INDICA STRAINS<\/a><\/div>\n<div><a href=\"https:\/\/jeetersofficial.com\/product-category\/hybrid-weed\/\" target=\"_blank\" rel=\"noopener\">CALI HYBRID WEED<\/a><\/div>\n<\/p><\/div>\n<\/p><\/div>\n<\/p><\/div>\n<\/p><\/div>","protected":false},"excerpt":{"rendered":"<p><strong>Cali Plug Smuckers Strain<\/strong><br \/> Cali Smuckers est une souche hybride influente de cannabis, crois\u00e9e avec Strawberry et Grape Ape pour cr\u00e9er cette souche \u00e9tonnante. Cali Plug est fier de vous pr\u00e9senter cette vari\u00e9t\u00e9 tendance et haut de gamme.<\/p>","protected":false},"featured_media":1835,"comment_status":"closed","ping_status":"closed","template":"","meta":{"_uag_custom_page_level_css":"","site-sidebar-layout":"default","site-content-layout":"","ast-site-content-layout":"default","site-content-style":"default","site-sidebar-style":"default","ast-global-header-display":"","ast-banner-title-visibility":"","ast-main-header-display":"","ast-hfb-above-header-display":"","ast-hfb-below-header-display":"","ast-hfb-mobile-header-display":"","site-post-title":"","ast-breadcrumbs-content":"","ast-featured-img":"","footer-sml-layout":"","ast-disable-related-posts":"","theme-transparent-header-meta":"","adv-header-id-meta":"","stick-header-meta":"","header-above-stick-meta":"","header-main-stick-meta":"","header-below-stick-meta":"","astra-migrate-meta-layouts":"default","ast-page-background-enabled":"default","ast-page-background-meta":{"desktop":{"background-color":"var(--ast-global-color-5)","background-image":"","background-repeat":"repeat","background-position":"center center","background-size":"auto","background-attachment":"scroll","background-type":"","background-media":"","overlay-type":"","overlay-color":"","overlay-opacity":"","overlay-gradient":""},"tablet":{"background-color":"","background-image":"","background-repeat":"repeat","background-position":"center center","background-size":"auto","background-attachment":"scroll","background-type":"","background-media":"","overlay-type":"","overlay-color":"","overlay-opacity":"","overlay-gradient":""},"mobile":{"background-color":"","background-image":"","background-repeat":"repeat","background-position":"center center","background-size":"auto","background-attachment":"scroll","background-type":"","background-media":"","overlay-type":"","overlay-color":"","overlay-opacity":"","overlay-gradient":""}},"ast-content-background-meta":{"desktop":{"background-color":"var(--ast-global-color-4)","background-image":"","background-repeat":"repeat","background-position":"center center","background-size":"auto","background-attachment":"scroll","background-type":"","background-media":"","overlay-type":"","overlay-color":"","overlay-opacity":"","overlay-gradient":""},"tablet":{"background-color":"var(--ast-global-color-4)","background-image":"","background-repeat":"repeat","background-position":"center center","background-size":"auto","background-attachment":"scroll","background-type":"","background-media":"","overlay-type":"","overlay-color":"","overlay-opacity":"","overlay-gradient":""},"mobile":{"background-color":"var(--ast-global-color-4)","background-image":"","background-repeat":"repeat","background-position":"center center","background-size":"auto","background-attachment":"scroll","background-type":"","background-media":"","overlay-type":"","overlay-color":"","overlay-opacity":"","overlay-gradient":""}}},"product_brand":[],"product_cat":[675],"product_tag":[489,491,709,506,710,508,509,510,492,481,472,711,712,713,515,518,461,462,714,465,715,467,716,717,718,719,720,721,722,723,724,725,726,727,728,729,730,731,732,733,734,735,736],"class_list":{"0":"post-1816","1":"product","2":"type-product","3":"status-publish","4":"has-post-thumbnail","6":"product_cat-buy-cali-buds","7":"product_tag-best-cali-packs","8":"product_tag-buy-cali-bud-or-no-bud-online","9":"product_tag-buy-cali-bud-or-no-bud-smuckers-online","10":"product_tag-buy-cali-buds","11":"product_tag-buy-smuckers-strain","12":"product_tag-buy-weed-online","13":"product_tag-by-the-best-cali-buds","14":"product_tag-cali-bags","15":"product_tag-cali-bud-or-no-bud","16":"product_tag-cali-bud-or-no-bud-for-sale","17":"product_tag-cali-bud-or-no-bud-near-me","18":"product_tag-cali-bud-or-no-bud-smuckers","19":"product_tag-cali-bud-or-no-bud-smuckers-for-sale","20":"product_tag-cali-bud-or-no-bud-smuckers-near-me","21":"product_tag-cali-buds-online","22":"product_tag-cali-gush-lato","23":"product_tag-cali-packs","24":"product_tag-cali-plug-cali-bud-or-no-bud","25":"product_tag-cali-smuckers-strain","26":"product_tag-cali-weed-flavors","27":"product_tag-exotics-bud-packs","28":"product_tag-hardball-cookies","29":"product_tag-smuckers-cali-bud-or-no-bud","30":"product_tag-smuckers-cali-bud-or-no-bud-near-me","31":"product_tag-smuckers-cali-strain","32":"product_tag-smuckers-marijuana","33":"product_tag-smuckers-strain","34":"product_tag-smuckers-strain-allbud","35":"product_tag-smuckers-strain-buy","36":"product_tag-smuckers-strain-buy-smuckers-cali-bud-or-no-bud-online","37":"product_tag-smuckers-strain-for-sale","38":"product_tag-smuckers-strain-germany","39":"product_tag-smuckers-strain-ireland","40":"product_tag-smuckers-strain-italy","41":"product_tag-smuckers-strain-online","42":"product_tag-smuckers-strain-review","43":"product_tag-smuckers-strain-reviewssmuckers-strain","44":"product_tag-smuckers-strain-uk","45":"product_tag-smuckers-strain-usa","46":"product_tag-smuckers-strain-weedmaps","47":"product_tag-smuckers-weed","48":"product_tag-smuckers-weed-strain","49":"product_tag-smuckers-weed-strain-smuckers-cali-bud-or-no-bud-for-sale","50":"desktop-align-center","51":"tablet-align-left","52":"mobile-align-left","54":"first","55":"instock","56":"shipping-taxable","57":"purchasable","58":"product-type-variable"},"uagb_featured_image_src":{"full":["https:\/\/caliweedeurope.com\/wp-content\/uploads\/2024\/11\/smuckers.jpg",384,511,false],"thumbnail":["https:\/\/caliweedeurope.com\/wp-content\/uploads\/2024\/11\/smuckers-150x150.jpg",150,150,true],"medium":["https:\/\/caliweedeurope.com\/wp-content\/uploads\/2024\/11\/smuckers-225x300.jpg",225,300,true],"medium_large":["https:\/\/caliweedeurope.com\/wp-content\/uploads\/2024\/11\/smuckers.jpg",384,511,false],"large":["https:\/\/caliweedeurope.com\/wp-content\/uploads\/2024\/11\/smuckers.jpg",384,511,false],"1536x1536":["https:\/\/caliweedeurope.com\/wp-content\/uploads\/2024\/11\/smuckers.jpg",384,511,false],"2048x2048":["https:\/\/caliweedeurope.com\/wp-content\/uploads\/2024\/11\/smuckers.jpg",384,511,false],"trp-custom-language-flag":["https:\/\/caliweedeurope.com\/wp-content\/uploads\/2024\/11\/smuckers.jpg",9,12,false],"woocommerce_thumbnail":["https:\/\/caliweedeurope.com\/wp-content\/uploads\/2024\/11\/smuckers-300x300.jpg",300,300,true],"woocommerce_single":["https:\/\/caliweedeurope.com\/wp-content\/uploads\/2024\/11\/smuckers.jpg",384,511,false],"woocommerce_gallery_thumbnail":["https:\/\/caliweedeurope.com\/wp-content\/uploads\/2024\/11\/smuckers-100x100.jpg",100,100,true]},"uagb_author_info":{"display_name":"jetskiforsaleuk@gmail.com","author_link":"https:\/\/caliweedeurope.com\/fr\/author\/"},"uagb_comment_info":0,"uagb_excerpt":"Cali Plug Smuckers Strain Cali Smuckers is an influential cannabis hybrid strain cross with strawberry and grape ape to get this astonishing strain. The Cali Plug is Proud to introduce to you this trending and top-shelf. bud strain.","_links":{"self":[{"href":"https:\/\/caliweedeurope.com\/fr\/wp-json\/wp\/v2\/product\/1816"}],"collection":[{"href":"https:\/\/caliweedeurope.com\/fr\/wp-json\/wp\/v2\/product"}],"about":[{"href":"https:\/\/caliweedeurope.com\/fr\/wp-json\/wp\/v2\/types\/product"}],"replies":[{"embeddable":true,"href":"https:\/\/caliweedeurope.com\/fr\/wp-json\/wp\/v2\/comments?post=1816"}],"wp:featuredmedia":[{"embeddable":true,"href":"https:\/\/caliweedeurope.com\/fr\/wp-json\/wp\/v2\/media\/1835"}],"wp:attachment":[{"href":"https:\/\/caliweedeurope.com\/fr\/wp-json\/wp\/v2\/media?parent=1816"}],"wp:term":[{"taxonomy":"product_brand","embeddable":true,"href":"https:\/\/caliweedeurope.com\/fr\/wp-json\/wp\/v2\/product_brand?post=1816"},{"taxonomy":"product_cat","embeddable":true,"href":"https:\/\/caliweedeurope.com\/fr\/wp-json\/wp\/v2\/product_cat?post=1816"},{"taxonomy":"product_tag","embeddable":true,"href":"https:\/\/caliweedeurope.com\/fr\/wp-json\/wp\/v2\/product_tag?post=1816"}],"curies":[{"name":"wp","href":"https:\/\/api.w.org\/{rel}","templated":true}]}}