{"id":1840,"date":"2024-11-06T02:41:01","date_gmt":"2024-11-06T02:41:01","guid":{"rendered":"https:\/\/caliweedeurope.com\/?post_type=product&#038;p=1840"},"modified":"2024-11-06T02:41:02","modified_gmt":"2024-11-06T02:41:02","slug":"watermelon-moon-rocks-30grammes","status":"publish","type":"product","link":"https:\/\/caliweedeurope.com\/fr\/product\/watermelon-moon-rocks-30grammes\/","title":{"rendered":"Watermelon Moon Rocks 30 grammes"},"content":{"rendered":"<section>\n<h2>Watermelon Moon Rocks 30 grammes<\/h2>\n<p>Watermelon Moon Rocks produit des effets relaxants, ce qui le rend utile comme aide au sommeil ou stimulateur d'app\u00e9tit.<\/p>\n<p>Watermelon Moon Rocks sont fabriqu\u00e9s lorsque des fleurs de cannabis de haute qualit\u00e9 et premium sont infus\u00e9es avec un distillat de THC exceptionnel, sans solvants. Cette infusion est roul\u00e9e dans du kief ultra-puissant. Toute cette infusion et ce m\u00e9lange donnent des nuggets denses qui offrent une teneur en THC tr\u00e8s \u00e9lev\u00e9e. La forme finale est donn\u00e9e en les transformant en rouleaux pour fumer et vendus sous forme de Moonrocks Watermelon Pre Rolls.<\/p>\n<p>Les Watermelon Moon Rocks Pre Rolls ont un go\u00fbt extr\u00eamement doux, rappelant le raisin avec des sous-notes de hasch, et vous apportent une telle paix et tranquillit\u00e9 que la douleur, les maux m\u00e9dicaux et toutes les pr\u00e9occupations disparaissent avec une facilit\u00e9 beurr\u00e9e.<\/p>\n<p>Ces Watermelon Moon Rocks Pre Rolls sont con\u00e7us pour les fumeurs de tous niveaux. La puissance des Moonrocks emm\u00e8nera un fumeur exp\u00e9riment\u00e9 jusqu\u2019\u00e0 la lune, tandis que les d\u00e9butants pourront appr\u00e9cier le profil de saveur unique de la past\u00e8que, d\u00e9riv\u00e9 d\u2019un m\u00e9lange irr\u00e9sistible de fleurs de premi\u00e8re qualit\u00e9, de distillat clair, de kief et de terp\u00e8nes enti\u00e8rement naturels au go\u00fbt d\u00e9licieux.<\/p>\n<p class=\"translation-block\">Achetez des Watermelon Moonrocks Pre Rolls sur Jeetersofficial <a href=\"https:\/\/jeetersofficial.com\/\" target=\"_blank\" rel=\"noopener\">boutique de cannabis en ligne<\/a>. Il est garanti de vous emmener au sommet de l'extase et de la joie. Il vous apportera une satisfaction in\u00e9gal\u00e9e ainsi que la paix et le bonheur absolus.<\/p>\n<p>Vous pouvez passer votre commande de Moonrocks Watermelon Pre Roll sur notre boutique en ligne de marijuana et elle vous parviendra en toute s\u00e9curit\u00e9 et dans les plus brefs d\u00e9lais. Nous attachons une grande importance \u00e0 ce que vous receviez votre livraison sans aucun retard. Il vous suffit de commander votre produit via une proc\u00e9dure de commande en ligne tr\u00e8s conviviale, et vous le recevrez tr\u00e8s bient\u00f4t. Nous commen\u00e7ons \u00e0 exp\u00e9dier les commandes d\u00e8s que les paiements sont confirm\u00e9s, donc vous recevrez votre commande en un clin d'\u0153il. Quelle que soit la situation, nos colis arrivent \u00e0 destination \u00e0 temps. Vous pouvez avoir une confiance totale en nous, car nous ne laissons jamais nos clients dans l'embarras.<\/p>\n<p>H\u00e9sitez-vous encore ? Ne le faites pas. Commandez des Moonrocks Watermelon Pre Rolls dans notre boutique en ligne de cannabis et amusez-vous \u00e0 fond.<\/p>\n<\/section>","protected":false},"excerpt":{"rendered":"<p>28 grammes de Watermelon Moon Rocks sont ravis de proposer leur ligne de produits de haute qualit\u00e9 et coh\u00e9rents. Leurs Moonrocks d\u00e9licieusement aromatis\u00e9s produisent une euphorie surnaturelle. Ils ont d\u00e9velopp\u00e9 des bourgeons de marijuana recouverts de concentr\u00e9s pour ceux qui se sentent un peu ou beaucoup hors de leur orbite. Les clients qui pr\u00e9f\u00e8rent un m\u00e9lange de kief, de concentr\u00e9s et de fleurs pour apaiser leurs maux appr\u00e9cieront l'euphorie intense et les saveurs d\u00e9licieuses que Moonrock propose.<\/p>","protected":false},"featured_media":1845,"comment_status":"closed","ping_status":"closed","template":"","meta":{"_uag_custom_page_level_css":"","site-sidebar-layout":"default","site-content-layout":"","ast-site-content-layout":"","site-content-style":"default","site-sidebar-style":"default","ast-global-header-display":"","ast-banner-title-visibility":"","ast-main-header-display":"","ast-hfb-above-header-display":"","ast-hfb-below-header-display":"","ast-hfb-mobile-header-display":"","site-post-title":"","ast-breadcrumbs-content":"","ast-featured-img":"","footer-sml-layout":"","theme-transparent-header-meta":"","adv-header-id-meta":"","stick-header-meta":"","header-above-stick-meta":"","header-main-stick-meta":"","header-below-stick-meta":"","astra-migrate-meta-layouts":"default","ast-page-background-enabled":"default","ast-page-background-meta":{"desktop":{"background-color":"var(--ast-global-color-4)","background-image":"","background-repeat":"repeat","background-position":"center center","background-size":"auto","background-attachment":"scroll","background-type":"","background-media":"","overlay-type":"","overlay-color":"","overlay-opacity":"","overlay-gradient":""},"tablet":{"background-color":"","background-image":"","background-repeat":"repeat","background-position":"center center","background-size":"auto","background-attachment":"scroll","background-type":"","background-media":"","overlay-type":"","overlay-color":"","overlay-opacity":"","overlay-gradient":""},"mobile":{"background-color":"","background-image":"","background-repeat":"repeat","background-position":"center center","background-size":"auto","background-attachment":"scroll","background-type":"","background-media":"","overlay-type":"","overlay-color":"","overlay-opacity":"","overlay-gradient":""}},"ast-content-background-meta":{"desktop":{"background-color":"var(--ast-global-color-5)","background-image":"","background-repeat":"repeat","background-position":"center center","background-size":"auto","background-attachment":"scroll","background-type":"","background-media":"","overlay-type":"","overlay-color":"","overlay-opacity":"","overlay-gradient":""},"tablet":{"background-color":"var(--ast-global-color-5)","background-image":"","background-repeat":"repeat","background-position":"center center","background-size":"auto","background-attachment":"scroll","background-type":"","background-media":"","overlay-type":"","overlay-color":"","overlay-opacity":"","overlay-gradient":""},"mobile":{"background-color":"var(--ast-global-color-5)","background-image":"","background-repeat":"repeat","background-position":"center center","background-size":"auto","background-attachment":"scroll","background-type":"","background-media":"","overlay-type":"","overlay-color":"","overlay-opacity":"","overlay-gradient":""}}},"product_brand":[],"product_cat":[748],"product_tag":[],"class_list":{"0":"post-1840","1":"product","2":"type-product","3":"status-publish","4":"has-post-thumbnail","6":"product_cat-weed-moonrock","7":"desktop-align-center","8":"tablet-align-left","9":"mobile-align-left","11":"first","12":"instock","13":"sale","14":"shipping-taxable","15":"purchasable","16":"product-type-simple"},"uagb_featured_image_src":{"full":["https:\/\/caliweedeurope.com\/wp-content\/uploads\/2024\/11\/MoonRock-MoonRocks-Watermelon.jpg",600,600,false],"thumbnail":["https:\/\/caliweedeurope.com\/wp-content\/uploads\/2024\/11\/MoonRock-MoonRocks-Watermelon-150x150.jpg",150,150,true],"medium":["https:\/\/caliweedeurope.com\/wp-content\/uploads\/2024\/11\/MoonRock-MoonRocks-Watermelon-300x300.jpg",300,300,true],"medium_large":["https:\/\/caliweedeurope.com\/wp-content\/uploads\/2024\/11\/MoonRock-MoonRocks-Watermelon.jpg",600,600,false],"large":["https:\/\/caliweedeurope.com\/wp-content\/uploads\/2024\/11\/MoonRock-MoonRocks-Watermelon.jpg",600,600,false],"1536x1536":["https:\/\/caliweedeurope.com\/wp-content\/uploads\/2024\/11\/MoonRock-MoonRocks-Watermelon.jpg",600,600,false],"2048x2048":["https:\/\/caliweedeurope.com\/wp-content\/uploads\/2024\/11\/MoonRock-MoonRocks-Watermelon.jpg",600,600,false],"trp-custom-language-flag":["https:\/\/caliweedeurope.com\/wp-content\/uploads\/2024\/11\/MoonRock-MoonRocks-Watermelon.jpg",12,12,false],"woocommerce_thumbnail":["https:\/\/caliweedeurope.com\/wp-content\/uploads\/2024\/11\/MoonRock-MoonRocks-Watermelon-300x300.jpg",300,300,true],"woocommerce_single":["https:\/\/caliweedeurope.com\/wp-content\/uploads\/2024\/11\/MoonRock-MoonRocks-Watermelon.jpg",600,600,false],"woocommerce_gallery_thumbnail":["https:\/\/caliweedeurope.com\/wp-content\/uploads\/2024\/11\/MoonRock-MoonRocks-Watermelon-100x100.jpg",100,100,true]},"uagb_author_info":{"display_name":"jetskiforsaleuk@gmail.com","author_link":"https:\/\/caliweedeurope.com\/fr\/author\/"},"uagb_comment_info":0,"uagb_excerpt":"28 grams Watermelon Moon Rocks is delighted to offer its line of high-quality, consistent products. Their deliciously flavored Moonrocks produce otherworldly euphoria. They have developed concentrate covered marijuana buds for folks feeling a little or a lot out of orbit. Clients who prefer a concoction of keif, concentrates, and flowers to calm their ailments will\u2026","_links":{"self":[{"href":"https:\/\/caliweedeurope.com\/fr\/wp-json\/wp\/v2\/product\/1840"}],"collection":[{"href":"https:\/\/caliweedeurope.com\/fr\/wp-json\/wp\/v2\/product"}],"about":[{"href":"https:\/\/caliweedeurope.com\/fr\/wp-json\/wp\/v2\/types\/product"}],"replies":[{"embeddable":true,"href":"https:\/\/caliweedeurope.com\/fr\/wp-json\/wp\/v2\/comments?post=1840"}],"wp:featuredmedia":[{"embeddable":true,"href":"https:\/\/caliweedeurope.com\/fr\/wp-json\/wp\/v2\/media\/1845"}],"wp:attachment":[{"href":"https:\/\/caliweedeurope.com\/fr\/wp-json\/wp\/v2\/media?parent=1840"}],"wp:term":[{"taxonomy":"product_brand","embeddable":true,"href":"https:\/\/caliweedeurope.com\/fr\/wp-json\/wp\/v2\/product_brand?post=1840"},{"taxonomy":"product_cat","embeddable":true,"href":"https:\/\/caliweedeurope.com\/fr\/wp-json\/wp\/v2\/product_cat?post=1840"},{"taxonomy":"product_tag","embeddable":true,"href":"https:\/\/caliweedeurope.com\/fr\/wp-json\/wp\/v2\/product_tag?post=1840"}],"curies":[{"name":"wp","href":"https:\/\/api.w.org\/{rel}","templated":true}]}}