{"id":1841,"date":"2024-11-06T02:41:01","date_gmt":"2024-11-06T02:41:01","guid":{"rendered":"https:\/\/caliweedeurope.com\/?post_type=product&#038;p=1841"},"modified":"2024-11-06T02:41:04","modified_gmt":"2024-11-06T02:41:04","slug":"moonrock-banana-split-30-grammes","status":"publish","type":"product","link":"https:\/\/caliweedeurope.com\/fr\/product\/moonrock-banana-split-30-grammes\/","title":{"rendered":"Achetez Moonrock Banana Split 30 Grammes"},"content":{"rendered":"<section>\n<h2>Aper\u00e7u de Moonrock Banana Split<\/h2>\n<table width=\"1278\">\n<tbody>\n<tr>\n<th>CONTENU EN CANNABINO\u00cfDES<\/th>\n<td>57.8%<\/td>\n<\/tr>\n<tr>\n<th>POIDS<\/th>\n<td>1,2 g (Fleur OG Kush, Huile de Miel &amp; Kief)<\/td>\n<\/tr>\n<tr>\n<th>EFFETS M\u00c9DICAUX<\/th>\n<td>Stress, Anxi\u00e9t\u00e9, D\u00e9pression, Douleur &amp; Insomnie<\/td>\n<\/tr>\n<tr>\n<th>Effets<\/th>\n<td>Heureux, Elev\u00e9, Euphoriques, \u00c9nergique &amp; D\u00e9tendu<\/td>\n<\/tr>\n<\/tbody>\n<\/table>\n<\/section>","protected":false},"excerpt":{"rendered":"<p>Avez-vous d\u00e9j\u00e0 eu l'impression d'\u00eatre tellement d\u00e9fonc\u00e9 que vous pouviez toucher la lune ? Maintenant, avec Moonrock Banana Split, vous pouvez vous en approcher autant que possible sans avoir besoin de mat\u00e9riel d'astronaute ! Moonrock Banana Split est un produit de cannabis notoire qui a \u00e9t\u00e9 r\u00e9volutionn\u00e9 par le c\u00e9l\u00e8bre rappeur de la c\u00f4te ouest, Kurupt. Ces petites p\u00e9pites sont des centrales de THC \u2013 essentiellement, Moonrock Banana Split se composent de bourgeons de cannabis puissants tremp\u00e9s dans des couches d'huile de cannabis telles que de l'huile de haschisch, de l'huile de miel ou de l'huile de haschisch au butane et des trichomes de kief jusqu'\u00e0 ce qu'elles soient compl\u00e8tement recouvertes. Les niveaux de THC pour Moonrock Banana Split peuvent varier, mais se situent g\u00e9n\u00e9ralement autour de 50-60%, <a href=\"https:\/\/www.purecannastore.com\/\">moyen<\/a>compar\u00e9 aux fleurs traditionnelles, dont la teneur en THC est en moyenne d'environ 20 %. Ces bourgeons puissants sont connus pour \u00eatre extr\u00eamement riches en terp\u00e8nes, gr\u00e2ce \u00e0 la souche sp\u00e9cifique de la fleur, l'huile de haschisch et le kief utilis\u00e9s.<\/p>","protected":false},"featured_media":1846,"comment_status":"closed","ping_status":"closed","template":"","meta":{"_uag_custom_page_level_css":"","site-sidebar-layout":"default","site-content-layout":"","ast-site-content-layout":"default","site-content-style":"default","site-sidebar-style":"default","ast-global-header-display":"","ast-banner-title-visibility":"","ast-main-header-display":"","ast-hfb-above-header-display":"","ast-hfb-below-header-display":"","ast-hfb-mobile-header-display":"","site-post-title":"","ast-breadcrumbs-content":"","ast-featured-img":"","footer-sml-layout":"","ast-disable-related-posts":"","theme-transparent-header-meta":"","adv-header-id-meta":"","stick-header-meta":"","header-above-stick-meta":"","header-main-stick-meta":"","header-below-stick-meta":"","astra-migrate-meta-layouts":"default","ast-page-background-enabled":"default","ast-page-background-meta":{"desktop":{"background-color":"var(--ast-global-color-5)","background-image":"","background-repeat":"repeat","background-position":"center center","background-size":"auto","background-attachment":"scroll","background-type":"","background-media":"","overlay-type":"","overlay-color":"","overlay-opacity":"","overlay-gradient":""},"tablet":{"background-color":"","background-image":"","background-repeat":"repeat","background-position":"center center","background-size":"auto","background-attachment":"scroll","background-type":"","background-media":"","overlay-type":"","overlay-color":"","overlay-opacity":"","overlay-gradient":""},"mobile":{"background-color":"","background-image":"","background-repeat":"repeat","background-position":"center center","background-size":"auto","background-attachment":"scroll","background-type":"","background-media":"","overlay-type":"","overlay-color":"","overlay-opacity":"","overlay-gradient":""}},"ast-content-background-meta":{"desktop":{"background-color":"var(--ast-global-color-4)","background-image":"","background-repeat":"repeat","background-position":"center center","background-size":"auto","background-attachment":"scroll","background-type":"","background-media":"","overlay-type":"","overlay-color":"","overlay-opacity":"","overlay-gradient":""},"tablet":{"background-color":"var(--ast-global-color-4)","background-image":"","background-repeat":"repeat","background-position":"center center","background-size":"auto","background-attachment":"scroll","background-type":"","background-media":"","overlay-type":"","overlay-color":"","overlay-opacity":"","overlay-gradient":""},"mobile":{"background-color":"var(--ast-global-color-4)","background-image":"","background-repeat":"repeat","background-position":"center center","background-size":"auto","background-attachment":"scroll","background-type":"","background-media":"","overlay-type":"","overlay-color":"","overlay-opacity":"","overlay-gradient":""}}},"product_brand":[],"product_cat":[748],"product_tag":[749],"class_list":{"0":"post-1841","1":"product","2":"type-product","3":"status-publish","4":"has-post-thumbnail","6":"product_cat-weed-moonrock","7":"product_tag-moonrock-banana-split","8":"desktop-align-center","9":"tablet-align-left","10":"mobile-align-left","12":"first","13":"instock","14":"sale","15":"shipping-taxable","16":"purchasable","17":"product-type-simple"},"uagb_featured_image_src":{"full":["https:\/\/caliweedeurope.com\/wp-content\/uploads\/2024\/11\/Moonrock-Banana-Split.jpg",1000,1000,false],"thumbnail":["https:\/\/caliweedeurope.com\/wp-content\/uploads\/2024\/11\/Moonrock-Banana-Split-150x150.jpg",150,150,true],"medium":["https:\/\/caliweedeurope.com\/wp-content\/uploads\/2024\/11\/Moonrock-Banana-Split-300x300.jpg",300,300,true],"medium_large":["https:\/\/caliweedeurope.com\/wp-content\/uploads\/2024\/11\/Moonrock-Banana-Split-768x768.jpg",768,768,true],"large":["https:\/\/caliweedeurope.com\/wp-content\/uploads\/2024\/11\/Moonrock-Banana-Split.jpg",1000,1000,false],"1536x1536":["https:\/\/caliweedeurope.com\/wp-content\/uploads\/2024\/11\/Moonrock-Banana-Split.jpg",1000,1000,false],"2048x2048":["https:\/\/caliweedeurope.com\/wp-content\/uploads\/2024\/11\/Moonrock-Banana-Split.jpg",1000,1000,false],"trp-custom-language-flag":["https:\/\/caliweedeurope.com\/wp-content\/uploads\/2024\/11\/Moonrock-Banana-Split.jpg",12,12,false],"woocommerce_thumbnail":["https:\/\/caliweedeurope.com\/wp-content\/uploads\/2024\/11\/Moonrock-Banana-Split-300x300.jpg",300,300,true],"woocommerce_single":["https:\/\/caliweedeurope.com\/wp-content\/uploads\/2024\/11\/Moonrock-Banana-Split-600x600.jpg",600,600,true],"woocommerce_gallery_thumbnail":["https:\/\/caliweedeurope.com\/wp-content\/uploads\/2024\/11\/Moonrock-Banana-Split-100x100.jpg",100,100,true]},"uagb_author_info":{"display_name":"jetskiforsaleuk@gmail.com","author_link":"https:\/\/caliweedeurope.com\/fr\/author\/"},"uagb_comment_info":0,"uagb_excerpt":"Have you ever felt like you were so high that you could touch the moon? Now with Moonrock Banana Split, you can get as close as humanly possible without requiring any astronaut gear! Moonrock Banana Split are a notorious cannabis product that was revolutionized by popular West Coast rapper Kurupt. These little nuggets are THC\u2026","_links":{"self":[{"href":"https:\/\/caliweedeurope.com\/fr\/wp-json\/wp\/v2\/product\/1841"}],"collection":[{"href":"https:\/\/caliweedeurope.com\/fr\/wp-json\/wp\/v2\/product"}],"about":[{"href":"https:\/\/caliweedeurope.com\/fr\/wp-json\/wp\/v2\/types\/product"}],"replies":[{"embeddable":true,"href":"https:\/\/caliweedeurope.com\/fr\/wp-json\/wp\/v2\/comments?post=1841"}],"wp:featuredmedia":[{"embeddable":true,"href":"https:\/\/caliweedeurope.com\/fr\/wp-json\/wp\/v2\/media\/1846"}],"wp:attachment":[{"href":"https:\/\/caliweedeurope.com\/fr\/wp-json\/wp\/v2\/media?parent=1841"}],"wp:term":[{"taxonomy":"product_brand","embeddable":true,"href":"https:\/\/caliweedeurope.com\/fr\/wp-json\/wp\/v2\/product_brand?post=1841"},{"taxonomy":"product_cat","embeddable":true,"href":"https:\/\/caliweedeurope.com\/fr\/wp-json\/wp\/v2\/product_cat?post=1841"},{"taxonomy":"product_tag","embeddable":true,"href":"https:\/\/caliweedeurope.com\/fr\/wp-json\/wp\/v2\/product_tag?post=1841"}],"curies":[{"name":"wp","href":"https:\/\/api.w.org\/{rel}","templated":true}]}}