{"id":1842,"date":"2024-11-06T02:41:01","date_gmt":"2024-11-06T02:41:01","guid":{"rendered":"https:\/\/caliweedeurope.com\/?post_type=product&#038;p=1842"},"modified":"2024-11-06T02:41:06","modified_gmt":"2024-11-06T02:41:06","slug":"grapefruit-moon-rocks-30-grammes","status":"publish","type":"product","link":"https:\/\/caliweedeurope.com\/fr\/product\/grapefruit-moon-rocks-30-grammes\/","title":{"rendered":"Achetez Grapefruit Moon Rocks 30 Grammes"},"content":{"rendered":"<h2><strong>Grapefruit Moon Rocks<\/strong><\/h2>\n<p class=\"translation-block\">Il est recommand\u00e9 de ne pas utiliser votre grinder lors de la pr\u00e9paration de vos <strong>Grapefruit Moon Rocks<\/strong>, car vous risquez de perdre beaucoup de kief dans le processus. Pour la meilleure fum\u00e9e et saveur, d\u00e9chirez la moonrock en petits morceaux et fumez-la dans une pipe ou une bong.<\/p>\n<p class=\"translation-block\">Cependant, il peut \u00eatre fum\u00e9 de n'importe quelle mani\u00e8re que vous pr\u00e9f\u00e9rez \u2013 ne vous servez pas de votre grinder, utilisez des ciseaux si vous le roulez vous-m\u00eame. C'est enti\u00e8rement <strong>Indica<\/strong> et disponible en de nombreuses <strong>saveurs<\/strong>. Il dure \u00e9galement beaucoup plus longtemps qu'un gramme de <strong>fleur<\/strong> ordinaire.<\/p>","protected":false},"excerpt":{"rendered":"<p><strong>Achetez Grapefruit Moon Rocks 30 Grammes<\/strong>\u00a0sont faits de\u00a0<strong>OG Kush<\/strong>\u00a0bourgeon, tremp\u00e9 dans\u00a0<strong>hash\u00a0<\/strong><strong>oil<\/strong>\u00a0et saupoudr\u00e9 de kief !<\/p>","protected":false},"featured_media":1847,"comment_status":"closed","ping_status":"closed","template":"","meta":{"_uag_custom_page_level_css":"","site-sidebar-layout":"default","site-content-layout":"","ast-site-content-layout":"","site-content-style":"default","site-sidebar-style":"default","ast-global-header-display":"","ast-banner-title-visibility":"","ast-main-header-display":"","ast-hfb-above-header-display":"","ast-hfb-below-header-display":"","ast-hfb-mobile-header-display":"","site-post-title":"","ast-breadcrumbs-content":"","ast-featured-img":"","footer-sml-layout":"","theme-transparent-header-meta":"","adv-header-id-meta":"","stick-header-meta":"","header-above-stick-meta":"","header-main-stick-meta":"","header-below-stick-meta":"","astra-migrate-meta-layouts":"default","ast-page-background-enabled":"default","ast-page-background-meta":{"desktop":{"background-color":"var(--ast-global-color-4)","background-image":"","background-repeat":"repeat","background-position":"center center","background-size":"auto","background-attachment":"scroll","background-type":"","background-media":"","overlay-type":"","overlay-color":"","overlay-opacity":"","overlay-gradient":""},"tablet":{"background-color":"","background-image":"","background-repeat":"repeat","background-position":"center center","background-size":"auto","background-attachment":"scroll","background-type":"","background-media":"","overlay-type":"","overlay-color":"","overlay-opacity":"","overlay-gradient":""},"mobile":{"background-color":"","background-image":"","background-repeat":"repeat","background-position":"center center","background-size":"auto","background-attachment":"scroll","background-type":"","background-media":"","overlay-type":"","overlay-color":"","overlay-opacity":"","overlay-gradient":""}},"ast-content-background-meta":{"desktop":{"background-color":"var(--ast-global-color-5)","background-image":"","background-repeat":"repeat","background-position":"center center","background-size":"auto","background-attachment":"scroll","background-type":"","background-media":"","overlay-type":"","overlay-color":"","overlay-opacity":"","overlay-gradient":""},"tablet":{"background-color":"var(--ast-global-color-5)","background-image":"","background-repeat":"repeat","background-position":"center center","background-size":"auto","background-attachment":"scroll","background-type":"","background-media":"","overlay-type":"","overlay-color":"","overlay-opacity":"","overlay-gradient":""},"mobile":{"background-color":"var(--ast-global-color-5)","background-image":"","background-repeat":"repeat","background-position":"center center","background-size":"auto","background-attachment":"scroll","background-type":"","background-media":"","overlay-type":"","overlay-color":"","overlay-opacity":"","overlay-gradient":""}}},"product_brand":[],"product_cat":[748],"product_tag":[750,252,253,751,752,753,754,755,756,757,758,759,760,761,762],"class_list":{"0":"post-1842","1":"product","2":"type-product","3":"status-publish","4":"has-post-thumbnail","6":"product_cat-weed-moonrock","7":"product_tag-delta-8-moon-rocks","8":"product_tag-how-to-make-moon-rocks","9":"product_tag-how-to-smoke-moon-rocks","10":"product_tag-is-moon-rock-weed","11":"product_tag-moon-rock","12":"product_tag-moon-rock-weed","13":"product_tag-moon-rocks","14":"product_tag-moon-rocks-for-sale","15":"product_tag-moon-rocks-marijuana","16":"product_tag-moon-rocks-near-me","17":"product_tag-moon-rocks-thc","18":"product_tag-moon-rocks-weed","19":"product_tag-purple-moon-rocks","20":"product_tag-weed-moon-rock","21":"product_tag-what-are-moon-rocks","22":"desktop-align-center","23":"tablet-align-left","24":"mobile-align-left","26":"first","27":"instock","28":"sale","29":"shipping-taxable","30":"purchasable","31":"product-type-simple"},"uagb_featured_image_src":{"full":["https:\/\/caliweedeurope.com\/wp-content\/uploads\/2024\/11\/Moonrock-Grapefruit.png",700,453,false],"thumbnail":["https:\/\/caliweedeurope.com\/wp-content\/uploads\/2024\/11\/Moonrock-Grapefruit-150x150.png",150,150,true],"medium":["https:\/\/caliweedeurope.com\/wp-content\/uploads\/2024\/11\/Moonrock-Grapefruit-300x194.png",300,194,true],"medium_large":["https:\/\/caliweedeurope.com\/wp-content\/uploads\/2024\/11\/Moonrock-Grapefruit.png",700,453,false],"large":["https:\/\/caliweedeurope.com\/wp-content\/uploads\/2024\/11\/Moonrock-Grapefruit.png",700,453,false],"1536x1536":["https:\/\/caliweedeurope.com\/wp-content\/uploads\/2024\/11\/Moonrock-Grapefruit.png",700,453,false],"2048x2048":["https:\/\/caliweedeurope.com\/wp-content\/uploads\/2024\/11\/Moonrock-Grapefruit.png",700,453,false],"trp-custom-language-flag":["https:\/\/caliweedeurope.com\/wp-content\/uploads\/2024\/11\/Moonrock-Grapefruit.png",18,12,false],"woocommerce_thumbnail":["https:\/\/caliweedeurope.com\/wp-content\/uploads\/2024\/11\/Moonrock-Grapefruit-300x300.png",300,300,true],"woocommerce_single":["https:\/\/caliweedeurope.com\/wp-content\/uploads\/2024\/11\/Moonrock-Grapefruit-600x388.png",600,388,true],"woocommerce_gallery_thumbnail":["https:\/\/caliweedeurope.com\/wp-content\/uploads\/2024\/11\/Moonrock-Grapefruit-100x100.png",100,100,true]},"uagb_author_info":{"display_name":"jetskiforsaleuk@gmail.com","author_link":"https:\/\/caliweedeurope.com\/fr\/author\/"},"uagb_comment_info":0,"uagb_excerpt":"30 grams Grapefruit Moon Rocks\u00a0are made from\u00a0OG Kush\u00a0bud, dipped in\u00a0hash\u00a0oil\u00a0and powdered in kief!","_links":{"self":[{"href":"https:\/\/caliweedeurope.com\/fr\/wp-json\/wp\/v2\/product\/1842"}],"collection":[{"href":"https:\/\/caliweedeurope.com\/fr\/wp-json\/wp\/v2\/product"}],"about":[{"href":"https:\/\/caliweedeurope.com\/fr\/wp-json\/wp\/v2\/types\/product"}],"replies":[{"embeddable":true,"href":"https:\/\/caliweedeurope.com\/fr\/wp-json\/wp\/v2\/comments?post=1842"}],"wp:featuredmedia":[{"embeddable":true,"href":"https:\/\/caliweedeurope.com\/fr\/wp-json\/wp\/v2\/media\/1847"}],"wp:attachment":[{"href":"https:\/\/caliweedeurope.com\/fr\/wp-json\/wp\/v2\/media?parent=1842"}],"wp:term":[{"taxonomy":"product_brand","embeddable":true,"href":"https:\/\/caliweedeurope.com\/fr\/wp-json\/wp\/v2\/product_brand?post=1842"},{"taxonomy":"product_cat","embeddable":true,"href":"https:\/\/caliweedeurope.com\/fr\/wp-json\/wp\/v2\/product_cat?post=1842"},{"taxonomy":"product_tag","embeddable":true,"href":"https:\/\/caliweedeurope.com\/fr\/wp-json\/wp\/v2\/product_tag?post=1842"}],"curies":[{"name":"wp","href":"https:\/\/api.w.org\/{rel}","templated":true}]}}