{"id":1191,"date":"2024-11-03T21:31:25","date_gmt":"2024-11-03T21:31:25","guid":{"rendered":"https:\/\/caliweedeurope.com\/?post_type=product&#038;p=1191"},"modified":"2024-11-03T21:31:28","modified_gmt":"2024-11-03T21:31:28","slug":"zaza-weed-strain","status":"publish","type":"product","link":"https:\/\/caliweedeurope.com\/it\/product\/zaza-weed-strain\/","title":{"rendered":"zaza weed strain"},"content":{"rendered":"<p class=\"translation-block\">ZaZa weed \u00e8 una variet\u00e0 di marijuana <a href=\"https:\/\/www.leafly.com\/strains\/lists\/category\/hybrid\" target=\"_blank\" rel=\"noopener\">ibrida<\/a>, creata dall'incrocio delle potenti variet\u00e0 Blue Dream X Rare Dankness. Conosciuta per il suo effetto estremamente soporifero e duraturo, ZaZa \u00e8 la variet\u00e0 perfetta per chi ha bisogno di un aiuto extra per addormentarsi la notte.<\/p>\n<h2 style=\"text-align: center\">Qual \u00e8 il significato di ZAZA?<\/h2>\n<p>Zaza \u00e8 sia una variet\u00e0 di cannabis ibrida sia un riferimento urbano a marijuana esotica o di alta qualit\u00e0. Rappresenta anche le variet\u00e0 pi\u00f9 nuove e di tendenza sul mercato.<\/p>\n<p>Sapevi che sono state identificate oltre 800 variet\u00e0 di cannabis? La marijuana esotica si riferisce a variet\u00e0 rare o poco comuni con caratteristiche desiderabili. Un buon coltivatore sa che la scelta dei semi e la conoscenza genetica sono fattori importanti nella creazione di una variet\u00e0 esotica. Deve essere adeguatamente essiccata, visivamente attraente e ricoperta di tricomi scintillanti. Un altro fattore che determina l'esoticit\u00e0 della marijuana \u00e8 la sua esclusivit\u00e0 o disponibilit\u00e0 limitata.<\/p>\n<p>La California \u00e8 uno dei pi\u00f9 grandi mercati di cannabis al mondo, quindi sicuramente troverai Zaza che si adatta ai tuoi gusti.<\/p>\n<p>ZaZa \u00e8 una scelta eccellente per i coltivatori domestici di tutti i livelli di esperienza, poich\u00e9 la sua struttura \u00e8 molto facile da rifilare e le piante crescono con un alto rapporto calice-foglia. ZaZa produce una resa molto abbondante. La crescita sia indoor che outdoor \u00e8 davvero notevole e, dopo 8-10 settimane, sarete pronti per raccogliere i vostri frosted ZaZa Nugs. ZaZa ha un odore che ricorda il carburante chimico Diesel al limone. I fiori pungenti emanano anche odori di muschio terroso di pino e un pizzico di sudore. Se i fiori sono correttamente essiccati, questa variet\u00e0 ha un fumo morbido che sa di gas acido quando inalato. All\u2019esalazione, il fumo di ZaZa rivela il suo gusto distintivo di Diesel chimico con un tocco ammoniacale di limone che colpisce il palato superiore. <a href=\"http:\/\/legitweeddispensary.com\/\" target=\"_blank\" rel=\"noopener\">Negozio di erba nei Paesi Bassi<\/a><\/p>\n<h6>Esotico, o erba esotica, \u00e8 un termine gergale per la cannabis ad alta potenza popolare nella cultura di strada e nella musica rap. \u00c8 anche conosciuto come 'zaza'.<\/h6>\n<h3>ACQUISTA STRAIN ZAZA ONLINE | RECENSIONE STRAIN ZAZA<\/h3>\n<p>Il high inizia con un lento accumulo di effetti, riempiendo la mente di una sensazione di felicit\u00e0 che cresce e si espande dopo l'ultimo respiro. Ti sentirai mentalmente rilassato e senza preoccupazioni. Zaza weed strain.<\/p>\n<p>Questa sensazione di stordimento si diffonder\u00e0 presto in tutto il corpo, portandoti in uno stato di leggera paralisi da divano, che \u00e8 anche fortemente sedativo.<\/p>\n<h3>QUAL \u00c8 IL SIGNIFICATO DELLO SLANG ZAZA?<\/h3>\n<p class=\"translation-block\">Il termine slang \u201cZa\u201d e \u201cZaza\u201d (qualcosa scritto Za Za) \u00e8 un sostantivo, usato nella musica rap e nella cultura per fare riferimento a marijuana di alta qualit\u00e0.<\/p>\n<h2>PREZZI DELLA WEED ZAZA<\/h2>\n<p>Buona marijuana \u00e8 molto rara e costosa, la maggior parte dei rapper si diverte a fumare questa migliore marijuana esotica grazie ai suoi terpeni. Ai consumatori viene anche consigliato il costo a causa della sua autenticit\u00e0. Prezzo della variet\u00e0 Zaza, la maggior parte dei dispensari californiani offre queste variet\u00e0 super forti a 50 $ per 3,5 grammi e oltre per i migliori esotici della California.<\/p>\n<h3>VARIET\u00c0 ZAZA IN VENDITA ONLINE | WEED ZAZA IN VENDITA ONLINE<\/h3>\n<p class=\"translation-block\">Goditi questi super <a href=\"https:\/\/deligentman.com\/marijuana-flowers-uk-with-worldwide-deliveries\/\" target=\"_blank\" rel=\"noopener\">sapori esotici<\/a> da noi, Zaza weed in vendita online, acquisto Zaza droga online, ordina vero Zaza online, recensione variet\u00e0 Zaza weed, compra variet\u00e0 di Zaza weed online a buon mercato, dove comprare Zaza weed online, dove comprare Zaza vicino a me, dove comprare Zaza online, Zaza weed vicino a me. <a href=\"http:\/\/hempbudswholesale.com\/\" target=\"_blank\" rel=\"noopener\">Vendita all'ingrosso di fiori di canapa<\/a><\/p>\n<h6>Le Nostre Variet\u00e0 di Marijuana Esotica e Prodotti Pi\u00f9 Popolari<\/h6>\n<div class=\"LinkSuggestion__LinkSuggestionWrapper-sc-1mdih4x-0 hhaFbj\"><a class=\"LinkSuggestion__Link-sc-1mdih4x-2 jZPuuT\" href=\"https:\/\/deligentman.com\/product\/buy-pink-runtz-pink-runtz-dispensary-order-pink-runtz-online\/\" target=\"_blank\" rel=\"noopener\">Buy Pink Runtz<span class=\"A11yNotice-u1v0gg-0 dWDZbM\">(Opens in a new browser tab)<\/span><\/a><\/div>\n<div class=\"LinkSuggestion__LinkSuggestionWrapper-sc-1mdih4x-0 hhaFbj\"><a class=\"LinkSuggestion__Link-sc-1mdih4x-2 jZPuuT\" href=\"https:\/\/deligentman.com\/product\/banana-runtz-buy-banana-runtz-strain\/\" target=\"_blank\" rel=\"noopener\">Acquista Banana Runtz<span class=\"A11yNotice-u1v0gg-0 dWDZbM\">(Opens in a new browser tab)<\/span><\/a><\/div>\n<div class=\"LinkSuggestion__LinkSuggestionWrapper-sc-1mdih4x-0 hhaFbj\"><a class=\"LinkSuggestion__Link-sc-1mdih4x-2 jZPuuT\" href=\"https:\/\/deligentman.com\/product\/stiiizy-sky-og\/\" target=\"_blank\" rel=\"noopener\">Stiiizy (Sky og)<span class=\"A11yNotice-u1v0gg-0 dWDZbM\">(Opens in a new browser tab)<\/span><\/a><\/div>\n<div class=\"LinkSuggestion__LinkSuggestionWrapper-sc-1mdih4x-0 hhaFbj\"><a class=\"LinkSuggestion__Link-sc-1mdih4x-2 jZPuuT\" href=\"https:\/\/deligentman.com\/product\/strawberry-lemonade-wax\/\" target=\"_blank\" rel=\"noopener\">Strawberry Lemonade Wax<span class=\"A11yNotice-u1v0gg-0 dWDZbM\">(Opens in a new browser tab)<\/span><\/a><\/div>\n<div class=\"LinkSuggestion__LinkSuggestionWrapper-sc-1mdih4x-0 hhaFbj\"><a class=\"LinkSuggestion__Link-sc-1mdih4x-2 jZPuuT\" href=\"https:\/\/deligentman.com\/product\/buy-backpack-boyz-online-where-to-order-backpack-boyz-uk\/\" target=\"_blank\" rel=\"noopener\">backpack boyz<span class=\"A11yNotice-u1v0gg-0 dWDZbM\">(Opens in a new browser tab)<\/span><\/a><\/div>\n<div class=\"LinkSuggestion__LinkSuggestionWrapper-sc-1mdih4x-0 hhaFbj\"><a class=\"LinkSuggestion__Link-sc-1mdih4x-2 jZPuuT\" href=\"https:\/\/deligentman.com\/product\/white-fire-og\/\" target=\"_blank\" rel=\"noopener\">White fire og<span class=\"A11yNotice-u1v0gg-0 dWDZbM\">(Opens in a new browser tab)<\/span><\/a><\/div>\n<div class=\"LinkSuggestion__LinkSuggestionWrapper-sc-1mdih4x-0 hhaFbj\"><a class=\"LinkSuggestion__Link-sc-1mdih4x-2 jZPuuT\" href=\"https:\/\/deligentman.com\/buy-marijuana-online-worldwide\/\" target=\"_blank\" rel=\"noopener\">buy marijuana online with worldwide shipping 2021<span class=\"A11yNotice-u1v0gg-0 dWDZbM\">(Opens in a new browser tab)<\/span><\/a><\/div>\n<div class=\"LinkSuggestion__LinkSuggestionWrapper-sc-1mdih4x-0 hhaFbj\"><a class=\"LinkSuggestion__Link-sc-1mdih4x-2 jZPuuT\" href=\"https:\/\/deligentman.com\/product\/martian-rocks-weed-where-to-buy\/\" target=\"_blank\" rel=\"noopener\">Martian rocks weed where to buy<span class=\"A11yNotice-u1v0gg-0 dWDZbM\">(Opens in a new browser tab)<\/span><\/a><\/div>\n<div class=\"LinkSuggestion__LinkSuggestionWrapper-sc-1mdih4x-0 hhaFbj\"><a class=\"LinkSuggestion__Link-sc-1mdih4x-2 jZPuuT\" href=\"https:\/\/deligentman.com\/mail-order-weed-online-uk\/\" target=\"_blank\" rel=\"noopener\">Mail Order weed online UK<span class=\"A11yNotice-u1v0gg-0 dWDZbM\">(Opens in a new browser tab)<\/span><\/a><\/div>\n<div class=\"LinkSuggestion__LinkSuggestionWrapper-sc-1mdih4x-0 hhaFbj\"><a class=\"LinkSuggestion__Link-sc-1mdih4x-2 jZPuuT\" href=\"https:\/\/deligentman.com\/product\/buy-pounds-of-og-kush-weed-online\/\" target=\"_blank\" rel=\"noopener\">Acquista libbre di marijuana OG Kush online<\/a><\/div>","protected":false},"excerpt":{"rendered":"<h2 id=\"h-why-is-weed-called-zaza\">Perch\u00e9 la marijuana si chiama zaza?<\/h2>\n<p>La popolarit\u00e0 delle variet\u00e0 di cannabis esotiche le rende la perfetta ispirazione per gli artisti della cultura pop. Nei testi rap e sui social media, esotico viene spesso abbreviato in 'zaza'.<\/p>\n<p>Trippie Redd ha rappato: 'Fumo Zaza, sono in La La da quegli alberi' in 'Weeeeee', e 21 Savage ha detto che stava fumando 'Zaza' in 'Runnin'.<\/p>\n<p class=\"translation-block\">Leggi di pi\u00f9 sulla <a href=\"https:\/\/deligentman.com\/zaza-weed\/\" target=\"_self\">variet\u00e0 Zaza<\/a> e le recensioni<\/p>","protected":false},"featured_media":1221,"comment_status":"closed","ping_status":"closed","template":"","meta":{"_uag_custom_page_level_css":"","site-sidebar-layout":"default","site-content-layout":"","ast-site-content-layout":"","site-content-style":"default","site-sidebar-style":"default","ast-global-header-display":"","ast-banner-title-visibility":"","ast-main-header-display":"","ast-hfb-above-header-display":"","ast-hfb-below-header-display":"","ast-hfb-mobile-header-display":"","site-post-title":"","ast-breadcrumbs-content":"","ast-featured-img":"","footer-sml-layout":"","theme-transparent-header-meta":"","adv-header-id-meta":"","stick-header-meta":"","header-above-stick-meta":"","header-main-stick-meta":"","header-below-stick-meta":"","astra-migrate-meta-layouts":"default","ast-page-background-enabled":"default","ast-page-background-meta":{"desktop":{"background-color":"var(--ast-global-color-4)","background-image":"","background-repeat":"repeat","background-position":"center center","background-size":"auto","background-attachment":"scroll","background-type":"","background-media":"","overlay-type":"","overlay-color":"","overlay-opacity":"","overlay-gradient":""},"tablet":{"background-color":"","background-image":"","background-repeat":"repeat","background-position":"center center","background-size":"auto","background-attachment":"scroll","background-type":"","background-media":"","overlay-type":"","overlay-color":"","overlay-opacity":"","overlay-gradient":""},"mobile":{"background-color":"","background-image":"","background-repeat":"repeat","background-position":"center center","background-size":"auto","background-attachment":"scroll","background-type":"","background-media":"","overlay-type":"","overlay-color":"","overlay-opacity":"","overlay-gradient":""}},"ast-content-background-meta":{"desktop":{"background-color":"var(--ast-global-color-5)","background-image":"","background-repeat":"repeat","background-position":"center center","background-size":"auto","background-attachment":"scroll","background-type":"","background-media":"","overlay-type":"","overlay-color":"","overlay-opacity":"","overlay-gradient":""},"tablet":{"background-color":"var(--ast-global-color-5)","background-image":"","background-repeat":"repeat","background-position":"center center","background-size":"auto","background-attachment":"scroll","background-type":"","background-media":"","overlay-type":"","overlay-color":"","overlay-opacity":"","overlay-gradient":""},"mobile":{"background-color":"var(--ast-global-color-5)","background-image":"","background-repeat":"repeat","background-position":"center center","background-size":"auto","background-attachment":"scroll","background-type":"","background-media":"","overlay-type":"","overlay-color":"","overlay-opacity":"","overlay-gradient":""}}},"product_brand":[],"product_cat":[22],"product_tag":[23,24,25,26,27],"class_list":{"0":"post-1191","1":"product","2":"type-product","3":"status-publish","4":"has-post-thumbnail","6":"product_cat-hybrid","7":"product_tag-real-zaza-strain","8":"product_tag-what-is-zaza","9":"product_tag-zaza-marijuana","10":"product_tag-zaza-weed","11":"product_tag-zaza-weed-strain","12":"desktop-align-center","13":"tablet-align-left","14":"mobile-align-left","16":"first","17":"instock","18":"sale","19":"shipping-taxable","20":"purchasable","21":"product-type-simple"},"uagb_featured_image_src":{"full":["https:\/\/caliweedeurope.com\/wp-content\/uploads\/2024\/11\/Zaza-weed-strain.jpeg",1125,1478,false],"thumbnail":["https:\/\/caliweedeurope.com\/wp-content\/uploads\/2024\/11\/Zaza-weed-strain-150x150.jpeg",150,150,true],"medium":["https:\/\/caliweedeurope.com\/wp-content\/uploads\/2024\/11\/Zaza-weed-strain-228x300.jpeg",228,300,true],"medium_large":["https:\/\/caliweedeurope.com\/wp-content\/uploads\/2024\/11\/Zaza-weed-strain-768x1009.jpeg",768,1009,true],"large":["https:\/\/caliweedeurope.com\/wp-content\/uploads\/2024\/11\/Zaza-weed-strain-779x1024.jpeg",779,1024,true],"1536x1536":["https:\/\/caliweedeurope.com\/wp-content\/uploads\/2024\/11\/Zaza-weed-strain.jpeg",1125,1478,false],"2048x2048":["https:\/\/caliweedeurope.com\/wp-content\/uploads\/2024\/11\/Zaza-weed-strain.jpeg",1125,1478,false],"trp-custom-language-flag":["https:\/\/caliweedeurope.com\/wp-content\/uploads\/2024\/11\/Zaza-weed-strain.jpeg",9,12,false],"woocommerce_thumbnail":["https:\/\/caliweedeurope.com\/wp-content\/uploads\/2024\/11\/Zaza-weed-strain-300x300.jpeg",300,300,true],"woocommerce_single":["https:\/\/caliweedeurope.com\/wp-content\/uploads\/2024\/11\/Zaza-weed-strain-600x788.jpeg",600,788,true],"woocommerce_gallery_thumbnail":["https:\/\/caliweedeurope.com\/wp-content\/uploads\/2024\/11\/Zaza-weed-strain-100x100.jpeg",100,100,true]},"uagb_author_info":{"display_name":"jetskiforsaleuk@gmail.com","author_link":"https:\/\/caliweedeurope.com\/it\/author\/"},"uagb_comment_info":0,"uagb_excerpt":"Why is weed called zaza? The popularity of exotic weed strains makes them the perfect inspiration for pop culture artists. In rap lyrics and social media, exotic is often shortened to \u201czaza.\u201d Trippie Redd rapped, \u201cI smoke Zaza I\u2019m in La La off them trees\u201d in \u201cWeeeeee,\u201d and 21 Savage said he was, \u201csmokin on&hellip;","_links":{"self":[{"href":"https:\/\/caliweedeurope.com\/it\/wp-json\/wp\/v2\/product\/1191"}],"collection":[{"href":"https:\/\/caliweedeurope.com\/it\/wp-json\/wp\/v2\/product"}],"about":[{"href":"https:\/\/caliweedeurope.com\/it\/wp-json\/wp\/v2\/types\/product"}],"replies":[{"embeddable":true,"href":"https:\/\/caliweedeurope.com\/it\/wp-json\/wp\/v2\/comments?post=1191"}],"wp:featuredmedia":[{"embeddable":true,"href":"https:\/\/caliweedeurope.com\/it\/wp-json\/wp\/v2\/media\/1221"}],"wp:attachment":[{"href":"https:\/\/caliweedeurope.com\/it\/wp-json\/wp\/v2\/media?parent=1191"}],"wp:term":[{"taxonomy":"product_brand","embeddable":true,"href":"https:\/\/caliweedeurope.com\/it\/wp-json\/wp\/v2\/product_brand?post=1191"},{"taxonomy":"product_cat","embeddable":true,"href":"https:\/\/caliweedeurope.com\/it\/wp-json\/wp\/v2\/product_cat?post=1191"},{"taxonomy":"product_tag","embeddable":true,"href":"https:\/\/caliweedeurope.com\/it\/wp-json\/wp\/v2\/product_tag?post=1191"}],"curies":[{"name":"wp","href":"https:\/\/api.w.org\/{rel}","templated":true}]}}