{"id":1198,"date":"2024-11-03T21:31:25","date_gmt":"2024-11-03T21:31:25","guid":{"rendered":"https:\/\/caliweedeurope.com\/?post_type=product&#038;p=1198"},"modified":"2024-11-06T02:59:58","modified_gmt":"2024-11-06T02:59:58","slug":"moon-rock-ice","status":"publish","type":"product","link":"https:\/\/caliweedeurope.com\/it\/product\/moon-rock-ice\/","title":{"rendered":"moon rock ice"},"content":{"rendered":"<h2>Cosa sono i Moonrocks?<\/h2>\n<p>I Moonrocks sono una forma unica e potente di cannabis che combina fiori di alta qualit\u00e0, concentrati e kief. Questi prodotti di cannabis sono conosciuti per il loro alto contenuto di THC, il che li rende molto popolari tra gli appassionati in cerca di un'esperienza potente.<\/p>\n<h2>Dove comprare Moonrocks online<\/h2>\n<p>Se stai cercando di acquistare Moonrocks online, sei nel posto giusto. Il nostro negozio di cannabis Moonrock offre una vasta selezione di variet\u00e0 premium di Moonrock, adatte a diverse preferenze. Con prezzi competitivi per i Moonrocks online, puoi concederti un lusso senza svuotare il portafoglio.<\/p>\n<h2>Goditi il comodo servizio di consegna Moonrock<\/h2>\n<p>Ordinare Moonrock weed non \u00e8 mai stato cos\u00ec facile. Il nostro servizio di consegna Moonrock efficiente garantisce che riceverai i tuoi Moonrocks di alta qualit\u00e0 in modo tempestivo. Vivi la migliore Moonrock weed oggi e eleva il tuo viaggio nel cannabis con le nostre opzioni potenti! Ordinare Moon Rock Ice non \u00e8 mai stato cos\u00ec semplice. Il nostro affidabile servizio di consegna garantisce l'arrivo puntuale del tuo Moon Rock Ice premium. Scopri l'esperienza definitiva di Moon Rock ora e arricchisci il tuo viaggio nel cannabis con la nostra selezione potente!<\/p>","protected":false},"excerpt":{"rendered":"<p>Acquista Ice Moon Rock, Iced Moon Rock in vendita, acquista Kush online<\/p>\n<p>Moonrock Ice di Dr. Zodiak (Nuovo!) 99% THCa (1 grammo \u2013 Premium)<br \/>\nAcquista Ice MoonRocks online, Iced Moon Rock in vendita, acquista Kush online, dispensari che vendono Moon Rocks. Dr. Zodiak presenta Moonrock ICE \u2013 Cristallino \u2013 Bud \u2013 Trasparente \u2013 99% THC-A<\/p>\n<p>Il cristallino THCa \u00e8 stato sviluppato per fornire dosi elevate e quantificabili di THCa ed \u00e8 noto come l'isolato pi\u00f9 puro sul mercato, con un test del 99-100%.<\/p>\n<p>Questo puro THCa si converte in THC quando vaporizzato, creando un effetto chiaro e altamente cerebrale, oppure rimane non psicoattivo se ingerito. Acquista Ice MoonRock<\/p>\n<p>Acquista Ice Moon Rock, Iced Moon Rock in vendita, acquista Kush online<\/p>","protected":false},"featured_media":1225,"comment_status":"closed","ping_status":"closed","template":"","meta":{"_uag_custom_page_level_css":"","site-sidebar-layout":"default","site-content-layout":"","ast-site-content-layout":"default","site-content-style":"default","site-sidebar-style":"default","ast-global-header-display":"","ast-banner-title-visibility":"","ast-main-header-display":"","ast-hfb-above-header-display":"","ast-hfb-below-header-display":"","ast-hfb-mobile-header-display":"","site-post-title":"","ast-breadcrumbs-content":"","ast-featured-img":"","footer-sml-layout":"","theme-transparent-header-meta":"default","adv-header-id-meta":"","stick-header-meta":"","header-above-stick-meta":"","header-main-stick-meta":"","header-below-stick-meta":"","astra-migrate-meta-layouts":"set","ast-page-background-enabled":"default","ast-page-background-meta":{"desktop":{"background-color":"var(--ast-global-color-4)","background-image":"","background-repeat":"repeat","background-position":"center center","background-size":"auto","background-attachment":"scroll","background-type":"","background-media":"","overlay-type":"","overlay-color":"","overlay-opacity":"","overlay-gradient":""},"tablet":{"background-color":"","background-image":"","background-repeat":"repeat","background-position":"center center","background-size":"auto","background-attachment":"scroll","background-type":"","background-media":"","overlay-type":"","overlay-color":"","overlay-opacity":"","overlay-gradient":""},"mobile":{"background-color":"","background-image":"","background-repeat":"repeat","background-position":"center center","background-size":"auto","background-attachment":"scroll","background-type":"","background-media":"","overlay-type":"","overlay-color":"","overlay-opacity":"","overlay-gradient":""}},"ast-content-background-meta":{"desktop":{"background-color":"var(--ast-global-color-5)","background-image":"","background-repeat":"repeat","background-position":"center center","background-size":"auto","background-attachment":"scroll","background-type":"","background-media":"","overlay-type":"","overlay-color":"","overlay-opacity":"","overlay-gradient":""},"tablet":{"background-color":"var(--ast-global-color-5)","background-image":"","background-repeat":"repeat","background-position":"center center","background-size":"auto","background-attachment":"scroll","background-type":"","background-media":"","overlay-type":"","overlay-color":"","overlay-opacity":"","overlay-gradient":""},"mobile":{"background-color":"var(--ast-global-color-5)","background-image":"","background-repeat":"repeat","background-position":"center center","background-size":"auto","background-attachment":"scroll","background-type":"","background-media":"","overlay-type":"","overlay-color":"","overlay-opacity":"","overlay-gradient":""}}},"product_brand":[],"product_cat":[748],"product_tag":[54,55,56,57,58],"class_list":{"0":"post-1198","1":"product","2":"type-product","3":"status-publish","4":"has-post-thumbnail","6":"product_cat-weed-moonrock","7":"product_tag-dr-zodiak-dispensary-reviews","8":"product_tag-dr-zodiak-moonrock-near-me","9":"product_tag-ice-capz-moon-rocks","10":"product_tag-moonrock-ice-for-sale","11":"product_tag-moonrock-ice-near-me","12":"desktop-align-center","13":"tablet-align-left","14":"mobile-align-left","16":"first","17":"instock","18":"shipping-taxable","19":"purchasable","20":"product-type-variable"},"uagb_featured_image_src":{"full":["https:\/\/caliweedeurope.com\/wp-content\/uploads\/2024\/11\/ice-moonrock.jpg",750,750,false],"thumbnail":["https:\/\/caliweedeurope.com\/wp-content\/uploads\/2024\/11\/ice-moonrock-150x150.jpg",150,150,true],"medium":["https:\/\/caliweedeurope.com\/wp-content\/uploads\/2024\/11\/ice-moonrock-300x300.jpg",300,300,true],"medium_large":["https:\/\/caliweedeurope.com\/wp-content\/uploads\/2024\/11\/ice-moonrock.jpg",750,750,false],"large":["https:\/\/caliweedeurope.com\/wp-content\/uploads\/2024\/11\/ice-moonrock.jpg",750,750,false],"1536x1536":["https:\/\/caliweedeurope.com\/wp-content\/uploads\/2024\/11\/ice-moonrock.jpg",750,750,false],"2048x2048":["https:\/\/caliweedeurope.com\/wp-content\/uploads\/2024\/11\/ice-moonrock.jpg",750,750,false],"trp-custom-language-flag":["https:\/\/caliweedeurope.com\/wp-content\/uploads\/2024\/11\/ice-moonrock.jpg",12,12,false],"woocommerce_thumbnail":["https:\/\/caliweedeurope.com\/wp-content\/uploads\/2024\/11\/ice-moonrock-300x300.jpg",300,300,true],"woocommerce_single":["https:\/\/caliweedeurope.com\/wp-content\/uploads\/2024\/11\/ice-moonrock-600x600.jpg",600,600,true],"woocommerce_gallery_thumbnail":["https:\/\/caliweedeurope.com\/wp-content\/uploads\/2024\/11\/ice-moonrock-100x100.jpg",100,100,true]},"uagb_author_info":{"display_name":"jetskiforsaleuk@gmail.com","author_link":"https:\/\/caliweedeurope.com\/it\/author\/"},"uagb_comment_info":0,"uagb_excerpt":"buy Ice Moon Rock iced Moon rock for sale Buy Kush online Dr. Zodiak\u2019s Moonrock Ice (New!) 99% THCa (1 Gram \u2013 Premium) buy Ice MoonRocks online iced Moon rock for sale Buy Kush online dispensaries that sell moon rocks Dr. Zodiak Presents Moonrock ICE \u2013 Crystalline -Bud \u2013 Clear \u2013 99% THC-A THCa Crystalline&hellip;","_links":{"self":[{"href":"https:\/\/caliweedeurope.com\/it\/wp-json\/wp\/v2\/product\/1198"}],"collection":[{"href":"https:\/\/caliweedeurope.com\/it\/wp-json\/wp\/v2\/product"}],"about":[{"href":"https:\/\/caliweedeurope.com\/it\/wp-json\/wp\/v2\/types\/product"}],"replies":[{"embeddable":true,"href":"https:\/\/caliweedeurope.com\/it\/wp-json\/wp\/v2\/comments?post=1198"}],"wp:featuredmedia":[{"embeddable":true,"href":"https:\/\/caliweedeurope.com\/it\/wp-json\/wp\/v2\/media\/1225"}],"wp:attachment":[{"href":"https:\/\/caliweedeurope.com\/it\/wp-json\/wp\/v2\/media?parent=1198"}],"wp:term":[{"taxonomy":"product_brand","embeddable":true,"href":"https:\/\/caliweedeurope.com\/it\/wp-json\/wp\/v2\/product_brand?post=1198"},{"taxonomy":"product_cat","embeddable":true,"href":"https:\/\/caliweedeurope.com\/it\/wp-json\/wp\/v2\/product_cat?post=1198"},{"taxonomy":"product_tag","embeddable":true,"href":"https:\/\/caliweedeurope.com\/it\/wp-json\/wp\/v2\/product_tag?post=1198"}],"curies":[{"name":"wp","href":"https:\/\/api.w.org\/{rel}","templated":true}]}}