{"id":1202,"date":"2024-11-03T21:31:25","date_gmt":"2024-11-03T21:31:25","guid":{"rendered":"https:\/\/caliweedeurope.com\/?post_type=product&#038;p=1202"},"modified":"2024-11-06T03:59:16","modified_gmt":"2024-11-06T03:59:16","slug":"backpack-boyz","status":"publish","type":"product","link":"https:\/\/caliweedeurope.com\/it\/product\/backpack-boyz\/","title":{"rendered":"backpack boyz"},"content":{"rendered":"<h2>La tua fonte affidabile per i prodotti Backpack Boyz<\/h2>\n<p>Nel nostro dispensario siamo orgogliosi di offrire prodotti di alta qualit\u00e0 di Backpack Boyz. Conosciuti per il loro impegno verso la qualit\u00e0, forniscono opzioni di cannabis eccezionali che ogni appassionato apprezzer\u00e0. Che siate nuovi nel mondo della cannabis o consumatori esperti, offriamo una vasta selezione per soddisfare ogni preferenza.<\/p>\n<h2>Qualit\u00e0 su cui puoi contare<\/h2>\n<p>Backpack Boyz si \u00e8 affermato come un marchio di fiducia nella comunit\u00e0 del cannabis. Selezionando variet\u00e0 premium di marijuana, garantiscono che ogni prodotto rispetti elevati standard. Il nostro dispensario offre esclusivamente articoli di Backpack Boyz, facilitando l'accesso a cannabis affidabile.<\/p>\n<h2>Vivi la differenza<\/h2>\n<p>Visitare il nostro dispensario Backpack Boyz \u00e8 pi\u00f9 che fare shopping; \u00e8 un'opportunit\u00e0 per vivere la qualit\u00e0 come mai prima d'ora. Unisciti a noi per esplorare le migliori opzioni di cannabis Backpack Boyz che risuonano con il tuo stile di vita. Eleva la tua esperienza con il cannabis oggi stesso!<\/p>","protected":false},"excerpt":{"rendered":"<h3>Dove acquistare la marijuana Backpack Boyz online<\/h3>\n<p>Puoi acquistare la marijuana Backpack Boyz online oggi a buon mercato con consegna rapida, spedizione ovunque. Il posto migliore per comprare cannabis Backpack Boyz, sacchetti di erba Backpack Boyz, abbigliamento Backpack Boyz, prezzo Backpack Boyz, sito web Backpack Boyz, acquistare Backpack Boyz nel Regno Unito.<\/p>\n<p>&nbsp;<\/p>","protected":false},"featured_media":1227,"comment_status":"closed","ping_status":"closed","template":"","meta":{"_uag_custom_page_level_css":"","site-sidebar-layout":"default","site-content-layout":"","ast-site-content-layout":"default","site-content-style":"default","site-sidebar-style":"default","ast-global-header-display":"","ast-banner-title-visibility":"","ast-main-header-display":"","ast-hfb-above-header-display":"","ast-hfb-below-header-display":"","ast-hfb-mobile-header-display":"","site-post-title":"","ast-breadcrumbs-content":"","ast-featured-img":"","footer-sml-layout":"","theme-transparent-header-meta":"default","adv-header-id-meta":"","stick-header-meta":"","header-above-stick-meta":"","header-main-stick-meta":"","header-below-stick-meta":"","astra-migrate-meta-layouts":"set","ast-page-background-enabled":"default","ast-page-background-meta":{"desktop":{"background-color":"var(--ast-global-color-4)","background-image":"","background-repeat":"repeat","background-position":"center center","background-size":"auto","background-attachment":"scroll","background-type":"","background-media":"","overlay-type":"","overlay-color":"","overlay-opacity":"","overlay-gradient":""},"tablet":{"background-color":"","background-image":"","background-repeat":"repeat","background-position":"center center","background-size":"auto","background-attachment":"scroll","background-type":"","background-media":"","overlay-type":"","overlay-color":"","overlay-opacity":"","overlay-gradient":""},"mobile":{"background-color":"","background-image":"","background-repeat":"repeat","background-position":"center center","background-size":"auto","background-attachment":"scroll","background-type":"","background-media":"","overlay-type":"","overlay-color":"","overlay-opacity":"","overlay-gradient":""}},"ast-content-background-meta":{"desktop":{"background-color":"var(--ast-global-color-5)","background-image":"","background-repeat":"repeat","background-position":"center center","background-size":"auto","background-attachment":"scroll","background-type":"","background-media":"","overlay-type":"","overlay-color":"","overlay-opacity":"","overlay-gradient":""},"tablet":{"background-color":"var(--ast-global-color-5)","background-image":"","background-repeat":"repeat","background-position":"center center","background-size":"auto","background-attachment":"scroll","background-type":"","background-media":"","overlay-type":"","overlay-color":"","overlay-opacity":"","overlay-gradient":""},"mobile":{"background-color":"var(--ast-global-color-5)","background-image":"","background-repeat":"repeat","background-position":"center center","background-size":"auto","background-attachment":"scroll","background-type":"","background-media":"","overlay-type":"","overlay-color":"","overlay-opacity":"","overlay-gradient":""}}},"product_brand":[],"product_cat":[60],"product_tag":[61,62,63,64,65,66,67,69,70,71,72,75,76],"class_list":{"0":"post-1202","1":"product","2":"type-product","3":"status-publish","4":"has-post-thumbnail","6":"product_cat-buy-runtz-online","7":"product_tag-backpack-boyz-dispensary","8":"product_tag-backpack-boyz-marijuana","9":"product_tag-backpack-boyz-marijuana-for-sale","10":"product_tag-backpack-boyz-weed","11":"product_tag-backpack-boyz-weed-bags","12":"product_tag-backpack-boyz-weed-for-sale-online","13":"product_tag-backpack-boyz-weed-online","14":"product_tag-backpackboyz-clothing","15":"product_tag-backpackboyz-price","16":"product_tag-backpackboyz-website","17":"product_tag-buy-backpack-boyz-weed","18":"product_tag-order-backpack-boyz-weed","19":"product_tag-where-to-buy-backpack-boyz-weed","20":"desktop-align-center","21":"tablet-align-left","22":"mobile-align-left","24":"first","25":"instock","26":"shipping-taxable","27":"purchasable","28":"product-type-variable"},"uagb_featured_image_src":{"full":["https:\/\/caliweedeurope.com\/wp-content\/uploads\/2024\/11\/PNB.jpeg",828,841,false],"thumbnail":["https:\/\/caliweedeurope.com\/wp-content\/uploads\/2024\/11\/PNB-150x150.jpeg",150,150,true],"medium":["https:\/\/caliweedeurope.com\/wp-content\/uploads\/2024\/11\/PNB-295x300.jpeg",295,300,true],"medium_large":["https:\/\/caliweedeurope.com\/wp-content\/uploads\/2024\/11\/PNB-768x780.jpeg",768,780,true],"large":["https:\/\/caliweedeurope.com\/wp-content\/uploads\/2024\/11\/PNB.jpeg",828,841,false],"1536x1536":["https:\/\/caliweedeurope.com\/wp-content\/uploads\/2024\/11\/PNB.jpeg",828,841,false],"2048x2048":["https:\/\/caliweedeurope.com\/wp-content\/uploads\/2024\/11\/PNB.jpeg",828,841,false],"trp-custom-language-flag":["https:\/\/caliweedeurope.com\/wp-content\/uploads\/2024\/11\/PNB.jpeg",12,12,false],"woocommerce_thumbnail":["https:\/\/caliweedeurope.com\/wp-content\/uploads\/2024\/11\/PNB-300x300.jpeg",300,300,true],"woocommerce_single":["https:\/\/caliweedeurope.com\/wp-content\/uploads\/2024\/11\/PNB-600x609.jpeg",600,609,true],"woocommerce_gallery_thumbnail":["https:\/\/caliweedeurope.com\/wp-content\/uploads\/2024\/11\/PNB-100x100.jpeg",100,100,true]},"uagb_author_info":{"display_name":"jetskiforsaleuk@gmail.com","author_link":"https:\/\/caliweedeurope.com\/it\/author\/"},"uagb_comment_info":0,"uagb_excerpt":"Where to buy Backpack boyz weed for sale online You can buy backpack boyz weed for sale online today cheap with fast delivery, shipping anywhere. Best place to buy backpack boyz cannabis, backpack boyz weed bags, backpackboyz clothing, backpackboyz price, backpackboyz website, buy backpack buys Uk , &nbsp;","_links":{"self":[{"href":"https:\/\/caliweedeurope.com\/it\/wp-json\/wp\/v2\/product\/1202"}],"collection":[{"href":"https:\/\/caliweedeurope.com\/it\/wp-json\/wp\/v2\/product"}],"about":[{"href":"https:\/\/caliweedeurope.com\/it\/wp-json\/wp\/v2\/types\/product"}],"replies":[{"embeddable":true,"href":"https:\/\/caliweedeurope.com\/it\/wp-json\/wp\/v2\/comments?post=1202"}],"wp:featuredmedia":[{"embeddable":true,"href":"https:\/\/caliweedeurope.com\/it\/wp-json\/wp\/v2\/media\/1227"}],"wp:attachment":[{"href":"https:\/\/caliweedeurope.com\/it\/wp-json\/wp\/v2\/media?parent=1202"}],"wp:term":[{"taxonomy":"product_brand","embeddable":true,"href":"https:\/\/caliweedeurope.com\/it\/wp-json\/wp\/v2\/product_brand?post=1202"},{"taxonomy":"product_cat","embeddable":true,"href":"https:\/\/caliweedeurope.com\/it\/wp-json\/wp\/v2\/product_cat?post=1202"},{"taxonomy":"product_tag","embeddable":true,"href":"https:\/\/caliweedeurope.com\/it\/wp-json\/wp\/v2\/product_tag?post=1202"}],"curies":[{"name":"wp","href":"https:\/\/api.w.org\/{rel}","templated":true}]}}