{"id":1262,"date":"2024-11-03T21:31:46","date_gmt":"2024-11-03T21:31:46","guid":{"rendered":"https:\/\/caliweedeurope.com\/?post_type=product&#038;p=1262"},"modified":"2024-11-03T21:32:23","modified_gmt":"2024-11-03T21:32:23","slug":"stiiizy-sky-og","status":"publish","type":"product","link":"https:\/\/caliweedeurope.com\/it\/product\/stiiizy-sky-og\/","title":{"rendered":"Stiiizy (Sky og)"},"content":{"rendered":"<p>Questa variet\u00e0 \u00e8 adorata per il suo gusto meraviglioso. Anche se l'effetto non \u00e8 cos\u00ec pesante come quello di alcune variet\u00e0 moderne, il gusto \u00e8 indiscutibilmente fuori dal mondo. E da allora \u00e8 stato perso. Prima del 1998, Bubba Kush era disponibile solo come clonazione, ma da allora \u00e8 stato replicato in modo che i suoi semi potessero essere confezionati e venduti. Bubba Kush \u00e8 una classica indica con un potente effetto sedativo che lascia gli utenti rilassati ma ancora funzionali. Ha un contenuto di THC tipicamente alto, che varia dal 15 % al 22 %.<br \/> Stiiizy ha boccioli di dimensioni piccole o medie che presentano la struttura densa tipica delle variet\u00e0 Indica. Le foglie sono di colore verde scuro e a volte possono mostrare sfumature di viola, risultato dei pigmenti antociani attivati da temperature fredde durante il processo di crescita. Questa \u00e8 una variet\u00e0 molto resinosa: uno strato di tricomi bianchi ricopre le foglie colorate ed \u00e8 visibile anche all'interno quando i boccioli vengono aperti. I fiori hanno un aroma vago di caff\u00e8 o cacao, con una leggera fruttosit\u00e0 sottostante. Quando viene bruciato, Bubba Kush ha un odore pi\u00f9 di hashish e spezie, come ci si aspetterebbe da una Kush, con un fumo piuttosto aspro che induce la tosse.<br \/>                                                               RISULTATI ECCEZIONALI!<br \/> \u00c8 importante notare che questa variet\u00e0, i cui fiori viola non danno un sapore simile all'uva: i pigmenti che determinano il colore di Bubba Kush non influenzano il sapore. Il sapore \u00e8 principalmente terroso, con un po' di dolcezza e un accenno di pepe durante l'espirazione. Questa \u00e8 anche una variet\u00e0 particolarmente forte nell'odore \u2013 gli utenti preoccupati per la discrezione dovrebbero pianificare di conseguenza.<br \/> Insolitamente per una variet\u00e0 cos\u00ec ricca di indica, lo sballo del Bubba Kush inizia con una sensazione distorta e disorientante nella testa. Tuttavia, questa foschia lascia spazio a un rilassamento corporeo pi\u00f9 previsto che si intensifica man mano che l\u2019effetto prosegue. Sebbene i fumatori non siano necessariamente energizzati, possono mantenere la concentrazione mentale e conversare o svolgere compiti secondo necessit\u00e0. Per lo pi\u00f9, gli utenti sperimenteranno un rilassamento profondo, una respirazione lenta e una palpabile sensazione di comfort fisico.<br \/> Il couchlock \u00e8 raro, lasciando gli utenti funzionali e vigili. Gli usi medicinali di Bubba Kush sono sia mentali che fisici. Ordina Stiiizy Pods Texas.<\/p>","protected":false},"excerpt":{"rendered":"<p>Ordina Stiiizy Pods Texas, Bubba Kush in Vendita Online, Solo nel Tuo Affidabile e Premier Dispensario Online di Marijuana, Negozio Online di Cannabis Medica.<br \/> Stiiizy \u00e8 una variet\u00e0 indica. \u00c8 stata originariamente un incrocio tra OG Kush e Bubble Gum. Le piante risultanti sono state poi selettivamente allevate per pi\u00f9 generazioni per creare il fiore perfetto, noto come Bubba Kush.<\/p>","protected":false},"featured_media":1275,"comment_status":"closed","ping_status":"closed","template":"","meta":{"_uag_custom_page_level_css":"","site-sidebar-layout":"default","site-content-layout":"","ast-site-content-layout":"","site-content-style":"default","site-sidebar-style":"default","ast-global-header-display":"","ast-banner-title-visibility":"","ast-main-header-display":"","ast-hfb-above-header-display":"","ast-hfb-below-header-display":"","ast-hfb-mobile-header-display":"","site-post-title":"","ast-breadcrumbs-content":"","ast-featured-img":"","footer-sml-layout":"","theme-transparent-header-meta":"","adv-header-id-meta":"","stick-header-meta":"","header-above-stick-meta":"","header-main-stick-meta":"","header-below-stick-meta":"","astra-migrate-meta-layouts":"default","ast-page-background-enabled":"default","ast-page-background-meta":{"desktop":{"background-color":"var(--ast-global-color-4)","background-image":"","background-repeat":"repeat","background-position":"center center","background-size":"auto","background-attachment":"scroll","background-type":"","background-media":"","overlay-type":"","overlay-color":"","overlay-opacity":"","overlay-gradient":""},"tablet":{"background-color":"","background-image":"","background-repeat":"repeat","background-position":"center center","background-size":"auto","background-attachment":"scroll","background-type":"","background-media":"","overlay-type":"","overlay-color":"","overlay-opacity":"","overlay-gradient":""},"mobile":{"background-color":"","background-image":"","background-repeat":"repeat","background-position":"center center","background-size":"auto","background-attachment":"scroll","background-type":"","background-media":"","overlay-type":"","overlay-color":"","overlay-opacity":"","overlay-gradient":""}},"ast-content-background-meta":{"desktop":{"background-color":"var(--ast-global-color-5)","background-image":"","background-repeat":"repeat","background-position":"center center","background-size":"auto","background-attachment":"scroll","background-type":"","background-media":"","overlay-type":"","overlay-color":"","overlay-opacity":"","overlay-gradient":""},"tablet":{"background-color":"var(--ast-global-color-5)","background-image":"","background-repeat":"repeat","background-position":"center center","background-size":"auto","background-attachment":"scroll","background-type":"","background-media":"","overlay-type":"","overlay-color":"","overlay-opacity":"","overlay-gradient":""},"mobile":{"background-color":"var(--ast-global-color-5)","background-image":"","background-repeat":"repeat","background-position":"center center","background-size":"auto","background-attachment":"scroll","background-type":"","background-media":"","overlay-type":"","overlay-color":"","overlay-opacity":"","overlay-gradient":""}}},"product_brand":[],"product_cat":[114],"product_tag":[119,120,121,122,123],"class_list":{"0":"post-1262","1":"product","2":"type-product","3":"status-publish","4":"has-post-thumbnail","6":"product_cat-wholesale-vape-cartridges-online","7":"product_tag-skywalker-og-stiiizy","8":"product_tag-stiiizy-biscotti","9":"product_tag-stiiizy-gelato","10":"product_tag-stiiizy-og-kush","11":"product_tag-stiiizy-sfv-og","12":"desktop-align-center","13":"tablet-align-left","14":"mobile-align-left","16":"first","17":"instock","18":"shipping-taxable","19":"purchasable","20":"product-type-variable"},"uagb_featured_image_src":{"full":["https:\/\/caliweedeurope.com\/wp-content\/uploads\/2024\/11\/0fcdd104-9491-4b20-94d1-34a7ff48418f.jpg",864,1080,false],"thumbnail":["https:\/\/caliweedeurope.com\/wp-content\/uploads\/2024\/11\/0fcdd104-9491-4b20-94d1-34a7ff48418f-150x150.jpg",150,150,true],"medium":["https:\/\/caliweedeurope.com\/wp-content\/uploads\/2024\/11\/0fcdd104-9491-4b20-94d1-34a7ff48418f-240x300.jpg",240,300,true],"medium_large":["https:\/\/caliweedeurope.com\/wp-content\/uploads\/2024\/11\/0fcdd104-9491-4b20-94d1-34a7ff48418f-768x960.jpg",768,960,true],"large":["https:\/\/caliweedeurope.com\/wp-content\/uploads\/2024\/11\/0fcdd104-9491-4b20-94d1-34a7ff48418f-819x1024.jpg",819,1024,true],"1536x1536":["https:\/\/caliweedeurope.com\/wp-content\/uploads\/2024\/11\/0fcdd104-9491-4b20-94d1-34a7ff48418f.jpg",864,1080,false],"2048x2048":["https:\/\/caliweedeurope.com\/wp-content\/uploads\/2024\/11\/0fcdd104-9491-4b20-94d1-34a7ff48418f.jpg",864,1080,false],"trp-custom-language-flag":["https:\/\/caliweedeurope.com\/wp-content\/uploads\/2024\/11\/0fcdd104-9491-4b20-94d1-34a7ff48418f.jpg",10,12,false],"woocommerce_thumbnail":["https:\/\/caliweedeurope.com\/wp-content\/uploads\/2024\/11\/0fcdd104-9491-4b20-94d1-34a7ff48418f-300x300.jpg",300,300,true],"woocommerce_single":["https:\/\/caliweedeurope.com\/wp-content\/uploads\/2024\/11\/0fcdd104-9491-4b20-94d1-34a7ff48418f-600x750.jpg",600,750,true],"woocommerce_gallery_thumbnail":["https:\/\/caliweedeurope.com\/wp-content\/uploads\/2024\/11\/0fcdd104-9491-4b20-94d1-34a7ff48418f-100x100.jpg",100,100,true]},"uagb_author_info":{"display_name":"jetskiforsaleuk@gmail.com","author_link":"https:\/\/caliweedeurope.com\/it\/author\/"},"uagb_comment_info":0,"uagb_excerpt":"Order stiiizy pods texas, Bubba Kush For Sale Online, Only at Your Premier and Reliable Online Marijuana Dispensary, Medical Cannabis Online Store Stiiizy is an indica strain. It was originally a cross of OG Kush and Bubble Gum. The resulting plants were then selectively bred for multiple generations to create the perfect bud, known as&hellip;","_links":{"self":[{"href":"https:\/\/caliweedeurope.com\/it\/wp-json\/wp\/v2\/product\/1262"}],"collection":[{"href":"https:\/\/caliweedeurope.com\/it\/wp-json\/wp\/v2\/product"}],"about":[{"href":"https:\/\/caliweedeurope.com\/it\/wp-json\/wp\/v2\/types\/product"}],"replies":[{"embeddable":true,"href":"https:\/\/caliweedeurope.com\/it\/wp-json\/wp\/v2\/comments?post=1262"}],"wp:featuredmedia":[{"embeddable":true,"href":"https:\/\/caliweedeurope.com\/it\/wp-json\/wp\/v2\/media\/1275"}],"wp:attachment":[{"href":"https:\/\/caliweedeurope.com\/it\/wp-json\/wp\/v2\/media?parent=1262"}],"wp:term":[{"taxonomy":"product_brand","embeddable":true,"href":"https:\/\/caliweedeurope.com\/it\/wp-json\/wp\/v2\/product_brand?post=1262"},{"taxonomy":"product_cat","embeddable":true,"href":"https:\/\/caliweedeurope.com\/it\/wp-json\/wp\/v2\/product_cat?post=1262"},{"taxonomy":"product_tag","embeddable":true,"href":"https:\/\/caliweedeurope.com\/it\/wp-json\/wp\/v2\/product_tag?post=1262"}],"curies":[{"name":"wp","href":"https:\/\/api.w.org\/{rel}","templated":true}]}}