{"id":1422,"date":"2024-11-03T21:32:51","date_gmt":"2024-11-03T21:32:51","guid":{"rendered":"https:\/\/caliweedeurope.com\/?post_type=product&#038;p=1422"},"modified":"2024-11-03T21:33:02","modified_gmt":"2024-11-03T21:33:02","slug":"jungle-boys-banana-punch","status":"publish","type":"product","link":"https:\/\/caliweedeurope.com\/it\/product\/jungle-boys-banana-punch\/","title":{"rendered":"Jungle Boys Banana Punch"},"content":{"rendered":"<p>Jungle Boys Banana Punch, pacchetti di erba in vendita online, variet\u00e0 ibride, indica, sativa, tutti i gusti, prezzi, recensioni e consegna disponibili.<\/p>\n<p>Dai anche un'occhiata a Jungle Boys Motor Breath, poich\u00e9 prodotti simili hanno quasi le stesse valutazioni. Disponibile online su PotsnBuds con servizi di spedizione e consegna.<\/p>\n<p>JUNGLE BOYS IN VENDITA<\/p>\n<p>Jungle Boys in vendita<br \/> Un marchio di cannabis medicinale confezionata. Gusti esotici di Jungle Boys Weed disponibili a soli 60 $ proprio qui su Potsnbuds. La parte migliore \u00e8 che offriamo servizi di spedizione e consegna a domicilio. Pi\u00f9 di 45 diverse variet\u00e0 di Jungle Boys disponibili per l'acquisto. Tutti i gusti di Jungle Boys disponibili.<\/p>\n<p>Dove trovare Jungle Boys in vendita?<\/p>\n<p>I pacchetti Jungle Boys sono disponibili in quasi tutti i dispensari vicino a te grazie alla loro qualit\u00e0. Se ti trovi negli Stati Uniti e in uno stato legale, puoi facilmente cercare online Pots and Buds, Potsnbuds. Dispensario medico online Potsnbuds. I servizi di consegna sono possibili e disponibili tutti i giorni della settimana e puoi ottenere assistenza in chat dal vivo dal nostro personale.<\/p>\n<p>Gusti Jungle Boys in vendita<\/p>\n<p>Da Pots and Buds la variet\u00e0 \u00e8 apprezzata. Abbiamo diversi gusti di Jungle Boys. Se navighi sul nostro sito web su Potsnbuds, tutti i prodotti visualizzati sono disponibili e in magazzino. Quindi continua a ordinare. Ecco un breve elenco dei gusti Jungle Boys disponibili: Jungle Boys Grape Topanga, Jungle Boys Pie Hoe, Jungle Boys Frosted Cakes, Jungle Boys Gelato, Jungle Boys Hippy Crasher, Jungle Boys Mimosa, ecc.<\/p>","protected":false},"excerpt":{"rendered":"<p>Jungle Boys Banana Punch, pacchetti di erba in vendita online, variet\u00e0 ibride, indica, sativa, tutti i gusti, prezzi, recensioni e consegna disponibili.<\/p>\n<p>Dai anche un'occhiata a Jungle Boys Motor Breath, poich\u00e9 prodotti simili hanno quasi le stesse valutazioni. Disponibile online su PotsnBuds con servizi di spedizione e consegna.<\/p>\n<p>Jungle Boys Weed Pack<\/p>\n<p>Gusto: Banana Punch<\/p>\n<p>Peso netto: 28 grammi<\/p>","protected":false},"featured_media":1438,"comment_status":"closed","ping_status":"closed","template":"","meta":{"_uag_custom_page_level_css":"","site-sidebar-layout":"default","site-content-layout":"","ast-site-content-layout":"","site-content-style":"default","site-sidebar-style":"default","ast-global-header-display":"","ast-banner-title-visibility":"","ast-main-header-display":"","ast-hfb-above-header-display":"","ast-hfb-below-header-display":"","ast-hfb-mobile-header-display":"","site-post-title":"","ast-breadcrumbs-content":"","ast-featured-img":"","footer-sml-layout":"","theme-transparent-header-meta":"","adv-header-id-meta":"","stick-header-meta":"","header-above-stick-meta":"","header-main-stick-meta":"","header-below-stick-meta":"","astra-migrate-meta-layouts":"default","ast-page-background-enabled":"default","ast-page-background-meta":{"desktop":{"background-color":"var(--ast-global-color-4)","background-image":"","background-repeat":"repeat","background-position":"center center","background-size":"auto","background-attachment":"scroll","background-type":"","background-media":"","overlay-type":"","overlay-color":"","overlay-opacity":"","overlay-gradient":""},"tablet":{"background-color":"","background-image":"","background-repeat":"repeat","background-position":"center center","background-size":"auto","background-attachment":"scroll","background-type":"","background-media":"","overlay-type":"","overlay-color":"","overlay-opacity":"","overlay-gradient":""},"mobile":{"background-color":"","background-image":"","background-repeat":"repeat","background-position":"center center","background-size":"auto","background-attachment":"scroll","background-type":"","background-media":"","overlay-type":"","overlay-color":"","overlay-opacity":"","overlay-gradient":""}},"ast-content-background-meta":{"desktop":{"background-color":"var(--ast-global-color-5)","background-image":"","background-repeat":"repeat","background-position":"center center","background-size":"auto","background-attachment":"scroll","background-type":"","background-media":"","overlay-type":"","overlay-color":"","overlay-opacity":"","overlay-gradient":""},"tablet":{"background-color":"var(--ast-global-color-5)","background-image":"","background-repeat":"repeat","background-position":"center center","background-size":"auto","background-attachment":"scroll","background-type":"","background-media":"","overlay-type":"","overlay-color":"","overlay-opacity":"","overlay-gradient":""},"mobile":{"background-color":"var(--ast-global-color-5)","background-image":"","background-repeat":"repeat","background-position":"center center","background-size":"auto","background-attachment":"scroll","background-type":"","background-media":"","overlay-type":"","overlay-color":"","overlay-opacity":"","overlay-gradient":""}}},"product_brand":[],"product_cat":[227],"product_tag":[201,202,203,204,205,206,207,208,209,210,211,212,213,214,215,216,217,218,219,220,221,222,223,224,225,226],"class_list":{"0":"post-1422","1":"product","2":"type-product","3":"status-publish","4":"has-post-thumbnail","6":"product_cat-buy-jungle-boys-weed","7":"product_tag-buy-weed-online-in-australia","8":"product_tag-buy-weed-online-in-belgium","9":"product_tag-buy-weed-online-in-britain","10":"product_tag-buy-weed-online-in-china","11":"product_tag-buy-weed-online-in-croatia","12":"product_tag-buy-weed-online-in-denmark","13":"product_tag-buy-weed-online-in-european-union","14":"product_tag-buy-weed-online-in-france","15":"product_tag-buy-weed-online-in-germany","16":"product_tag-buy-weed-online-in-guam","17":"product_tag-buy-weed-online-in-guernsey","18":"product_tag-buy-weed-online-in-hungary","19":"product_tag-buy-weed-online-in-ireland","20":"product_tag-buy-weed-online-in-israel","21":"product_tag-buy-weed-online-in-italy","22":"product_tag-buy-weed-online-in-japan","23":"product_tag-buy-weed-online-in-jersey","24":"product_tag-buy-weed-online-in-latvia","25":"product_tag-buy-weed-online-in-poland","26":"product_tag-buy-weed-online-in-russia","27":"product_tag-buy-weed-online-in-spain","28":"product_tag-buy-weed-online-in-sweeden","29":"product_tag-buy-weed-online-in-switzerland","30":"product_tag-buy-weed-online-in-turkey","31":"product_tag-buy-weed-online-in-ukraine","32":"product_tag-buy-weed-online-united-states","33":"desktop-align-center","34":"tablet-align-left","35":"mobile-align-left","37":"first","38":"instock","39":"shipping-taxable","40":"purchasable","41":"product-type-variable"},"uagb_featured_image_src":{"full":["https:\/\/caliweedeurope.com\/wp-content\/uploads\/2024\/11\/BUY-BANANA-PUNCH-Oz-300-Qp-700-Hp-1000-Pound-2000-1-300x296-1.jpeg",300,296,false],"thumbnail":["https:\/\/caliweedeurope.com\/wp-content\/uploads\/2024\/11\/BUY-BANANA-PUNCH-Oz-300-Qp-700-Hp-1000-Pound-2000-1-300x296-1-150x150.jpeg",150,150,true],"medium":["https:\/\/caliweedeurope.com\/wp-content\/uploads\/2024\/11\/BUY-BANANA-PUNCH-Oz-300-Qp-700-Hp-1000-Pound-2000-1-300x296-1.jpeg",300,296,false],"medium_large":["https:\/\/caliweedeurope.com\/wp-content\/uploads\/2024\/11\/BUY-BANANA-PUNCH-Oz-300-Qp-700-Hp-1000-Pound-2000-1-300x296-1.jpeg",300,296,false],"large":["https:\/\/caliweedeurope.com\/wp-content\/uploads\/2024\/11\/BUY-BANANA-PUNCH-Oz-300-Qp-700-Hp-1000-Pound-2000-1-300x296-1.jpeg",300,296,false],"1536x1536":["https:\/\/caliweedeurope.com\/wp-content\/uploads\/2024\/11\/BUY-BANANA-PUNCH-Oz-300-Qp-700-Hp-1000-Pound-2000-1-300x296-1.jpeg",300,296,false],"2048x2048":["https:\/\/caliweedeurope.com\/wp-content\/uploads\/2024\/11\/BUY-BANANA-PUNCH-Oz-300-Qp-700-Hp-1000-Pound-2000-1-300x296-1.jpeg",300,296,false],"trp-custom-language-flag":["https:\/\/caliweedeurope.com\/wp-content\/uploads\/2024\/11\/BUY-BANANA-PUNCH-Oz-300-Qp-700-Hp-1000-Pound-2000-1-300x296-1.jpeg",12,12,false],"woocommerce_thumbnail":["https:\/\/caliweedeurope.com\/wp-content\/uploads\/2024\/11\/BUY-BANANA-PUNCH-Oz-300-Qp-700-Hp-1000-Pound-2000-1-300x296-1.jpeg",300,296,false],"woocommerce_single":["https:\/\/caliweedeurope.com\/wp-content\/uploads\/2024\/11\/BUY-BANANA-PUNCH-Oz-300-Qp-700-Hp-1000-Pound-2000-1-300x296-1.jpeg",300,296,false],"woocommerce_gallery_thumbnail":["https:\/\/caliweedeurope.com\/wp-content\/uploads\/2024\/11\/BUY-BANANA-PUNCH-Oz-300-Qp-700-Hp-1000-Pound-2000-1-300x296-1-100x100.jpeg",100,100,true]},"uagb_author_info":{"display_name":"jetskiforsaleuk@gmail.com","author_link":"https:\/\/caliweedeurope.com\/it\/author\/"},"uagb_comment_info":0,"uagb_excerpt":"Jungle Boys Banana Punch, Weed packs for sale online, Hybrid, Indica, Sativa strains, all flavors prices, reviews and delivery available. Also have a look at Jungle Boys Motor Breath ,as similar products with almost same ratings. Available online at PotsnBuds with shipping and delivery services Jungle Boys Weed Pack Flavor: Banana Punch Net Weight :&hellip;","_links":{"self":[{"href":"https:\/\/caliweedeurope.com\/it\/wp-json\/wp\/v2\/product\/1422"}],"collection":[{"href":"https:\/\/caliweedeurope.com\/it\/wp-json\/wp\/v2\/product"}],"about":[{"href":"https:\/\/caliweedeurope.com\/it\/wp-json\/wp\/v2\/types\/product"}],"replies":[{"embeddable":true,"href":"https:\/\/caliweedeurope.com\/it\/wp-json\/wp\/v2\/comments?post=1422"}],"wp:featuredmedia":[{"embeddable":true,"href":"https:\/\/caliweedeurope.com\/it\/wp-json\/wp\/v2\/media\/1438"}],"wp:attachment":[{"href":"https:\/\/caliweedeurope.com\/it\/wp-json\/wp\/v2\/media?parent=1422"}],"wp:term":[{"taxonomy":"product_brand","embeddable":true,"href":"https:\/\/caliweedeurope.com\/it\/wp-json\/wp\/v2\/product_brand?post=1422"},{"taxonomy":"product_cat","embeddable":true,"href":"https:\/\/caliweedeurope.com\/it\/wp-json\/wp\/v2\/product_cat?post=1422"},{"taxonomy":"product_tag","embeddable":true,"href":"https:\/\/caliweedeurope.com\/it\/wp-json\/wp\/v2\/product_tag?post=1422"}],"curies":[{"name":"wp","href":"https:\/\/api.w.org\/{rel}","templated":true}]}}