{"id":1428,"date":"2024-11-03T21:32:51","date_gmt":"2024-11-03T21:32:51","guid":{"rendered":"https:\/\/caliweedeurope.com\/?post_type=product&#038;p=1428"},"modified":"2024-11-03T21:33:26","modified_gmt":"2024-11-03T21:33:26","slug":"gelato-weed-strain-for-sale","status":"publish","type":"product","link":"https:\/\/caliweedeurope.com\/it\/product\/gelato-weed-strain-for-sale\/","title":{"rendered":"Gelato Weed strain For sale"},"content":{"rendered":"<h1><\/h1>\n<h1>\u00a0Acquista Gelato Weed Strain \u2013 Erba esotica di prima qualit\u00e0<\/h1>\n<p class=\"translation-block\">Un'altra variet\u00e0 di altissima qualit\u00e0 da Deligentman.com! <span style=\"font-size: 14pt\"><strong>Gelato Weed<\/strong><\/span> \u00e8 il risultato dell'incrocio tra Thin Mint Girl Scout Cookies e Sunset Sherbet, due variet\u00e0 famose per i loro sapori e aromi incredibilmente deliziosi. La variet\u00e0 Gelato presenta aromi e sapori descritti come terrosi, dolci, mentolati, agrumati, di bacche, di quercia, sorbetto, arancia, lavanda e biscotto. La pianta di Gelato \u00e8 bassa e tozza. Le sue foglie sono di colore verde foresta con sfumature viola scuro. I fiori di Gelato appaiono viola scuro attraversati da pistilli arancione brillante. I suoi fiori sono appiccicosi con una copertura media di cristalli di tricomi.<\/p>\n<p>La variet\u00e0 Gelato di marijuana ha alti livelli di THC che variano dal 15 al 25%, rendendola una variet\u00e0 piuttosto potente. Gli effetti ibridi di THC Design sono ben bilanciati \u2013 un'interessante combinazione di vigore e rilassamento. Se desideri un effetto corporeo tipico dell'indica, bilanciato dalla chiarezza della sativa che ti mantiene abbastanza attivo per goderti gli effetti di una variet\u00e0, allora questa \u00e8 quella giusta per te. I suoi effetti sono rapidi, iniziando con un\u2019euforia intensa e un\u2019impennata mentale. Lo sballo cerebrale che offre \u00e8 beato e stimolante. Una vibrazione corporea graduale si impone lentamente fino a farti sentire completamente rilassato e calmo, ma fornendo abbastanza energia e concentrazione per mantenerti positivo e socievole.<\/p>\n<p class=\"translation-block\">Acquista Gelato 45 UK<b>,\u00a0<\/b>Gelato\u00a0<b>#45 vs 33 acquista anche <\/b>Gelato 45\u00a0<b>allbud,\u00a0<\/b>Gelato\u00a0<b>41<\/b>-variet\u00e0,\u00a0Gelato\u00a0<b>#45 resa,\u00a0<\/b>Gelato 45-variet\u00e0\u00a0<b>Smart Cart,\u00a0<\/b>Gelato 45\u00a0<b>vs 33,\u00a0<\/b>Gelato 45-variet\u00e0\u00a0<b>Indica o Sativa,\u00a0<\/b><b>Gelati vs<\/b>\u00a0Gelato-variet\u00e0,\u00a0Gelato-variet\u00e0\u00a0<b>45,\u00a0<\/b><b>Shark<\/b>-Gelato-variet\u00e0,\u00a0Gelato\u00a0<b>41<\/b>-variet\u00e0,\u00a0<b>Wedding Cake<\/b>-variet\u00e0,\u00a0<b>Blueberry<\/b>-Gelato-variet\u00e0,\u00a0<b>Lemon<\/b>-Gelato-variet\u00e0, cannabis<\/p>\n<h3>Benefici medici dell'uso della variet\u00e0 ibrida Gelato Weed<\/h3>\n<p>L\u2019effetto cerebrale leggero di Gelato, insieme al suo rilassamento corporeo simultaneo, lo rende un preferito per i disturbi d\u2019ansia e lo stress cronico. Gelato fornisce un aumento di energia cerebrale che aiuta ad alleviare la depressione cronica. Questa stimolazione pu\u00f2 anche essere utile per i pazienti con disturbi dell\u2019attenzione come ADHD e ADD. La componente Indica rilassa il corpo sopprimendo l\u2019iperattivit\u00e0, mentre la Sativa fornisce la stimolazione necessaria per mantenere la concentrazione. La variet\u00e0 Gelato aiuta a combattere la nausea grazie al suo sapore e profumo invitanti; inoltre, questa variet\u00e0 di cannabis Gelato aiuter\u00e0 anche ad aumentare l\u2019appetito nei pazienti che soffrono di nausea a causa della chemioterapia per il cancro o di malattie autoimmuni.<\/p>\n<h3>Effetti della variet\u00e0 di marijuana Gelato 45<\/h3>\n<ul>\n<li>Felice<\/li>\n<li>Euforico<\/li>\n<li>Rilassato<\/li>\n<li>Elevato<\/li>\n<li>Creativo<\/li>\n<\/ul>\n<p>Classificazione: 55% Indica \/ 45% Sativa<\/p>\n<p>Parentela: Thin Mint Girl Scout Cookies X Sunset Sherbet<\/p>\n<p>Fioritura: 8 \u2013 9 settimane<\/p>\n<p>Condizioni di coltivazione: Indoor \/ Outdoor<\/p>\n<p>Resa: Media a Alta<\/p>\n<p>&nbsp;<\/p>\n<div id=\"extrares\">\n<div id=\"botstuff\">\n<div data-ved=\"2ahUKEwjOnKHOuNLqAhVbHzQIHWV0BAUQCHoECA0QKA\">\n<div id=\"brs\" data-hveid=\"CAwQAA\">\n<div class=\"card-section\">\n<div class=\"brs_col\">\n<p class=\"nVcaUb translation-block\">Compra Gelato 45 UK<b>, dove comprare <\/b>Gelato\u00a0<b>#45 vs 33, <\/b>Gelato 45\u00a0<b>tutti i bud in vendita, <\/b>Gelato\u00a0<b>41<\/b> ceppo, Gelato\u00a0<b>#45 resa, <\/b>Gelato 45 ceppo\u00a0<b>Smart Cart, <\/b>Gelato 45\u00a0<b>vs 33, <\/b>Gelato 45 ceppo\u00a0<b>indica o sativa, <\/b><b>gelati vs<\/b> ceppo gelato, ceppo gelato\u00a0<b>45, puoi anche comprare <\/b><b>Shark<\/b> ceppo gelato, Gelato\u00a0<b>41<\/b> ceppo, <b>wedding cake<\/b> ceppo, <b>blueberry<\/b> gelato ceppo, <b>sherbet<\/b> ceppo, <b>lemon<\/b> gelato ceppo. Puoi comprare Gelato <a href=\"https:\/\/kifpot.com\/\" target=\"_blank\" rel=\"noopener\">CBD fiori di canapa<\/a><\/p>\n<p class=\"translation-block\"><a href=\"https:\/\/deligentman.com\/buy-cannabis-online-uk\/\" target=\"_blank\" rel=\"noopener\"><span style=\"font-weight: 400\">Il nostro negozio<\/span><\/a><span style=\"font-weight: 400\"> \u00e8 uno dei migliori negozi per acquistare marijuana online nel Regno Unito, in Europa, negli Stati Uniti e nell'UE, con o senza una carta medica. Inoltre, abbiamo variet\u00e0 di marijuana di alta qualit\u00e0 in vendita. Marijuana in Irlanda in vendita negli USA. Offriamo spedizione gratuita nel Regno Unito, in Europa e negli Stati Uniti. Aquatic Weed Cutter in vendita nel Regno Unito. Come acquistare marijuana online, <\/span><span style=\"font-weight: 400\">ordina marijuana online nel Regno Unito, USA, UE. <\/span>Compra Cannabis online, puoi ordinare Cannabis e marijuana online nel Regno Unito. Consegniamo rapidamente con Next Day Delivery. Ottieni Cannabis e marijuana in vendita nel Weed Supermarket del Regno Unito. Compra Cannabis online nel Regno Unito e ordina Marijuana UK, Compra marijuana online UK Compra marijuana online UK. Consegniamo rapidamente con Next Day Delivery. Marijuana in vendita nel Regno Unito. Aquatic Weed Cutter in vendita nel Regno Unito. Come acquistare marijuana online.<\/p>\n<\/p><\/div>\n<\/p><\/div>\n<\/p><\/div>\n<\/p><\/div>\n<\/p><\/div>\n<\/p><\/div>\n<div>\n<div id=\"foot\" role=\"navigation\">\n<div class=\"brs_col\">\n<p class=\"nVcaUb\"> <\/div>\n<\/p><\/div>\n<\/p><\/div>","protected":false},"excerpt":{"rendered":"<p>La Gelato Weed combina il fascino morbido e fruttato di Sunset Sherbert con il sapore terroso ed erbaceo di Thin Mints. Con una disponibilit\u00e0 limitata e un aspetto e un gusto audaci, questa variet\u00e0 rientra in una categoria emergente di ibridi artigianali della costa ovest incentrati sul gusto. Portando con s\u00e9 molteplici tratti desiderabili dalla sua linea genetica fortemente incrociata, Gelato si distingue per il suo aspetto e sapore eccezionali. La sua vibrazione psichedelica ma rilassante la rende una scelta perfetta per momenti di introspezione solitaria o per socializzare in compagnia.<a href=\"http:\/\/kifpot.com\">.<\/a><\/p>","protected":false},"featured_media":1440,"comment_status":"closed","ping_status":"closed","template":"","meta":{"_uag_custom_page_level_css":"","site-sidebar-layout":"default","site-content-layout":"","ast-site-content-layout":"","site-content-style":"default","site-sidebar-style":"default","ast-global-header-display":"","ast-banner-title-visibility":"","ast-main-header-display":"","ast-hfb-above-header-display":"","ast-hfb-below-header-display":"","ast-hfb-mobile-header-display":"","site-post-title":"","ast-breadcrumbs-content":"","ast-featured-img":"","footer-sml-layout":"","theme-transparent-header-meta":"","adv-header-id-meta":"","stick-header-meta":"","header-above-stick-meta":"","header-main-stick-meta":"","header-below-stick-meta":"","astra-migrate-meta-layouts":"default","ast-page-background-enabled":"default","ast-page-background-meta":{"desktop":{"background-color":"var(--ast-global-color-4)","background-image":"","background-repeat":"repeat","background-position":"center center","background-size":"auto","background-attachment":"scroll","background-type":"","background-media":"","overlay-type":"","overlay-color":"","overlay-opacity":"","overlay-gradient":""},"tablet":{"background-color":"","background-image":"","background-repeat":"repeat","background-position":"center center","background-size":"auto","background-attachment":"scroll","background-type":"","background-media":"","overlay-type":"","overlay-color":"","overlay-opacity":"","overlay-gradient":""},"mobile":{"background-color":"","background-image":"","background-repeat":"repeat","background-position":"center center","background-size":"auto","background-attachment":"scroll","background-type":"","background-media":"","overlay-type":"","overlay-color":"","overlay-opacity":"","overlay-gradient":""}},"ast-content-background-meta":{"desktop":{"background-color":"var(--ast-global-color-5)","background-image":"","background-repeat":"repeat","background-position":"center center","background-size":"auto","background-attachment":"scroll","background-type":"","background-media":"","overlay-type":"","overlay-color":"","overlay-opacity":"","overlay-gradient":""},"tablet":{"background-color":"var(--ast-global-color-5)","background-image":"","background-repeat":"repeat","background-position":"center center","background-size":"auto","background-attachment":"scroll","background-type":"","background-media":"","overlay-type":"","overlay-color":"","overlay-opacity":"","overlay-gradient":""},"mobile":{"background-color":"var(--ast-global-color-5)","background-image":"","background-repeat":"repeat","background-position":"center center","background-size":"auto","background-attachment":"scroll","background-type":"","background-media":"","overlay-type":"","overlay-color":"","overlay-opacity":"","overlay-gradient":""}}},"product_brand":[],"product_cat":[22,228],"product_tag":[229,230,231,232,233,234,235,236,237,238,239,240,241,242,243,244,245,246,247,248,138,249],"class_list":{"0":"post-1428","1":"product","2":"type-product","3":"status-publish","4":"has-post-thumbnail","6":"product_cat-hybrid","7":"product_cat-indica","8":"product_tag-blueberry-gelato-strain","9":"product_tag-buy-gelato-45-uk","10":"product_tag-buy-gelato-weed","11":"product_tag-buy-weed-online-uk","12":"product_tag-eu-buy-cannabis-online","13":"product_tag-europe","14":"product_tag-gelati-vs-gelato-strain","15":"product_tag-gelato-45-vs-33","16":"product_tag-gelato-45-yield","17":"product_tag-gelato-41-strain","18":"product_tag-gelato-45-allbud","19":"product_tag-gelato-45-strain-indica-or-sativa","20":"product_tag-gelato-45-strain-smart-cart","21":"product_tag-gelato-strain-45","22":"product_tag-how-to-buy-gelato-strain","23":"product_tag-lemon-gelato-strain","24":"product_tag-mail-order-weed-uk","25":"product_tag-order-weed-online-uk","26":"product_tag-shark-gelato-strain","27":"product_tag-usa","28":"product_tag-wedding-cake-strain","29":"product_tag-where-to-buy-gelato-weed","30":"desktop-align-center","31":"tablet-align-left","32":"mobile-align-left","34":"first","35":"instock","36":"sale","37":"shipping-taxable","38":"purchasable","39":"product-type-variable"},"uagb_featured_image_src":{"full":["https:\/\/caliweedeurope.com\/wp-content\/uploads\/2024\/11\/gelato__primary_0dc7.jpg",1040,1024,false],"thumbnail":["https:\/\/caliweedeurope.com\/wp-content\/uploads\/2024\/11\/gelato__primary_0dc7-150x150.jpg",150,150,true],"medium":["https:\/\/caliweedeurope.com\/wp-content\/uploads\/2024\/11\/gelato__primary_0dc7-300x295.jpg",300,295,true],"medium_large":["https:\/\/caliweedeurope.com\/wp-content\/uploads\/2024\/11\/gelato__primary_0dc7-768x756.jpg",768,756,true],"large":["https:\/\/caliweedeurope.com\/wp-content\/uploads\/2024\/11\/gelato__primary_0dc7-1024x1008.jpg",1024,1008,true],"1536x1536":["https:\/\/caliweedeurope.com\/wp-content\/uploads\/2024\/11\/gelato__primary_0dc7.jpg",1040,1024,false],"2048x2048":["https:\/\/caliweedeurope.com\/wp-content\/uploads\/2024\/11\/gelato__primary_0dc7.jpg",1040,1024,false],"trp-custom-language-flag":["https:\/\/caliweedeurope.com\/wp-content\/uploads\/2024\/11\/gelato__primary_0dc7.jpg",12,12,false],"woocommerce_thumbnail":["https:\/\/caliweedeurope.com\/wp-content\/uploads\/2024\/11\/gelato__primary_0dc7-300x300.jpg",300,300,true],"woocommerce_single":["https:\/\/caliweedeurope.com\/wp-content\/uploads\/2024\/11\/gelato__primary_0dc7-600x591.jpg",600,591,true],"woocommerce_gallery_thumbnail":["https:\/\/caliweedeurope.com\/wp-content\/uploads\/2024\/11\/gelato__primary_0dc7-100x100.jpg",100,100,true]},"uagb_author_info":{"display_name":"jetskiforsaleuk@gmail.com","author_link":"https:\/\/caliweedeurope.com\/it\/author\/"},"uagb_comment_info":0,"uagb_excerpt":"Gelato Weed has all the smooth and fruity appeal of Sunset Sherbert with the earthy, herbal goodness of Thin Mints. With limited availability and a bold look and taste, this strain falls into an emerging category of west coast craft hybrids that are focused on taste. Carrying multiple desirable traits from its heavily crossbred lineage,&hellip;","_links":{"self":[{"href":"https:\/\/caliweedeurope.com\/it\/wp-json\/wp\/v2\/product\/1428"}],"collection":[{"href":"https:\/\/caliweedeurope.com\/it\/wp-json\/wp\/v2\/product"}],"about":[{"href":"https:\/\/caliweedeurope.com\/it\/wp-json\/wp\/v2\/types\/product"}],"replies":[{"embeddable":true,"href":"https:\/\/caliweedeurope.com\/it\/wp-json\/wp\/v2\/comments?post=1428"}],"wp:featuredmedia":[{"embeddable":true,"href":"https:\/\/caliweedeurope.com\/it\/wp-json\/wp\/v2\/media\/1440"}],"wp:attachment":[{"href":"https:\/\/caliweedeurope.com\/it\/wp-json\/wp\/v2\/media?parent=1428"}],"wp:term":[{"taxonomy":"product_brand","embeddable":true,"href":"https:\/\/caliweedeurope.com\/it\/wp-json\/wp\/v2\/product_brand?post=1428"},{"taxonomy":"product_cat","embeddable":true,"href":"https:\/\/caliweedeurope.com\/it\/wp-json\/wp\/v2\/product_cat?post=1428"},{"taxonomy":"product_tag","embeddable":true,"href":"https:\/\/caliweedeurope.com\/it\/wp-json\/wp\/v2\/product_tag?post=1428"}],"curies":[{"name":"wp","href":"https:\/\/api.w.org\/{rel}","templated":true}]}}