{"id":1449,"date":"2024-11-03T21:33:04","date_gmt":"2024-11-03T21:33:04","guid":{"rendered":"https:\/\/caliweedeurope.com\/?post_type=product&#038;p=1449"},"modified":"2024-11-03T21:33:26","modified_gmt":"2024-11-03T21:33:26","slug":"buy-710-kingpen-vape-cartridges","status":"publish","type":"product","link":"https:\/\/caliweedeurope.com\/it\/product\/buy-710-kingpen-vape-cartridges\/","title":{"rendered":"Acquista cartucce vape 710 Kingpen"},"content":{"rendered":"<h1><strong>ACQUISTA 710 KINGPEN VAPE-CARTUCCE UK CONSEGNA ONLINE ECONOMICA EUROPA<\/strong><\/h1>\n<p>Cerchi di acquistare cartucce 710 KingPen online o la consegna del 710 KingPen vape pen? <a href=\"https:\/\/weedmaps.com\/brands\/710-kingpen\" target=\"_blank\" rel=\"noopener noreferrer\">710 KingPen<\/a>\u00a0\u00e8 il vaporizzatore personale di marijuana \/ THC di LoudPack Extracts, o \"Vape Pen\". Questo dispositivo ha guadagnato popolarit\u00e0 negli ultimi anni, poich\u00e9 i prodotti a base di tabacco hanno adottato un aspetto e una sensazione simili con la loro versione del vape pen chiamata E-Cigs, e lo stigma associato all'uso di marijuana continua a svanire.\u00a0<a href=\"https:\/\/www.leafly.com\/brands\/710-kingpen\" target=\"_blank\" rel=\"noopener noreferrer\">710 KingPen<\/a>\u00a0\u00e8 il vaporizzatore portatile di nuova generazione, progettato per riscaldare il prodotto a una temperatura appena al di sotto del livello di combustione, in modo che produca un vapore che viene inalato, invece di fumo. Molti pazienti medici di marijuana che non possono fumare si affidano a questa forma di medicazione. \u00c8 un fatto medico ben noto che i cancerogeni associati al fumo sono molto pi\u00f9 pericolosi del metodo di vaporizzazione. E poich\u00e9 il 710 KingPen offre un modo discreto di utilizzare la cannabis medica in pubblico, \u00e8 naturalmente molto richiesto anche nei mercati ricreativi. Acquista 710 Kingpen Vape-Cartridges.<\/p>\n<h2 class=\"css-1jisqi6\">7 Benefici e usi dell'olio di CBD (pi\u00f9 effetti collaterali)<\/h2>\n<p>Il cannabidiolo \u00e8 un rimedio naturale popolare usato per molte malattie comuni. Meglio conosciuto come CBD, \u00e8 uno dei pi\u00f9 di 100 composti chimici noti come cannabinoidi presenti nella pianta di cannabis o marijuana.\u00a0<em>Cannabis sativa<\/em>. Acquista cartucce vape 710 Kingpen<\/p>\n<p>Il tetraidrocannabinolo (THC) \u00e8 il principale cannabinoide psicoattivo presente nella cannabis, e causa la sensazione di \"essere alti\" spesso associata alla marijuana. Tuttavia,\u00a0<a class=\"content-link css-5r4717\" href=\"https:\/\/www.healthline.com\/health\/cbd-vs-thc\" target=\"_blank\" rel=\"noopener noreferrer\">unlike THC<\/a>, Il CBD non \u00e8 psicoattivo.<\/p>\n<p>Questa caratteristica rende il CBD un'opzione interessante per chi cerca sollievo dal dolore e da altri sintomi senza gli effetti psicoattivi della marijuana o di alcuni farmaci farmaceutici. L'olio di CBD viene prodotto estraendo il CBD dalla pianta di cannabis e diluendolo con un olio vettore come l'olio di cocco o di semi di canapa.<\/p>\n<p>Sta guadagnando slancio nel mondo della salute e del benessere, con alcuni studi scientifici che confermano che pu\u00f2 alleviare sintomi come il dolore cronico e l'ansia. Ecco sette benefici per la salute dell'olio di CBD supportati da prove scientifiche.<\/p>\n<h3>Pu\u00f2 alleviare il dolore \u2013 Acquista le cartucce per vaporizzatore 710 Kingpen Regno Unito, USA, Europa<\/h3>\n<p>La marijuana \u00e8 stata utilizzata per trattare il dolore sin dal 2900 a.C. Pi\u00f9 recentemente, gli scienziati hanno scoperto che alcuni componenti della marijuana, tra cui il CBD, sono responsabili dei suoi effetti analgesici. Il corpo umano contiene un sistema specializzato chiamato\u00a0<a class=\"content-link css-5r4717\" href=\"https:\/\/www.healthline.com\/health\/endocannabinoid-system\" target=\"_blank\" rel=\"noopener noreferrer\">endocannabinoid system (ECS)<\/a>, che \u00e8 coinvolto nella regolazione di varie funzioni, tra cui sonno, appetito, dolore e risposta del sistema immunitario.<\/p>\n<p>Il corpo produce endocannabinoidi, che sono neurotrasmettitori che si legano ai recettori dei cannabinoidi nel sistema nervoso. Studi hanno dimostrato che il CBD pu\u00f2 aiutare a ridurre il dolore cronico influenzando l'attivit\u00e0 dei recettori endocannabinoidi, riducendo l'infiammazione e interagendo con i neurotrasmettitori.<\/p>\n<p>Ad esempio, uno studio sui ratti ha rilevato che le iniezioni di CBD riducevano la risposta al dolore in seguito a un'incisione chirurgica, mentre un altro studio sui ratti ha scoperto che il trattamento orale con CBD riduceva significativamente il dolore e l'infiammazione del nervo sciatico. Diversi studi sull'uomo hanno dimostrato che una combinazione di CBD e THC \u00e8 efficace nel trattare il dolore legato alla sclerosi multipla e all'artrite. <a href=\"https:\/\/deligentman.com\/\" target=\"_blank\" rel=\"noopener\">mail order weed uk<\/a>.<\/p>\n<p>Uno spray orale chiamato Sativex, una combinazione di THC e CBD, \u00e8 approvato in diversi paesi per il trattamento del dolore legato alla sclerosi multipla. Uno studio su 47 persone con sclerosi multipla ha esaminato gli effetti dell'assunzione di Sativex per un mese. I partecipanti hanno riportato miglioramenti nel dolore, nella deambulazione e negli spasmi muscolari. Tuttavia, lo studio non includeva un gruppo di controllo, quindi non si possono escludere effetti placebo. Un altro studio ha rilevato che Sativex ha migliorato significativamente il dolore durante il movimento, il dolore a riposo e la qualit\u00e0 del sonno in 58 persone con artrite reumatoide.<\/p>\n<p>kingpen oil, buy online, 710 kingpen vape pen, 710 cartridge, 710 king pen battery kit for sale, best vape pen for kingpen cartridges, buy vape carts, gelato kingpen, Buy Kingpen Vape Cartridges,<\/p>","protected":false},"excerpt":{"rendered":"<p>BUY 710 KINGPEN VAPE-CARTRIDGES UK ONLINE DELIVERY CHEAP EUROPE Looking to Buy 710 kingpen vape cartridges online. or 710 kingpen vape pen delivery?. The 710 KingPen\u00a0is LoudPack Extracts personal marijuana \/ THC vaporizer, or \u201cVape Pen\u201d. This device has gained popularity in recent years, as tobacco products take on a similar look-and-feel with their version [&hellip;]<\/p>","protected":false},"featured_media":1476,"comment_status":"closed","ping_status":"closed","template":"","meta":{"_uag_custom_page_level_css":"","site-sidebar-layout":"default","site-content-layout":"","ast-site-content-layout":"","site-content-style":"default","site-sidebar-style":"default","ast-global-header-display":"","ast-banner-title-visibility":"","ast-main-header-display":"","ast-hfb-above-header-display":"","ast-hfb-below-header-display":"","ast-hfb-mobile-header-display":"","site-post-title":"","ast-breadcrumbs-content":"","ast-featured-img":"","footer-sml-layout":"","theme-transparent-header-meta":"","adv-header-id-meta":"","stick-header-meta":"","header-above-stick-meta":"","header-main-stick-meta":"","header-below-stick-meta":"","astra-migrate-meta-layouts":"default","ast-page-background-enabled":"default","ast-page-background-meta":{"desktop":{"background-color":"var(--ast-global-color-4)","background-image":"","background-repeat":"repeat","background-position":"center center","background-size":"auto","background-attachment":"scroll","background-type":"","background-media":"","overlay-type":"","overlay-color":"","overlay-opacity":"","overlay-gradient":""},"tablet":{"background-color":"","background-image":"","background-repeat":"repeat","background-position":"center center","background-size":"auto","background-attachment":"scroll","background-type":"","background-media":"","overlay-type":"","overlay-color":"","overlay-opacity":"","overlay-gradient":""},"mobile":{"background-color":"","background-image":"","background-repeat":"repeat","background-position":"center center","background-size":"auto","background-attachment":"scroll","background-type":"","background-media":"","overlay-type":"","overlay-color":"","overlay-opacity":"","overlay-gradient":""}},"ast-content-background-meta":{"desktop":{"background-color":"var(--ast-global-color-5)","background-image":"","background-repeat":"repeat","background-position":"center center","background-size":"auto","background-attachment":"scroll","background-type":"","background-media":"","overlay-type":"","overlay-color":"","overlay-opacity":"","overlay-gradient":""},"tablet":{"background-color":"var(--ast-global-color-5)","background-image":"","background-repeat":"repeat","background-position":"center center","background-size":"auto","background-attachment":"scroll","background-type":"","background-media":"","overlay-type":"","overlay-color":"","overlay-opacity":"","overlay-gradient":""},"mobile":{"background-color":"var(--ast-global-color-5)","background-image":"","background-repeat":"repeat","background-position":"center center","background-size":"auto","background-attachment":"scroll","background-type":"","background-media":"","overlay-type":"","overlay-color":"","overlay-opacity":"","overlay-gradient":""}}},"product_brand":[],"product_cat":[114],"product_tag":[272,273,274,275,276,277,278,279,280,281,282,283,284,245,285,286,287,288,289],"class_list":{"0":"post-1449","1":"product","2":"type-product","3":"status-publish","4":"has-post-thumbnail","6":"product_cat-wholesale-vape-cartridges-online","7":"product_tag-710-cartridge","8":"product_tag-710-king-pen-battery-kit-for-sale","9":"product_tag-710-kingpen-vape-pen","10":"product_tag-best-vape-pen-for-kingpen-cartridges","11":"product_tag-buy-cannabis-online","12":"product_tag-buy-kingpen-vape-cartridges","13":"product_tag-buy-online","14":"product_tag-buy-vape-cartridges-uk","15":"product_tag-buy-vape-carts","16":"product_tag-cannabis-online-in-the-uk","17":"product_tag-gelato-kingpen","18":"product_tag-get-cannabis","19":"product_tag-kingpen-oil","20":"product_tag-mail-order-weed-uk","21":"product_tag-order-weed-online-ireland","22":"product_tag-we-deliver-fast-using-next-day-delivery","23":"product_tag-weed-for-sale-in-uk","24":"product_tag-weed-supermarket-buy-cannabis-online-uk","25":"product_tag-you-can-order-weed","26":"desktop-align-center","27":"tablet-align-left","28":"mobile-align-left","30":"first","31":"instock","32":"sale","33":"shipping-taxable","34":"purchasable","35":"product-type-variable"},"uagb_featured_image_src":{"full":["https:\/\/caliweedeurope.com\/wp-content\/uploads\/2024\/11\/Buy-710-Kingpen-Vape-Cartridges.jpg",1080,1080,false],"thumbnail":["https:\/\/caliweedeurope.com\/wp-content\/uploads\/2024\/11\/Buy-710-Kingpen-Vape-Cartridges-150x150.jpg",150,150,true],"medium":["https:\/\/caliweedeurope.com\/wp-content\/uploads\/2024\/11\/Buy-710-Kingpen-Vape-Cartridges-300x300.jpg",300,300,true],"medium_large":["https:\/\/caliweedeurope.com\/wp-content\/uploads\/2024\/11\/Buy-710-Kingpen-Vape-Cartridges-768x768.jpg",768,768,true],"large":["https:\/\/caliweedeurope.com\/wp-content\/uploads\/2024\/11\/Buy-710-Kingpen-Vape-Cartridges-1024x1024.jpg",1024,1024,true],"1536x1536":["https:\/\/caliweedeurope.com\/wp-content\/uploads\/2024\/11\/Buy-710-Kingpen-Vape-Cartridges.jpg",1080,1080,false],"2048x2048":["https:\/\/caliweedeurope.com\/wp-content\/uploads\/2024\/11\/Buy-710-Kingpen-Vape-Cartridges.jpg",1080,1080,false],"trp-custom-language-flag":["https:\/\/caliweedeurope.com\/wp-content\/uploads\/2024\/11\/Buy-710-Kingpen-Vape-Cartridges.jpg",12,12,false],"woocommerce_thumbnail":["https:\/\/caliweedeurope.com\/wp-content\/uploads\/2024\/11\/Buy-710-Kingpen-Vape-Cartridges-300x300.jpg",300,300,true],"woocommerce_single":["https:\/\/caliweedeurope.com\/wp-content\/uploads\/2024\/11\/Buy-710-Kingpen-Vape-Cartridges-600x600.jpg",600,600,true],"woocommerce_gallery_thumbnail":["https:\/\/caliweedeurope.com\/wp-content\/uploads\/2024\/11\/Buy-710-Kingpen-Vape-Cartridges-100x100.jpg",100,100,true]},"uagb_author_info":{"display_name":"jetskiforsaleuk@gmail.com","author_link":"https:\/\/caliweedeurope.com\/it\/author\/"},"uagb_comment_info":0,"uagb_excerpt":"BUY 710 KINGPEN VAPE-CARTRIDGES UK ONLINE DELIVERY CHEAP EUROPE Looking to Buy 710 kingpen vape cartridges online. or 710 kingpen vape pen delivery?. The 710 KingPen\u00a0is LoudPack Extracts personal marijuana \/ THC vaporizer, or \u201cVape Pen\u201d. This device has gained popularity in recent years, as tobacco products take on a similar look-and-feel with their version&hellip;","_links":{"self":[{"href":"https:\/\/caliweedeurope.com\/it\/wp-json\/wp\/v2\/product\/1449"}],"collection":[{"href":"https:\/\/caliweedeurope.com\/it\/wp-json\/wp\/v2\/product"}],"about":[{"href":"https:\/\/caliweedeurope.com\/it\/wp-json\/wp\/v2\/types\/product"}],"replies":[{"embeddable":true,"href":"https:\/\/caliweedeurope.com\/it\/wp-json\/wp\/v2\/comments?post=1449"}],"wp:featuredmedia":[{"embeddable":true,"href":"https:\/\/caliweedeurope.com\/it\/wp-json\/wp\/v2\/media\/1476"}],"wp:attachment":[{"href":"https:\/\/caliweedeurope.com\/it\/wp-json\/wp\/v2\/media?parent=1449"}],"wp:term":[{"taxonomy":"product_brand","embeddable":true,"href":"https:\/\/caliweedeurope.com\/it\/wp-json\/wp\/v2\/product_brand?post=1449"},{"taxonomy":"product_cat","embeddable":true,"href":"https:\/\/caliweedeurope.com\/it\/wp-json\/wp\/v2\/product_cat?post=1449"},{"taxonomy":"product_tag","embeddable":true,"href":"https:\/\/caliweedeurope.com\/it\/wp-json\/wp\/v2\/product_tag?post=1449"}],"curies":[{"name":"wp","href":"https:\/\/api.w.org\/{rel}","templated":true}]}}